{"id":4383,"date":"2021-06-21T23:51:43","date_gmt":"2021-06-21T23:51:43","guid":{"rendered":"https:\/\/polamfcu.com\/klienci-indywidualni\/vantage-savings\/"},"modified":"2022-02-28T14:45:43","modified_gmt":"2022-02-28T22:45:43","slug":"konto-oszczednosciowe","status":"publish","type":"page","link":"https:\/\/polamfcu.com\/pl\/klienci-indywidualni\/konto-oszczednosciowe\/","title":{"rendered":"Konta Oszcz\u0119dno\u015bciowe"},"content":{"rendered":"\n<h2 class=\"wp-block-heading\" id=\"konta-oszczednosciowe\">Konta Oszcz\u0119dno\u015bciowe<\/h2>\n\n\n\n<p>Konto oszcz\u0119dno\u015bciowe w POLAM pomo\u017ce Ci zrealizowa\u0107 Twoje cele. Zosta\u0142o opracowane tak, aby spe\u0142nia\u0107 wszystkie potrzeby ka\u017cdej oszcz\u0119dzaj\u0105cej osoby, nale\u017c\u0105cej do naszej Unii Kredytowej.<\/p>\n\n\n\n<pre class=\"wp-block-verse\">\u201eKonto oszcz\u0119dno\u015bciowe w POLAM zosta\u0142o opracowane jako konto daj\u0105ce Ci przewag\u0119 na rynku finansowym\u201d<\/pre>\n\n\n\n<figure class=\"wp-block-table table table-bordered table-grey mb-5\"><table><tbody><tr><th>Minimalny wk\u0142ad pocz\u0105tkowy<\/th><th>Ilo\u015b\u0107 pobra\u0144 na miesi\u0105c<\/th><th>Rachunek z prawem do dywidendy<\/th><th>Minimalne saldo daj\u0105ce dywidendy<\/th><\/tr><tr><td>$100<\/td><td>6<\/td><td>Tak<\/td><td>$100 <sup>4<\/sup><\/td><\/tr><\/tbody><\/table><\/figure>\n\n\n\n<h3 class=\"textgray mb-3 wp-block-heading\" id=\"charakterystyka-konta\">Charakterystyka konta<\/h3>\n\n\n\n<ul class=\"styled-list two-cols wp-block-list\"><li>Niski wk\u0142ad pocz\u0105tkowy<\/li><li>Minimalne wymogi odno\u015bnie stanu konta<\/li><li>Brak op\u0142aty rocznej<\/li><li>Wyp\u0142aty z bankomat\u00f3w bez koszt\u00f3w dodatkowych <sup>1<\/sup><\/li><li>Bankowo\u015b\u0107 internetowa i mobilna<\/li><li>Program nagr\u00f3d<\/li><\/ul>\n\n\n\n<hr class=\"wp-block-separator\"\/>\n\n\n\n<ol class=\"textgray has-normal-font-size wp-block-list\"><li>No transaction fees at any CO-OP ATM locations.<\/li><li>APY=Annual Percentage Yield.<\/li><li>Balances below $100 will not earn interest.<\/li><\/ol>\n","protected":false},"excerpt":{"rendered":"<p>Konta Oszcz\u0119dno\u015bciowe Konto oszcz\u0119dno\u015bciowe w POLAM pomo\u017ce Ci zrealizowa\u0107 Twoje cele. Zosta\u0142o opracowane tak, aby spe\u0142nia\u0107 wszystkie potrzeby ka\u017cdej oszcz\u0119dzaj\u0105cej osoby, nale\u017c\u0105cej do naszej Unii Kredytowej. \u201eKonto oszcz\u0119dno\u015bciowe w POLAM zosta\u0142o opracowane jako konto daj\u0105ce Ci przewag\u0119 na rynku finansowym\u201d Minimalny wk\u0142ad pocz\u0105tkowy Ilo\u015b\u0107 pobra\u0144 na miesi\u0105c Rachunek z prawem do dywidendy Minimalne saldo daj\u0105ce &#8230; <\/p>\n<div class=\"read-more-box\"><a class=\"btn\" \n href=\"https:\/\/polamfcu.com\/pl\/klienci-indywidualni\/konto-oszczednosciowe\/\">Continue reading<\/a><\/div>\n","protected":false},"author":1,"featured_media":4385,"parent":4324,"menu_order":1,"comment_status":"closed","ping_status":"closed","template":"","meta":{"_acf_changed":false,"_monsterinsights_skip_tracking":false,"_monsterinsights_sitenote_active":false,"_monsterinsights_sitenote_note":"","_monsterinsights_sitenote_category":0,"footnotes":""},"class_list":["post-4383","page","type-page","status-publish","has-post-thumbnail","hentry"],"acf":[],"yoast_head":"<!-- This site is optimized with the Yoast SEO plugin v27.3 - https:\/\/yoast.com\/product\/yoast-seo-wordpress\/ -->\n<title>Konta Oszcz\u0119dno\u015bciowe - Polam Federal Credit Union<\/title>\n<meta name=\"robots\" content=\"index, follow, max-snippet:-1, max-image-preview:large, max-video-preview:-1\" \/>\n<link rel=\"canonical\" href=\"https:\/\/polamfcu.com\/pl\/klienci-indywidualni\/konto-oszczednosciowe\/\" \/>\n<meta property=\"og:locale\" content=\"pl_PL\" \/>\n<meta property=\"og:type\" content=\"article\" \/>\n<meta property=\"og:title\" content=\"Konta Oszcz\u0119dno\u015bciowe - Polam Federal Credit Union\" \/>\n<meta property=\"og:description\" content=\"Konta Oszcz\u0119dno\u015bciowe Konto oszcz\u0119dno\u015bciowe w POLAM pomo\u017ce Ci zrealizowa\u0107 Twoje cele. Zosta\u0142o opracowane tak, aby spe\u0142nia\u0107 wszystkie potrzeby ka\u017cdej oszcz\u0119dzaj\u0105cej osoby, nale\u017c\u0105cej do naszej Unii Kredytowej. \u201eKonto oszcz\u0119dno\u015bciowe w POLAM zosta\u0142o opracowane jako konto daj\u0105ce Ci przewag\u0119 na rynku finansowym\u201d Minimalny wk\u0142ad pocz\u0105tkowy Ilo\u015b\u0107 pobra\u0144 na miesi\u0105c Rachunek z prawem do dywidendy Minimalne saldo daj\u0105ce ... Continue reading\" \/>\n<meta property=\"og:url\" content=\"https:\/\/polamfcu.com\/pl\/klienci-indywidualni\/konto-oszczednosciowe\/\" \/>\n<meta property=\"og:site_name\" content=\"Polam Federal Credit Union\" \/>\n<meta property=\"article:publisher\" content=\"https:\/\/www.facebook.com\/polamcu\" \/>\n<meta property=\"article:modified_time\" content=\"2022-02-28T22:45:43+00:00\" \/>\n<meta property=\"og:image\" content=\"https:\/\/polamfcu.com\/wp-content\/uploads\/2021\/07\/POLAM_www_Personal_Vantage-Savings-TOP.jpg\" \/>\n\t<meta property=\"og:image:width\" content=\"1920\" \/>\n\t<meta property=\"og:image:height\" content=\"360\" \/>\n\t<meta property=\"og:image:type\" content=\"image\/jpeg\" \/>\n<meta name=\"twitter:card\" content=\"summary_large_image\" \/>\n<meta name=\"twitter:label1\" content=\"Szacowany czas czytania\" \/>\n\t<meta name=\"twitter:data1\" content=\"1 minuta\" \/>\n<script type=\"application\/ld+json\" class=\"yoast-schema-graph\">{\"@context\":\"https:\\\/\\\/schema.org\",\"@graph\":[{\"@type\":\"WebPage\",\"@id\":\"https:\\\/\\\/polamfcu.com\\\/pl\\\/klienci-indywidualni\\\/konto-oszczednosciowe\\\/\",\"url\":\"https:\\\/\\\/polamfcu.com\\\/pl\\\/klienci-indywidualni\\\/konto-oszczednosciowe\\\/\",\"name\":\"Konta Oszcz\u0119dno\u015bciowe - Polam Federal Credit Union\",\"isPartOf\":{\"@id\":\"https:\\\/\\\/polamfcu.com\\\/#website\"},\"primaryImageOfPage\":{\"@id\":\"https:\\\/\\\/polamfcu.com\\\/pl\\\/klienci-indywidualni\\\/konto-oszczednosciowe\\\/#primaryimage\"},\"image\":{\"@id\":\"https:\\\/\\\/polamfcu.com\\\/pl\\\/klienci-indywidualni\\\/konto-oszczednosciowe\\\/#primaryimage\"},\"thumbnailUrl\":\"https:\\\/\\\/polamfcu.com\\\/wp-content\\\/uploads\\\/2021\\\/07\\\/POLAM_www_Personal_Vantage-Savings-TOP.jpg\",\"datePublished\":\"2021-06-21T23:51:43+00:00\",\"dateModified\":\"2022-02-28T22:45:43+00:00\",\"breadcrumb\":{\"@id\":\"https:\\\/\\\/polamfcu.com\\\/pl\\\/klienci-indywidualni\\\/konto-oszczednosciowe\\\/#breadcrumb\"},\"inLanguage\":\"pl-PL\",\"potentialAction\":[{\"@type\":\"ReadAction\",\"target\":[\"https:\\\/\\\/polamfcu.com\\\/pl\\\/klienci-indywidualni\\\/konto-oszczednosciowe\\\/\"]}]},{\"@type\":\"ImageObject\",\"inLanguage\":\"pl-PL\",\"@id\":\"https:\\\/\\\/polamfcu.com\\\/pl\\\/klienci-indywidualni\\\/konto-oszczednosciowe\\\/#primaryimage\",\"url\":\"https:\\\/\\\/polamfcu.com\\\/wp-content\\\/uploads\\\/2021\\\/07\\\/POLAM_www_Personal_Vantage-Savings-TOP.jpg\",\"contentUrl\":\"https:\\\/\\\/polamfcu.com\\\/wp-content\\\/uploads\\\/2021\\\/07\\\/POLAM_www_Personal_Vantage-Savings-TOP.jpg\",\"width\":1920,\"height\":360},{\"@type\":\"BreadcrumbList\",\"@id\":\"https:\\\/\\\/polamfcu.com\\\/pl\\\/klienci-indywidualni\\\/konto-oszczednosciowe\\\/#breadcrumb\",\"itemListElement\":[{\"@type\":\"ListItem\",\"position\":1,\"name\":\"\",\"item\":\"https:\\\/\\\/polamfcu.com\\\/pl\\\/\"},{\"@type\":\"ListItem\",\"position\":2,\"name\":\"Klienci Indywidualni\",\"item\":\"https:\\\/\\\/polamfcu.com\\\/pl\\\/klienci-indywidualni\\\/\"},{\"@type\":\"ListItem\",\"position\":3,\"name\":\"Konta Oszcz\u0119dno\u015bciowe\"}]},{\"@type\":\"WebSite\",\"@id\":\"https:\\\/\\\/polamfcu.com\\\/#website\",\"url\":\"https:\\\/\\\/polamfcu.com\\\/\",\"name\":\"Polam Federal Credit Union\",\"description\":\"Federal Credit Union\",\"publisher\":{\"@id\":\"https:\\\/\\\/polamfcu.com\\\/#organization\"},\"alternateName\":\"Polam FCU\",\"potentialAction\":[{\"@type\":\"SearchAction\",\"target\":{\"@type\":\"EntryPoint\",\"urlTemplate\":\"https:\\\/\\\/polamfcu.com\\\/?s={search_term_string}\"},\"query-input\":{\"@type\":\"PropertyValueSpecification\",\"valueRequired\":true,\"valueName\":\"search_term_string\"}}],\"inLanguage\":\"pl-PL\"},{\"@type\":\"Organization\",\"@id\":\"https:\\\/\\\/polamfcu.com\\\/#organization\",\"name\":\"Polam Federal Credit Union\",\"alternateName\":\"Polam FCU\",\"url\":\"https:\\\/\\\/polamfcu.com\\\/\",\"logo\":{\"@type\":\"ImageObject\",\"inLanguage\":\"pl-PL\",\"@id\":\"https:\\\/\\\/polamfcu.com\\\/#\\\/schema\\\/logo\\\/image\\\/\",\"url\":\"https:\\\/\\\/polamfcu.com\\\/wp-content\\\/uploads\\\/2022\\\/11\\\/logo.png\",\"contentUrl\":\"https:\\\/\\\/polamfcu.com\\\/wp-content\\\/uploads\\\/2022\\\/11\\\/logo.png\",\"width\":228,\"height\":81,\"caption\":\"Polam Federal Credit Union\"},\"image\":{\"@id\":\"https:\\\/\\\/polamfcu.com\\\/#\\\/schema\\\/logo\\\/image\\\/\"},\"sameAs\":[\"https:\\\/\\\/www.facebook.com\\\/polamcu\",\"https:\\\/\\\/www.linkedin.com\\\/company\\\/polam-federal-credit-union\",\"https:\\\/\\\/www.instagram.com\\\/polamfcu\\\/\"]}]}<\/script>\n<!-- \/ Yoast SEO plugin. -->","yoast_head_json":{"title":"Konta Oszcz\u0119dno\u015bciowe - Polam Federal Credit Union","robots":{"index":"index","follow":"follow","max-snippet":"max-snippet:-1","max-image-preview":"max-image-preview:large","max-video-preview":"max-video-preview:-1"},"canonical":"https:\/\/polamfcu.com\/pl\/klienci-indywidualni\/konto-oszczednosciowe\/","og_locale":"pl_PL","og_type":"article","og_title":"Konta Oszcz\u0119dno\u015bciowe - Polam Federal Credit Union","og_description":"Konta Oszcz\u0119dno\u015bciowe Konto oszcz\u0119dno\u015bciowe w POLAM pomo\u017ce Ci zrealizowa\u0107 Twoje cele. Zosta\u0142o opracowane tak, aby spe\u0142nia\u0107 wszystkie potrzeby ka\u017cdej oszcz\u0119dzaj\u0105cej osoby, nale\u017c\u0105cej do naszej Unii Kredytowej. \u201eKonto oszcz\u0119dno\u015bciowe w POLAM zosta\u0142o opracowane jako konto daj\u0105ce Ci przewag\u0119 na rynku finansowym\u201d Minimalny wk\u0142ad pocz\u0105tkowy Ilo\u015b\u0107 pobra\u0144 na miesi\u0105c Rachunek z prawem do dywidendy Minimalne saldo daj\u0105ce ... Continue reading","og_url":"https:\/\/polamfcu.com\/pl\/klienci-indywidualni\/konto-oszczednosciowe\/","og_site_name":"Polam Federal Credit Union","article_publisher":"https:\/\/www.facebook.com\/polamcu","article_modified_time":"2022-02-28T22:45:43+00:00","og_image":[{"width":1920,"height":360,"url":"https:\/\/polamfcu.com\/wp-content\/uploads\/2021\/07\/POLAM_www_Personal_Vantage-Savings-TOP.jpg","type":"image\/jpeg"}],"twitter_card":"summary_large_image","twitter_misc":{"Szacowany czas czytania":"1 minuta"},"schema":{"@context":"https:\/\/schema.org","@graph":[{"@type":"WebPage","@id":"https:\/\/polamfcu.com\/pl\/klienci-indywidualni\/konto-oszczednosciowe\/","url":"https:\/\/polamfcu.com\/pl\/klienci-indywidualni\/konto-oszczednosciowe\/","name":"Konta Oszcz\u0119dno\u015bciowe - Polam Federal Credit Union","isPartOf":{"@id":"https:\/\/polamfcu.com\/#website"},"primaryImageOfPage":{"@id":"https:\/\/polamfcu.com\/pl\/klienci-indywidualni\/konto-oszczednosciowe\/#primaryimage"},"image":{"@id":"https:\/\/polamfcu.com\/pl\/klienci-indywidualni\/konto-oszczednosciowe\/#primaryimage"},"thumbnailUrl":"https:\/\/polamfcu.com\/wp-content\/uploads\/2021\/07\/POLAM_www_Personal_Vantage-Savings-TOP.jpg","datePublished":"2021-06-21T23:51:43+00:00","dateModified":"2022-02-28T22:45:43+00:00","breadcrumb":{"@id":"https:\/\/polamfcu.com\/pl\/klienci-indywidualni\/konto-oszczednosciowe\/#breadcrumb"},"inLanguage":"pl-PL","potentialAction":[{"@type":"ReadAction","target":["https:\/\/polamfcu.com\/pl\/klienci-indywidualni\/konto-oszczednosciowe\/"]}]},{"@type":"ImageObject","inLanguage":"pl-PL","@id":"https:\/\/polamfcu.com\/pl\/klienci-indywidualni\/konto-oszczednosciowe\/#primaryimage","url":"https:\/\/polamfcu.com\/wp-content\/uploads\/2021\/07\/POLAM_www_Personal_Vantage-Savings-TOP.jpg","contentUrl":"https:\/\/polamfcu.com\/wp-content\/uploads\/2021\/07\/POLAM_www_Personal_Vantage-Savings-TOP.jpg","width":1920,"height":360},{"@type":"BreadcrumbList","@id":"https:\/\/polamfcu.com\/pl\/klienci-indywidualni\/konto-oszczednosciowe\/#breadcrumb","itemListElement":[{"@type":"ListItem","position":1,"name":"","item":"https:\/\/polamfcu.com\/pl\/"},{"@type":"ListItem","position":2,"name":"Klienci Indywidualni","item":"https:\/\/polamfcu.com\/pl\/klienci-indywidualni\/"},{"@type":"ListItem","position":3,"name":"Konta Oszcz\u0119dno\u015bciowe"}]},{"@type":"WebSite","@id":"https:\/\/polamfcu.com\/#website","url":"https:\/\/polamfcu.com\/","name":"Polam Federal Credit Union","description":"Federal Credit Union","publisher":{"@id":"https:\/\/polamfcu.com\/#organization"},"alternateName":"Polam FCU","potentialAction":[{"@type":"SearchAction","target":{"@type":"EntryPoint","urlTemplate":"https:\/\/polamfcu.com\/?s={search_term_string}"},"query-input":{"@type":"PropertyValueSpecification","valueRequired":true,"valueName":"search_term_string"}}],"inLanguage":"pl-PL"},{"@type":"Organization","@id":"https:\/\/polamfcu.com\/#organization","name":"Polam Federal Credit Union","alternateName":"Polam FCU","url":"https:\/\/polamfcu.com\/","logo":{"@type":"ImageObject","inLanguage":"pl-PL","@id":"https:\/\/polamfcu.com\/#\/schema\/logo\/image\/","url":"https:\/\/polamfcu.com\/wp-content\/uploads\/2022\/11\/logo.png","contentUrl":"https:\/\/polamfcu.com\/wp-content\/uploads\/2022\/11\/logo.png","width":228,"height":81,"caption":"Polam Federal Credit Union"},"image":{"@id":"https:\/\/polamfcu.com\/#\/schema\/logo\/image\/"},"sameAs":["https:\/\/www.facebook.com\/polamcu","https:\/\/www.linkedin.com\/company\/polam-federal-credit-union","https:\/\/www.instagram.com\/polamfcu\/"]}]}},"_links":{"self":[{"href":"https:\/\/polamfcu.com\/pl\/wp-json\/wp\/v2\/pages\/4383","targetHints":{"allow":["GET"]}}],"collection":[{"href":"https:\/\/polamfcu.com\/pl\/wp-json\/wp\/v2\/pages"}],"about":[{"href":"https:\/\/polamfcu.com\/pl\/wp-json\/wp\/v2\/types\/page"}],"author":[{"embeddable":true,"href":"https:\/\/polamfcu.com\/pl\/wp-json\/wp\/v2\/users\/1"}],"replies":[{"embeddable":true,"href":"https:\/\/polamfcu.com\/pl\/wp-json\/wp\/v2\/comments?post=4383"}],"version-history":[{"count":5,"href":"https:\/\/polamfcu.com\/pl\/wp-json\/wp\/v2\/pages\/4383\/revisions"}],"predecessor-version":[{"id":4840,"href":"https:\/\/polamfcu.com\/pl\/wp-json\/wp\/v2\/pages\/4383\/revisions\/4840"}],"up":[{"embeddable":true,"href":"https:\/\/polamfcu.com\/pl\/wp-json\/wp\/v2\/pages\/4324"}],"wp:featuredmedia":[{"embeddable":true,"href":"https:\/\/polamfcu.com\/pl\/wp-json\/wp\/v2\/media\/4385"}],"wp:attachment":[{"href":"https:\/\/polamfcu.com\/pl\/wp-json\/wp\/v2\/media?parent=4383"}],"curies":[{"name":"wp","href":"https:\/\/api.w.org\/{rel}","templated":true}]}}