{"id":4387,"date":"2021-06-21T23:51:23","date_gmt":"2021-06-21T23:51:23","guid":{"rendered":"https:\/\/polamfcu.com\/klienci-indywidualni\/cds\/"},"modified":"2022-03-03T12:14:54","modified_gmt":"2022-03-03T20:14:54","slug":"certyfikaty-depozytowe-cds","status":"publish","type":"page","link":"https:\/\/polamfcu.com\/pl\/klienci-indywidualni\/certyfikaty-depozytowe-cds\/","title":{"rendered":"Certyfikaty Depozytowe (CDs)"},"content":{"rendered":"\n<h2 class=\"wp-block-heading\"><strong>Certyfikaty Depozytowe (CDs)<\/strong><\/h2>\n\n\n\n<p>Certyfikaty depozytowe w POLAM to pewny zysk dla Twoich inwestycji. Gwarantuj\u0105 to mi\u0119dzy innymi niezwykle elastyczne opcje czy r\u00f3wnie dobrze dostosowuj\u0105ce si\u0119 to Twoich potrzeb terminy wykupu. Dzi\u0119ki naszym 12-miesi\u0119cznym b\u0105d\u017a 36-miesi\u0119cznym certyfikatom depozytowym z pewno\u015bci\u0105 uda Ci si\u0119 skutecznie zrealizowa\u0107 wszystkie ambitne plany finansowe!<\/p>\n\n\n\n<pre class=\"wp-block-verse\">\u201eCertyfikaty depozytowe w POLAM to pewny spos\u00f3b na oszcz\u0119dzanie oraz zysk\u201d<\/pre>\n\n\n\n<figure class=\"wp-block-table table table-bordered table-grey mb-5\"><table><tbody><tr><th>Dost\u0119pne okresy<sup>1<\/sup><\/th><th>Rachunek z prawem do dywidendy<\/th><th>Minimalne saldo daj\u0105ce dywidendy<\/th><\/tr><tr><td>6 mies., 12 mies., 18 mies., 24 mies., 36 mies.<\/td><td>Tak<\/td><td>$5,000 <sup>2<\/sup><\/td><\/tr><\/tbody><\/table><\/figure>\n\n\n\n<h3 class=\"textgray mb-3 wp-block-heading\">Charakterystyka<\/h3>\n\n\n\n<ul class=\"styled-list two-cols wp-block-list\"><li>Elastyczne terminy wykupu<\/li><li>Brak op\u0142aty miesi\u0119cznej<\/li><li>Brak op\u0142aty rocznej<\/li><li>Konkurencyjne oprocentowanie<\/li><li>Gwarancja zwrotu <sup>1<\/sup><\/li><\/ul>\n\n\n\n<hr class=\"wp-block-separator\"\/>\n\n\n\n<ol class=\"textgray has-normal-font-size wp-block-list\"><li>Early withdrawal penalties may apply to withdrawals made at any other time than during the grace period. Fees could reduce earnings on the account. Additional restrictions may apply.<\/li><li>Minimum CD deposit $5,000. Minimum Term is 6 months. At maturity the certificate will convert to a savings account. Penalty for early withdrawal.<\/li><li>All regular certificates can be opened as IRA certificates, unless otherwise noted. Minimum balance for all IRA certificates is $100<\/li><\/ol>\n","protected":false},"excerpt":{"rendered":"<p>Certyfikaty Depozytowe (CDs) Certyfikaty depozytowe w POLAM to pewny zysk dla Twoich inwestycji. Gwarantuj\u0105 to mi\u0119dzy innymi niezwykle elastyczne opcje czy r\u00f3wnie dobrze dostosowuj\u0105ce si\u0119 to Twoich potrzeb terminy wykupu. Dzi\u0119ki naszym 12-miesi\u0119cznym b\u0105d\u017a 36-miesi\u0119cznym certyfikatom depozytowym z pewno\u015bci\u0105 uda Ci si\u0119 skutecznie zrealizowa\u0107 wszystkie ambitne plany finansowe! \u201eCertyfikaty depozytowe w POLAM to pewny spos\u00f3b &#8230; <\/p>\n<div class=\"read-more-box\"><a class=\"btn\" \n href=\"https:\/\/polamfcu.com\/pl\/klienci-indywidualni\/certyfikaty-depozytowe-cds\/\">Continue reading<\/a><\/div>\n","protected":false},"author":1,"featured_media":4172,"parent":4324,"menu_order":2,"comment_status":"closed","ping_status":"closed","template":"","meta":{"_acf_changed":false,"_monsterinsights_skip_tracking":false,"_monsterinsights_sitenote_active":false,"_monsterinsights_sitenote_note":"","_monsterinsights_sitenote_category":0,"footnotes":""},"class_list":["post-4387","page","type-page","status-publish","has-post-thumbnail","hentry"],"acf":[],"yoast_head":"<!-- This site is optimized with the Yoast SEO plugin v27.3 - https:\/\/yoast.com\/product\/yoast-seo-wordpress\/ -->\n<title>Certyfikaty Depozytowe (CDs) - Polam Federal Credit Union<\/title>\n<meta name=\"robots\" content=\"index, follow, max-snippet:-1, max-image-preview:large, max-video-preview:-1\" \/>\n<link rel=\"canonical\" href=\"https:\/\/polamfcu.com\/pl\/klienci-indywidualni\/certyfikaty-depozytowe-cds\/\" \/>\n<meta property=\"og:locale\" content=\"pl_PL\" \/>\n<meta property=\"og:type\" content=\"article\" \/>\n<meta property=\"og:title\" content=\"Certyfikaty Depozytowe (CDs) - Polam Federal Credit Union\" \/>\n<meta property=\"og:description\" content=\"Certyfikaty Depozytowe (CDs) Certyfikaty depozytowe w POLAM to pewny zysk dla Twoich inwestycji. Gwarantuj\u0105 to mi\u0119dzy innymi niezwykle elastyczne opcje czy r\u00f3wnie dobrze dostosowuj\u0105ce si\u0119 to Twoich potrzeb terminy wykupu. Dzi\u0119ki naszym 12-miesi\u0119cznym b\u0105d\u017a 36-miesi\u0119cznym certyfikatom depozytowym z pewno\u015bci\u0105 uda Ci si\u0119 skutecznie zrealizowa\u0107 wszystkie ambitne plany finansowe! \u201eCertyfikaty depozytowe w POLAM to pewny spos\u00f3b ... Continue reading\" \/>\n<meta property=\"og:url\" content=\"https:\/\/polamfcu.com\/pl\/klienci-indywidualni\/certyfikaty-depozytowe-cds\/\" \/>\n<meta property=\"og:site_name\" content=\"Polam Federal Credit Union\" \/>\n<meta property=\"article:publisher\" content=\"https:\/\/www.facebook.com\/polamcu\" \/>\n<meta property=\"article:modified_time\" content=\"2022-03-03T20:14:54+00:00\" \/>\n<meta property=\"og:image\" content=\"https:\/\/polamfcu.com\/wp-content\/uploads\/2021\/07\/POLAM_www_Personal_CDs-TOP.jpg\" \/>\n\t<meta property=\"og:image:width\" content=\"1920\" \/>\n\t<meta property=\"og:image:height\" content=\"360\" \/>\n\t<meta property=\"og:image:type\" content=\"image\/jpeg\" \/>\n<meta name=\"twitter:card\" content=\"summary_large_image\" \/>\n<meta name=\"twitter:label1\" content=\"Szacowany czas czytania\" \/>\n\t<meta name=\"twitter:data1\" content=\"1 minuta\" \/>\n<script type=\"application\/ld+json\" class=\"yoast-schema-graph\">{\"@context\":\"https:\\\/\\\/schema.org\",\"@graph\":[{\"@type\":\"WebPage\",\"@id\":\"https:\\\/\\\/polamfcu.com\\\/pl\\\/klienci-indywidualni\\\/certyfikaty-depozytowe-cds\\\/\",\"url\":\"https:\\\/\\\/polamfcu.com\\\/pl\\\/klienci-indywidualni\\\/certyfikaty-depozytowe-cds\\\/\",\"name\":\"Certyfikaty Depozytowe (CDs) - Polam Federal Credit Union\",\"isPartOf\":{\"@id\":\"https:\\\/\\\/polamfcu.com\\\/#website\"},\"primaryImageOfPage\":{\"@id\":\"https:\\\/\\\/polamfcu.com\\\/pl\\\/klienci-indywidualni\\\/certyfikaty-depozytowe-cds\\\/#primaryimage\"},\"image\":{\"@id\":\"https:\\\/\\\/polamfcu.com\\\/pl\\\/klienci-indywidualni\\\/certyfikaty-depozytowe-cds\\\/#primaryimage\"},\"thumbnailUrl\":\"https:\\\/\\\/polamfcu.com\\\/wp-content\\\/uploads\\\/2021\\\/07\\\/POLAM_www_Personal_CDs-TOP.jpg\",\"datePublished\":\"2021-06-21T23:51:23+00:00\",\"dateModified\":\"2022-03-03T20:14:54+00:00\",\"breadcrumb\":{\"@id\":\"https:\\\/\\\/polamfcu.com\\\/pl\\\/klienci-indywidualni\\\/certyfikaty-depozytowe-cds\\\/#breadcrumb\"},\"inLanguage\":\"pl-PL\",\"potentialAction\":[{\"@type\":\"ReadAction\",\"target\":[\"https:\\\/\\\/polamfcu.com\\\/pl\\\/klienci-indywidualni\\\/certyfikaty-depozytowe-cds\\\/\"]}]},{\"@type\":\"ImageObject\",\"inLanguage\":\"pl-PL\",\"@id\":\"https:\\\/\\\/polamfcu.com\\\/pl\\\/klienci-indywidualni\\\/certyfikaty-depozytowe-cds\\\/#primaryimage\",\"url\":\"https:\\\/\\\/polamfcu.com\\\/wp-content\\\/uploads\\\/2021\\\/07\\\/POLAM_www_Personal_CDs-TOP.jpg\",\"contentUrl\":\"https:\\\/\\\/polamfcu.com\\\/wp-content\\\/uploads\\\/2021\\\/07\\\/POLAM_www_Personal_CDs-TOP.jpg\",\"width\":1920,\"height\":360},{\"@type\":\"BreadcrumbList\",\"@id\":\"https:\\\/\\\/polamfcu.com\\\/pl\\\/klienci-indywidualni\\\/certyfikaty-depozytowe-cds\\\/#breadcrumb\",\"itemListElement\":[{\"@type\":\"ListItem\",\"position\":1,\"name\":\"\",\"item\":\"https:\\\/\\\/polamfcu.com\\\/pl\\\/\"},{\"@type\":\"ListItem\",\"position\":2,\"name\":\"Klienci Indywidualni\",\"item\":\"https:\\\/\\\/polamfcu.com\\\/pl\\\/klienci-indywidualni\\\/\"},{\"@type\":\"ListItem\",\"position\":3,\"name\":\"Certyfikaty Depozytowe (CDs)\"}]},{\"@type\":\"WebSite\",\"@id\":\"https:\\\/\\\/polamfcu.com\\\/#website\",\"url\":\"https:\\\/\\\/polamfcu.com\\\/\",\"name\":\"Polam Federal Credit Union\",\"description\":\"Federal Credit Union\",\"publisher\":{\"@id\":\"https:\\\/\\\/polamfcu.com\\\/#organization\"},\"alternateName\":\"Polam FCU\",\"potentialAction\":[{\"@type\":\"SearchAction\",\"target\":{\"@type\":\"EntryPoint\",\"urlTemplate\":\"https:\\\/\\\/polamfcu.com\\\/?s={search_term_string}\"},\"query-input\":{\"@type\":\"PropertyValueSpecification\",\"valueRequired\":true,\"valueName\":\"search_term_string\"}}],\"inLanguage\":\"pl-PL\"},{\"@type\":\"Organization\",\"@id\":\"https:\\\/\\\/polamfcu.com\\\/#organization\",\"name\":\"Polam Federal Credit Union\",\"alternateName\":\"Polam FCU\",\"url\":\"https:\\\/\\\/polamfcu.com\\\/\",\"logo\":{\"@type\":\"ImageObject\",\"inLanguage\":\"pl-PL\",\"@id\":\"https:\\\/\\\/polamfcu.com\\\/#\\\/schema\\\/logo\\\/image\\\/\",\"url\":\"https:\\\/\\\/polamfcu.com\\\/wp-content\\\/uploads\\\/2022\\\/11\\\/logo.png\",\"contentUrl\":\"https:\\\/\\\/polamfcu.com\\\/wp-content\\\/uploads\\\/2022\\\/11\\\/logo.png\",\"width\":228,\"height\":81,\"caption\":\"Polam Federal Credit Union\"},\"image\":{\"@id\":\"https:\\\/\\\/polamfcu.com\\\/#\\\/schema\\\/logo\\\/image\\\/\"},\"sameAs\":[\"https:\\\/\\\/www.facebook.com\\\/polamcu\",\"https:\\\/\\\/www.linkedin.com\\\/company\\\/polam-federal-credit-union\",\"https:\\\/\\\/www.instagram.com\\\/polamfcu\\\/\"]}]}<\/script>\n<!-- \/ Yoast SEO plugin. -->","yoast_head_json":{"title":"Certyfikaty Depozytowe (CDs) - Polam Federal Credit Union","robots":{"index":"index","follow":"follow","max-snippet":"max-snippet:-1","max-image-preview":"max-image-preview:large","max-video-preview":"max-video-preview:-1"},"canonical":"https:\/\/polamfcu.com\/pl\/klienci-indywidualni\/certyfikaty-depozytowe-cds\/","og_locale":"pl_PL","og_type":"article","og_title":"Certyfikaty Depozytowe (CDs) - Polam Federal Credit Union","og_description":"Certyfikaty Depozytowe (CDs) Certyfikaty depozytowe w POLAM to pewny zysk dla Twoich inwestycji. Gwarantuj\u0105 to mi\u0119dzy innymi niezwykle elastyczne opcje czy r\u00f3wnie dobrze dostosowuj\u0105ce si\u0119 to Twoich potrzeb terminy wykupu. Dzi\u0119ki naszym 12-miesi\u0119cznym b\u0105d\u017a 36-miesi\u0119cznym certyfikatom depozytowym z pewno\u015bci\u0105 uda Ci si\u0119 skutecznie zrealizowa\u0107 wszystkie ambitne plany finansowe! \u201eCertyfikaty depozytowe w POLAM to pewny spos\u00f3b ... Continue reading","og_url":"https:\/\/polamfcu.com\/pl\/klienci-indywidualni\/certyfikaty-depozytowe-cds\/","og_site_name":"Polam Federal Credit Union","article_publisher":"https:\/\/www.facebook.com\/polamcu","article_modified_time":"2022-03-03T20:14:54+00:00","og_image":[{"width":1920,"height":360,"url":"https:\/\/polamfcu.com\/wp-content\/uploads\/2021\/07\/POLAM_www_Personal_CDs-TOP.jpg","type":"image\/jpeg"}],"twitter_card":"summary_large_image","twitter_misc":{"Szacowany czas czytania":"1 minuta"},"schema":{"@context":"https:\/\/schema.org","@graph":[{"@type":"WebPage","@id":"https:\/\/polamfcu.com\/pl\/klienci-indywidualni\/certyfikaty-depozytowe-cds\/","url":"https:\/\/polamfcu.com\/pl\/klienci-indywidualni\/certyfikaty-depozytowe-cds\/","name":"Certyfikaty Depozytowe (CDs) - Polam Federal Credit Union","isPartOf":{"@id":"https:\/\/polamfcu.com\/#website"},"primaryImageOfPage":{"@id":"https:\/\/polamfcu.com\/pl\/klienci-indywidualni\/certyfikaty-depozytowe-cds\/#primaryimage"},"image":{"@id":"https:\/\/polamfcu.com\/pl\/klienci-indywidualni\/certyfikaty-depozytowe-cds\/#primaryimage"},"thumbnailUrl":"https:\/\/polamfcu.com\/wp-content\/uploads\/2021\/07\/POLAM_www_Personal_CDs-TOP.jpg","datePublished":"2021-06-21T23:51:23+00:00","dateModified":"2022-03-03T20:14:54+00:00","breadcrumb":{"@id":"https:\/\/polamfcu.com\/pl\/klienci-indywidualni\/certyfikaty-depozytowe-cds\/#breadcrumb"},"inLanguage":"pl-PL","potentialAction":[{"@type":"ReadAction","target":["https:\/\/polamfcu.com\/pl\/klienci-indywidualni\/certyfikaty-depozytowe-cds\/"]}]},{"@type":"ImageObject","inLanguage":"pl-PL","@id":"https:\/\/polamfcu.com\/pl\/klienci-indywidualni\/certyfikaty-depozytowe-cds\/#primaryimage","url":"https:\/\/polamfcu.com\/wp-content\/uploads\/2021\/07\/POLAM_www_Personal_CDs-TOP.jpg","contentUrl":"https:\/\/polamfcu.com\/wp-content\/uploads\/2021\/07\/POLAM_www_Personal_CDs-TOP.jpg","width":1920,"height":360},{"@type":"BreadcrumbList","@id":"https:\/\/polamfcu.com\/pl\/klienci-indywidualni\/certyfikaty-depozytowe-cds\/#breadcrumb","itemListElement":[{"@type":"ListItem","position":1,"name":"","item":"https:\/\/polamfcu.com\/pl\/"},{"@type":"ListItem","position":2,"name":"Klienci Indywidualni","item":"https:\/\/polamfcu.com\/pl\/klienci-indywidualni\/"},{"@type":"ListItem","position":3,"name":"Certyfikaty Depozytowe (CDs)"}]},{"@type":"WebSite","@id":"https:\/\/polamfcu.com\/#website","url":"https:\/\/polamfcu.com\/","name":"Polam Federal Credit Union","description":"Federal Credit Union","publisher":{"@id":"https:\/\/polamfcu.com\/#organization"},"alternateName":"Polam FCU","potentialAction":[{"@type":"SearchAction","target":{"@type":"EntryPoint","urlTemplate":"https:\/\/polamfcu.com\/?s={search_term_string}"},"query-input":{"@type":"PropertyValueSpecification","valueRequired":true,"valueName":"search_term_string"}}],"inLanguage":"pl-PL"},{"@type":"Organization","@id":"https:\/\/polamfcu.com\/#organization","name":"Polam Federal Credit Union","alternateName":"Polam FCU","url":"https:\/\/polamfcu.com\/","logo":{"@type":"ImageObject","inLanguage":"pl-PL","@id":"https:\/\/polamfcu.com\/#\/schema\/logo\/image\/","url":"https:\/\/polamfcu.com\/wp-content\/uploads\/2022\/11\/logo.png","contentUrl":"https:\/\/polamfcu.com\/wp-content\/uploads\/2022\/11\/logo.png","width":228,"height":81,"caption":"Polam Federal Credit Union"},"image":{"@id":"https:\/\/polamfcu.com\/#\/schema\/logo\/image\/"},"sameAs":["https:\/\/www.facebook.com\/polamcu","https:\/\/www.linkedin.com\/company\/polam-federal-credit-union","https:\/\/www.instagram.com\/polamfcu\/"]}]}},"_links":{"self":[{"href":"https:\/\/polamfcu.com\/pl\/wp-json\/wp\/v2\/pages\/4387","targetHints":{"allow":["GET"]}}],"collection":[{"href":"https:\/\/polamfcu.com\/pl\/wp-json\/wp\/v2\/pages"}],"about":[{"href":"https:\/\/polamfcu.com\/pl\/wp-json\/wp\/v2\/types\/page"}],"author":[{"embeddable":true,"href":"https:\/\/polamfcu.com\/pl\/wp-json\/wp\/v2\/users\/1"}],"replies":[{"embeddable":true,"href":"https:\/\/polamfcu.com\/pl\/wp-json\/wp\/v2\/comments?post=4387"}],"version-history":[{"count":5,"href":"https:\/\/polamfcu.com\/pl\/wp-json\/wp\/v2\/pages\/4387\/revisions"}],"predecessor-version":[{"id":4899,"href":"https:\/\/polamfcu.com\/pl\/wp-json\/wp\/v2\/pages\/4387\/revisions\/4899"}],"up":[{"embeddable":true,"href":"https:\/\/polamfcu.com\/pl\/wp-json\/wp\/v2\/pages\/4324"}],"wp:featuredmedia":[{"embeddable":true,"href":"https:\/\/polamfcu.com\/pl\/wp-json\/wp\/v2\/media\/4172"}],"wp:attachment":[{"href":"https:\/\/polamfcu.com\/pl\/wp-json\/wp\/v2\/media?parent=4387"}],"curies":[{"name":"wp","href":"https:\/\/api.w.org\/{rel}","templated":true}]}}