{"id":4389,"date":"2021-06-21T23:51:08","date_gmt":"2021-06-22T06:51:08","guid":{"rendered":"https:\/\/polamfcu.com\/klienci-indywidualni\/iras\/"},"modified":"2022-01-17T12:48:31","modified_gmt":"2022-01-17T20:48:31","slug":"konta-emerytalne-ira","status":"publish","type":"page","link":"https:\/\/polamfcu.com\/pl\/klienci-indywidualni\/konta-emerytalne-ira\/","title":{"rendered":"Indywidualne Konto Emerytalne (IRA)"},"content":{"rendered":"\n<h2 class=\"wp-block-heading\"><strong>Indywidualne Konto Emerytalne (IRA)<\/strong><\/h2>\n\n\n\n<p>Indywidualne Konto Emerytalne to zdecydowanie najlepszy spos\u00f3b oszcz\u0119dzania na emerytur\u0119. POLAM oferuje szeroki wachlarz mo\u017cliwo\u015bci i udogodnie\u0144, a tak\u017ce pozwala na dostosowanie konta IRA do potrzeb ka\u017cdego z Klient\u00f3w. Pomo\u017ce Ci to w osi\u0105gni\u0119ciu oczekiwanego funduszu emerytalnego, a tak\u017ce pozwoli zmaksymalizowa\u0107 Tw\u00f3j potencja\u0142 zarobkowy.<\/p>\n\n\n\n<pre class=\"wp-block-verse\">\u201eTwoja przysz\u0142o\u015b\u0107 jest pe\u0142na mo\u017cliwo\u015bci, a konto emerytalne w POLAM pomo\u017ce Ci szybciej osi\u0105gn\u0105\u0107 Twoje cele!\u201d<\/pre>\n\n\n\n<figure class=\"wp-block-table table table-bordered table-grey mb-5\"><table><tbody><tr><th>Dost\u0119pne okresy<sup>1<\/sup><\/th><th>Minimalny wk\u0142ad pocz\u0105tkowy<\/th><th>Rachunek z prawem do dywidendy<\/th><th>Minimalne saldo daj\u0105ce dywidendy<\/th><\/tr><tr><td>6 mies., 12 mies., 18 mies., 24 mies., 36 mies.<\/td><td>$100<\/td><td>Tak<\/td><td>$100<\/td><\/tr><\/tbody><\/table><\/figure>\n\n\n\n<h3 class=\"textgray mb-3 wp-block-heading\">Charakterystyka<\/h3>\n\n\n\n<ul class=\"styled-list two-cols wp-block-list\"><li>Elastyczne opcje termin\u00f3w<\/li><li>Brak op\u0142aty miesi\u0119cznej<\/li><li>Brak op\u0142aty rocznej<sup>2<\/sup><\/li><li>Konkurencyjne oprocentowanie<\/li><li>Dzienna kapitalizacja odsetek<\/li><\/ul>\n\n\n\n<hr class=\"wp-block-separator\"\/>\n\n\n\n<ol class=\"textgray has-normal-font-size wp-block-list\"><li>Early withdrawal penalties may apply to withdrawals made at any other time than during the grace period. Fees could reduce earnings on the account. Additional restrictions may apply.<\/li><li>Annual maintenance fee of $20 waived for accounts with balances of $10,000 or more and an active checking account.<\/li><\/ol>\n","protected":false},"excerpt":{"rendered":"<p>Indywidualne Konto Emerytalne (IRA) Indywidualne Konto Emerytalne to zdecydowanie najlepszy spos\u00f3b oszcz\u0119dzania na emerytur\u0119. POLAM oferuje szeroki wachlarz mo\u017cliwo\u015bci i udogodnie\u0144, a tak\u017ce pozwala na dostosowanie konta IRA do potrzeb ka\u017cdego z Klient\u00f3w. Pomo\u017ce Ci to w osi\u0105gni\u0119ciu oczekiwanego funduszu emerytalnego, a tak\u017ce pozwoli zmaksymalizowa\u0107 Tw\u00f3j potencja\u0142 zarobkowy. \u201eTwoja przysz\u0142o\u015b\u0107 jest pe\u0142na mo\u017cliwo\u015bci, a konto &#8230; <\/p>\n<div class=\"read-more-box\"><a class=\"btn\" \n href=\"https:\/\/polamfcu.com\/pl\/klienci-indywidualni\/konta-emerytalne-ira\/\">Continue reading<\/a><\/div>\n","protected":false},"author":1,"featured_media":4390,"parent":4324,"menu_order":3,"comment_status":"closed","ping_status":"closed","template":"","meta":{"_acf_changed":false,"_monsterinsights_skip_tracking":false,"_monsterinsights_sitenote_active":false,"_monsterinsights_sitenote_note":"","_monsterinsights_sitenote_category":0,"footnotes":""},"class_list":["post-4389","page","type-page","status-publish","has-post-thumbnail","hentry"],"acf":[],"yoast_head":"<!-- This site is optimized with the Yoast SEO plugin v27.3 - https:\/\/yoast.com\/product\/yoast-seo-wordpress\/ -->\n<title>Indywidualne Konto Emerytalne (IRA) - Polam Federal Credit Union<\/title>\n<meta name=\"robots\" content=\"index, follow, max-snippet:-1, max-image-preview:large, max-video-preview:-1\" \/>\n<link rel=\"canonical\" href=\"https:\/\/polamfcu.com\/pl\/klienci-indywidualni\/konta-emerytalne-ira\/\" \/>\n<meta property=\"og:locale\" content=\"pl_PL\" \/>\n<meta property=\"og:type\" content=\"article\" \/>\n<meta property=\"og:title\" content=\"Indywidualne Konto Emerytalne (IRA) - Polam Federal Credit Union\" \/>\n<meta property=\"og:description\" content=\"Indywidualne Konto Emerytalne (IRA) Indywidualne Konto Emerytalne to zdecydowanie najlepszy spos\u00f3b oszcz\u0119dzania na emerytur\u0119. POLAM oferuje szeroki wachlarz mo\u017cliwo\u015bci i udogodnie\u0144, a tak\u017ce pozwala na dostosowanie konta IRA do potrzeb ka\u017cdego z Klient\u00f3w. Pomo\u017ce Ci to w osi\u0105gni\u0119ciu oczekiwanego funduszu emerytalnego, a tak\u017ce pozwoli zmaksymalizowa\u0107 Tw\u00f3j potencja\u0142 zarobkowy. \u201eTwoja przysz\u0142o\u015b\u0107 jest pe\u0142na mo\u017cliwo\u015bci, a konto ... Continue reading\" \/>\n<meta property=\"og:url\" content=\"https:\/\/polamfcu.com\/pl\/klienci-indywidualni\/konta-emerytalne-ira\/\" \/>\n<meta property=\"og:site_name\" content=\"Polam Federal Credit Union\" \/>\n<meta property=\"article:publisher\" content=\"https:\/\/www.facebook.com\/polamcu\" \/>\n<meta property=\"article:modified_time\" content=\"2022-01-17T20:48:31+00:00\" \/>\n<meta property=\"og:image\" content=\"https:\/\/polamfcu.com\/wp-content\/uploads\/2021\/07\/POLAM_www_Personal_IRAs-TOP.jpg\" \/>\n\t<meta property=\"og:image:width\" content=\"1920\" \/>\n\t<meta property=\"og:image:height\" content=\"360\" \/>\n\t<meta property=\"og:image:type\" content=\"image\/jpeg\" \/>\n<meta name=\"twitter:card\" content=\"summary_large_image\" \/>\n<meta name=\"twitter:label1\" content=\"Szacowany czas czytania\" \/>\n\t<meta name=\"twitter:data1\" content=\"1 minuta\" \/>\n<script type=\"application\/ld+json\" class=\"yoast-schema-graph\">{\"@context\":\"https:\\\/\\\/schema.org\",\"@graph\":[{\"@type\":\"WebPage\",\"@id\":\"https:\\\/\\\/polamfcu.com\\\/pl\\\/klienci-indywidualni\\\/konta-emerytalne-ira\\\/\",\"url\":\"https:\\\/\\\/polamfcu.com\\\/pl\\\/klienci-indywidualni\\\/konta-emerytalne-ira\\\/\",\"name\":\"Indywidualne Konto Emerytalne (IRA) - Polam Federal Credit Union\",\"isPartOf\":{\"@id\":\"https:\\\/\\\/polamfcu.com\\\/#website\"},\"primaryImageOfPage\":{\"@id\":\"https:\\\/\\\/polamfcu.com\\\/pl\\\/klienci-indywidualni\\\/konta-emerytalne-ira\\\/#primaryimage\"},\"image\":{\"@id\":\"https:\\\/\\\/polamfcu.com\\\/pl\\\/klienci-indywidualni\\\/konta-emerytalne-ira\\\/#primaryimage\"},\"thumbnailUrl\":\"https:\\\/\\\/polamfcu.com\\\/wp-content\\\/uploads\\\/2021\\\/07\\\/POLAM_www_Personal_IRAs-TOP.jpg\",\"datePublished\":\"2021-06-22T06:51:08+00:00\",\"dateModified\":\"2022-01-17T20:48:31+00:00\",\"breadcrumb\":{\"@id\":\"https:\\\/\\\/polamfcu.com\\\/pl\\\/klienci-indywidualni\\\/konta-emerytalne-ira\\\/#breadcrumb\"},\"inLanguage\":\"pl-PL\",\"potentialAction\":[{\"@type\":\"ReadAction\",\"target\":[\"https:\\\/\\\/polamfcu.com\\\/pl\\\/klienci-indywidualni\\\/konta-emerytalne-ira\\\/\"]}]},{\"@type\":\"ImageObject\",\"inLanguage\":\"pl-PL\",\"@id\":\"https:\\\/\\\/polamfcu.com\\\/pl\\\/klienci-indywidualni\\\/konta-emerytalne-ira\\\/#primaryimage\",\"url\":\"https:\\\/\\\/polamfcu.com\\\/wp-content\\\/uploads\\\/2021\\\/07\\\/POLAM_www_Personal_IRAs-TOP.jpg\",\"contentUrl\":\"https:\\\/\\\/polamfcu.com\\\/wp-content\\\/uploads\\\/2021\\\/07\\\/POLAM_www_Personal_IRAs-TOP.jpg\",\"width\":1920,\"height\":360},{\"@type\":\"BreadcrumbList\",\"@id\":\"https:\\\/\\\/polamfcu.com\\\/pl\\\/klienci-indywidualni\\\/konta-emerytalne-ira\\\/#breadcrumb\",\"itemListElement\":[{\"@type\":\"ListItem\",\"position\":1,\"name\":\"\",\"item\":\"https:\\\/\\\/polamfcu.com\\\/pl\\\/\"},{\"@type\":\"ListItem\",\"position\":2,\"name\":\"Klienci Indywidualni\",\"item\":\"https:\\\/\\\/polamfcu.com\\\/pl\\\/klienci-indywidualni\\\/\"},{\"@type\":\"ListItem\",\"position\":3,\"name\":\"Indywidualne Konto Emerytalne (IRA)\"}]},{\"@type\":\"WebSite\",\"@id\":\"https:\\\/\\\/polamfcu.com\\\/#website\",\"url\":\"https:\\\/\\\/polamfcu.com\\\/\",\"name\":\"Polam Federal Credit Union\",\"description\":\"Federal Credit Union\",\"publisher\":{\"@id\":\"https:\\\/\\\/polamfcu.com\\\/#organization\"},\"alternateName\":\"Polam FCU\",\"potentialAction\":[{\"@type\":\"SearchAction\",\"target\":{\"@type\":\"EntryPoint\",\"urlTemplate\":\"https:\\\/\\\/polamfcu.com\\\/?s={search_term_string}\"},\"query-input\":{\"@type\":\"PropertyValueSpecification\",\"valueRequired\":true,\"valueName\":\"search_term_string\"}}],\"inLanguage\":\"pl-PL\"},{\"@type\":\"Organization\",\"@id\":\"https:\\\/\\\/polamfcu.com\\\/#organization\",\"name\":\"Polam Federal Credit Union\",\"alternateName\":\"Polam FCU\",\"url\":\"https:\\\/\\\/polamfcu.com\\\/\",\"logo\":{\"@type\":\"ImageObject\",\"inLanguage\":\"pl-PL\",\"@id\":\"https:\\\/\\\/polamfcu.com\\\/#\\\/schema\\\/logo\\\/image\\\/\",\"url\":\"https:\\\/\\\/polamfcu.com\\\/wp-content\\\/uploads\\\/2022\\\/11\\\/logo.png\",\"contentUrl\":\"https:\\\/\\\/polamfcu.com\\\/wp-content\\\/uploads\\\/2022\\\/11\\\/logo.png\",\"width\":228,\"height\":81,\"caption\":\"Polam Federal Credit Union\"},\"image\":{\"@id\":\"https:\\\/\\\/polamfcu.com\\\/#\\\/schema\\\/logo\\\/image\\\/\"},\"sameAs\":[\"https:\\\/\\\/www.facebook.com\\\/polamcu\",\"https:\\\/\\\/www.linkedin.com\\\/company\\\/polam-federal-credit-union\",\"https:\\\/\\\/www.instagram.com\\\/polamfcu\\\/\"]}]}<\/script>\n<!-- \/ Yoast SEO plugin. -->","yoast_head_json":{"title":"Indywidualne Konto Emerytalne (IRA) - Polam Federal Credit Union","robots":{"index":"index","follow":"follow","max-snippet":"max-snippet:-1","max-image-preview":"max-image-preview:large","max-video-preview":"max-video-preview:-1"},"canonical":"https:\/\/polamfcu.com\/pl\/klienci-indywidualni\/konta-emerytalne-ira\/","og_locale":"pl_PL","og_type":"article","og_title":"Indywidualne Konto Emerytalne (IRA) - Polam Federal Credit Union","og_description":"Indywidualne Konto Emerytalne (IRA) Indywidualne Konto Emerytalne to zdecydowanie najlepszy spos\u00f3b oszcz\u0119dzania na emerytur\u0119. POLAM oferuje szeroki wachlarz mo\u017cliwo\u015bci i udogodnie\u0144, a tak\u017ce pozwala na dostosowanie konta IRA do potrzeb ka\u017cdego z Klient\u00f3w. Pomo\u017ce Ci to w osi\u0105gni\u0119ciu oczekiwanego funduszu emerytalnego, a tak\u017ce pozwoli zmaksymalizowa\u0107 Tw\u00f3j potencja\u0142 zarobkowy. \u201eTwoja przysz\u0142o\u015b\u0107 jest pe\u0142na mo\u017cliwo\u015bci, a konto ... Continue reading","og_url":"https:\/\/polamfcu.com\/pl\/klienci-indywidualni\/konta-emerytalne-ira\/","og_site_name":"Polam Federal Credit Union","article_publisher":"https:\/\/www.facebook.com\/polamcu","article_modified_time":"2022-01-17T20:48:31+00:00","og_image":[{"width":1920,"height":360,"url":"https:\/\/polamfcu.com\/wp-content\/uploads\/2021\/07\/POLAM_www_Personal_IRAs-TOP.jpg","type":"image\/jpeg"}],"twitter_card":"summary_large_image","twitter_misc":{"Szacowany czas czytania":"1 minuta"},"schema":{"@context":"https:\/\/schema.org","@graph":[{"@type":"WebPage","@id":"https:\/\/polamfcu.com\/pl\/klienci-indywidualni\/konta-emerytalne-ira\/","url":"https:\/\/polamfcu.com\/pl\/klienci-indywidualni\/konta-emerytalne-ira\/","name":"Indywidualne Konto Emerytalne (IRA) - Polam Federal Credit Union","isPartOf":{"@id":"https:\/\/polamfcu.com\/#website"},"primaryImageOfPage":{"@id":"https:\/\/polamfcu.com\/pl\/klienci-indywidualni\/konta-emerytalne-ira\/#primaryimage"},"image":{"@id":"https:\/\/polamfcu.com\/pl\/klienci-indywidualni\/konta-emerytalne-ira\/#primaryimage"},"thumbnailUrl":"https:\/\/polamfcu.com\/wp-content\/uploads\/2021\/07\/POLAM_www_Personal_IRAs-TOP.jpg","datePublished":"2021-06-22T06:51:08+00:00","dateModified":"2022-01-17T20:48:31+00:00","breadcrumb":{"@id":"https:\/\/polamfcu.com\/pl\/klienci-indywidualni\/konta-emerytalne-ira\/#breadcrumb"},"inLanguage":"pl-PL","potentialAction":[{"@type":"ReadAction","target":["https:\/\/polamfcu.com\/pl\/klienci-indywidualni\/konta-emerytalne-ira\/"]}]},{"@type":"ImageObject","inLanguage":"pl-PL","@id":"https:\/\/polamfcu.com\/pl\/klienci-indywidualni\/konta-emerytalne-ira\/#primaryimage","url":"https:\/\/polamfcu.com\/wp-content\/uploads\/2021\/07\/POLAM_www_Personal_IRAs-TOP.jpg","contentUrl":"https:\/\/polamfcu.com\/wp-content\/uploads\/2021\/07\/POLAM_www_Personal_IRAs-TOP.jpg","width":1920,"height":360},{"@type":"BreadcrumbList","@id":"https:\/\/polamfcu.com\/pl\/klienci-indywidualni\/konta-emerytalne-ira\/#breadcrumb","itemListElement":[{"@type":"ListItem","position":1,"name":"","item":"https:\/\/polamfcu.com\/pl\/"},{"@type":"ListItem","position":2,"name":"Klienci Indywidualni","item":"https:\/\/polamfcu.com\/pl\/klienci-indywidualni\/"},{"@type":"ListItem","position":3,"name":"Indywidualne Konto Emerytalne (IRA)"}]},{"@type":"WebSite","@id":"https:\/\/polamfcu.com\/#website","url":"https:\/\/polamfcu.com\/","name":"Polam Federal Credit Union","description":"Federal Credit Union","publisher":{"@id":"https:\/\/polamfcu.com\/#organization"},"alternateName":"Polam FCU","potentialAction":[{"@type":"SearchAction","target":{"@type":"EntryPoint","urlTemplate":"https:\/\/polamfcu.com\/?s={search_term_string}"},"query-input":{"@type":"PropertyValueSpecification","valueRequired":true,"valueName":"search_term_string"}}],"inLanguage":"pl-PL"},{"@type":"Organization","@id":"https:\/\/polamfcu.com\/#organization","name":"Polam Federal Credit Union","alternateName":"Polam FCU","url":"https:\/\/polamfcu.com\/","logo":{"@type":"ImageObject","inLanguage":"pl-PL","@id":"https:\/\/polamfcu.com\/#\/schema\/logo\/image\/","url":"https:\/\/polamfcu.com\/wp-content\/uploads\/2022\/11\/logo.png","contentUrl":"https:\/\/polamfcu.com\/wp-content\/uploads\/2022\/11\/logo.png","width":228,"height":81,"caption":"Polam Federal Credit Union"},"image":{"@id":"https:\/\/polamfcu.com\/#\/schema\/logo\/image\/"},"sameAs":["https:\/\/www.facebook.com\/polamcu","https:\/\/www.linkedin.com\/company\/polam-federal-credit-union","https:\/\/www.instagram.com\/polamfcu\/"]}]}},"_links":{"self":[{"href":"https:\/\/polamfcu.com\/pl\/wp-json\/wp\/v2\/pages\/4389","targetHints":{"allow":["GET"]}}],"collection":[{"href":"https:\/\/polamfcu.com\/pl\/wp-json\/wp\/v2\/pages"}],"about":[{"href":"https:\/\/polamfcu.com\/pl\/wp-json\/wp\/v2\/types\/page"}],"author":[{"embeddable":true,"href":"https:\/\/polamfcu.com\/pl\/wp-json\/wp\/v2\/users\/1"}],"replies":[{"embeddable":true,"href":"https:\/\/polamfcu.com\/pl\/wp-json\/wp\/v2\/comments?post=4389"}],"version-history":[{"count":2,"href":"https:\/\/polamfcu.com\/pl\/wp-json\/wp\/v2\/pages\/4389\/revisions"}],"predecessor-version":[{"id":4518,"href":"https:\/\/polamfcu.com\/pl\/wp-json\/wp\/v2\/pages\/4389\/revisions\/4518"}],"up":[{"embeddable":true,"href":"https:\/\/polamfcu.com\/pl\/wp-json\/wp\/v2\/pages\/4324"}],"wp:featuredmedia":[{"embeddable":true,"href":"https:\/\/polamfcu.com\/pl\/wp-json\/wp\/v2\/media\/4390"}],"wp:attachment":[{"href":"https:\/\/polamfcu.com\/pl\/wp-json\/wp\/v2\/media?parent=4389"}],"curies":[{"name":"wp","href":"https:\/\/api.w.org\/{rel}","templated":true}]}}