{"id":4397,"date":"2021-06-21T23:41:43","date_gmt":"2021-06-22T06:41:43","guid":{"rendered":"https:\/\/polamfcu.com\/klienci-indywidualni\/polam-rewards-program\/"},"modified":"2022-11-21T16:39:17","modified_gmt":"2022-11-22T00:39:17","slug":"program-nagrod","status":"publish","type":"page","link":"https:\/\/polamfcu.com\/pl\/klienci-indywidualni\/program-nagrod\/","title":{"rendered":"Program Nagr\u00f3d"},"content":{"rendered":"\n<h2 class=\"wp-block-heading\">Program Nagr\u00f3d<\/h2>\n\n\n\n<ul class=\"styled-list wp-block-list\">\n<li>Zbieraj punkty w programie nagr\u00f3d POLAM i wymieniaj je na zakupy produkt\u00f3w od Twoich ulubionych marek, wizyty do restauracji czy bilet\u00f3w lotniczych.<\/li>\n\n\n\n<li>Wymieniaj swoje punkty na nagrody &#8211; wybieraj spo\u015br\u00f3d setek mo\u017cliwo\u015bci.<\/li>\n\n\n\n<li>Zwi\u0119kszaj liczb\u0119 punkt\u00f3w dokonuj\u0105c p\u0142atno\u015bci kart\u0105 debetow\u0105 oraz kredytowa POLAM VISA lub polecaj\u0105c otwarcie konta w POLAM swoim znajomym przez program REFER-A-FRIEND<\/li>\n\n\n\n<li>Zapytaj o szczeg\u00f3\u0142y w najbli\u017cszym oddziale POLAM<\/li>\n<\/ul>\n\n\n\n<p><strong><strong>POLAM FCU \u2013 Program Nagr\u00f3d Punktowych dla kart debetowych<\/strong> i kredytowych:<\/strong><\/p>\n\n\n\n<p>UChoose jest programem nagr\u00f3d, w kt\u00f3rym mo\u017cna zdobywa\u0107 punkty za wykonywanie p\u0142atno\u015bci lub codzienne korzystanie z karty debetowej lub kredytowej POLAM VISA. Zebrane punkty mo\u017cna nast\u0119pnie wymienia\u0107 na nagrody \u2013 w naszym katalogu znajdziesz ponad 200 topowych marek, linie lotnicze, hotele a tak\u017ce sklepy internetowe takie jak Amazon, Apple, Home Depot oraz BestBuy!<\/p>\n\n\n\n<div class=\"wp-block-buttons mb-5 is-layout-flex wp-block-buttons-is-layout-flex\">\n<div class=\"wp-block-button\"><a class=\"wp-block-button__link wp-element-button\" href=\"https:\/\/www.uchooserewards.com\/e\/members\/verifypasswd.php?sid=40XXlMrlo7392&amp;login=true&amp;xfrom=\" target=\"_blank\" rel=\"noreferrer noopener\"><strong>Zarejestruj si\u0119 lub Odbierz dzisiaj<\/strong><\/a><\/div>\n<\/div>\n\n\n\n<div id=\"accordionGroup\" class=\"wp-block-group\"><div class=\"wp-block-group__inner-container is-layout-constrained wp-block-group-is-layout-constrained\">\n<ul class=\"faq-list accordion\">\n<li><h3>Jak zdobywa\u0107 punkty?<\/h3><br>Punkty otrzymujesz za ka\u017cd\u0105 transakcj\u0119 dokonan\u0105 za pomoc\u0105 karty debetowej lub kredytowej POLAM VISA. Warto pami\u0119ta\u0107, \u017ce dokonywanie zakup\u00f3w u dostawc\u00f3w czy marek uczestnicz\u0105cych w programie, powoduj\u0105 to, i\u017c na Twoje konto wp\u0142ywaj\u0105 dodatkowe punkty.<\/li>\n\n\n\n<li><h3>Gdzie mog\u0119 zdoby\u0107 punkty?<\/h3><br>Punkty mo\u017cna zdoby\u0107 wsz\u0119dzie tam, gdzie p\u0142atno\u015b\u0107 kart\u0105 debetow\u0105 oraz kredytowa Polam Visa jest akceptowana. A zatem niemal wsz\u0119dzie!<\/li>\n\n\n\n<li><h3>Kiedy mog\u0119 wymieni\u0107 moje punkty na nagrody?<\/h3><br>Proces przypisywania punkt\u00f3w do Twojego konta mo\u017ce trwa\u0107 do 40 dni. Aby wymieni\u0107 je na nagrody, musisz zgromadzi\u0107 ich minimum 1500.<\/li>\n\n\n\n<li><h3>Czy mog\u0119 podzieli\u0107 si\u0119 punktami z innymi cz\u0142onkami rodziny?<\/h3><br>Tak, wszystkie karty przypisane do rachunku po dokonaniu p\u0142atno\u015bci automatycznie naliczaj\u0105 punkty. Ponadto, je\u015bli masz kilka kart debetowych lub kredytowych w POLAM FCU, mo\u017cesz po\u0142\u0105czy\u0107 je ze sob\u0105, aby zdobywa\u0107 punkty szybciej i m\u00f3c wymieni\u0107 je na nagrody.<\/li>\n\n\n\n<li><h3>Na co mog\u0119 wymieni\u0107 swoje punkty?<\/h3><br>Ten wyb\u00f3r nale\u017cy tylko do Ciebie! Mo\u017cesz wybra\u0107 jedn\u0105 z wielu opcji \u2013 w katalogu nagr\u00f3d znajdziesz mi\u0119dzy innymi artyku\u0142y AGD, bilety lotnicze, sprz\u0119t elektroniczny czy bilety na koncerty. Wystarczy odwiedzi\u0107 stron\u0119 \u201eZamiany punkt\u00f3w\u201d i klikn\u0105\u0107 w kategori\u0119, kt\u00f3ra najbardziej Ci\u0119 interesuje.<\/li>\n\n\n\n<li><h3>Gdzie mog\u0119 zobaczy\u0107 histori\u0119 zdobywania punkt\u00f3w?<\/h3><br>Dost\u0119p do tych i innych informacji mo\u017cesz uzyska\u0107 na stronie uChoose Rewards.<\/li>\n\n\n\n<li><h3>Co zrobi\u0107, gdy po dokonaniu transakcji kart\u0105 debetow\u0105 punkty nie s\u0105 widoczne na moim koncie?<\/h3><br>Przypisywanie punkt\u00f3w do Twojego konta mo\u017ce trwa\u0107 do 40 dni od momenty wykonania transakcji. Je\u015bli po up\u0142ywie tego czasu wci\u0105\u017c nie widzisz ich na swoim koncie, skontaktuj si\u0119 z nami w celu uzyskania pomocy.<\/li>\n\n\n\n<li><h3>Ile kosztuje udzia\u0142 w programie?<\/h3><br>Nie ponosisz \u017cadnych koszt\u00f3w za udzia\u0142 w programie punktowym. Program nagr\u00f3d UChoose Rewards jest ca\u0142kowicie bezp\u0142atne dla posiadaczy kart POLAM FCU. Mo\u017cesz wi\u0119c rozpocz\u0105\u0107 zbieranie punkt\u00f3w ju\u017c dzi\u015b!<\/li>\n\n\n\n<li><h3>Co zrobi\u0107, je\u015bli mam inne pytanie?<\/h3><br>Je\u015bli masz pytania, na kt\u00f3re nie znalaz\u0142e\u015b odpowiedzi powy\u017cej, skontaktuj si\u0119 z nami: (650) 367-8940 w Kalifornii lub (860) 223-0200 w Connecticut.<\/li>\n<\/ul>\n<\/div><\/div>\n","protected":false},"excerpt":{"rendered":"<p>Program Nagr\u00f3d POLAM FCU \u2013 Program Nagr\u00f3d Punktowych dla kart debetowych i kredytowych: UChoose jest programem nagr\u00f3d, w kt\u00f3rym mo\u017cna zdobywa\u0107 punkty za wykonywanie p\u0142atno\u015bci lub codzienne korzystanie z karty debetowej lub kredytowej POLAM VISA. Zebrane punkty mo\u017cna nast\u0119pnie wymienia\u0107 na nagrody \u2013 w naszym katalogu znajdziesz ponad 200 topowych marek, linie lotnicze, hotele a &#8230; <\/p>\n<div class=\"read-more-box\"><a class=\"btn\" \n href=\"https:\/\/polamfcu.com\/pl\/klienci-indywidualni\/program-nagrod\/\">Continue reading<\/a><\/div>\n","protected":false},"author":1,"featured_media":4398,"parent":4324,"menu_order":5,"comment_status":"closed","ping_status":"closed","template":"","meta":{"_acf_changed":false,"_monsterinsights_skip_tracking":false,"_monsterinsights_sitenote_active":false,"_monsterinsights_sitenote_note":"","_monsterinsights_sitenote_category":0,"footnotes":""},"class_list":["post-4397","page","type-page","status-publish","has-post-thumbnail","hentry"],"acf":[],"yoast_head":"<!-- This site is optimized with the Yoast SEO plugin v27.3 - https:\/\/yoast.com\/product\/yoast-seo-wordpress\/ -->\n<title>Program Nagr\u00f3d - Polam Federal Credit Union<\/title>\n<meta name=\"robots\" content=\"index, follow, max-snippet:-1, max-image-preview:large, max-video-preview:-1\" \/>\n<link rel=\"canonical\" href=\"https:\/\/polamfcu.com\/pl\/klienci-indywidualni\/program-nagrod\/\" \/>\n<meta property=\"og:locale\" content=\"pl_PL\" \/>\n<meta property=\"og:type\" content=\"article\" \/>\n<meta property=\"og:title\" content=\"Program Nagr\u00f3d - Polam Federal Credit Union\" \/>\n<meta property=\"og:description\" content=\"Program Nagr\u00f3d POLAM FCU \u2013 Program Nagr\u00f3d Punktowych dla kart debetowych i kredytowych: UChoose jest programem nagr\u00f3d, w kt\u00f3rym mo\u017cna zdobywa\u0107 punkty za wykonywanie p\u0142atno\u015bci lub codzienne korzystanie z karty debetowej lub kredytowej POLAM VISA. Zebrane punkty mo\u017cna nast\u0119pnie wymienia\u0107 na nagrody \u2013 w naszym katalogu znajdziesz ponad 200 topowych marek, linie lotnicze, hotele a ... Continue reading\" \/>\n<meta property=\"og:url\" content=\"https:\/\/polamfcu.com\/pl\/klienci-indywidualni\/program-nagrod\/\" \/>\n<meta property=\"og:site_name\" content=\"Polam Federal Credit Union\" \/>\n<meta property=\"article:publisher\" content=\"https:\/\/www.facebook.com\/polamcu\" \/>\n<meta property=\"article:modified_time\" content=\"2022-11-22T00:39:17+00:00\" \/>\n<meta property=\"og:image\" content=\"https:\/\/polamfcu.com\/wp-content\/uploads\/2021\/07\/POLAM_www_Personal_Rewards-TOP.jpg\" \/>\n\t<meta property=\"og:image:width\" content=\"1920\" \/>\n\t<meta property=\"og:image:height\" content=\"360\" \/>\n\t<meta property=\"og:image:type\" content=\"image\/jpeg\" \/>\n<meta name=\"twitter:card\" content=\"summary_large_image\" \/>\n<meta name=\"twitter:label1\" content=\"Szacowany czas czytania\" \/>\n\t<meta name=\"twitter:data1\" content=\"2 minuty\" \/>\n<script type=\"application\/ld+json\" class=\"yoast-schema-graph\">{\"@context\":\"https:\\\/\\\/schema.org\",\"@graph\":[{\"@type\":\"WebPage\",\"@id\":\"https:\\\/\\\/polamfcu.com\\\/pl\\\/klienci-indywidualni\\\/program-nagrod\\\/\",\"url\":\"https:\\\/\\\/polamfcu.com\\\/pl\\\/klienci-indywidualni\\\/program-nagrod\\\/\",\"name\":\"Program Nagr\u00f3d - Polam Federal Credit Union\",\"isPartOf\":{\"@id\":\"https:\\\/\\\/polamfcu.com\\\/#website\"},\"primaryImageOfPage\":{\"@id\":\"https:\\\/\\\/polamfcu.com\\\/pl\\\/klienci-indywidualni\\\/program-nagrod\\\/#primaryimage\"},\"image\":{\"@id\":\"https:\\\/\\\/polamfcu.com\\\/pl\\\/klienci-indywidualni\\\/program-nagrod\\\/#primaryimage\"},\"thumbnailUrl\":\"https:\\\/\\\/polamfcu.com\\\/wp-content\\\/uploads\\\/2021\\\/07\\\/POLAM_www_Personal_Rewards-TOP.jpg\",\"datePublished\":\"2021-06-22T06:41:43+00:00\",\"dateModified\":\"2022-11-22T00:39:17+00:00\",\"breadcrumb\":{\"@id\":\"https:\\\/\\\/polamfcu.com\\\/pl\\\/klienci-indywidualni\\\/program-nagrod\\\/#breadcrumb\"},\"inLanguage\":\"pl-PL\",\"potentialAction\":[{\"@type\":\"ReadAction\",\"target\":[\"https:\\\/\\\/polamfcu.com\\\/pl\\\/klienci-indywidualni\\\/program-nagrod\\\/\"]}]},{\"@type\":\"ImageObject\",\"inLanguage\":\"pl-PL\",\"@id\":\"https:\\\/\\\/polamfcu.com\\\/pl\\\/klienci-indywidualni\\\/program-nagrod\\\/#primaryimage\",\"url\":\"https:\\\/\\\/polamfcu.com\\\/wp-content\\\/uploads\\\/2021\\\/07\\\/POLAM_www_Personal_Rewards-TOP.jpg\",\"contentUrl\":\"https:\\\/\\\/polamfcu.com\\\/wp-content\\\/uploads\\\/2021\\\/07\\\/POLAM_www_Personal_Rewards-TOP.jpg\",\"width\":1920,\"height\":360},{\"@type\":\"BreadcrumbList\",\"@id\":\"https:\\\/\\\/polamfcu.com\\\/pl\\\/klienci-indywidualni\\\/program-nagrod\\\/#breadcrumb\",\"itemListElement\":[{\"@type\":\"ListItem\",\"position\":1,\"name\":\"\",\"item\":\"https:\\\/\\\/polamfcu.com\\\/pl\\\/\"},{\"@type\":\"ListItem\",\"position\":2,\"name\":\"Klienci Indywidualni\",\"item\":\"https:\\\/\\\/polamfcu.com\\\/pl\\\/klienci-indywidualni\\\/\"},{\"@type\":\"ListItem\",\"position\":3,\"name\":\"Program Nagr\u00f3d\"}]},{\"@type\":\"WebSite\",\"@id\":\"https:\\\/\\\/polamfcu.com\\\/#website\",\"url\":\"https:\\\/\\\/polamfcu.com\\\/\",\"name\":\"Polam Federal Credit Union\",\"description\":\"Federal Credit Union\",\"publisher\":{\"@id\":\"https:\\\/\\\/polamfcu.com\\\/#organization\"},\"alternateName\":\"Polam FCU\",\"potentialAction\":[{\"@type\":\"SearchAction\",\"target\":{\"@type\":\"EntryPoint\",\"urlTemplate\":\"https:\\\/\\\/polamfcu.com\\\/?s={search_term_string}\"},\"query-input\":{\"@type\":\"PropertyValueSpecification\",\"valueRequired\":true,\"valueName\":\"search_term_string\"}}],\"inLanguage\":\"pl-PL\"},{\"@type\":\"Organization\",\"@id\":\"https:\\\/\\\/polamfcu.com\\\/#organization\",\"name\":\"Polam Federal Credit Union\",\"alternateName\":\"Polam FCU\",\"url\":\"https:\\\/\\\/polamfcu.com\\\/\",\"logo\":{\"@type\":\"ImageObject\",\"inLanguage\":\"pl-PL\",\"@id\":\"https:\\\/\\\/polamfcu.com\\\/#\\\/schema\\\/logo\\\/image\\\/\",\"url\":\"https:\\\/\\\/polamfcu.com\\\/wp-content\\\/uploads\\\/2022\\\/11\\\/logo.png\",\"contentUrl\":\"https:\\\/\\\/polamfcu.com\\\/wp-content\\\/uploads\\\/2022\\\/11\\\/logo.png\",\"width\":228,\"height\":81,\"caption\":\"Polam Federal Credit Union\"},\"image\":{\"@id\":\"https:\\\/\\\/polamfcu.com\\\/#\\\/schema\\\/logo\\\/image\\\/\"},\"sameAs\":[\"https:\\\/\\\/www.facebook.com\\\/polamcu\",\"https:\\\/\\\/www.linkedin.com\\\/company\\\/polam-federal-credit-union\",\"https:\\\/\\\/www.instagram.com\\\/polamfcu\\\/\"]}]}<\/script>\n<!-- \/ Yoast SEO plugin. -->","yoast_head_json":{"title":"Program Nagr\u00f3d - Polam Federal Credit Union","robots":{"index":"index","follow":"follow","max-snippet":"max-snippet:-1","max-image-preview":"max-image-preview:large","max-video-preview":"max-video-preview:-1"},"canonical":"https:\/\/polamfcu.com\/pl\/klienci-indywidualni\/program-nagrod\/","og_locale":"pl_PL","og_type":"article","og_title":"Program Nagr\u00f3d - Polam Federal Credit Union","og_description":"Program Nagr\u00f3d POLAM FCU \u2013 Program Nagr\u00f3d Punktowych dla kart debetowych i kredytowych: UChoose jest programem nagr\u00f3d, w kt\u00f3rym mo\u017cna zdobywa\u0107 punkty za wykonywanie p\u0142atno\u015bci lub codzienne korzystanie z karty debetowej lub kredytowej POLAM VISA. Zebrane punkty mo\u017cna nast\u0119pnie wymienia\u0107 na nagrody \u2013 w naszym katalogu znajdziesz ponad 200 topowych marek, linie lotnicze, hotele a ... Continue reading","og_url":"https:\/\/polamfcu.com\/pl\/klienci-indywidualni\/program-nagrod\/","og_site_name":"Polam Federal Credit Union","article_publisher":"https:\/\/www.facebook.com\/polamcu","article_modified_time":"2022-11-22T00:39:17+00:00","og_image":[{"width":1920,"height":360,"url":"https:\/\/polamfcu.com\/wp-content\/uploads\/2021\/07\/POLAM_www_Personal_Rewards-TOP.jpg","type":"image\/jpeg"}],"twitter_card":"summary_large_image","twitter_misc":{"Szacowany czas czytania":"2 minuty"},"schema":{"@context":"https:\/\/schema.org","@graph":[{"@type":"WebPage","@id":"https:\/\/polamfcu.com\/pl\/klienci-indywidualni\/program-nagrod\/","url":"https:\/\/polamfcu.com\/pl\/klienci-indywidualni\/program-nagrod\/","name":"Program Nagr\u00f3d - Polam Federal Credit Union","isPartOf":{"@id":"https:\/\/polamfcu.com\/#website"},"primaryImageOfPage":{"@id":"https:\/\/polamfcu.com\/pl\/klienci-indywidualni\/program-nagrod\/#primaryimage"},"image":{"@id":"https:\/\/polamfcu.com\/pl\/klienci-indywidualni\/program-nagrod\/#primaryimage"},"thumbnailUrl":"https:\/\/polamfcu.com\/wp-content\/uploads\/2021\/07\/POLAM_www_Personal_Rewards-TOP.jpg","datePublished":"2021-06-22T06:41:43+00:00","dateModified":"2022-11-22T00:39:17+00:00","breadcrumb":{"@id":"https:\/\/polamfcu.com\/pl\/klienci-indywidualni\/program-nagrod\/#breadcrumb"},"inLanguage":"pl-PL","potentialAction":[{"@type":"ReadAction","target":["https:\/\/polamfcu.com\/pl\/klienci-indywidualni\/program-nagrod\/"]}]},{"@type":"ImageObject","inLanguage":"pl-PL","@id":"https:\/\/polamfcu.com\/pl\/klienci-indywidualni\/program-nagrod\/#primaryimage","url":"https:\/\/polamfcu.com\/wp-content\/uploads\/2021\/07\/POLAM_www_Personal_Rewards-TOP.jpg","contentUrl":"https:\/\/polamfcu.com\/wp-content\/uploads\/2021\/07\/POLAM_www_Personal_Rewards-TOP.jpg","width":1920,"height":360},{"@type":"BreadcrumbList","@id":"https:\/\/polamfcu.com\/pl\/klienci-indywidualni\/program-nagrod\/#breadcrumb","itemListElement":[{"@type":"ListItem","position":1,"name":"","item":"https:\/\/polamfcu.com\/pl\/"},{"@type":"ListItem","position":2,"name":"Klienci Indywidualni","item":"https:\/\/polamfcu.com\/pl\/klienci-indywidualni\/"},{"@type":"ListItem","position":3,"name":"Program Nagr\u00f3d"}]},{"@type":"WebSite","@id":"https:\/\/polamfcu.com\/#website","url":"https:\/\/polamfcu.com\/","name":"Polam Federal Credit Union","description":"Federal Credit Union","publisher":{"@id":"https:\/\/polamfcu.com\/#organization"},"alternateName":"Polam FCU","potentialAction":[{"@type":"SearchAction","target":{"@type":"EntryPoint","urlTemplate":"https:\/\/polamfcu.com\/?s={search_term_string}"},"query-input":{"@type":"PropertyValueSpecification","valueRequired":true,"valueName":"search_term_string"}}],"inLanguage":"pl-PL"},{"@type":"Organization","@id":"https:\/\/polamfcu.com\/#organization","name":"Polam Federal Credit Union","alternateName":"Polam FCU","url":"https:\/\/polamfcu.com\/","logo":{"@type":"ImageObject","inLanguage":"pl-PL","@id":"https:\/\/polamfcu.com\/#\/schema\/logo\/image\/","url":"https:\/\/polamfcu.com\/wp-content\/uploads\/2022\/11\/logo.png","contentUrl":"https:\/\/polamfcu.com\/wp-content\/uploads\/2022\/11\/logo.png","width":228,"height":81,"caption":"Polam Federal Credit Union"},"image":{"@id":"https:\/\/polamfcu.com\/#\/schema\/logo\/image\/"},"sameAs":["https:\/\/www.facebook.com\/polamcu","https:\/\/www.linkedin.com\/company\/polam-federal-credit-union","https:\/\/www.instagram.com\/polamfcu\/"]}]}},"_links":{"self":[{"href":"https:\/\/polamfcu.com\/pl\/wp-json\/wp\/v2\/pages\/4397","targetHints":{"allow":["GET"]}}],"collection":[{"href":"https:\/\/polamfcu.com\/pl\/wp-json\/wp\/v2\/pages"}],"about":[{"href":"https:\/\/polamfcu.com\/pl\/wp-json\/wp\/v2\/types\/page"}],"author":[{"embeddable":true,"href":"https:\/\/polamfcu.com\/pl\/wp-json\/wp\/v2\/users\/1"}],"replies":[{"embeddable":true,"href":"https:\/\/polamfcu.com\/pl\/wp-json\/wp\/v2\/comments?post=4397"}],"version-history":[{"count":13,"href":"https:\/\/polamfcu.com\/pl\/wp-json\/wp\/v2\/pages\/4397\/revisions"}],"predecessor-version":[{"id":5527,"href":"https:\/\/polamfcu.com\/pl\/wp-json\/wp\/v2\/pages\/4397\/revisions\/5527"}],"up":[{"embeddable":true,"href":"https:\/\/polamfcu.com\/pl\/wp-json\/wp\/v2\/pages\/4324"}],"wp:featuredmedia":[{"embeddable":true,"href":"https:\/\/polamfcu.com\/pl\/wp-json\/wp\/v2\/media\/4398"}],"wp:attachment":[{"href":"https:\/\/polamfcu.com\/pl\/wp-json\/wp\/v2\/media?parent=4397"}],"curies":[{"name":"wp","href":"https:\/\/api.w.org\/{rel}","templated":true}]}}