{"id":4406,"date":"2021-06-24T15:19:50","date_gmt":"2021-06-24T22:19:50","guid":{"rendered":"https:\/\/polamfcu.com\/przedsiebiorcy\/executive-checking\/"},"modified":"2022-03-03T12:16:30","modified_gmt":"2022-03-03T20:16:30","slug":"konto-czekowe-executive","status":"publish","type":"page","link":"https:\/\/polamfcu.com\/pl\/przedsiebiorcy\/konto-czekowe-executive\/","title":{"rendered":"Konto Czekowe Executive"},"content":{"rendered":"\n<h2 class=\"wp-block-heading\">Konto Czekowe Executive<\/h2>\n\n\n\n<p>Konto czekowe Executive to skuteczne wsparcie rozwoju Twojej firmy. Gwarantujemy Ci wiele korzy\u015bci, do kt\u00f3rych zaliczaj\u0105 si\u0119 mi\u0119dzy innymi brak op\u0142at miesi\u0119cznych za bie\u017c\u0105c\u0105 obs\u0142ug\u0119 konta czy mo\u017cliwo\u015b\u0107 swobodnego zarz\u0105dzania got\u00f3wk\u0105 z poziomu aplikacji mobilnej. Konto czekowo Executive pozwoli Ci unikn\u0105\u0107 stresu i skoncentrowa\u0107 si\u0119 na rozwijaniu swojego biznesu.<\/p>\n\n\n\n<pre class=\"wp-block-verse\">\u201eUczy\u0144 POLAM cz\u0119\u015bci\u0105 swojego planu biznesowego\u201d<\/pre>\n\n\n\n<figure class=\"wp-block-table table table-bordered table-grey mb-5\"><table><tbody><tr><th>Minimalny wk\u0142ad pocz\u0105tkowy<\/th><th>Ilo\u015b\u0107 pobra\u0144 w miesi\u0105cu<\/th><th>Rachunek z prawem do dywidendy<\/th><th>Minimalne saldo daj\u0105ce dywidendy<\/th><\/tr><tr><td>$0<\/td><td>Nieograniczona<\/td><td>Tak<\/td><td>$500 <sup>3<\/sup><\/td><\/tr><\/tbody><\/table><\/figure>\n\n\n\n<h3 class=\"textgray mb-3 wp-block-heading\">Charakterystyka<\/h3>\n\n\n\n<ul class=\"styled-list two-cols wp-block-list\"><li>Brak op\u0142aty miesi\u0119cznej<\/li><li>Wyp\u0142aty z bankomat\u00f3w bez koszt\u00f3w dodatkowych <sup>1<\/sup><\/li><li>Dost\u0119p do us\u0142ug elektronicznych<\/li><li>Ochrona przed brakiem pokrycia czeku <sup>2<\/sup><\/li><li>Bankowo\u015b\u0107 internetowa i mobilna<\/li><li>Program nagr\u00f3d<\/li><\/ul>\n\n\n\n<hr class=\"wp-block-separator\"\/>\n\n\n\n<ol class=\"textgray has-normal-font-size wp-block-list\"><li>No transaction fees at any CO-OP ATM locations.<\/li><li>Overdraft protection available on approved credit<\/li><li>Balances below $500 will not earn interest.<\/li><\/ol>\n","protected":false},"excerpt":{"rendered":"<p>Konto Czekowe Executive Konto czekowe Executive to skuteczne wsparcie rozwoju Twojej firmy. Gwarantujemy Ci wiele korzy\u015bci, do kt\u00f3rych zaliczaj\u0105 si\u0119 mi\u0119dzy innymi brak op\u0142at miesi\u0119cznych za bie\u017c\u0105c\u0105 obs\u0142ug\u0119 konta czy mo\u017cliwo\u015b\u0107 swobodnego zarz\u0105dzania got\u00f3wk\u0105 z poziomu aplikacji mobilnej. Konto czekowo Executive pozwoli Ci unikn\u0105\u0107 stresu i skoncentrowa\u0107 si\u0119 na rozwijaniu swojego biznesu. \u201eUczy\u0144 POLAM cz\u0119\u015bci\u0105 &#8230; <\/p>\n<div class=\"read-more-box\"><a class=\"btn\" \n href=\"https:\/\/polamfcu.com\/pl\/przedsiebiorcy\/konto-czekowe-executive\/\">Continue reading<\/a><\/div>\n","protected":false},"author":1,"featured_media":4407,"parent":4322,"menu_order":0,"comment_status":"closed","ping_status":"closed","template":"","meta":{"_acf_changed":false,"_monsterinsights_skip_tracking":false,"_monsterinsights_sitenote_active":false,"_monsterinsights_sitenote_note":"","_monsterinsights_sitenote_category":0,"footnotes":""},"class_list":["post-4406","page","type-page","status-publish","has-post-thumbnail","hentry"],"acf":[],"yoast_head":"<!-- This site is optimized with the Yoast SEO plugin v27.3 - https:\/\/yoast.com\/product\/yoast-seo-wordpress\/ -->\n<title>Konto Czekowe Executive - Polam Federal Credit Union<\/title>\n<meta name=\"robots\" content=\"index, follow, max-snippet:-1, max-image-preview:large, max-video-preview:-1\" \/>\n<link rel=\"canonical\" href=\"https:\/\/polamfcu.com\/pl\/przedsiebiorcy\/konto-czekowe-executive\/\" \/>\n<meta property=\"og:locale\" content=\"pl_PL\" \/>\n<meta property=\"og:type\" content=\"article\" \/>\n<meta property=\"og:title\" content=\"Konto Czekowe Executive - Polam Federal Credit Union\" \/>\n<meta property=\"og:description\" content=\"Konto Czekowe Executive Konto czekowe Executive to skuteczne wsparcie rozwoju Twojej firmy. Gwarantujemy Ci wiele korzy\u015bci, do kt\u00f3rych zaliczaj\u0105 si\u0119 mi\u0119dzy innymi brak op\u0142at miesi\u0119cznych za bie\u017c\u0105c\u0105 obs\u0142ug\u0119 konta czy mo\u017cliwo\u015b\u0107 swobodnego zarz\u0105dzania got\u00f3wk\u0105 z poziomu aplikacji mobilnej. Konto czekowo Executive pozwoli Ci unikn\u0105\u0107 stresu i skoncentrowa\u0107 si\u0119 na rozwijaniu swojego biznesu. \u201eUczy\u0144 POLAM cz\u0119\u015bci\u0105 ... Continue reading\" \/>\n<meta property=\"og:url\" content=\"https:\/\/polamfcu.com\/pl\/przedsiebiorcy\/konto-czekowe-executive\/\" \/>\n<meta property=\"og:site_name\" content=\"Polam Federal Credit Union\" \/>\n<meta property=\"article:publisher\" content=\"https:\/\/www.facebook.com\/polamcu\" \/>\n<meta property=\"article:modified_time\" content=\"2022-03-03T20:16:30+00:00\" \/>\n<meta property=\"og:image\" content=\"https:\/\/polamfcu.com\/wp-content\/uploads\/2021\/07\/POLAM_www_Business_Executive-Checking-TOP.jpg\" \/>\n\t<meta property=\"og:image:width\" content=\"1920\" \/>\n\t<meta property=\"og:image:height\" content=\"360\" \/>\n\t<meta property=\"og:image:type\" content=\"image\/jpeg\" \/>\n<meta name=\"twitter:card\" content=\"summary_large_image\" \/>\n<meta name=\"twitter:label1\" content=\"Szacowany czas czytania\" \/>\n\t<meta name=\"twitter:data1\" content=\"1 minuta\" \/>\n<script type=\"application\/ld+json\" class=\"yoast-schema-graph\">{\"@context\":\"https:\\\/\\\/schema.org\",\"@graph\":[{\"@type\":\"WebPage\",\"@id\":\"https:\\\/\\\/polamfcu.com\\\/pl\\\/przedsiebiorcy\\\/konto-czekowe-executive\\\/\",\"url\":\"https:\\\/\\\/polamfcu.com\\\/pl\\\/przedsiebiorcy\\\/konto-czekowe-executive\\\/\",\"name\":\"Konto Czekowe Executive - Polam Federal Credit Union\",\"isPartOf\":{\"@id\":\"https:\\\/\\\/polamfcu.com\\\/#website\"},\"primaryImageOfPage\":{\"@id\":\"https:\\\/\\\/polamfcu.com\\\/pl\\\/przedsiebiorcy\\\/konto-czekowe-executive\\\/#primaryimage\"},\"image\":{\"@id\":\"https:\\\/\\\/polamfcu.com\\\/pl\\\/przedsiebiorcy\\\/konto-czekowe-executive\\\/#primaryimage\"},\"thumbnailUrl\":\"https:\\\/\\\/polamfcu.com\\\/wp-content\\\/uploads\\\/2021\\\/07\\\/POLAM_www_Business_Executive-Checking-TOP.jpg\",\"datePublished\":\"2021-06-24T22:19:50+00:00\",\"dateModified\":\"2022-03-03T20:16:30+00:00\",\"breadcrumb\":{\"@id\":\"https:\\\/\\\/polamfcu.com\\\/pl\\\/przedsiebiorcy\\\/konto-czekowe-executive\\\/#breadcrumb\"},\"inLanguage\":\"pl-PL\",\"potentialAction\":[{\"@type\":\"ReadAction\",\"target\":[\"https:\\\/\\\/polamfcu.com\\\/pl\\\/przedsiebiorcy\\\/konto-czekowe-executive\\\/\"]}]},{\"@type\":\"ImageObject\",\"inLanguage\":\"pl-PL\",\"@id\":\"https:\\\/\\\/polamfcu.com\\\/pl\\\/przedsiebiorcy\\\/konto-czekowe-executive\\\/#primaryimage\",\"url\":\"https:\\\/\\\/polamfcu.com\\\/wp-content\\\/uploads\\\/2021\\\/07\\\/POLAM_www_Business_Executive-Checking-TOP.jpg\",\"contentUrl\":\"https:\\\/\\\/polamfcu.com\\\/wp-content\\\/uploads\\\/2021\\\/07\\\/POLAM_www_Business_Executive-Checking-TOP.jpg\",\"width\":1920,\"height\":360},{\"@type\":\"BreadcrumbList\",\"@id\":\"https:\\\/\\\/polamfcu.com\\\/pl\\\/przedsiebiorcy\\\/konto-czekowe-executive\\\/#breadcrumb\",\"itemListElement\":[{\"@type\":\"ListItem\",\"position\":1,\"name\":\"\",\"item\":\"https:\\\/\\\/polamfcu.com\\\/pl\\\/\"},{\"@type\":\"ListItem\",\"position\":2,\"name\":\"Przedsi\u0119biorcy\",\"item\":\"https:\\\/\\\/polamfcu.com\\\/pl\\\/przedsiebiorcy\\\/\"},{\"@type\":\"ListItem\",\"position\":3,\"name\":\"Konto Czekowe Executive\"}]},{\"@type\":\"WebSite\",\"@id\":\"https:\\\/\\\/polamfcu.com\\\/#website\",\"url\":\"https:\\\/\\\/polamfcu.com\\\/\",\"name\":\"Polam Federal Credit Union\",\"description\":\"Federal Credit Union\",\"publisher\":{\"@id\":\"https:\\\/\\\/polamfcu.com\\\/#organization\"},\"alternateName\":\"Polam FCU\",\"potentialAction\":[{\"@type\":\"SearchAction\",\"target\":{\"@type\":\"EntryPoint\",\"urlTemplate\":\"https:\\\/\\\/polamfcu.com\\\/?s={search_term_string}\"},\"query-input\":{\"@type\":\"PropertyValueSpecification\",\"valueRequired\":true,\"valueName\":\"search_term_string\"}}],\"inLanguage\":\"pl-PL\"},{\"@type\":\"Organization\",\"@id\":\"https:\\\/\\\/polamfcu.com\\\/#organization\",\"name\":\"Polam Federal Credit Union\",\"alternateName\":\"Polam FCU\",\"url\":\"https:\\\/\\\/polamfcu.com\\\/\",\"logo\":{\"@type\":\"ImageObject\",\"inLanguage\":\"pl-PL\",\"@id\":\"https:\\\/\\\/polamfcu.com\\\/#\\\/schema\\\/logo\\\/image\\\/\",\"url\":\"https:\\\/\\\/polamfcu.com\\\/wp-content\\\/uploads\\\/2022\\\/11\\\/logo.png\",\"contentUrl\":\"https:\\\/\\\/polamfcu.com\\\/wp-content\\\/uploads\\\/2022\\\/11\\\/logo.png\",\"width\":228,\"height\":81,\"caption\":\"Polam Federal Credit Union\"},\"image\":{\"@id\":\"https:\\\/\\\/polamfcu.com\\\/#\\\/schema\\\/logo\\\/image\\\/\"},\"sameAs\":[\"https:\\\/\\\/www.facebook.com\\\/polamcu\",\"https:\\\/\\\/www.linkedin.com\\\/company\\\/polam-federal-credit-union\",\"https:\\\/\\\/www.instagram.com\\\/polamfcu\\\/\"]}]}<\/script>\n<!-- \/ Yoast SEO plugin. -->","yoast_head_json":{"title":"Konto Czekowe Executive - Polam Federal Credit Union","robots":{"index":"index","follow":"follow","max-snippet":"max-snippet:-1","max-image-preview":"max-image-preview:large","max-video-preview":"max-video-preview:-1"},"canonical":"https:\/\/polamfcu.com\/pl\/przedsiebiorcy\/konto-czekowe-executive\/","og_locale":"pl_PL","og_type":"article","og_title":"Konto Czekowe Executive - Polam Federal Credit Union","og_description":"Konto Czekowe Executive Konto czekowe Executive to skuteczne wsparcie rozwoju Twojej firmy. Gwarantujemy Ci wiele korzy\u015bci, do kt\u00f3rych zaliczaj\u0105 si\u0119 mi\u0119dzy innymi brak op\u0142at miesi\u0119cznych za bie\u017c\u0105c\u0105 obs\u0142ug\u0119 konta czy mo\u017cliwo\u015b\u0107 swobodnego zarz\u0105dzania got\u00f3wk\u0105 z poziomu aplikacji mobilnej. Konto czekowo Executive pozwoli Ci unikn\u0105\u0107 stresu i skoncentrowa\u0107 si\u0119 na rozwijaniu swojego biznesu. \u201eUczy\u0144 POLAM cz\u0119\u015bci\u0105 ... Continue reading","og_url":"https:\/\/polamfcu.com\/pl\/przedsiebiorcy\/konto-czekowe-executive\/","og_site_name":"Polam Federal Credit Union","article_publisher":"https:\/\/www.facebook.com\/polamcu","article_modified_time":"2022-03-03T20:16:30+00:00","og_image":[{"width":1920,"height":360,"url":"https:\/\/polamfcu.com\/wp-content\/uploads\/2021\/07\/POLAM_www_Business_Executive-Checking-TOP.jpg","type":"image\/jpeg"}],"twitter_card":"summary_large_image","twitter_misc":{"Szacowany czas czytania":"1 minuta"},"schema":{"@context":"https:\/\/schema.org","@graph":[{"@type":"WebPage","@id":"https:\/\/polamfcu.com\/pl\/przedsiebiorcy\/konto-czekowe-executive\/","url":"https:\/\/polamfcu.com\/pl\/przedsiebiorcy\/konto-czekowe-executive\/","name":"Konto Czekowe Executive - Polam Federal Credit Union","isPartOf":{"@id":"https:\/\/polamfcu.com\/#website"},"primaryImageOfPage":{"@id":"https:\/\/polamfcu.com\/pl\/przedsiebiorcy\/konto-czekowe-executive\/#primaryimage"},"image":{"@id":"https:\/\/polamfcu.com\/pl\/przedsiebiorcy\/konto-czekowe-executive\/#primaryimage"},"thumbnailUrl":"https:\/\/polamfcu.com\/wp-content\/uploads\/2021\/07\/POLAM_www_Business_Executive-Checking-TOP.jpg","datePublished":"2021-06-24T22:19:50+00:00","dateModified":"2022-03-03T20:16:30+00:00","breadcrumb":{"@id":"https:\/\/polamfcu.com\/pl\/przedsiebiorcy\/konto-czekowe-executive\/#breadcrumb"},"inLanguage":"pl-PL","potentialAction":[{"@type":"ReadAction","target":["https:\/\/polamfcu.com\/pl\/przedsiebiorcy\/konto-czekowe-executive\/"]}]},{"@type":"ImageObject","inLanguage":"pl-PL","@id":"https:\/\/polamfcu.com\/pl\/przedsiebiorcy\/konto-czekowe-executive\/#primaryimage","url":"https:\/\/polamfcu.com\/wp-content\/uploads\/2021\/07\/POLAM_www_Business_Executive-Checking-TOP.jpg","contentUrl":"https:\/\/polamfcu.com\/wp-content\/uploads\/2021\/07\/POLAM_www_Business_Executive-Checking-TOP.jpg","width":1920,"height":360},{"@type":"BreadcrumbList","@id":"https:\/\/polamfcu.com\/pl\/przedsiebiorcy\/konto-czekowe-executive\/#breadcrumb","itemListElement":[{"@type":"ListItem","position":1,"name":"","item":"https:\/\/polamfcu.com\/pl\/"},{"@type":"ListItem","position":2,"name":"Przedsi\u0119biorcy","item":"https:\/\/polamfcu.com\/pl\/przedsiebiorcy\/"},{"@type":"ListItem","position":3,"name":"Konto Czekowe Executive"}]},{"@type":"WebSite","@id":"https:\/\/polamfcu.com\/#website","url":"https:\/\/polamfcu.com\/","name":"Polam Federal Credit Union","description":"Federal Credit Union","publisher":{"@id":"https:\/\/polamfcu.com\/#organization"},"alternateName":"Polam FCU","potentialAction":[{"@type":"SearchAction","target":{"@type":"EntryPoint","urlTemplate":"https:\/\/polamfcu.com\/?s={search_term_string}"},"query-input":{"@type":"PropertyValueSpecification","valueRequired":true,"valueName":"search_term_string"}}],"inLanguage":"pl-PL"},{"@type":"Organization","@id":"https:\/\/polamfcu.com\/#organization","name":"Polam Federal Credit Union","alternateName":"Polam FCU","url":"https:\/\/polamfcu.com\/","logo":{"@type":"ImageObject","inLanguage":"pl-PL","@id":"https:\/\/polamfcu.com\/#\/schema\/logo\/image\/","url":"https:\/\/polamfcu.com\/wp-content\/uploads\/2022\/11\/logo.png","contentUrl":"https:\/\/polamfcu.com\/wp-content\/uploads\/2022\/11\/logo.png","width":228,"height":81,"caption":"Polam Federal Credit Union"},"image":{"@id":"https:\/\/polamfcu.com\/#\/schema\/logo\/image\/"},"sameAs":["https:\/\/www.facebook.com\/polamcu","https:\/\/www.linkedin.com\/company\/polam-federal-credit-union","https:\/\/www.instagram.com\/polamfcu\/"]}]}},"_links":{"self":[{"href":"https:\/\/polamfcu.com\/pl\/wp-json\/wp\/v2\/pages\/4406","targetHints":{"allow":["GET"]}}],"collection":[{"href":"https:\/\/polamfcu.com\/pl\/wp-json\/wp\/v2\/pages"}],"about":[{"href":"https:\/\/polamfcu.com\/pl\/wp-json\/wp\/v2\/types\/page"}],"author":[{"embeddable":true,"href":"https:\/\/polamfcu.com\/pl\/wp-json\/wp\/v2\/users\/1"}],"replies":[{"embeddable":true,"href":"https:\/\/polamfcu.com\/pl\/wp-json\/wp\/v2\/comments?post=4406"}],"version-history":[{"count":3,"href":"https:\/\/polamfcu.com\/pl\/wp-json\/wp\/v2\/pages\/4406\/revisions"}],"predecessor-version":[{"id":4901,"href":"https:\/\/polamfcu.com\/pl\/wp-json\/wp\/v2\/pages\/4406\/revisions\/4901"}],"up":[{"embeddable":true,"href":"https:\/\/polamfcu.com\/pl\/wp-json\/wp\/v2\/pages\/4322"}],"wp:featuredmedia":[{"embeddable":true,"href":"https:\/\/polamfcu.com\/pl\/wp-json\/wp\/v2\/media\/4407"}],"wp:attachment":[{"href":"https:\/\/polamfcu.com\/pl\/wp-json\/wp\/v2\/media?parent=4406"}],"curies":[{"name":"wp","href":"https:\/\/api.w.org\/{rel}","templated":true}]}}