{"id":4409,"date":"2021-06-24T15:20:25","date_gmt":"2021-06-24T22:20:25","guid":{"rendered":"https:\/\/polamfcu.com\/przedsiebiorcy\/executive-savings\/"},"modified":"2022-03-03T12:18:34","modified_gmt":"2022-03-03T20:18:34","slug":"konta-oszczednosciowe-executive","status":"publish","type":"page","link":"https:\/\/polamfcu.com\/pl\/przedsiebiorcy\/konta-oszczednosciowe-executive\/","title":{"rendered":"Konta Oszcz\u0119dno\u015bciowe Executive"},"content":{"rendered":"\n<h2 class=\"wp-block-heading\">Konta Oszcz\u0119dno\u015bciowe Executive<\/h2>\n\n\n\n<p>Oszcz\u0119dno\u015bciowe konto biznesowe Executive to najlepszy wyb\u00f3r dla tych, kt\u00f3rym zale\u017cy na korzystnych dywidendach, przy jednoczesnym zachowaniu p\u0142ynno\u015bci zgromadzonych \u015brodk\u00f3w finansowych.<\/p>\n\n\n\n<pre class=\"wp-block-verse\">\u201eNiech Twoje pieni\u0105dze pracuj\u0105 dla Ciebie na koncie oszcz\u0119dno\u015bciowym POLAM Executive\u201d<\/pre>\n\n\n\n<figure class=\"wp-block-table table table-bordered table-grey mb-5\"><table><tbody><tr><th>Minimalny wk\u0142ad pocz\u0105tkowy<\/th><th>Ilo\u015b\u0107 pobra\u0144 na miesi\u0105c<\/th><th>Rachunek z prawem do dywidendy<\/th><th>Minimalne saldo daj\u0105ce dywidendy<\/th><\/tr><tr><td>$5<\/td><td>6<\/td><td>Tak<\/td><td>$100 <sup>2<\/sup><\/td><\/tr><\/tbody><\/table><\/figure>\n\n\n\n<h3 class=\"textgray mb-3 wp-block-heading\">Charakterystyka<\/h3>\n\n\n\n<ul class=\"styled-list two-cols wp-block-list\"><li>Niski wk\u0142ad pocz\u0105tkowy<\/li><li>Minimalne wymogi stanu konta<\/li><li>Brak op\u0142aty miesi\u0119cznej<\/li><li>Brak op\u0142aty rocznej<\/li><li>Wyp\u0142aty z bankomat\u00f3w bez koszt\u00f3w dodatkowych <sup>1<\/sup><\/li><li>Bankowo\u015b\u0107 internetowa i mobilna<\/li><\/ul>\n\n\n\n<hr class=\"wp-block-separator\"\/>\n\n\n\n<ol class=\"textgray has-normal-font-size wp-block-list\"><li>No transaction fees at any CO-OP ATM locations.<\/li><li>Balances below $100 will not earn interest.<\/li><\/ol>\n","protected":false},"excerpt":{"rendered":"<p>Konta Oszcz\u0119dno\u015bciowe Executive Oszcz\u0119dno\u015bciowe konto biznesowe Executive to najlepszy wyb\u00f3r dla tych, kt\u00f3rym zale\u017cy na korzystnych dywidendach, przy jednoczesnym zachowaniu p\u0142ynno\u015bci zgromadzonych \u015brodk\u00f3w finansowych. \u201eNiech Twoje pieni\u0105dze pracuj\u0105 dla Ciebie na koncie oszcz\u0119dno\u015bciowym POLAM Executive\u201d Minimalny wk\u0142ad pocz\u0105tkowy Ilo\u015b\u0107 pobra\u0144 na miesi\u0105c Rachunek z prawem do dywidendy Minimalne saldo daj\u0105ce dywidendy $5 6 Tak $100 &#8230; <\/p>\n<div class=\"read-more-box\"><a class=\"btn\" \n href=\"https:\/\/polamfcu.com\/pl\/przedsiebiorcy\/konta-oszczednosciowe-executive\/\">Continue reading<\/a><\/div>\n","protected":false},"author":1,"featured_media":4410,"parent":4322,"menu_order":0,"comment_status":"closed","ping_status":"closed","template":"","meta":{"_acf_changed":false,"_monsterinsights_skip_tracking":false,"_monsterinsights_sitenote_active":false,"_monsterinsights_sitenote_note":"","_monsterinsights_sitenote_category":0,"footnotes":""},"class_list":["post-4409","page","type-page","status-publish","has-post-thumbnail","hentry"],"acf":[],"yoast_head":"<!-- This site is optimized with the Yoast SEO plugin v27.3 - https:\/\/yoast.com\/product\/yoast-seo-wordpress\/ -->\n<title>Konta Oszcz\u0119dno\u015bciowe Executive - Polam Federal Credit Union<\/title>\n<meta name=\"robots\" content=\"index, follow, max-snippet:-1, max-image-preview:large, max-video-preview:-1\" \/>\n<link rel=\"canonical\" href=\"https:\/\/polamfcu.com\/pl\/przedsiebiorcy\/konta-oszczednosciowe-executive\/\" \/>\n<meta property=\"og:locale\" content=\"pl_PL\" \/>\n<meta property=\"og:type\" content=\"article\" \/>\n<meta property=\"og:title\" content=\"Konta Oszcz\u0119dno\u015bciowe Executive - Polam Federal Credit Union\" \/>\n<meta property=\"og:description\" content=\"Konta Oszcz\u0119dno\u015bciowe Executive Oszcz\u0119dno\u015bciowe konto biznesowe Executive to najlepszy wyb\u00f3r dla tych, kt\u00f3rym zale\u017cy na korzystnych dywidendach, przy jednoczesnym zachowaniu p\u0142ynno\u015bci zgromadzonych \u015brodk\u00f3w finansowych. \u201eNiech Twoje pieni\u0105dze pracuj\u0105 dla Ciebie na koncie oszcz\u0119dno\u015bciowym POLAM Executive\u201d Minimalny wk\u0142ad pocz\u0105tkowy Ilo\u015b\u0107 pobra\u0144 na miesi\u0105c Rachunek z prawem do dywidendy Minimalne saldo daj\u0105ce dywidendy $5 6 Tak $100 ... Continue reading\" \/>\n<meta property=\"og:url\" content=\"https:\/\/polamfcu.com\/pl\/przedsiebiorcy\/konta-oszczednosciowe-executive\/\" \/>\n<meta property=\"og:site_name\" content=\"Polam Federal Credit Union\" \/>\n<meta property=\"article:publisher\" content=\"https:\/\/www.facebook.com\/polamcu\" \/>\n<meta property=\"article:modified_time\" content=\"2022-03-03T20:18:34+00:00\" \/>\n<meta property=\"og:image\" content=\"https:\/\/polamfcu.com\/wp-content\/uploads\/2021\/07\/POLAM_www_Business_Executive-Savings-TOP.jpg\" \/>\n\t<meta property=\"og:image:width\" content=\"1920\" \/>\n\t<meta property=\"og:image:height\" content=\"360\" \/>\n\t<meta property=\"og:image:type\" content=\"image\/jpeg\" \/>\n<meta name=\"twitter:card\" content=\"summary_large_image\" \/>\n<meta name=\"twitter:label1\" content=\"Szacowany czas czytania\" \/>\n\t<meta name=\"twitter:data1\" content=\"1 minuta\" \/>\n<script type=\"application\/ld+json\" class=\"yoast-schema-graph\">{\"@context\":\"https:\\\/\\\/schema.org\",\"@graph\":[{\"@type\":\"WebPage\",\"@id\":\"https:\\\/\\\/polamfcu.com\\\/pl\\\/przedsiebiorcy\\\/konta-oszczednosciowe-executive\\\/\",\"url\":\"https:\\\/\\\/polamfcu.com\\\/pl\\\/przedsiebiorcy\\\/konta-oszczednosciowe-executive\\\/\",\"name\":\"Konta Oszcz\u0119dno\u015bciowe Executive - Polam Federal Credit Union\",\"isPartOf\":{\"@id\":\"https:\\\/\\\/polamfcu.com\\\/#website\"},\"primaryImageOfPage\":{\"@id\":\"https:\\\/\\\/polamfcu.com\\\/pl\\\/przedsiebiorcy\\\/konta-oszczednosciowe-executive\\\/#primaryimage\"},\"image\":{\"@id\":\"https:\\\/\\\/polamfcu.com\\\/pl\\\/przedsiebiorcy\\\/konta-oszczednosciowe-executive\\\/#primaryimage\"},\"thumbnailUrl\":\"https:\\\/\\\/polamfcu.com\\\/wp-content\\\/uploads\\\/2021\\\/07\\\/POLAM_www_Business_Executive-Savings-TOP.jpg\",\"datePublished\":\"2021-06-24T22:20:25+00:00\",\"dateModified\":\"2022-03-03T20:18:34+00:00\",\"breadcrumb\":{\"@id\":\"https:\\\/\\\/polamfcu.com\\\/pl\\\/przedsiebiorcy\\\/konta-oszczednosciowe-executive\\\/#breadcrumb\"},\"inLanguage\":\"pl-PL\",\"potentialAction\":[{\"@type\":\"ReadAction\",\"target\":[\"https:\\\/\\\/polamfcu.com\\\/pl\\\/przedsiebiorcy\\\/konta-oszczednosciowe-executive\\\/\"]}]},{\"@type\":\"ImageObject\",\"inLanguage\":\"pl-PL\",\"@id\":\"https:\\\/\\\/polamfcu.com\\\/pl\\\/przedsiebiorcy\\\/konta-oszczednosciowe-executive\\\/#primaryimage\",\"url\":\"https:\\\/\\\/polamfcu.com\\\/wp-content\\\/uploads\\\/2021\\\/07\\\/POLAM_www_Business_Executive-Savings-TOP.jpg\",\"contentUrl\":\"https:\\\/\\\/polamfcu.com\\\/wp-content\\\/uploads\\\/2021\\\/07\\\/POLAM_www_Business_Executive-Savings-TOP.jpg\",\"width\":1920,\"height\":360},{\"@type\":\"BreadcrumbList\",\"@id\":\"https:\\\/\\\/polamfcu.com\\\/pl\\\/przedsiebiorcy\\\/konta-oszczednosciowe-executive\\\/#breadcrumb\",\"itemListElement\":[{\"@type\":\"ListItem\",\"position\":1,\"name\":\"\",\"item\":\"https:\\\/\\\/polamfcu.com\\\/pl\\\/\"},{\"@type\":\"ListItem\",\"position\":2,\"name\":\"Przedsi\u0119biorcy\",\"item\":\"https:\\\/\\\/polamfcu.com\\\/pl\\\/przedsiebiorcy\\\/\"},{\"@type\":\"ListItem\",\"position\":3,\"name\":\"Konta Oszcz\u0119dno\u015bciowe Executive\"}]},{\"@type\":\"WebSite\",\"@id\":\"https:\\\/\\\/polamfcu.com\\\/#website\",\"url\":\"https:\\\/\\\/polamfcu.com\\\/\",\"name\":\"Polam Federal Credit Union\",\"description\":\"Federal Credit Union\",\"publisher\":{\"@id\":\"https:\\\/\\\/polamfcu.com\\\/#organization\"},\"alternateName\":\"Polam FCU\",\"potentialAction\":[{\"@type\":\"SearchAction\",\"target\":{\"@type\":\"EntryPoint\",\"urlTemplate\":\"https:\\\/\\\/polamfcu.com\\\/?s={search_term_string}\"},\"query-input\":{\"@type\":\"PropertyValueSpecification\",\"valueRequired\":true,\"valueName\":\"search_term_string\"}}],\"inLanguage\":\"pl-PL\"},{\"@type\":\"Organization\",\"@id\":\"https:\\\/\\\/polamfcu.com\\\/#organization\",\"name\":\"Polam Federal Credit Union\",\"alternateName\":\"Polam FCU\",\"url\":\"https:\\\/\\\/polamfcu.com\\\/\",\"logo\":{\"@type\":\"ImageObject\",\"inLanguage\":\"pl-PL\",\"@id\":\"https:\\\/\\\/polamfcu.com\\\/#\\\/schema\\\/logo\\\/image\\\/\",\"url\":\"https:\\\/\\\/polamfcu.com\\\/wp-content\\\/uploads\\\/2022\\\/11\\\/logo.png\",\"contentUrl\":\"https:\\\/\\\/polamfcu.com\\\/wp-content\\\/uploads\\\/2022\\\/11\\\/logo.png\",\"width\":228,\"height\":81,\"caption\":\"Polam Federal Credit Union\"},\"image\":{\"@id\":\"https:\\\/\\\/polamfcu.com\\\/#\\\/schema\\\/logo\\\/image\\\/\"},\"sameAs\":[\"https:\\\/\\\/www.facebook.com\\\/polamcu\",\"https:\\\/\\\/www.linkedin.com\\\/company\\\/polam-federal-credit-union\",\"https:\\\/\\\/www.instagram.com\\\/polamfcu\\\/\"]}]}<\/script>\n<!-- \/ Yoast SEO plugin. -->","yoast_head_json":{"title":"Konta Oszcz\u0119dno\u015bciowe Executive - Polam Federal Credit Union","robots":{"index":"index","follow":"follow","max-snippet":"max-snippet:-1","max-image-preview":"max-image-preview:large","max-video-preview":"max-video-preview:-1"},"canonical":"https:\/\/polamfcu.com\/pl\/przedsiebiorcy\/konta-oszczednosciowe-executive\/","og_locale":"pl_PL","og_type":"article","og_title":"Konta Oszcz\u0119dno\u015bciowe Executive - Polam Federal Credit Union","og_description":"Konta Oszcz\u0119dno\u015bciowe Executive Oszcz\u0119dno\u015bciowe konto biznesowe Executive to najlepszy wyb\u00f3r dla tych, kt\u00f3rym zale\u017cy na korzystnych dywidendach, przy jednoczesnym zachowaniu p\u0142ynno\u015bci zgromadzonych \u015brodk\u00f3w finansowych. \u201eNiech Twoje pieni\u0105dze pracuj\u0105 dla Ciebie na koncie oszcz\u0119dno\u015bciowym POLAM Executive\u201d Minimalny wk\u0142ad pocz\u0105tkowy Ilo\u015b\u0107 pobra\u0144 na miesi\u0105c Rachunek z prawem do dywidendy Minimalne saldo daj\u0105ce dywidendy $5 6 Tak $100 ... Continue reading","og_url":"https:\/\/polamfcu.com\/pl\/przedsiebiorcy\/konta-oszczednosciowe-executive\/","og_site_name":"Polam Federal Credit Union","article_publisher":"https:\/\/www.facebook.com\/polamcu","article_modified_time":"2022-03-03T20:18:34+00:00","og_image":[{"width":1920,"height":360,"url":"https:\/\/polamfcu.com\/wp-content\/uploads\/2021\/07\/POLAM_www_Business_Executive-Savings-TOP.jpg","type":"image\/jpeg"}],"twitter_card":"summary_large_image","twitter_misc":{"Szacowany czas czytania":"1 minuta"},"schema":{"@context":"https:\/\/schema.org","@graph":[{"@type":"WebPage","@id":"https:\/\/polamfcu.com\/pl\/przedsiebiorcy\/konta-oszczednosciowe-executive\/","url":"https:\/\/polamfcu.com\/pl\/przedsiebiorcy\/konta-oszczednosciowe-executive\/","name":"Konta Oszcz\u0119dno\u015bciowe Executive - Polam Federal Credit Union","isPartOf":{"@id":"https:\/\/polamfcu.com\/#website"},"primaryImageOfPage":{"@id":"https:\/\/polamfcu.com\/pl\/przedsiebiorcy\/konta-oszczednosciowe-executive\/#primaryimage"},"image":{"@id":"https:\/\/polamfcu.com\/pl\/przedsiebiorcy\/konta-oszczednosciowe-executive\/#primaryimage"},"thumbnailUrl":"https:\/\/polamfcu.com\/wp-content\/uploads\/2021\/07\/POLAM_www_Business_Executive-Savings-TOP.jpg","datePublished":"2021-06-24T22:20:25+00:00","dateModified":"2022-03-03T20:18:34+00:00","breadcrumb":{"@id":"https:\/\/polamfcu.com\/pl\/przedsiebiorcy\/konta-oszczednosciowe-executive\/#breadcrumb"},"inLanguage":"pl-PL","potentialAction":[{"@type":"ReadAction","target":["https:\/\/polamfcu.com\/pl\/przedsiebiorcy\/konta-oszczednosciowe-executive\/"]}]},{"@type":"ImageObject","inLanguage":"pl-PL","@id":"https:\/\/polamfcu.com\/pl\/przedsiebiorcy\/konta-oszczednosciowe-executive\/#primaryimage","url":"https:\/\/polamfcu.com\/wp-content\/uploads\/2021\/07\/POLAM_www_Business_Executive-Savings-TOP.jpg","contentUrl":"https:\/\/polamfcu.com\/wp-content\/uploads\/2021\/07\/POLAM_www_Business_Executive-Savings-TOP.jpg","width":1920,"height":360},{"@type":"BreadcrumbList","@id":"https:\/\/polamfcu.com\/pl\/przedsiebiorcy\/konta-oszczednosciowe-executive\/#breadcrumb","itemListElement":[{"@type":"ListItem","position":1,"name":"","item":"https:\/\/polamfcu.com\/pl\/"},{"@type":"ListItem","position":2,"name":"Przedsi\u0119biorcy","item":"https:\/\/polamfcu.com\/pl\/przedsiebiorcy\/"},{"@type":"ListItem","position":3,"name":"Konta Oszcz\u0119dno\u015bciowe Executive"}]},{"@type":"WebSite","@id":"https:\/\/polamfcu.com\/#website","url":"https:\/\/polamfcu.com\/","name":"Polam Federal Credit Union","description":"Federal Credit Union","publisher":{"@id":"https:\/\/polamfcu.com\/#organization"},"alternateName":"Polam FCU","potentialAction":[{"@type":"SearchAction","target":{"@type":"EntryPoint","urlTemplate":"https:\/\/polamfcu.com\/?s={search_term_string}"},"query-input":{"@type":"PropertyValueSpecification","valueRequired":true,"valueName":"search_term_string"}}],"inLanguage":"pl-PL"},{"@type":"Organization","@id":"https:\/\/polamfcu.com\/#organization","name":"Polam Federal Credit Union","alternateName":"Polam FCU","url":"https:\/\/polamfcu.com\/","logo":{"@type":"ImageObject","inLanguage":"pl-PL","@id":"https:\/\/polamfcu.com\/#\/schema\/logo\/image\/","url":"https:\/\/polamfcu.com\/wp-content\/uploads\/2022\/11\/logo.png","contentUrl":"https:\/\/polamfcu.com\/wp-content\/uploads\/2022\/11\/logo.png","width":228,"height":81,"caption":"Polam Federal Credit Union"},"image":{"@id":"https:\/\/polamfcu.com\/#\/schema\/logo\/image\/"},"sameAs":["https:\/\/www.facebook.com\/polamcu","https:\/\/www.linkedin.com\/company\/polam-federal-credit-union","https:\/\/www.instagram.com\/polamfcu\/"]}]}},"_links":{"self":[{"href":"https:\/\/polamfcu.com\/pl\/wp-json\/wp\/v2\/pages\/4409","targetHints":{"allow":["GET"]}}],"collection":[{"href":"https:\/\/polamfcu.com\/pl\/wp-json\/wp\/v2\/pages"}],"about":[{"href":"https:\/\/polamfcu.com\/pl\/wp-json\/wp\/v2\/types\/page"}],"author":[{"embeddable":true,"href":"https:\/\/polamfcu.com\/pl\/wp-json\/wp\/v2\/users\/1"}],"replies":[{"embeddable":true,"href":"https:\/\/polamfcu.com\/pl\/wp-json\/wp\/v2\/comments?post=4409"}],"version-history":[{"count":4,"href":"https:\/\/polamfcu.com\/pl\/wp-json\/wp\/v2\/pages\/4409\/revisions"}],"predecessor-version":[{"id":4903,"href":"https:\/\/polamfcu.com\/pl\/wp-json\/wp\/v2\/pages\/4409\/revisions\/4903"}],"up":[{"embeddable":true,"href":"https:\/\/polamfcu.com\/pl\/wp-json\/wp\/v2\/pages\/4322"}],"wp:featuredmedia":[{"embeddable":true,"href":"https:\/\/polamfcu.com\/pl\/wp-json\/wp\/v2\/media\/4410"}],"wp:attachment":[{"href":"https:\/\/polamfcu.com\/pl\/wp-json\/wp\/v2\/media?parent=4409"}],"curies":[{"name":"wp","href":"https:\/\/api.w.org\/{rel}","templated":true}]}}