{"id":4415,"date":"2021-06-24T15:21:26","date_gmt":"2021-06-24T22:21:26","guid":{"rendered":"https:\/\/polamfcu.com\/przedsiebiorcy\/business-credit-debit-card\/"},"modified":"2024-04-25T12:19:16","modified_gmt":"2024-04-25T19:19:16","slug":"karty-debetowe-i-kredytowe-visa-executive","status":"publish","type":"page","link":"https:\/\/polamfcu.com\/pl\/przedsiebiorcy\/karty-debetowe-i-kredytowe-visa-executive\/","title":{"rendered":"Karty VISA dla biznesu"},"content":{"rendered":"\n<h2 class=\"wp-block-heading\"><strong>Biznesowe karty debetowa i kredytowa VISA<\/strong><\/h2>\n\n\n\n<div class=\"wp-block-columns is-layout-flex wp-container-core-columns-is-layout-9d6595d7 wp-block-columns-is-layout-flex\">\n<div class=\"wp-block-column is-layout-flow wp-block-column-is-layout-flow\">\n<div class=\"wp-block-group left-bacground-strips\"><div class=\"wp-block-group__inner-container is-layout-flow wp-block-group-is-layout-flow\">\n<h3 class=\"wp-block-heading red small pl-5 mb-3\"><strong><strong>Biznesowa Karta Kredytowa Visa<\/strong><\/strong><\/h3>\n\n\n<div class=\"wp-block-image\">\n<figure class=\"aligncenter size-full\"><img loading=\"lazy\" decoding=\"async\" width=\"224\" height=\"350\" src=\"https:\/\/polamfcu.com\/wp-content\/uploads\/2023\/05\/Polam-Visa-Businessl-Credit-Card-min.png\" alt=\"\" class=\"wp-image-5868\" srcset=\"https:\/\/polamfcu.com\/wp-content\/uploads\/2023\/05\/Polam-Visa-Businessl-Credit-Card-min.png 224w, https:\/\/polamfcu.com\/wp-content\/uploads\/2023\/05\/Polam-Visa-Businessl-Credit-Card-min-192x300.png 192w\" sizes=\"auto, (max-width: 224px) 100vw, 224px\" \/><\/figure>\n<\/div><\/div><\/div>\n\n\n\n<div class=\"wp-block-buttons my-4 is-content-justification-center is-layout-flex wp-container-core-buttons-is-layout-16018d1d wp-block-buttons-is-layout-flex\">\n<div class=\"wp-block-button\"><a class=\"wp-block-button__link wp-element-button\" href=\"https:\/\/onlineapplication.wolterskluwer.com\/ola\/servlet\/SmartForm.html?formCode=lendingapplication&amp;clientID=17465PolamFederalCreditUnion\" target=\"_blank\" rel=\"noreferrer noopener\">z\u0142\u00f3\u017c wniosek<\/a><\/div>\n<\/div>\n\n\n\n<h3 class=\"wp-block-heading textgray mb-3\"><strong>Charakterystyka<\/strong> <\/h3>\n\n\n\n<ul class=\"styled-list wp-block-list\">\n<li>Niska op\u0142ata roczna <sup>1<\/sup><\/li>\n\n\n\n<li>Brak op\u0142at za wyp\u0142at\u0119 got\u00f3wki<\/li>\n\n\n\n<li>Konkurencyjne oprocentowanie<\/li>\n\n\n\n<li>Automatyczny harmonogram p\u0142atno\u015bci<\/li>\n\n\n\n<li>Zarzadzanie poprzez bankowo\u015b\u0107 internetowa<\/li>\n\n\n\n<li>Program Nagr\u00f3d za dokonywane transakcje<\/li>\n\n\n\n<li>Program &#8222;Cash-Back&#8221;<\/li>\n\n\n\n<li>1% op\u0142aty dla transakcji zagranicznych<\/li>\n<\/ul>\n\n\n\n<h3 class=\"wp-block-heading textgray mb-3\">Ochrona<\/h3>\n\n\n\n<p class=\"has-small-font-size\">Powiadom nas natychmiast o nieautoryzowanych transakcjach. <br>(855) 349-1394 przez 24\/7<br>(650) 367-8940 dla California w czasie godzin pracy biura <br>(860) 223-0200 dla Connecticut w czasie godzin pracy biura<\/p>\n\n\n\n<hr class=\"wp-block-separator has-css-opacity\"\/>\n\n\n\n<ol class=\"textgray has-small-font-size wp-block-list\">\n<li>$20 Annual Service Fee Applies<\/li>\n\n\n\n<li>$25 Late Payment Fee<\/li>\n<\/ol>\n<\/div>\n\n\n\n<div class=\"wp-block-column is-layout-flow wp-block-column-is-layout-flow\">\n<div class=\"wp-block-group left-bacground-strips\"><div class=\"wp-block-group__inner-container is-layout-flow wp-block-group-is-layout-flow\">\n<h3 class=\"wp-block-heading red small pl-5 mb-3\"><strong><strong>Biznesowa Karta Debetowa Visa<\/strong><\/strong><\/h3>\n\n\n<div class=\"wp-block-image\">\n<figure class=\"aligncenter size-full\"><img loading=\"lazy\" decoding=\"async\" width=\"224\" height=\"350\" src=\"https:\/\/polamfcu.com\/wp-content\/uploads\/2023\/05\/Polam-Visa-Business-Debit-Card-min.png\" alt=\"\" class=\"wp-image-5859\" srcset=\"https:\/\/polamfcu.com\/wp-content\/uploads\/2023\/05\/Polam-Visa-Business-Debit-Card-min.png 224w, https:\/\/polamfcu.com\/wp-content\/uploads\/2023\/05\/Polam-Visa-Business-Debit-Card-min-192x300.png 192w\" sizes=\"auto, (max-width: 224px) 100vw, 224px\" \/><\/figure>\n<\/div><\/div><\/div>\n\n\n\n<div class=\"wp-block-buttons my-4 is-content-justification-center is-layout-flex wp-container-core-buttons-is-layout-16018d1d wp-block-buttons-is-layout-flex\">\n<div class=\"wp-block-button\"><a class=\"wp-block-button__link wp-element-button\" href=\"https:\/\/polamfcu.com\/pl\/strona-glowna\/oddzialy\/\">otw\u00f3rz konto<\/a><\/div>\n<\/div>\n\n\n\n<h3 class=\"wp-block-heading textgray mb-3\"><strong>Charakterystyka<\/strong><\/h3>\n\n\n\n<ul class=\"styled-list wp-block-list\">\n<li>Niska op\u0142ata roczna <sup>1<\/sup><\/li>\n\n\n\n<li>$0 dla wyp\u0142at z bankomat\u00f3w<sup>2<\/sup><\/li>\n\n\n\n<li>Akceptowana na ca\u0142ym \u015bwiecie<\/li>\n\n\n\n<li>Ustawienie dziennego limitu wyp\u0142at<sup>3<\/sup><\/li>\n\n\n\n<li>Dodatkowe zabezpieczenie aplikacja CardValet<\/li>\n\n\n\n<li>Program Nagr\u00f3d za dokonywane transakcje<\/li>\n\n\n\n<li>Program &#8222;Cash-Back&#8221;<\/li>\n<\/ul>\n\n\n\n<h3 class=\"wp-block-heading textgray mb-3\">Ochrona<\/h3>\n\n\n\n<p class=\"has-small-font-size\">Powiadom nas natychmiast o nieautoryzowanych transakcjach. <br>(800) 554-8969 przez 24\/7<br>(650) 367-8940 dla California w czasie godzin pracy biura <br>(860) 223-0200 dla Connecticut w czasie godzin pracy biura<\/p>\n\n\n\n<hr class=\"wp-block-separator has-css-opacity\"\/>\n\n\n\n<ol class=\"textgray has-small-font-size wp-block-list\">\n<li>$20 Annual Service Fee Applies<\/li>\n\n\n\n<li>No transaction fees at any CO-OP ATM locations.<\/li>\n\n\n\n<li>Daily purchase limit of $1,500. Higher limit available upon request<\/li>\n<\/ol>\n<\/div>\n<\/div>\n","protected":false},"excerpt":{"rendered":"<p>Biznesowe karty debetowa i kredytowa VISA Biznesowa Karta Kredytowa Visa Charakterystyka Ochrona Powiadom nas natychmiast o nieautoryzowanych transakcjach. (855) 349-1394 przez 24\/7(650) 367-8940 dla California w czasie godzin pracy biura (860) 223-0200 dla Connecticut w czasie godzin pracy biura Biznesowa Karta Debetowa Visa Charakterystyka Ochrona Powiadom nas natychmiast o nieautoryzowanych transakcjach. (800) 554-8969 przez 24\/7(650) &#8230; <\/p>\n<div class=\"read-more-box\"><a class=\"btn\" \n href=\"https:\/\/polamfcu.com\/pl\/przedsiebiorcy\/karty-debetowe-i-kredytowe-visa-executive\/\">Continue reading<\/a><\/div>\n","protected":false},"author":1,"featured_media":5901,"parent":4322,"menu_order":0,"comment_status":"closed","ping_status":"closed","template":"","meta":{"_acf_changed":false,"_monsterinsights_skip_tracking":false,"_monsterinsights_sitenote_active":false,"_monsterinsights_sitenote_note":"","_monsterinsights_sitenote_category":0,"footnotes":""},"class_list":["post-4415","page","type-page","status-publish","has-post-thumbnail","hentry"],"acf":[],"yoast_head":"<!-- This site is optimized with the Yoast SEO plugin v27.3 - https:\/\/yoast.com\/product\/yoast-seo-wordpress\/ -->\n<title>Karty VISA dla biznesu - Polam Federal Credit Union<\/title>\n<meta name=\"robots\" content=\"index, follow, max-snippet:-1, max-image-preview:large, max-video-preview:-1\" \/>\n<link rel=\"canonical\" href=\"https:\/\/polamfcu.com\/pl\/przedsiebiorcy\/karty-debetowe-i-kredytowe-visa-executive\/\" \/>\n<meta property=\"og:locale\" content=\"pl_PL\" \/>\n<meta property=\"og:type\" content=\"article\" \/>\n<meta property=\"og:title\" content=\"Karty VISA dla biznesu - Polam Federal Credit Union\" \/>\n<meta property=\"og:description\" content=\"Biznesowe karty debetowa i kredytowa VISA Biznesowa Karta Kredytowa Visa Charakterystyka Ochrona Powiadom nas natychmiast o nieautoryzowanych transakcjach. (855) 349-1394 przez 24\/7(650) 367-8940 dla California w czasie godzin pracy biura (860) 223-0200 dla Connecticut w czasie godzin pracy biura Biznesowa Karta Debetowa Visa Charakterystyka Ochrona Powiadom nas natychmiast o nieautoryzowanych transakcjach. (800) 554-8969 przez 24\/7(650) ... Continue reading\" \/>\n<meta property=\"og:url\" content=\"https:\/\/polamfcu.com\/pl\/przedsiebiorcy\/karty-debetowe-i-kredytowe-visa-executive\/\" \/>\n<meta property=\"og:site_name\" content=\"Polam Federal Credit Union\" \/>\n<meta property=\"article:publisher\" content=\"https:\/\/www.facebook.com\/polamcu\" \/>\n<meta property=\"article:modified_time\" content=\"2024-04-25T19:19:16+00:00\" \/>\n<meta property=\"og:image\" content=\"https:\/\/polamfcu.com\/wp-content\/uploads\/2023\/05\/nowy_baner_polam_biz_card-min.jpg\" \/>\n\t<meta property=\"og:image:width\" content=\"1920\" \/>\n\t<meta property=\"og:image:height\" content=\"360\" \/>\n\t<meta property=\"og:image:type\" content=\"image\/jpeg\" \/>\n<meta name=\"twitter:card\" content=\"summary_large_image\" \/>\n<meta name=\"twitter:label1\" content=\"Szacowany czas czytania\" \/>\n\t<meta name=\"twitter:data1\" content=\"2 minuty\" \/>\n<script type=\"application\/ld+json\" class=\"yoast-schema-graph\">{\"@context\":\"https:\\\/\\\/schema.org\",\"@graph\":[{\"@type\":\"WebPage\",\"@id\":\"https:\\\/\\\/polamfcu.com\\\/pl\\\/przedsiebiorcy\\\/karty-debetowe-i-kredytowe-visa-executive\\\/\",\"url\":\"https:\\\/\\\/polamfcu.com\\\/pl\\\/przedsiebiorcy\\\/karty-debetowe-i-kredytowe-visa-executive\\\/\",\"name\":\"Karty VISA dla biznesu - Polam Federal Credit Union\",\"isPartOf\":{\"@id\":\"https:\\\/\\\/polamfcu.com\\\/#website\"},\"primaryImageOfPage\":{\"@id\":\"https:\\\/\\\/polamfcu.com\\\/pl\\\/przedsiebiorcy\\\/karty-debetowe-i-kredytowe-visa-executive\\\/#primaryimage\"},\"image\":{\"@id\":\"https:\\\/\\\/polamfcu.com\\\/pl\\\/przedsiebiorcy\\\/karty-debetowe-i-kredytowe-visa-executive\\\/#primaryimage\"},\"thumbnailUrl\":\"https:\\\/\\\/polamfcu.com\\\/wp-content\\\/uploads\\\/2023\\\/05\\\/nowy_baner_polam_biz_card-min.jpg\",\"datePublished\":\"2021-06-24T22:21:26+00:00\",\"dateModified\":\"2024-04-25T19:19:16+00:00\",\"breadcrumb\":{\"@id\":\"https:\\\/\\\/polamfcu.com\\\/pl\\\/przedsiebiorcy\\\/karty-debetowe-i-kredytowe-visa-executive\\\/#breadcrumb\"},\"inLanguage\":\"pl-PL\",\"potentialAction\":[{\"@type\":\"ReadAction\",\"target\":[\"https:\\\/\\\/polamfcu.com\\\/pl\\\/przedsiebiorcy\\\/karty-debetowe-i-kredytowe-visa-executive\\\/\"]}]},{\"@type\":\"ImageObject\",\"inLanguage\":\"pl-PL\",\"@id\":\"https:\\\/\\\/polamfcu.com\\\/pl\\\/przedsiebiorcy\\\/karty-debetowe-i-kredytowe-visa-executive\\\/#primaryimage\",\"url\":\"https:\\\/\\\/polamfcu.com\\\/wp-content\\\/uploads\\\/2023\\\/05\\\/nowy_baner_polam_biz_card-min.jpg\",\"contentUrl\":\"https:\\\/\\\/polamfcu.com\\\/wp-content\\\/uploads\\\/2023\\\/05\\\/nowy_baner_polam_biz_card-min.jpg\",\"width\":1920,\"height\":360},{\"@type\":\"BreadcrumbList\",\"@id\":\"https:\\\/\\\/polamfcu.com\\\/pl\\\/przedsiebiorcy\\\/karty-debetowe-i-kredytowe-visa-executive\\\/#breadcrumb\",\"itemListElement\":[{\"@type\":\"ListItem\",\"position\":1,\"name\":\"\",\"item\":\"https:\\\/\\\/polamfcu.com\\\/pl\\\/\"},{\"@type\":\"ListItem\",\"position\":2,\"name\":\"Przedsi\u0119biorcy\",\"item\":\"https:\\\/\\\/polamfcu.com\\\/pl\\\/przedsiebiorcy\\\/\"},{\"@type\":\"ListItem\",\"position\":3,\"name\":\"Karty VISA dla biznesu\"}]},{\"@type\":\"WebSite\",\"@id\":\"https:\\\/\\\/polamfcu.com\\\/#website\",\"url\":\"https:\\\/\\\/polamfcu.com\\\/\",\"name\":\"Polam Federal Credit Union\",\"description\":\"Federal Credit Union\",\"publisher\":{\"@id\":\"https:\\\/\\\/polamfcu.com\\\/#organization\"},\"alternateName\":\"Polam FCU\",\"potentialAction\":[{\"@type\":\"SearchAction\",\"target\":{\"@type\":\"EntryPoint\",\"urlTemplate\":\"https:\\\/\\\/polamfcu.com\\\/?s={search_term_string}\"},\"query-input\":{\"@type\":\"PropertyValueSpecification\",\"valueRequired\":true,\"valueName\":\"search_term_string\"}}],\"inLanguage\":\"pl-PL\"},{\"@type\":\"Organization\",\"@id\":\"https:\\\/\\\/polamfcu.com\\\/#organization\",\"name\":\"Polam Federal Credit Union\",\"alternateName\":\"Polam FCU\",\"url\":\"https:\\\/\\\/polamfcu.com\\\/\",\"logo\":{\"@type\":\"ImageObject\",\"inLanguage\":\"pl-PL\",\"@id\":\"https:\\\/\\\/polamfcu.com\\\/#\\\/schema\\\/logo\\\/image\\\/\",\"url\":\"https:\\\/\\\/polamfcu.com\\\/wp-content\\\/uploads\\\/2022\\\/11\\\/logo.png\",\"contentUrl\":\"https:\\\/\\\/polamfcu.com\\\/wp-content\\\/uploads\\\/2022\\\/11\\\/logo.png\",\"width\":228,\"height\":81,\"caption\":\"Polam Federal Credit Union\"},\"image\":{\"@id\":\"https:\\\/\\\/polamfcu.com\\\/#\\\/schema\\\/logo\\\/image\\\/\"},\"sameAs\":[\"https:\\\/\\\/www.facebook.com\\\/polamcu\",\"https:\\\/\\\/www.linkedin.com\\\/company\\\/polam-federal-credit-union\",\"https:\\\/\\\/www.instagram.com\\\/polamfcu\\\/\"]}]}<\/script>\n<!-- \/ Yoast SEO plugin. -->","yoast_head_json":{"title":"Karty VISA dla biznesu - Polam Federal Credit Union","robots":{"index":"index","follow":"follow","max-snippet":"max-snippet:-1","max-image-preview":"max-image-preview:large","max-video-preview":"max-video-preview:-1"},"canonical":"https:\/\/polamfcu.com\/pl\/przedsiebiorcy\/karty-debetowe-i-kredytowe-visa-executive\/","og_locale":"pl_PL","og_type":"article","og_title":"Karty VISA dla biznesu - Polam Federal Credit Union","og_description":"Biznesowe karty debetowa i kredytowa VISA Biznesowa Karta Kredytowa Visa Charakterystyka Ochrona Powiadom nas natychmiast o nieautoryzowanych transakcjach. (855) 349-1394 przez 24\/7(650) 367-8940 dla California w czasie godzin pracy biura (860) 223-0200 dla Connecticut w czasie godzin pracy biura Biznesowa Karta Debetowa Visa Charakterystyka Ochrona Powiadom nas natychmiast o nieautoryzowanych transakcjach. (800) 554-8969 przez 24\/7(650) ... Continue reading","og_url":"https:\/\/polamfcu.com\/pl\/przedsiebiorcy\/karty-debetowe-i-kredytowe-visa-executive\/","og_site_name":"Polam Federal Credit Union","article_publisher":"https:\/\/www.facebook.com\/polamcu","article_modified_time":"2024-04-25T19:19:16+00:00","og_image":[{"width":1920,"height":360,"url":"https:\/\/polamfcu.com\/wp-content\/uploads\/2023\/05\/nowy_baner_polam_biz_card-min.jpg","type":"image\/jpeg"}],"twitter_card":"summary_large_image","twitter_misc":{"Szacowany czas czytania":"2 minuty"},"schema":{"@context":"https:\/\/schema.org","@graph":[{"@type":"WebPage","@id":"https:\/\/polamfcu.com\/pl\/przedsiebiorcy\/karty-debetowe-i-kredytowe-visa-executive\/","url":"https:\/\/polamfcu.com\/pl\/przedsiebiorcy\/karty-debetowe-i-kredytowe-visa-executive\/","name":"Karty VISA dla biznesu - Polam Federal Credit Union","isPartOf":{"@id":"https:\/\/polamfcu.com\/#website"},"primaryImageOfPage":{"@id":"https:\/\/polamfcu.com\/pl\/przedsiebiorcy\/karty-debetowe-i-kredytowe-visa-executive\/#primaryimage"},"image":{"@id":"https:\/\/polamfcu.com\/pl\/przedsiebiorcy\/karty-debetowe-i-kredytowe-visa-executive\/#primaryimage"},"thumbnailUrl":"https:\/\/polamfcu.com\/wp-content\/uploads\/2023\/05\/nowy_baner_polam_biz_card-min.jpg","datePublished":"2021-06-24T22:21:26+00:00","dateModified":"2024-04-25T19:19:16+00:00","breadcrumb":{"@id":"https:\/\/polamfcu.com\/pl\/przedsiebiorcy\/karty-debetowe-i-kredytowe-visa-executive\/#breadcrumb"},"inLanguage":"pl-PL","potentialAction":[{"@type":"ReadAction","target":["https:\/\/polamfcu.com\/pl\/przedsiebiorcy\/karty-debetowe-i-kredytowe-visa-executive\/"]}]},{"@type":"ImageObject","inLanguage":"pl-PL","@id":"https:\/\/polamfcu.com\/pl\/przedsiebiorcy\/karty-debetowe-i-kredytowe-visa-executive\/#primaryimage","url":"https:\/\/polamfcu.com\/wp-content\/uploads\/2023\/05\/nowy_baner_polam_biz_card-min.jpg","contentUrl":"https:\/\/polamfcu.com\/wp-content\/uploads\/2023\/05\/nowy_baner_polam_biz_card-min.jpg","width":1920,"height":360},{"@type":"BreadcrumbList","@id":"https:\/\/polamfcu.com\/pl\/przedsiebiorcy\/karty-debetowe-i-kredytowe-visa-executive\/#breadcrumb","itemListElement":[{"@type":"ListItem","position":1,"name":"","item":"https:\/\/polamfcu.com\/pl\/"},{"@type":"ListItem","position":2,"name":"Przedsi\u0119biorcy","item":"https:\/\/polamfcu.com\/pl\/przedsiebiorcy\/"},{"@type":"ListItem","position":3,"name":"Karty VISA dla biznesu"}]},{"@type":"WebSite","@id":"https:\/\/polamfcu.com\/#website","url":"https:\/\/polamfcu.com\/","name":"Polam Federal Credit Union","description":"Federal Credit Union","publisher":{"@id":"https:\/\/polamfcu.com\/#organization"},"alternateName":"Polam FCU","potentialAction":[{"@type":"SearchAction","target":{"@type":"EntryPoint","urlTemplate":"https:\/\/polamfcu.com\/?s={search_term_string}"},"query-input":{"@type":"PropertyValueSpecification","valueRequired":true,"valueName":"search_term_string"}}],"inLanguage":"pl-PL"},{"@type":"Organization","@id":"https:\/\/polamfcu.com\/#organization","name":"Polam Federal Credit Union","alternateName":"Polam FCU","url":"https:\/\/polamfcu.com\/","logo":{"@type":"ImageObject","inLanguage":"pl-PL","@id":"https:\/\/polamfcu.com\/#\/schema\/logo\/image\/","url":"https:\/\/polamfcu.com\/wp-content\/uploads\/2022\/11\/logo.png","contentUrl":"https:\/\/polamfcu.com\/wp-content\/uploads\/2022\/11\/logo.png","width":228,"height":81,"caption":"Polam Federal Credit Union"},"image":{"@id":"https:\/\/polamfcu.com\/#\/schema\/logo\/image\/"},"sameAs":["https:\/\/www.facebook.com\/polamcu","https:\/\/www.linkedin.com\/company\/polam-federal-credit-union","https:\/\/www.instagram.com\/polamfcu\/"]}]}},"_links":{"self":[{"href":"https:\/\/polamfcu.com\/pl\/wp-json\/wp\/v2\/pages\/4415","targetHints":{"allow":["GET"]}}],"collection":[{"href":"https:\/\/polamfcu.com\/pl\/wp-json\/wp\/v2\/pages"}],"about":[{"href":"https:\/\/polamfcu.com\/pl\/wp-json\/wp\/v2\/types\/page"}],"author":[{"embeddable":true,"href":"https:\/\/polamfcu.com\/pl\/wp-json\/wp\/v2\/users\/1"}],"replies":[{"embeddable":true,"href":"https:\/\/polamfcu.com\/pl\/wp-json\/wp\/v2\/comments?post=4415"}],"version-history":[{"count":17,"href":"https:\/\/polamfcu.com\/pl\/wp-json\/wp\/v2\/pages\/4415\/revisions"}],"predecessor-version":[{"id":6733,"href":"https:\/\/polamfcu.com\/pl\/wp-json\/wp\/v2\/pages\/4415\/revisions\/6733"}],"up":[{"embeddable":true,"href":"https:\/\/polamfcu.com\/pl\/wp-json\/wp\/v2\/pages\/4322"}],"wp:featuredmedia":[{"embeddable":true,"href":"https:\/\/polamfcu.com\/pl\/wp-json\/wp\/v2\/media\/5901"}],"wp:attachment":[{"href":"https:\/\/polamfcu.com\/pl\/wp-json\/wp\/v2\/media?parent=4415"}],"curies":[{"name":"wp","href":"https:\/\/api.w.org\/{rel}","templated":true}]}}