{"id":4437,"date":"2021-06-24T15:18:14","date_gmt":"2021-06-24T22:18:14","guid":{"rendered":"https:\/\/polamfcu.com\/pozyczki\/home-equity-loans\/"},"modified":"2022-02-28T14:32:16","modified_gmt":"2022-02-28T22:32:16","slug":"kredyty-heloc","status":"publish","type":"page","link":"https:\/\/polamfcu.com\/pl\/pozyczki\/kredyty-heloc\/","title":{"rendered":"Kredyty HELOC"},"content":{"rendered":"\n<h2 class=\"wp-block-heading\" id=\"kredyty-heloc\">Kredyty HELOC<\/h2>\n\n\n\n<h3 class=\"has-text-align-center textgray mb-3 wp-block-heading\" id=\"porownaj-linie-kredytowe-i-kredyty-pod-zastaw-domu\">Por\u00f3wnaj linie kredytowe i kredyty pod zastaw domu<\/h3>\n\n\n\n<figure class=\"wp-block-table table  table-striped table-grey mb-5\"><table><tbody><tr><th width=\"50%\">Linie kredytowe pod zastaw domu <sup>1<\/sup><\/th><th width=\"50%\">Kredyty pod zastaw domu  <sup>1<\/sup><\/th><\/tr>\n<tr><td colspan=\"2\"><strong>Opcje okres\u00f3w kredytowania<\/strong><\/td><\/tr><tr><td>Do 20 lat \/ pierwsze 10 lat stanowi okres kiedy mo\u017cna pobiera\u0107 fundusze z linii kredytowej za pomoc\u0105 czek\u00f3w<\/td><td>R\u00f3\u017cne okresy kredytowania<\/td><\/tr>\n<tr><td colspan=\"2\"><strong>Minimalna \/ Maksymalna wysoko\u015b\u0107 kredytu<\/strong><\/td><\/tr><tr><td>$10,000 Do 80% \u0142\u0105cznego kredytu do warto\u015bci (CLTV)<\/td><td>$10,000 Do 80% \u0142\u0105cznego kredytu do warto\u015bci (CLTV)<\/td><\/tr>\n<tr><td colspan=\"2\"><strong>Dost\u0119p do funduszy<\/strong><\/td><\/tr><tr><td>Sta\u0142y dost\u0119p do przyznanego kredytu<\/td><td>Kredyt wyp\u0142acony z g\u00f3ry w ca\u0142o\u015bci jednorazowo<\/td><\/tr>\n<tr><td colspan=\"2\"><strong>Maximum Loan to Value<\/strong><\/td><\/tr><tr><td>Up to 80% of <br>Appraised Value<\/td><td>Up to 80% of <br>Appraised Value<\/td><\/tr>\n<tr><td colspan=\"2\"><strong>Possible Uses<\/strong><\/td><\/tr>\n<\/tbody><\/table><\/figure>\n\n\n\n<div class=\"wp-block-columns is-layout-flex wp-container-core-columns-is-layout-9d6595d7 wp-block-columns-is-layout-flex\">\n<div class=\"wp-block-column is-layout-flow wp-block-column-is-layout-flow\">\n<ul class=\"styled-list wp-block-list\"><li>Modernizacja nieruchomo\u015bci<\/li><li>Czesne na studia<\/li><li>Niespodziewane wydarzenia<\/li><\/ul>\n<\/div>\n\n\n\n<div class=\"wp-block-column is-layout-flow wp-block-column-is-layout-flow\">\n<ul class=\"styled-list wp-block-list\"><li>Modernizacja nieruchomo\u015bci<\/li><li>Du\u017ce zakupy<\/li><li>Przedsi\u0119wzi\u0119cia finansowe<\/li><\/ul>\n<\/div>\n<\/div>\n\n\n\n<div class=\"wp-block-buttons is-horizontal is-content-justification-center is-layout-flex wp-container-core-buttons-is-layout-499968f5 wp-block-buttons-is-layout-flex\">\n<div class=\"wp-block-button\"><a class=\"wp-block-button__link\" href=\"https:\/\/onlineapplication.wolterskluwer.com\/ola\/servlet\/SmartForm.html?formCode=lendingapplication&amp;clientID=17465PolamFederalCreditUnion\" target=\"_blank\" rel=\"noreferrer noopener\">Wype\u0142nij wniosek<\/a><\/div>\n<\/div>\n\n\n\n<hr class=\"wp-block-separator\"\/>\n\n\n\n<ol class=\"textgray wp-block-list\" style=\"font-size:14px\"><li>All loans are subject to credit approval<\/li><li>Rates, terms, conditions, and availability are subject to change or withdrawal at any time and without notice. Nothing herein is or should be interpreted as an offer or commitment to lend. Loans are subject to credit and property approval. Other conditions and restrictions may apply. Hazard insurance may be required. NLMS ID Number is 853793.<\/li><li>Home Equity Lines of Credit are only available on owner occupied and vacation or second homes. The minimum periodic payment for the Interest Only Equity Line of Credit is interest only for the first ten years. After the first ten years, credit advances will no longer be available and payments will be fully amortizing to repay the balance over ten years. Payments and rate can adjust monthly. There is no annual fee and no draw period restrictions. Additional restrictions may apply.<\/li><\/ol>\n","protected":false},"excerpt":{"rendered":"<p>Kredyty HELOC Por\u00f3wnaj linie kredytowe i kredyty pod zastaw domu Linie kredytowe pod zastaw domu 1 Kredyty pod zastaw domu 1 Opcje okres\u00f3w kredytowania Do 20 lat \/ pierwsze 10 lat stanowi okres kiedy mo\u017cna pobiera\u0107 fundusze z linii kredytowej za pomoc\u0105 czek\u00f3w R\u00f3\u017cne okresy kredytowania Minimalna \/ Maksymalna wysoko\u015b\u0107 kredytu $10,000 Do 80% \u0142\u0105cznego &#8230; <\/p>\n<div class=\"read-more-box\"><a class=\"btn\" \n href=\"https:\/\/polamfcu.com\/pl\/pozyczki\/kredyty-heloc\/\">Continue reading<\/a><\/div>\n","protected":false},"author":1,"featured_media":4438,"parent":4326,"menu_order":0,"comment_status":"closed","ping_status":"closed","template":"","meta":{"_acf_changed":false,"_monsterinsights_skip_tracking":false,"_monsterinsights_sitenote_active":false,"_monsterinsights_sitenote_note":"","_monsterinsights_sitenote_category":0,"footnotes":""},"class_list":["post-4437","page","type-page","status-publish","has-post-thumbnail","hentry"],"acf":[],"yoast_head":"<!-- This site is optimized with the Yoast SEO plugin v27.3 - https:\/\/yoast.com\/product\/yoast-seo-wordpress\/ -->\n<title>Kredyty HELOC - Polam Federal Credit Union<\/title>\n<meta name=\"robots\" content=\"index, follow, max-snippet:-1, max-image-preview:large, max-video-preview:-1\" \/>\n<link rel=\"canonical\" href=\"https:\/\/polamfcu.com\/pl\/pozyczki\/kredyty-heloc\/\" \/>\n<meta property=\"og:locale\" content=\"pl_PL\" \/>\n<meta property=\"og:type\" content=\"article\" \/>\n<meta property=\"og:title\" content=\"Kredyty HELOC - Polam Federal Credit Union\" \/>\n<meta property=\"og:description\" content=\"Kredyty HELOC Por\u00f3wnaj linie kredytowe i kredyty pod zastaw domu Linie kredytowe pod zastaw domu 1 Kredyty pod zastaw domu 1 Opcje okres\u00f3w kredytowania Do 20 lat \/ pierwsze 10 lat stanowi okres kiedy mo\u017cna pobiera\u0107 fundusze z linii kredytowej za pomoc\u0105 czek\u00f3w R\u00f3\u017cne okresy kredytowania Minimalna \/ Maksymalna wysoko\u015b\u0107 kredytu $10,000 Do 80% \u0142\u0105cznego ... Continue reading\" \/>\n<meta property=\"og:url\" content=\"https:\/\/polamfcu.com\/pl\/pozyczki\/kredyty-heloc\/\" \/>\n<meta property=\"og:site_name\" content=\"Polam Federal Credit Union\" \/>\n<meta property=\"article:publisher\" content=\"https:\/\/www.facebook.com\/polamcu\" \/>\n<meta property=\"article:modified_time\" content=\"2022-02-28T22:32:16+00:00\" \/>\n<meta property=\"og:image\" content=\"https:\/\/polamfcu.com\/wp-content\/uploads\/2021\/07\/POLAM_www_Loans_Home-Equity-TOP.jpg\" \/>\n\t<meta property=\"og:image:width\" content=\"1920\" \/>\n\t<meta property=\"og:image:height\" content=\"360\" \/>\n\t<meta property=\"og:image:type\" content=\"image\/jpeg\" \/>\n<meta name=\"twitter:card\" content=\"summary_large_image\" \/>\n<meta name=\"twitter:label1\" content=\"Szacowany czas czytania\" \/>\n\t<meta name=\"twitter:data1\" content=\"2 minuty\" \/>\n<script type=\"application\/ld+json\" class=\"yoast-schema-graph\">{\"@context\":\"https:\\\/\\\/schema.org\",\"@graph\":[{\"@type\":\"WebPage\",\"@id\":\"https:\\\/\\\/polamfcu.com\\\/pl\\\/pozyczki\\\/kredyty-heloc\\\/\",\"url\":\"https:\\\/\\\/polamfcu.com\\\/pl\\\/pozyczki\\\/kredyty-heloc\\\/\",\"name\":\"Kredyty HELOC - Polam Federal Credit Union\",\"isPartOf\":{\"@id\":\"https:\\\/\\\/polamfcu.com\\\/#website\"},\"primaryImageOfPage\":{\"@id\":\"https:\\\/\\\/polamfcu.com\\\/pl\\\/pozyczki\\\/kredyty-heloc\\\/#primaryimage\"},\"image\":{\"@id\":\"https:\\\/\\\/polamfcu.com\\\/pl\\\/pozyczki\\\/kredyty-heloc\\\/#primaryimage\"},\"thumbnailUrl\":\"https:\\\/\\\/polamfcu.com\\\/wp-content\\\/uploads\\\/2021\\\/07\\\/POLAM_www_Loans_Home-Equity-TOP.jpg\",\"datePublished\":\"2021-06-24T22:18:14+00:00\",\"dateModified\":\"2022-02-28T22:32:16+00:00\",\"breadcrumb\":{\"@id\":\"https:\\\/\\\/polamfcu.com\\\/pl\\\/pozyczki\\\/kredyty-heloc\\\/#breadcrumb\"},\"inLanguage\":\"pl-PL\",\"potentialAction\":[{\"@type\":\"ReadAction\",\"target\":[\"https:\\\/\\\/polamfcu.com\\\/pl\\\/pozyczki\\\/kredyty-heloc\\\/\"]}]},{\"@type\":\"ImageObject\",\"inLanguage\":\"pl-PL\",\"@id\":\"https:\\\/\\\/polamfcu.com\\\/pl\\\/pozyczki\\\/kredyty-heloc\\\/#primaryimage\",\"url\":\"https:\\\/\\\/polamfcu.com\\\/wp-content\\\/uploads\\\/2021\\\/07\\\/POLAM_www_Loans_Home-Equity-TOP.jpg\",\"contentUrl\":\"https:\\\/\\\/polamfcu.com\\\/wp-content\\\/uploads\\\/2021\\\/07\\\/POLAM_www_Loans_Home-Equity-TOP.jpg\",\"width\":1920,\"height\":360},{\"@type\":\"BreadcrumbList\",\"@id\":\"https:\\\/\\\/polamfcu.com\\\/pl\\\/pozyczki\\\/kredyty-heloc\\\/#breadcrumb\",\"itemListElement\":[{\"@type\":\"ListItem\",\"position\":1,\"name\":\"\",\"item\":\"https:\\\/\\\/polamfcu.com\\\/pl\\\/\"},{\"@type\":\"ListItem\",\"position\":2,\"name\":\"Po\u017cyczki\",\"item\":\"https:\\\/\\\/polamfcu.com\\\/pl\\\/pozyczki\\\/\"},{\"@type\":\"ListItem\",\"position\":3,\"name\":\"Kredyty HELOC\"}]},{\"@type\":\"WebSite\",\"@id\":\"https:\\\/\\\/polamfcu.com\\\/#website\",\"url\":\"https:\\\/\\\/polamfcu.com\\\/\",\"name\":\"Polam Federal Credit Union\",\"description\":\"Federal Credit Union\",\"publisher\":{\"@id\":\"https:\\\/\\\/polamfcu.com\\\/#organization\"},\"alternateName\":\"Polam FCU\",\"potentialAction\":[{\"@type\":\"SearchAction\",\"target\":{\"@type\":\"EntryPoint\",\"urlTemplate\":\"https:\\\/\\\/polamfcu.com\\\/?s={search_term_string}\"},\"query-input\":{\"@type\":\"PropertyValueSpecification\",\"valueRequired\":true,\"valueName\":\"search_term_string\"}}],\"inLanguage\":\"pl-PL\"},{\"@type\":\"Organization\",\"@id\":\"https:\\\/\\\/polamfcu.com\\\/#organization\",\"name\":\"Polam Federal Credit Union\",\"alternateName\":\"Polam FCU\",\"url\":\"https:\\\/\\\/polamfcu.com\\\/\",\"logo\":{\"@type\":\"ImageObject\",\"inLanguage\":\"pl-PL\",\"@id\":\"https:\\\/\\\/polamfcu.com\\\/#\\\/schema\\\/logo\\\/image\\\/\",\"url\":\"https:\\\/\\\/polamfcu.com\\\/wp-content\\\/uploads\\\/2022\\\/11\\\/logo.png\",\"contentUrl\":\"https:\\\/\\\/polamfcu.com\\\/wp-content\\\/uploads\\\/2022\\\/11\\\/logo.png\",\"width\":228,\"height\":81,\"caption\":\"Polam Federal Credit Union\"},\"image\":{\"@id\":\"https:\\\/\\\/polamfcu.com\\\/#\\\/schema\\\/logo\\\/image\\\/\"},\"sameAs\":[\"https:\\\/\\\/www.facebook.com\\\/polamcu\",\"https:\\\/\\\/www.linkedin.com\\\/company\\\/polam-federal-credit-union\",\"https:\\\/\\\/www.instagram.com\\\/polamfcu\\\/\"]}]}<\/script>\n<!-- \/ Yoast SEO plugin. -->","yoast_head_json":{"title":"Kredyty HELOC - Polam Federal Credit Union","robots":{"index":"index","follow":"follow","max-snippet":"max-snippet:-1","max-image-preview":"max-image-preview:large","max-video-preview":"max-video-preview:-1"},"canonical":"https:\/\/polamfcu.com\/pl\/pozyczki\/kredyty-heloc\/","og_locale":"pl_PL","og_type":"article","og_title":"Kredyty HELOC - Polam Federal Credit Union","og_description":"Kredyty HELOC Por\u00f3wnaj linie kredytowe i kredyty pod zastaw domu Linie kredytowe pod zastaw domu 1 Kredyty pod zastaw domu 1 Opcje okres\u00f3w kredytowania Do 20 lat \/ pierwsze 10 lat stanowi okres kiedy mo\u017cna pobiera\u0107 fundusze z linii kredytowej za pomoc\u0105 czek\u00f3w R\u00f3\u017cne okresy kredytowania Minimalna \/ Maksymalna wysoko\u015b\u0107 kredytu $10,000 Do 80% \u0142\u0105cznego ... Continue reading","og_url":"https:\/\/polamfcu.com\/pl\/pozyczki\/kredyty-heloc\/","og_site_name":"Polam Federal Credit Union","article_publisher":"https:\/\/www.facebook.com\/polamcu","article_modified_time":"2022-02-28T22:32:16+00:00","og_image":[{"width":1920,"height":360,"url":"https:\/\/polamfcu.com\/wp-content\/uploads\/2021\/07\/POLAM_www_Loans_Home-Equity-TOP.jpg","type":"image\/jpeg"}],"twitter_card":"summary_large_image","twitter_misc":{"Szacowany czas czytania":"2 minuty"},"schema":{"@context":"https:\/\/schema.org","@graph":[{"@type":"WebPage","@id":"https:\/\/polamfcu.com\/pl\/pozyczki\/kredyty-heloc\/","url":"https:\/\/polamfcu.com\/pl\/pozyczki\/kredyty-heloc\/","name":"Kredyty HELOC - Polam Federal Credit Union","isPartOf":{"@id":"https:\/\/polamfcu.com\/#website"},"primaryImageOfPage":{"@id":"https:\/\/polamfcu.com\/pl\/pozyczki\/kredyty-heloc\/#primaryimage"},"image":{"@id":"https:\/\/polamfcu.com\/pl\/pozyczki\/kredyty-heloc\/#primaryimage"},"thumbnailUrl":"https:\/\/polamfcu.com\/wp-content\/uploads\/2021\/07\/POLAM_www_Loans_Home-Equity-TOP.jpg","datePublished":"2021-06-24T22:18:14+00:00","dateModified":"2022-02-28T22:32:16+00:00","breadcrumb":{"@id":"https:\/\/polamfcu.com\/pl\/pozyczki\/kredyty-heloc\/#breadcrumb"},"inLanguage":"pl-PL","potentialAction":[{"@type":"ReadAction","target":["https:\/\/polamfcu.com\/pl\/pozyczki\/kredyty-heloc\/"]}]},{"@type":"ImageObject","inLanguage":"pl-PL","@id":"https:\/\/polamfcu.com\/pl\/pozyczki\/kredyty-heloc\/#primaryimage","url":"https:\/\/polamfcu.com\/wp-content\/uploads\/2021\/07\/POLAM_www_Loans_Home-Equity-TOP.jpg","contentUrl":"https:\/\/polamfcu.com\/wp-content\/uploads\/2021\/07\/POLAM_www_Loans_Home-Equity-TOP.jpg","width":1920,"height":360},{"@type":"BreadcrumbList","@id":"https:\/\/polamfcu.com\/pl\/pozyczki\/kredyty-heloc\/#breadcrumb","itemListElement":[{"@type":"ListItem","position":1,"name":"","item":"https:\/\/polamfcu.com\/pl\/"},{"@type":"ListItem","position":2,"name":"Po\u017cyczki","item":"https:\/\/polamfcu.com\/pl\/pozyczki\/"},{"@type":"ListItem","position":3,"name":"Kredyty HELOC"}]},{"@type":"WebSite","@id":"https:\/\/polamfcu.com\/#website","url":"https:\/\/polamfcu.com\/","name":"Polam Federal Credit Union","description":"Federal Credit Union","publisher":{"@id":"https:\/\/polamfcu.com\/#organization"},"alternateName":"Polam FCU","potentialAction":[{"@type":"SearchAction","target":{"@type":"EntryPoint","urlTemplate":"https:\/\/polamfcu.com\/?s={search_term_string}"},"query-input":{"@type":"PropertyValueSpecification","valueRequired":true,"valueName":"search_term_string"}}],"inLanguage":"pl-PL"},{"@type":"Organization","@id":"https:\/\/polamfcu.com\/#organization","name":"Polam Federal Credit Union","alternateName":"Polam FCU","url":"https:\/\/polamfcu.com\/","logo":{"@type":"ImageObject","inLanguage":"pl-PL","@id":"https:\/\/polamfcu.com\/#\/schema\/logo\/image\/","url":"https:\/\/polamfcu.com\/wp-content\/uploads\/2022\/11\/logo.png","contentUrl":"https:\/\/polamfcu.com\/wp-content\/uploads\/2022\/11\/logo.png","width":228,"height":81,"caption":"Polam Federal Credit Union"},"image":{"@id":"https:\/\/polamfcu.com\/#\/schema\/logo\/image\/"},"sameAs":["https:\/\/www.facebook.com\/polamcu","https:\/\/www.linkedin.com\/company\/polam-federal-credit-union","https:\/\/www.instagram.com\/polamfcu\/"]}]}},"_links":{"self":[{"href":"https:\/\/polamfcu.com\/pl\/wp-json\/wp\/v2\/pages\/4437","targetHints":{"allow":["GET"]}}],"collection":[{"href":"https:\/\/polamfcu.com\/pl\/wp-json\/wp\/v2\/pages"}],"about":[{"href":"https:\/\/polamfcu.com\/pl\/wp-json\/wp\/v2\/types\/page"}],"author":[{"embeddable":true,"href":"https:\/\/polamfcu.com\/pl\/wp-json\/wp\/v2\/users\/1"}],"replies":[{"embeddable":true,"href":"https:\/\/polamfcu.com\/pl\/wp-json\/wp\/v2\/comments?post=4437"}],"version-history":[{"count":6,"href":"https:\/\/polamfcu.com\/pl\/wp-json\/wp\/v2\/pages\/4437\/revisions"}],"predecessor-version":[{"id":4829,"href":"https:\/\/polamfcu.com\/pl\/wp-json\/wp\/v2\/pages\/4437\/revisions\/4829"}],"up":[{"embeddable":true,"href":"https:\/\/polamfcu.com\/pl\/wp-json\/wp\/v2\/pages\/4326"}],"wp:featuredmedia":[{"embeddable":true,"href":"https:\/\/polamfcu.com\/pl\/wp-json\/wp\/v2\/media\/4438"}],"wp:attachment":[{"href":"https:\/\/polamfcu.com\/pl\/wp-json\/wp\/v2\/media?parent=4437"}],"curies":[{"name":"wp","href":"https:\/\/api.w.org\/{rel}","templated":true}]}}