{"id":4440,"date":"2021-06-24T15:18:52","date_gmt":"2021-06-24T22:18:52","guid":{"rendered":"https:\/\/polamfcu.com\/pozyczki\/consumer-loans\/"},"modified":"2022-02-07T14:35:53","modified_gmt":"2022-02-07T22:35:53","slug":"kredyty-gotowkowe","status":"publish","type":"page","link":"https:\/\/polamfcu.com\/pl\/pozyczki\/kredyty-gotowkowe\/","title":{"rendered":"Kredyty Got\u00f3wkowe"},"content":{"rendered":"\n<h2 class=\"wp-block-heading\" id=\"kredyty-gotowkowe\">Kredyty Got\u00f3wkowe<\/h2>\n\n\n\n<div class=\"wp-block-media-text is-stacked-on-mobile mb-3\" style=\"grid-template-columns:29% auto\"><figure class=\"wp-block-media-text__media\"><img loading=\"lazy\" decoding=\"async\" width=\"150\" height=\"150\" src=\"https:\/\/polamfcu.com\/wp-content\/uploads\/2021\/07\/personal_loans_circle-min.png\" alt=\"\" class=\"wp-image-3859 size-full\"\/><\/figure><div class=\"wp-block-media-text__content\">\n<h3 class=\"mb-3 border-left wp-block-heading\" id=\"pozyczki-dla-klientow-indywidualnych\"><strong>Po\u017cyczki dla klient\u00f3w indywidualnych<\/strong><\/h3>\n\n\n\n<p style=\"font-size:14px\">Ciesz si\u0119 dost\u0119pem do swoich \u015brodk\u00f3w zawsze, kiedy tego potrzebujesz. Dzi\u0119ki elastycznym harmonogramom sp\u0142at nie musisz martwi\u0107 si\u0119 o swoje po\u017cyczki. Bez wzgl\u0119du na to, czy chcesz skonsolidowa\u0107 wysokie stopy procentowe, dokona\u0107 zakupu konkretnej rzeczy czy op\u0142aci\u0107 czesne swoich dzieci, po\u017cyczka osobista z POLAM mo\u017ce pom\u00f3c Ci zrealizowa\u0107 wszystkie Twoje plany.<\/p>\n\n\n\n<div class=\"wp-block-buttons is-horizontal is-content-justification-center is-layout-flex wp-container-core-buttons-is-layout-499968f5 wp-block-buttons-is-layout-flex\">\n<div class=\"wp-block-button\"><a class=\"wp-block-button__link\" href=\"https:\/\/onlineapplication.wolterskluwer.com\/ola\/servlet\/SmartForm.html?formCode=lendingapplication&amp;clientID=17465PolamFederalCreditUnion\" target=\"_blank\" rel=\"noreferrer noopener\">Wype\u0142nij wniosek<\/a><\/div>\n<\/div>\n<\/div><\/div>\n\n\n\n<div style=\"height:30px\" aria-hidden=\"true\" class=\"wp-block-spacer\"><\/div>\n\n\n\n<div class=\"wp-block-media-text is-stacked-on-mobile mb-3\" style=\"grid-template-columns:29% auto\"><figure class=\"wp-block-media-text__media\"><img loading=\"lazy\" decoding=\"async\" width=\"150\" height=\"150\" src=\"https:\/\/polamfcu.com\/wp-content\/uploads\/2021\/07\/business_loans_circle-min.png\" alt=\"\" class=\"wp-image-3860 size-full\"\/><\/figure><div class=\"wp-block-media-text__content\">\n<h3 class=\"mb-3 border-left wp-block-heading\" id=\"pozyczki-biznesowe\"><strong>Po\u017cyczki biznesowe<\/strong><\/h3>\n\n\n\n<p style=\"font-size:14px\">Chcemy pom\u00f3c cz\u0142onkom naszej Unii Kredytowej spe\u0142nia\u0107 wielkie marzenia. W POLAM skupiamy si\u0119 na tym, aby nasza oferta mog\u0142a u\u0142atwi\u0107 Ci wykorzystanie potencja\u0142u drzemi\u0105cego w Twojej firmie. Nasze po\u017cyczki biznesowe zosta\u0142y zaprojektowane tak, aby mog\u0142y wspom\u00f3c ka\u017cdy biznes, niezale\u017cnie od tego czy jest to start-up, czy du\u017ca, \u015bwietnie prosperuj\u0105ca od wielu lat firma. Nasi wykwalifikowani specjali\u015bci ds. kredyt\u00f3w biznesowych poka\u017c\u0105 Ci w\u0142a\u015bciw\u0105 drog\u0119 do szybszego osi\u0105gni\u0119cia wszystkich zamierzonych cel\u00f3w.<\/p>\n\n\n\n<div class=\"wp-block-buttons is-horizontal is-content-justification-center is-layout-flex wp-container-core-buttons-is-layout-499968f5 wp-block-buttons-is-layout-flex\">\n<div class=\"wp-block-button\"><a class=\"wp-block-button__link\" href=\"https:\/\/onlineapplication.wolterskluwer.com\/ola\/servlet\/SmartForm.html?formCode=lendingapplication&amp;clientID=17465PolamFederalCreditUnion\" target=\"_blank\" rel=\"noreferrer noopener\">Wype\u0142nij wniosek<\/a><\/div>\n<\/div>\n<\/div><\/div>\n\n\n\n<div style=\"height:30px\" aria-hidden=\"true\" class=\"wp-block-spacer\"><\/div>\n\n\n\n<hr class=\"wp-block-separator\"\/>\n\n\n\n<ol class=\"textgray wp-block-list\" style=\"font-size:14px\"><li>All loans are subject to credit approval, restrictions apply, rates are subject to change. Loans are offered on a limited-time basis and can be withdrawn or modified at any time without notice.<\/li><\/ol>\n","protected":false},"excerpt":{"rendered":"<p>Kredyty Got\u00f3wkowe All loans are subject to credit approval, restrictions apply, rates are subject to change. Loans are offered on a limited-time basis and can be withdrawn or modified at any time without notice.<\/p>\n","protected":false},"author":1,"featured_media":4441,"parent":4326,"menu_order":3,"comment_status":"closed","ping_status":"closed","template":"","meta":{"_acf_changed":false,"_monsterinsights_skip_tracking":false,"_monsterinsights_sitenote_active":false,"_monsterinsights_sitenote_note":"","_monsterinsights_sitenote_category":0,"footnotes":""},"class_list":["post-4440","page","type-page","status-publish","has-post-thumbnail","hentry"],"acf":[],"yoast_head":"<!-- This site is optimized with the Yoast SEO plugin v27.3 - https:\/\/yoast.com\/product\/yoast-seo-wordpress\/ -->\n<title>Kredyty Got\u00f3wkowe - Polam Federal Credit Union<\/title>\n<meta name=\"robots\" content=\"index, follow, max-snippet:-1, max-image-preview:large, max-video-preview:-1\" \/>\n<link rel=\"canonical\" href=\"https:\/\/polamfcu.com\/pl\/pozyczki\/kredyty-gotowkowe\/\" \/>\n<meta property=\"og:locale\" content=\"pl_PL\" \/>\n<meta property=\"og:type\" content=\"article\" \/>\n<meta property=\"og:title\" content=\"Kredyty Got\u00f3wkowe - Polam Federal Credit Union\" \/>\n<meta property=\"og:description\" content=\"Kredyty Got\u00f3wkowe All loans are subject to credit approval, restrictions apply, rates are subject to change. Loans are offered on a limited-time basis and can be withdrawn or modified at any time without notice.\" \/>\n<meta property=\"og:url\" content=\"https:\/\/polamfcu.com\/pl\/pozyczki\/kredyty-gotowkowe\/\" \/>\n<meta property=\"og:site_name\" content=\"Polam Federal Credit Union\" \/>\n<meta property=\"article:publisher\" content=\"https:\/\/www.facebook.com\/polamcu\" \/>\n<meta property=\"article:modified_time\" content=\"2022-02-07T22:35:53+00:00\" \/>\n<meta property=\"og:image\" content=\"https:\/\/polamfcu.com\/wp-content\/uploads\/2021\/07\/POLAM_www_Loans_Consumer-Loans-TOP.jpg\" \/>\n\t<meta property=\"og:image:width\" content=\"1920\" \/>\n\t<meta property=\"og:image:height\" content=\"360\" \/>\n\t<meta property=\"og:image:type\" content=\"image\/jpeg\" \/>\n<meta name=\"twitter:card\" content=\"summary_large_image\" \/>\n<meta name=\"twitter:label1\" content=\"Szacowany czas czytania\" \/>\n\t<meta name=\"twitter:data1\" content=\"2 minuty\" \/>\n<script type=\"application\/ld+json\" class=\"yoast-schema-graph\">{\"@context\":\"https:\\\/\\\/schema.org\",\"@graph\":[{\"@type\":\"WebPage\",\"@id\":\"https:\\\/\\\/polamfcu.com\\\/pl\\\/pozyczki\\\/kredyty-gotowkowe\\\/\",\"url\":\"https:\\\/\\\/polamfcu.com\\\/pl\\\/pozyczki\\\/kredyty-gotowkowe\\\/\",\"name\":\"Kredyty Got\u00f3wkowe - Polam Federal Credit Union\",\"isPartOf\":{\"@id\":\"https:\\\/\\\/polamfcu.com\\\/#website\"},\"primaryImageOfPage\":{\"@id\":\"https:\\\/\\\/polamfcu.com\\\/pl\\\/pozyczki\\\/kredyty-gotowkowe\\\/#primaryimage\"},\"image\":{\"@id\":\"https:\\\/\\\/polamfcu.com\\\/pl\\\/pozyczki\\\/kredyty-gotowkowe\\\/#primaryimage\"},\"thumbnailUrl\":\"https:\\\/\\\/polamfcu.com\\\/wp-content\\\/uploads\\\/2021\\\/07\\\/POLAM_www_Loans_Consumer-Loans-TOP.jpg\",\"datePublished\":\"2021-06-24T22:18:52+00:00\",\"dateModified\":\"2022-02-07T22:35:53+00:00\",\"breadcrumb\":{\"@id\":\"https:\\\/\\\/polamfcu.com\\\/pl\\\/pozyczki\\\/kredyty-gotowkowe\\\/#breadcrumb\"},\"inLanguage\":\"pl-PL\",\"potentialAction\":[{\"@type\":\"ReadAction\",\"target\":[\"https:\\\/\\\/polamfcu.com\\\/pl\\\/pozyczki\\\/kredyty-gotowkowe\\\/\"]}]},{\"@type\":\"ImageObject\",\"inLanguage\":\"pl-PL\",\"@id\":\"https:\\\/\\\/polamfcu.com\\\/pl\\\/pozyczki\\\/kredyty-gotowkowe\\\/#primaryimage\",\"url\":\"https:\\\/\\\/polamfcu.com\\\/wp-content\\\/uploads\\\/2021\\\/07\\\/POLAM_www_Loans_Consumer-Loans-TOP.jpg\",\"contentUrl\":\"https:\\\/\\\/polamfcu.com\\\/wp-content\\\/uploads\\\/2021\\\/07\\\/POLAM_www_Loans_Consumer-Loans-TOP.jpg\",\"width\":1920,\"height\":360},{\"@type\":\"BreadcrumbList\",\"@id\":\"https:\\\/\\\/polamfcu.com\\\/pl\\\/pozyczki\\\/kredyty-gotowkowe\\\/#breadcrumb\",\"itemListElement\":[{\"@type\":\"ListItem\",\"position\":1,\"name\":\"\",\"item\":\"https:\\\/\\\/polamfcu.com\\\/pl\\\/\"},{\"@type\":\"ListItem\",\"position\":2,\"name\":\"Po\u017cyczki\",\"item\":\"https:\\\/\\\/polamfcu.com\\\/pl\\\/pozyczki\\\/\"},{\"@type\":\"ListItem\",\"position\":3,\"name\":\"Kredyty Got\u00f3wkowe\"}]},{\"@type\":\"WebSite\",\"@id\":\"https:\\\/\\\/polamfcu.com\\\/#website\",\"url\":\"https:\\\/\\\/polamfcu.com\\\/\",\"name\":\"Polam Federal Credit Union\",\"description\":\"Federal Credit Union\",\"publisher\":{\"@id\":\"https:\\\/\\\/polamfcu.com\\\/#organization\"},\"alternateName\":\"Polam FCU\",\"potentialAction\":[{\"@type\":\"SearchAction\",\"target\":{\"@type\":\"EntryPoint\",\"urlTemplate\":\"https:\\\/\\\/polamfcu.com\\\/?s={search_term_string}\"},\"query-input\":{\"@type\":\"PropertyValueSpecification\",\"valueRequired\":true,\"valueName\":\"search_term_string\"}}],\"inLanguage\":\"pl-PL\"},{\"@type\":\"Organization\",\"@id\":\"https:\\\/\\\/polamfcu.com\\\/#organization\",\"name\":\"Polam Federal Credit Union\",\"alternateName\":\"Polam FCU\",\"url\":\"https:\\\/\\\/polamfcu.com\\\/\",\"logo\":{\"@type\":\"ImageObject\",\"inLanguage\":\"pl-PL\",\"@id\":\"https:\\\/\\\/polamfcu.com\\\/#\\\/schema\\\/logo\\\/image\\\/\",\"url\":\"https:\\\/\\\/polamfcu.com\\\/wp-content\\\/uploads\\\/2022\\\/11\\\/logo.png\",\"contentUrl\":\"https:\\\/\\\/polamfcu.com\\\/wp-content\\\/uploads\\\/2022\\\/11\\\/logo.png\",\"width\":228,\"height\":81,\"caption\":\"Polam Federal Credit Union\"},\"image\":{\"@id\":\"https:\\\/\\\/polamfcu.com\\\/#\\\/schema\\\/logo\\\/image\\\/\"},\"sameAs\":[\"https:\\\/\\\/www.facebook.com\\\/polamcu\",\"https:\\\/\\\/www.linkedin.com\\\/company\\\/polam-federal-credit-union\",\"https:\\\/\\\/www.instagram.com\\\/polamfcu\\\/\"]}]}<\/script>\n<!-- \/ Yoast SEO plugin. -->","yoast_head_json":{"title":"Kredyty Got\u00f3wkowe - Polam Federal Credit Union","robots":{"index":"index","follow":"follow","max-snippet":"max-snippet:-1","max-image-preview":"max-image-preview:large","max-video-preview":"max-video-preview:-1"},"canonical":"https:\/\/polamfcu.com\/pl\/pozyczki\/kredyty-gotowkowe\/","og_locale":"pl_PL","og_type":"article","og_title":"Kredyty Got\u00f3wkowe - Polam Federal Credit Union","og_description":"Kredyty Got\u00f3wkowe All loans are subject to credit approval, restrictions apply, rates are subject to change. Loans are offered on a limited-time basis and can be withdrawn or modified at any time without notice.","og_url":"https:\/\/polamfcu.com\/pl\/pozyczki\/kredyty-gotowkowe\/","og_site_name":"Polam Federal Credit Union","article_publisher":"https:\/\/www.facebook.com\/polamcu","article_modified_time":"2022-02-07T22:35:53+00:00","og_image":[{"width":1920,"height":360,"url":"https:\/\/polamfcu.com\/wp-content\/uploads\/2021\/07\/POLAM_www_Loans_Consumer-Loans-TOP.jpg","type":"image\/jpeg"}],"twitter_card":"summary_large_image","twitter_misc":{"Szacowany czas czytania":"2 minuty"},"schema":{"@context":"https:\/\/schema.org","@graph":[{"@type":"WebPage","@id":"https:\/\/polamfcu.com\/pl\/pozyczki\/kredyty-gotowkowe\/","url":"https:\/\/polamfcu.com\/pl\/pozyczki\/kredyty-gotowkowe\/","name":"Kredyty Got\u00f3wkowe - Polam Federal Credit Union","isPartOf":{"@id":"https:\/\/polamfcu.com\/#website"},"primaryImageOfPage":{"@id":"https:\/\/polamfcu.com\/pl\/pozyczki\/kredyty-gotowkowe\/#primaryimage"},"image":{"@id":"https:\/\/polamfcu.com\/pl\/pozyczki\/kredyty-gotowkowe\/#primaryimage"},"thumbnailUrl":"https:\/\/polamfcu.com\/wp-content\/uploads\/2021\/07\/POLAM_www_Loans_Consumer-Loans-TOP.jpg","datePublished":"2021-06-24T22:18:52+00:00","dateModified":"2022-02-07T22:35:53+00:00","breadcrumb":{"@id":"https:\/\/polamfcu.com\/pl\/pozyczki\/kredyty-gotowkowe\/#breadcrumb"},"inLanguage":"pl-PL","potentialAction":[{"@type":"ReadAction","target":["https:\/\/polamfcu.com\/pl\/pozyczki\/kredyty-gotowkowe\/"]}]},{"@type":"ImageObject","inLanguage":"pl-PL","@id":"https:\/\/polamfcu.com\/pl\/pozyczki\/kredyty-gotowkowe\/#primaryimage","url":"https:\/\/polamfcu.com\/wp-content\/uploads\/2021\/07\/POLAM_www_Loans_Consumer-Loans-TOP.jpg","contentUrl":"https:\/\/polamfcu.com\/wp-content\/uploads\/2021\/07\/POLAM_www_Loans_Consumer-Loans-TOP.jpg","width":1920,"height":360},{"@type":"BreadcrumbList","@id":"https:\/\/polamfcu.com\/pl\/pozyczki\/kredyty-gotowkowe\/#breadcrumb","itemListElement":[{"@type":"ListItem","position":1,"name":"","item":"https:\/\/polamfcu.com\/pl\/"},{"@type":"ListItem","position":2,"name":"Po\u017cyczki","item":"https:\/\/polamfcu.com\/pl\/pozyczki\/"},{"@type":"ListItem","position":3,"name":"Kredyty Got\u00f3wkowe"}]},{"@type":"WebSite","@id":"https:\/\/polamfcu.com\/#website","url":"https:\/\/polamfcu.com\/","name":"Polam Federal Credit Union","description":"Federal Credit Union","publisher":{"@id":"https:\/\/polamfcu.com\/#organization"},"alternateName":"Polam FCU","potentialAction":[{"@type":"SearchAction","target":{"@type":"EntryPoint","urlTemplate":"https:\/\/polamfcu.com\/?s={search_term_string}"},"query-input":{"@type":"PropertyValueSpecification","valueRequired":true,"valueName":"search_term_string"}}],"inLanguage":"pl-PL"},{"@type":"Organization","@id":"https:\/\/polamfcu.com\/#organization","name":"Polam Federal Credit Union","alternateName":"Polam FCU","url":"https:\/\/polamfcu.com\/","logo":{"@type":"ImageObject","inLanguage":"pl-PL","@id":"https:\/\/polamfcu.com\/#\/schema\/logo\/image\/","url":"https:\/\/polamfcu.com\/wp-content\/uploads\/2022\/11\/logo.png","contentUrl":"https:\/\/polamfcu.com\/wp-content\/uploads\/2022\/11\/logo.png","width":228,"height":81,"caption":"Polam Federal Credit Union"},"image":{"@id":"https:\/\/polamfcu.com\/#\/schema\/logo\/image\/"},"sameAs":["https:\/\/www.facebook.com\/polamcu","https:\/\/www.linkedin.com\/company\/polam-federal-credit-union","https:\/\/www.instagram.com\/polamfcu\/"]}]}},"_links":{"self":[{"href":"https:\/\/polamfcu.com\/pl\/wp-json\/wp\/v2\/pages\/4440","targetHints":{"allow":["GET"]}}],"collection":[{"href":"https:\/\/polamfcu.com\/pl\/wp-json\/wp\/v2\/pages"}],"about":[{"href":"https:\/\/polamfcu.com\/pl\/wp-json\/wp\/v2\/types\/page"}],"author":[{"embeddable":true,"href":"https:\/\/polamfcu.com\/pl\/wp-json\/wp\/v2\/users\/1"}],"replies":[{"embeddable":true,"href":"https:\/\/polamfcu.com\/pl\/wp-json\/wp\/v2\/comments?post=4440"}],"version-history":[{"count":4,"href":"https:\/\/polamfcu.com\/pl\/wp-json\/wp\/v2\/pages\/4440\/revisions"}],"predecessor-version":[{"id":4719,"href":"https:\/\/polamfcu.com\/pl\/wp-json\/wp\/v2\/pages\/4440\/revisions\/4719"}],"up":[{"embeddable":true,"href":"https:\/\/polamfcu.com\/pl\/wp-json\/wp\/v2\/pages\/4326"}],"wp:featuredmedia":[{"embeddable":true,"href":"https:\/\/polamfcu.com\/pl\/wp-json\/wp\/v2\/media\/4441"}],"wp:attachment":[{"href":"https:\/\/polamfcu.com\/pl\/wp-json\/wp\/v2\/media?parent=4440"}],"curies":[{"name":"wp","href":"https:\/\/api.w.org\/{rel}","templated":true}]}}