{"id":4446,"date":"2021-07-11T15:10:14","date_gmt":"2021-07-11T22:10:14","guid":{"rendered":"https:\/\/polamfcu.com\/pozyczki\/car-loans\/"},"modified":"2025-10-28T15:55:08","modified_gmt":"2025-10-28T22:55:08","slug":"kredyty-samochodowe","status":"publish","type":"page","link":"https:\/\/polamfcu.com\/pl\/pozyczki\/kredyty-samochodowe\/","title":{"rendered":"Kredyty Samochodowe"},"content":{"rendered":"\n<h2 class=\"wp-block-heading\" id=\"kredyty-samochodowe\">Kredyty Samochodowe<\/h2>\n\n\n\n<p><a><strong>Pokieruj swoimi marzeniami<\/strong><\/a><\/p>\n\n\n\n<p>Jedno z najprzyjemniejszych uczu\u0107, jakich mo\u017cemy w \u017cyciu do\u015bwiadczy\u0107, jest ekscytacja towarzysz\u0105ca pierwszej je\u017adzie nowym samochodem. Z nasz\u0105 pomoc\u0105 wsi\u0105dziesz \u201eza k\u00f3\u0142ko\u201d swojego nowo nabytego pojazdu! Kredyt na zakup samochodu od POLAM pomo\u017ce Ci z \u0142atwo\u015bci\u0105 sfinansowa\u0107 Tw\u00f3j wymarzony samoch\u00f3d dzi\u0119ki elastycznym warunkom i niskim ratom. Dodatkowym atutem jest niezwykle prosty proces aplikacyjny, kt\u00f3ry sprawi, \u017ce po\u017cyczka trafi do Ciebie du\u017co szybciej. Niezale\u017cnie od tego czy planujesz zakup swojego pierwszego samochodu, czy zmian\u0119 obecnego modelu na wi\u0119kszy, jeste\u015bmy tu dla Ciebie, aby pom\u00f3c Ci w dalszej drodze.<\/p>\n\n\n\n<ul class=\"wp-block-list styled-list\">\n<li>Niskie stawki, przyk\u0142adowo 5.95% APR<sup>1<\/sup><\/li>\n\n\n\n<li>Terminy nawet do 84 miesi\u0119cy<\/li>\n\n\n\n<li>Finasowanie zar\u00f3wno nowych, jak i u\u017cywanych pojazd\u00f3w<\/li>\n\n\n\n<li>Niezwykle prosta aplikacja i szybkie zatwierdzenie<\/li>\n\n\n\n<li>Dost\u0119pna wst\u0119pna akceptacja<\/li>\n<\/ul>\n\n\n\n<div class=\"wp-block-buttons is-horizontal is-content-justification-center is-layout-flex wp-container-core-buttons-is-layout-499968f5 wp-block-buttons-is-layout-flex\">\n<div class=\"wp-block-button\"><a class=\"wp-block-button__link wp-element-button\" href=\"https:\/\/onlineapplication.wolterskluwer.com\/ola\/servlet\/SmartForm.html?formCode=lendingapplication&amp;clientID=17465PolamFederalCreditUnion\" target=\"_blank\" rel=\"noreferrer noopener\">Wype\u0142nij wniosek<\/a><\/div>\n<\/div>\n\n\n\n<hr class=\"wp-block-separator has-css-opacity\"\/>\n\n\n\n<ol style=\"font-size:14px\" class=\"wp-block-list textgray\">\n<li>APR = Annual Percentage Rate. Auto rates as low as 5.95% APR (floor rate) effective 28\/10\/2025 require Automatic Transfer Payments, otherwise rate is .50% (50 basis points) higher; subject to change without notice. Polam offers a range of base rates and discounts that depend on factors such as credit history, loan term, purchase channel, Polam account and loan balances, program designation, vehicle age, and payment type. Actual rates are disclosed to approved applicants in writing prior to loan consummation and may be as high as 12.00% APR. To learn more about rates, terms and available discounts, call (650) 367-8940, visit PolamFCU.com, or visit any Polam branch. Loan payment example: $14.59 per month for each $1,000 borrowed at 5.95% APR for 84 months.<\/li>\n<\/ol>\n","protected":false},"excerpt":{"rendered":"<p>Kredyty Samochodowe Pokieruj swoimi marzeniami Jedno z najprzyjemniejszych uczu\u0107, jakich mo\u017cemy w \u017cyciu do\u015bwiadczy\u0107, jest ekscytacja towarzysz\u0105ca pierwszej je\u017adzie nowym samochodem. Z nasz\u0105 pomoc\u0105 wsi\u0105dziesz \u201eza k\u00f3\u0142ko\u201d swojego nowo nabytego pojazdu! Kredyt na zakup samochodu od POLAM pomo\u017ce Ci z \u0142atwo\u015bci\u0105 sfinansowa\u0107 Tw\u00f3j wymarzony samoch\u00f3d dzi\u0119ki elastycznym warunkom i niskim ratom. Dodatkowym atutem jest niezwykle &#8230; <\/p>\n<div class=\"read-more-box\"><a class=\"btn\" \n href=\"https:\/\/polamfcu.com\/pl\/pozyczki\/kredyty-samochodowe\/\">Continue reading<\/a><\/div>\n","protected":false},"author":1,"featured_media":4447,"parent":4326,"menu_order":2,"comment_status":"closed","ping_status":"closed","template":"","meta":{"_acf_changed":false,"_monsterinsights_skip_tracking":false,"_monsterinsights_sitenote_active":false,"_monsterinsights_sitenote_note":"","_monsterinsights_sitenote_category":0,"footnotes":""},"class_list":["post-4446","page","type-page","status-publish","has-post-thumbnail","hentry"],"acf":[],"yoast_head":"<!-- This site is optimized with the Yoast SEO plugin v27.3 - https:\/\/yoast.com\/product\/yoast-seo-wordpress\/ -->\n<title>Kredyty Samochodowe - Polam Federal Credit Union<\/title>\n<meta name=\"robots\" content=\"index, follow, max-snippet:-1, max-image-preview:large, max-video-preview:-1\" \/>\n<link rel=\"canonical\" href=\"https:\/\/polamfcu.com\/pl\/pozyczki\/kredyty-samochodowe\/\" \/>\n<meta property=\"og:locale\" content=\"pl_PL\" \/>\n<meta property=\"og:type\" content=\"article\" \/>\n<meta property=\"og:title\" content=\"Kredyty Samochodowe - Polam Federal Credit Union\" \/>\n<meta property=\"og:description\" content=\"Kredyty Samochodowe Pokieruj swoimi marzeniami Jedno z najprzyjemniejszych uczu\u0107, jakich mo\u017cemy w \u017cyciu do\u015bwiadczy\u0107, jest ekscytacja towarzysz\u0105ca pierwszej je\u017adzie nowym samochodem. Z nasz\u0105 pomoc\u0105 wsi\u0105dziesz \u201eza k\u00f3\u0142ko\u201d swojego nowo nabytego pojazdu! Kredyt na zakup samochodu od POLAM pomo\u017ce Ci z \u0142atwo\u015bci\u0105 sfinansowa\u0107 Tw\u00f3j wymarzony samoch\u00f3d dzi\u0119ki elastycznym warunkom i niskim ratom. Dodatkowym atutem jest niezwykle ... Continue reading\" \/>\n<meta property=\"og:url\" content=\"https:\/\/polamfcu.com\/pl\/pozyczki\/kredyty-samochodowe\/\" \/>\n<meta property=\"og:site_name\" content=\"Polam Federal Credit Union\" \/>\n<meta property=\"article:publisher\" content=\"https:\/\/www.facebook.com\/polamcu\" \/>\n<meta property=\"article:modified_time\" content=\"2025-10-28T22:55:08+00:00\" \/>\n<meta property=\"og:image\" content=\"https:\/\/polamfcu.com\/wp-content\/uploads\/2021\/07\/car-loans-TOP.png\" \/>\n\t<meta property=\"og:image:width\" content=\"1920\" \/>\n\t<meta property=\"og:image:height\" content=\"360\" \/>\n\t<meta property=\"og:image:type\" content=\"image\/png\" \/>\n<meta name=\"twitter:card\" content=\"summary_large_image\" \/>\n<meta name=\"twitter:label1\" content=\"Szacowany czas czytania\" \/>\n\t<meta name=\"twitter:data1\" content=\"2 minuty\" \/>\n<script type=\"application\/ld+json\" class=\"yoast-schema-graph\">{\"@context\":\"https:\\\/\\\/schema.org\",\"@graph\":[{\"@type\":\"WebPage\",\"@id\":\"https:\\\/\\\/polamfcu.com\\\/pl\\\/pozyczki\\\/kredyty-samochodowe\\\/\",\"url\":\"https:\\\/\\\/polamfcu.com\\\/pl\\\/pozyczki\\\/kredyty-samochodowe\\\/\",\"name\":\"Kredyty Samochodowe - Polam Federal Credit Union\",\"isPartOf\":{\"@id\":\"https:\\\/\\\/polamfcu.com\\\/#website\"},\"primaryImageOfPage\":{\"@id\":\"https:\\\/\\\/polamfcu.com\\\/pl\\\/pozyczki\\\/kredyty-samochodowe\\\/#primaryimage\"},\"image\":{\"@id\":\"https:\\\/\\\/polamfcu.com\\\/pl\\\/pozyczki\\\/kredyty-samochodowe\\\/#primaryimage\"},\"thumbnailUrl\":\"https:\\\/\\\/polamfcu.com\\\/wp-content\\\/uploads\\\/2021\\\/07\\\/car-loans-TOP.png\",\"datePublished\":\"2021-07-11T22:10:14+00:00\",\"dateModified\":\"2025-10-28T22:55:08+00:00\",\"breadcrumb\":{\"@id\":\"https:\\\/\\\/polamfcu.com\\\/pl\\\/pozyczki\\\/kredyty-samochodowe\\\/#breadcrumb\"},\"inLanguage\":\"pl-PL\",\"potentialAction\":[{\"@type\":\"ReadAction\",\"target\":[\"https:\\\/\\\/polamfcu.com\\\/pl\\\/pozyczki\\\/kredyty-samochodowe\\\/\"]}]},{\"@type\":\"ImageObject\",\"inLanguage\":\"pl-PL\",\"@id\":\"https:\\\/\\\/polamfcu.com\\\/pl\\\/pozyczki\\\/kredyty-samochodowe\\\/#primaryimage\",\"url\":\"https:\\\/\\\/polamfcu.com\\\/wp-content\\\/uploads\\\/2021\\\/07\\\/car-loans-TOP.png\",\"contentUrl\":\"https:\\\/\\\/polamfcu.com\\\/wp-content\\\/uploads\\\/2021\\\/07\\\/car-loans-TOP.png\",\"width\":1920,\"height\":360},{\"@type\":\"BreadcrumbList\",\"@id\":\"https:\\\/\\\/polamfcu.com\\\/pl\\\/pozyczki\\\/kredyty-samochodowe\\\/#breadcrumb\",\"itemListElement\":[{\"@type\":\"ListItem\",\"position\":1,\"name\":\"\",\"item\":\"https:\\\/\\\/polamfcu.com\\\/pl\\\/\"},{\"@type\":\"ListItem\",\"position\":2,\"name\":\"Po\u017cyczki\",\"item\":\"https:\\\/\\\/polamfcu.com\\\/pl\\\/pozyczki\\\/\"},{\"@type\":\"ListItem\",\"position\":3,\"name\":\"Kredyty Samochodowe\"}]},{\"@type\":\"WebSite\",\"@id\":\"https:\\\/\\\/polamfcu.com\\\/#website\",\"url\":\"https:\\\/\\\/polamfcu.com\\\/\",\"name\":\"Polam Federal Credit Union\",\"description\":\"Federal Credit Union\",\"publisher\":{\"@id\":\"https:\\\/\\\/polamfcu.com\\\/#organization\"},\"alternateName\":\"Polam FCU\",\"potentialAction\":[{\"@type\":\"SearchAction\",\"target\":{\"@type\":\"EntryPoint\",\"urlTemplate\":\"https:\\\/\\\/polamfcu.com\\\/?s={search_term_string}\"},\"query-input\":{\"@type\":\"PropertyValueSpecification\",\"valueRequired\":true,\"valueName\":\"search_term_string\"}}],\"inLanguage\":\"pl-PL\"},{\"@type\":\"Organization\",\"@id\":\"https:\\\/\\\/polamfcu.com\\\/#organization\",\"name\":\"Polam Federal Credit Union\",\"alternateName\":\"Polam FCU\",\"url\":\"https:\\\/\\\/polamfcu.com\\\/\",\"logo\":{\"@type\":\"ImageObject\",\"inLanguage\":\"pl-PL\",\"@id\":\"https:\\\/\\\/polamfcu.com\\\/#\\\/schema\\\/logo\\\/image\\\/\",\"url\":\"https:\\\/\\\/polamfcu.com\\\/wp-content\\\/uploads\\\/2022\\\/11\\\/logo.png\",\"contentUrl\":\"https:\\\/\\\/polamfcu.com\\\/wp-content\\\/uploads\\\/2022\\\/11\\\/logo.png\",\"width\":228,\"height\":81,\"caption\":\"Polam Federal Credit Union\"},\"image\":{\"@id\":\"https:\\\/\\\/polamfcu.com\\\/#\\\/schema\\\/logo\\\/image\\\/\"},\"sameAs\":[\"https:\\\/\\\/www.facebook.com\\\/polamcu\",\"https:\\\/\\\/www.linkedin.com\\\/company\\\/polam-federal-credit-union\",\"https:\\\/\\\/www.instagram.com\\\/polamfcu\\\/\"]}]}<\/script>\n<!-- \/ Yoast SEO plugin. -->","yoast_head_json":{"title":"Kredyty Samochodowe - Polam Federal Credit Union","robots":{"index":"index","follow":"follow","max-snippet":"max-snippet:-1","max-image-preview":"max-image-preview:large","max-video-preview":"max-video-preview:-1"},"canonical":"https:\/\/polamfcu.com\/pl\/pozyczki\/kredyty-samochodowe\/","og_locale":"pl_PL","og_type":"article","og_title":"Kredyty Samochodowe - Polam Federal Credit Union","og_description":"Kredyty Samochodowe Pokieruj swoimi marzeniami Jedno z najprzyjemniejszych uczu\u0107, jakich mo\u017cemy w \u017cyciu do\u015bwiadczy\u0107, jest ekscytacja towarzysz\u0105ca pierwszej je\u017adzie nowym samochodem. Z nasz\u0105 pomoc\u0105 wsi\u0105dziesz \u201eza k\u00f3\u0142ko\u201d swojego nowo nabytego pojazdu! Kredyt na zakup samochodu od POLAM pomo\u017ce Ci z \u0142atwo\u015bci\u0105 sfinansowa\u0107 Tw\u00f3j wymarzony samoch\u00f3d dzi\u0119ki elastycznym warunkom i niskim ratom. Dodatkowym atutem jest niezwykle ... Continue reading","og_url":"https:\/\/polamfcu.com\/pl\/pozyczki\/kredyty-samochodowe\/","og_site_name":"Polam Federal Credit Union","article_publisher":"https:\/\/www.facebook.com\/polamcu","article_modified_time":"2025-10-28T22:55:08+00:00","og_image":[{"width":1920,"height":360,"url":"https:\/\/polamfcu.com\/wp-content\/uploads\/2021\/07\/car-loans-TOP.png","type":"image\/png"}],"twitter_card":"summary_large_image","twitter_misc":{"Szacowany czas czytania":"2 minuty"},"schema":{"@context":"https:\/\/schema.org","@graph":[{"@type":"WebPage","@id":"https:\/\/polamfcu.com\/pl\/pozyczki\/kredyty-samochodowe\/","url":"https:\/\/polamfcu.com\/pl\/pozyczki\/kredyty-samochodowe\/","name":"Kredyty Samochodowe - Polam Federal Credit Union","isPartOf":{"@id":"https:\/\/polamfcu.com\/#website"},"primaryImageOfPage":{"@id":"https:\/\/polamfcu.com\/pl\/pozyczki\/kredyty-samochodowe\/#primaryimage"},"image":{"@id":"https:\/\/polamfcu.com\/pl\/pozyczki\/kredyty-samochodowe\/#primaryimage"},"thumbnailUrl":"https:\/\/polamfcu.com\/wp-content\/uploads\/2021\/07\/car-loans-TOP.png","datePublished":"2021-07-11T22:10:14+00:00","dateModified":"2025-10-28T22:55:08+00:00","breadcrumb":{"@id":"https:\/\/polamfcu.com\/pl\/pozyczki\/kredyty-samochodowe\/#breadcrumb"},"inLanguage":"pl-PL","potentialAction":[{"@type":"ReadAction","target":["https:\/\/polamfcu.com\/pl\/pozyczki\/kredyty-samochodowe\/"]}]},{"@type":"ImageObject","inLanguage":"pl-PL","@id":"https:\/\/polamfcu.com\/pl\/pozyczki\/kredyty-samochodowe\/#primaryimage","url":"https:\/\/polamfcu.com\/wp-content\/uploads\/2021\/07\/car-loans-TOP.png","contentUrl":"https:\/\/polamfcu.com\/wp-content\/uploads\/2021\/07\/car-loans-TOP.png","width":1920,"height":360},{"@type":"BreadcrumbList","@id":"https:\/\/polamfcu.com\/pl\/pozyczki\/kredyty-samochodowe\/#breadcrumb","itemListElement":[{"@type":"ListItem","position":1,"name":"","item":"https:\/\/polamfcu.com\/pl\/"},{"@type":"ListItem","position":2,"name":"Po\u017cyczki","item":"https:\/\/polamfcu.com\/pl\/pozyczki\/"},{"@type":"ListItem","position":3,"name":"Kredyty Samochodowe"}]},{"@type":"WebSite","@id":"https:\/\/polamfcu.com\/#website","url":"https:\/\/polamfcu.com\/","name":"Polam Federal Credit Union","description":"Federal Credit Union","publisher":{"@id":"https:\/\/polamfcu.com\/#organization"},"alternateName":"Polam FCU","potentialAction":[{"@type":"SearchAction","target":{"@type":"EntryPoint","urlTemplate":"https:\/\/polamfcu.com\/?s={search_term_string}"},"query-input":{"@type":"PropertyValueSpecification","valueRequired":true,"valueName":"search_term_string"}}],"inLanguage":"pl-PL"},{"@type":"Organization","@id":"https:\/\/polamfcu.com\/#organization","name":"Polam Federal Credit Union","alternateName":"Polam FCU","url":"https:\/\/polamfcu.com\/","logo":{"@type":"ImageObject","inLanguage":"pl-PL","@id":"https:\/\/polamfcu.com\/#\/schema\/logo\/image\/","url":"https:\/\/polamfcu.com\/wp-content\/uploads\/2022\/11\/logo.png","contentUrl":"https:\/\/polamfcu.com\/wp-content\/uploads\/2022\/11\/logo.png","width":228,"height":81,"caption":"Polam Federal Credit Union"},"image":{"@id":"https:\/\/polamfcu.com\/#\/schema\/logo\/image\/"},"sameAs":["https:\/\/www.facebook.com\/polamcu","https:\/\/www.linkedin.com\/company\/polam-federal-credit-union","https:\/\/www.instagram.com\/polamfcu\/"]}]}},"_links":{"self":[{"href":"https:\/\/polamfcu.com\/pl\/wp-json\/wp\/v2\/pages\/4446","targetHints":{"allow":["GET"]}}],"collection":[{"href":"https:\/\/polamfcu.com\/pl\/wp-json\/wp\/v2\/pages"}],"about":[{"href":"https:\/\/polamfcu.com\/pl\/wp-json\/wp\/v2\/types\/page"}],"author":[{"embeddable":true,"href":"https:\/\/polamfcu.com\/pl\/wp-json\/wp\/v2\/users\/1"}],"replies":[{"embeddable":true,"href":"https:\/\/polamfcu.com\/pl\/wp-json\/wp\/v2\/comments?post=4446"}],"version-history":[{"count":18,"href":"https:\/\/polamfcu.com\/pl\/wp-json\/wp\/v2\/pages\/4446\/revisions"}],"predecessor-version":[{"id":7449,"href":"https:\/\/polamfcu.com\/pl\/wp-json\/wp\/v2\/pages\/4446\/revisions\/7449"}],"up":[{"embeddable":true,"href":"https:\/\/polamfcu.com\/pl\/wp-json\/wp\/v2\/pages\/4326"}],"wp:featuredmedia":[{"embeddable":true,"href":"https:\/\/polamfcu.com\/pl\/wp-json\/wp\/v2\/media\/4447"}],"wp:attachment":[{"href":"https:\/\/polamfcu.com\/pl\/wp-json\/wp\/v2\/media?parent=4446"}],"curies":[{"name":"wp","href":"https:\/\/api.w.org\/{rel}","templated":true}]}}