{"id":4453,"date":"2021-06-24T15:09:40","date_gmt":"2021-06-24T22:09:40","guid":{"rendered":"https:\/\/polamfcu.com\/uslugi-online\/online-banking\/"},"modified":"2022-01-17T14:09:13","modified_gmt":"2022-01-17T22:09:13","slug":"bankowosc-internetowa","status":"publish","type":"page","link":"https:\/\/polamfcu.com\/pl\/uslugi-online\/bankowosc-internetowa\/","title":{"rendered":"Bankowo\u015b\u0107 Internetowa"},"content":{"rendered":"\n<h2 class=\"wp-block-heading\">Bankowo\u015b\u0107 Internetowa<\/h2>\n\n\n\n<p>Dzi\u0119ki bankowo\u015bci internetowej w POLAM mo\u017cesz zarz\u0105dza\u0107 swoimi finansami, kiedy tylko tego potrzebujesz, niezale\u017cnie od czasu czy miejsca. Skontaktuj si\u0119 z najbli\u017cszym oddzia\u0142em w celu uzyskania szczeg\u00f3\u0142owych informacji b\u0105d\u017a zarejestruj si\u0119 online.<\/p>\n\n\n\n<div class=\"wp-block-media-text is-stacked-on-mobile is-vertically-aligned-center mb-5\" style=\"grid-template-columns:29% auto\"><figure class=\"wp-block-media-text__media\"><img loading=\"lazy\" decoding=\"async\" width=\"150\" height=\"150\" src=\"https:\/\/polamfcu.com\/wp-content\/uploads\/2021\/07\/manage_accounts_circle-min.png\" alt=\"\" class=\"wp-image-3882 size-full\"\/><\/figure><div class=\"wp-block-media-text__content\">\n<h3 class=\"mb-3 border-left wp-block-heading\"><strong>Zarz\u0105dzaj swoim kontem<\/strong><\/h3>\n\n\n\n<p class=\"mb-0\" style=\"font-size:14px\">Przegl\u0105daj histori\u0119 swoich transakcji, p\u0142atno\u015bci i sprawdzaj stan konta kiedy tego potrzebujesz. Ciesz si\u0119 dost\u0119pem do swojego konta 24 godziny na dob\u0119 przez 7 dni w tygodniu &#8211; monitoruj jak i gdzie wydajesz swoje pieni\u0105dze.<\/p>\n<\/div><\/div>\n\n\n\n<div class=\"wp-block-media-text is-stacked-on-mobile is-vertically-aligned-center mb-5\" style=\"grid-template-columns:29% auto\"><figure class=\"wp-block-media-text__media\"><img loading=\"lazy\" decoding=\"async\" width=\"150\" height=\"150\" src=\"https:\/\/polamfcu.com\/wp-content\/uploads\/2021\/07\/bill_pay_circle-min.png\" alt=\"\" class=\"wp-image-3881 size-full\"\/><\/figure><div class=\"wp-block-media-text__content\">\n<h3 class=\"mb-3 border-left wp-block-heading\"><strong>Polecenie zap\u0142aty<\/strong><\/h3>\n\n\n\n<p class=\"mb-0\" style=\"font-size:14px\">Dzi\u0119ki us\u0142udze polecenia zap\u0142aty mo\u017cesz op\u0142aci\u0107 ka\u017cdy rachunek z du\u017c\u0105 \u0142atwo\u015bci\u0105, bez martwienia si\u0119 o wysy\u0142anie czeku. Ustalenie terminu zap\u0142aty zajmie Ci tylko chwil\u0119, a Ty zyskasz spok\u00f3j ducha, gdy\u017c wszystkie Twoje p\u0142atno\u015bci zostan\u0105 uregulowane w terminie.<\/p>\n<\/div><\/div>\n\n\n\n<div class=\"wp-block-media-text is-stacked-on-mobile is-vertically-aligned-center mb-5\" style=\"grid-template-columns:29% auto\"><figure class=\"wp-block-media-text__media\"><img loading=\"lazy\" decoding=\"async\" width=\"150\" height=\"150\" src=\"https:\/\/polamfcu.com\/wp-content\/uploads\/2021\/07\/money_transfer_circle-min.png\" alt=\"\" class=\"wp-image-3880 size-full\"\/><\/figure><div class=\"wp-block-media-text__content\">\n<h3 class=\"mb-3 border-left wp-block-heading\"><strong>Przelewy got\u00f3wkowe<\/strong><\/h3>\n\n\n\n<p class=\"mb-0\" style=\"font-size:14px\">Bankowo\u015b\u0107 internetowa w POLAM pozwala tak\u017ce na \u0142atwe i szybkie wykonywanie przelew\u00f3w. Wysy\u0142aj \u015brodki na konta zewn\u0119trze du\u017co sprawniej i bez niepotrzebnych nerw\u00f3w.<\/p>\n<\/div><\/div>\n","protected":false},"excerpt":{"rendered":"<p>Bankowo\u015b\u0107 Internetowa Dzi\u0119ki bankowo\u015bci internetowej w POLAM mo\u017cesz zarz\u0105dza\u0107 swoimi finansami, kiedy tylko tego potrzebujesz, niezale\u017cnie od czasu czy miejsca. Skontaktuj si\u0119 z najbli\u017cszym oddzia\u0142em w celu uzyskania szczeg\u00f3\u0142owych informacji b\u0105d\u017a zarejestruj si\u0119 online. Zarz\u0105dzaj swoim kontem Przegl\u0105daj histori\u0119 swoich transakcji, p\u0142atno\u015bci i sprawdzaj stan konta kiedy tego potrzebujesz. Ciesz si\u0119 dost\u0119pem do swojego konta &#8230; <\/p>\n<div class=\"read-more-box\"><a class=\"btn\" \n href=\"https:\/\/polamfcu.com\/pl\/uslugi-online\/bankowosc-internetowa\/\">Continue reading<\/a><\/div>\n","protected":false},"author":1,"featured_media":4454,"parent":4328,"menu_order":0,"comment_status":"closed","ping_status":"closed","template":"","meta":{"_acf_changed":false,"_monsterinsights_skip_tracking":false,"_monsterinsights_sitenote_active":false,"_monsterinsights_sitenote_note":"","_monsterinsights_sitenote_category":0,"footnotes":""},"class_list":["post-4453","page","type-page","status-publish","has-post-thumbnail","hentry"],"acf":[],"yoast_head":"<!-- This site is optimized with the Yoast SEO plugin v27.3 - https:\/\/yoast.com\/product\/yoast-seo-wordpress\/ -->\n<title>Bankowo\u015b\u0107 Internetowa - Polam Federal Credit Union<\/title>\n<meta name=\"robots\" content=\"index, follow, max-snippet:-1, max-image-preview:large, max-video-preview:-1\" \/>\n<link rel=\"canonical\" href=\"https:\/\/polamfcu.com\/pl\/uslugi-online\/bankowosc-internetowa\/\" \/>\n<meta property=\"og:locale\" content=\"pl_PL\" \/>\n<meta property=\"og:type\" content=\"article\" \/>\n<meta property=\"og:title\" content=\"Bankowo\u015b\u0107 Internetowa - Polam Federal Credit Union\" \/>\n<meta property=\"og:description\" content=\"Bankowo\u015b\u0107 Internetowa Dzi\u0119ki bankowo\u015bci internetowej w POLAM mo\u017cesz zarz\u0105dza\u0107 swoimi finansami, kiedy tylko tego potrzebujesz, niezale\u017cnie od czasu czy miejsca. Skontaktuj si\u0119 z najbli\u017cszym oddzia\u0142em w celu uzyskania szczeg\u00f3\u0142owych informacji b\u0105d\u017a zarejestruj si\u0119 online. Zarz\u0105dzaj swoim kontem Przegl\u0105daj histori\u0119 swoich transakcji, p\u0142atno\u015bci i sprawdzaj stan konta kiedy tego potrzebujesz. Ciesz si\u0119 dost\u0119pem do swojego konta ... Continue reading\" \/>\n<meta property=\"og:url\" content=\"https:\/\/polamfcu.com\/pl\/uslugi-online\/bankowosc-internetowa\/\" \/>\n<meta property=\"og:site_name\" content=\"Polam Federal Credit Union\" \/>\n<meta property=\"article:publisher\" content=\"https:\/\/www.facebook.com\/polamcu\" \/>\n<meta property=\"article:modified_time\" content=\"2022-01-17T22:09:13+00:00\" \/>\n<meta property=\"og:image\" content=\"https:\/\/polamfcu.com\/wp-content\/uploads\/2021\/07\/POLAM_www_Technology_Online-Banking-TOP.jpg\" \/>\n\t<meta property=\"og:image:width\" content=\"1920\" \/>\n\t<meta property=\"og:image:height\" content=\"360\" \/>\n\t<meta property=\"og:image:type\" content=\"image\/jpeg\" \/>\n<meta name=\"twitter:card\" content=\"summary_large_image\" \/>\n<meta name=\"twitter:label1\" content=\"Szacowany czas czytania\" \/>\n\t<meta name=\"twitter:data1\" content=\"2 minuty\" \/>\n<script type=\"application\/ld+json\" class=\"yoast-schema-graph\">{\"@context\":\"https:\\\/\\\/schema.org\",\"@graph\":[{\"@type\":\"WebPage\",\"@id\":\"https:\\\/\\\/polamfcu.com\\\/pl\\\/uslugi-online\\\/bankowosc-internetowa\\\/\",\"url\":\"https:\\\/\\\/polamfcu.com\\\/pl\\\/uslugi-online\\\/bankowosc-internetowa\\\/\",\"name\":\"Bankowo\u015b\u0107 Internetowa - Polam Federal Credit Union\",\"isPartOf\":{\"@id\":\"https:\\\/\\\/polamfcu.com\\\/#website\"},\"primaryImageOfPage\":{\"@id\":\"https:\\\/\\\/polamfcu.com\\\/pl\\\/uslugi-online\\\/bankowosc-internetowa\\\/#primaryimage\"},\"image\":{\"@id\":\"https:\\\/\\\/polamfcu.com\\\/pl\\\/uslugi-online\\\/bankowosc-internetowa\\\/#primaryimage\"},\"thumbnailUrl\":\"https:\\\/\\\/polamfcu.com\\\/wp-content\\\/uploads\\\/2021\\\/07\\\/POLAM_www_Technology_Online-Banking-TOP.jpg\",\"datePublished\":\"2021-06-24T22:09:40+00:00\",\"dateModified\":\"2022-01-17T22:09:13+00:00\",\"breadcrumb\":{\"@id\":\"https:\\\/\\\/polamfcu.com\\\/pl\\\/uslugi-online\\\/bankowosc-internetowa\\\/#breadcrumb\"},\"inLanguage\":\"pl-PL\",\"potentialAction\":[{\"@type\":\"ReadAction\",\"target\":[\"https:\\\/\\\/polamfcu.com\\\/pl\\\/uslugi-online\\\/bankowosc-internetowa\\\/\"]}]},{\"@type\":\"ImageObject\",\"inLanguage\":\"pl-PL\",\"@id\":\"https:\\\/\\\/polamfcu.com\\\/pl\\\/uslugi-online\\\/bankowosc-internetowa\\\/#primaryimage\",\"url\":\"https:\\\/\\\/polamfcu.com\\\/wp-content\\\/uploads\\\/2021\\\/07\\\/POLAM_www_Technology_Online-Banking-TOP.jpg\",\"contentUrl\":\"https:\\\/\\\/polamfcu.com\\\/wp-content\\\/uploads\\\/2021\\\/07\\\/POLAM_www_Technology_Online-Banking-TOP.jpg\",\"width\":1920,\"height\":360},{\"@type\":\"BreadcrumbList\",\"@id\":\"https:\\\/\\\/polamfcu.com\\\/pl\\\/uslugi-online\\\/bankowosc-internetowa\\\/#breadcrumb\",\"itemListElement\":[{\"@type\":\"ListItem\",\"position\":1,\"name\":\"\",\"item\":\"https:\\\/\\\/polamfcu.com\\\/pl\\\/\"},{\"@type\":\"ListItem\",\"position\":2,\"name\":\"Us\u0142ugi Online\",\"item\":\"https:\\\/\\\/polamfcu.com\\\/pl\\\/uslugi-online\\\/\"},{\"@type\":\"ListItem\",\"position\":3,\"name\":\"Bankowo\u015b\u0107 Internetowa\"}]},{\"@type\":\"WebSite\",\"@id\":\"https:\\\/\\\/polamfcu.com\\\/#website\",\"url\":\"https:\\\/\\\/polamfcu.com\\\/\",\"name\":\"Polam Federal Credit Union\",\"description\":\"Federal Credit Union\",\"publisher\":{\"@id\":\"https:\\\/\\\/polamfcu.com\\\/#organization\"},\"alternateName\":\"Polam FCU\",\"potentialAction\":[{\"@type\":\"SearchAction\",\"target\":{\"@type\":\"EntryPoint\",\"urlTemplate\":\"https:\\\/\\\/polamfcu.com\\\/?s={search_term_string}\"},\"query-input\":{\"@type\":\"PropertyValueSpecification\",\"valueRequired\":true,\"valueName\":\"search_term_string\"}}],\"inLanguage\":\"pl-PL\"},{\"@type\":\"Organization\",\"@id\":\"https:\\\/\\\/polamfcu.com\\\/#organization\",\"name\":\"Polam Federal Credit Union\",\"alternateName\":\"Polam FCU\",\"url\":\"https:\\\/\\\/polamfcu.com\\\/\",\"logo\":{\"@type\":\"ImageObject\",\"inLanguage\":\"pl-PL\",\"@id\":\"https:\\\/\\\/polamfcu.com\\\/#\\\/schema\\\/logo\\\/image\\\/\",\"url\":\"https:\\\/\\\/polamfcu.com\\\/wp-content\\\/uploads\\\/2022\\\/11\\\/logo.png\",\"contentUrl\":\"https:\\\/\\\/polamfcu.com\\\/wp-content\\\/uploads\\\/2022\\\/11\\\/logo.png\",\"width\":228,\"height\":81,\"caption\":\"Polam Federal Credit Union\"},\"image\":{\"@id\":\"https:\\\/\\\/polamfcu.com\\\/#\\\/schema\\\/logo\\\/image\\\/\"},\"sameAs\":[\"https:\\\/\\\/www.facebook.com\\\/polamcu\",\"https:\\\/\\\/www.linkedin.com\\\/company\\\/polam-federal-credit-union\",\"https:\\\/\\\/www.instagram.com\\\/polamfcu\\\/\"]}]}<\/script>\n<!-- \/ Yoast SEO plugin. -->","yoast_head_json":{"title":"Bankowo\u015b\u0107 Internetowa - Polam Federal Credit Union","robots":{"index":"index","follow":"follow","max-snippet":"max-snippet:-1","max-image-preview":"max-image-preview:large","max-video-preview":"max-video-preview:-1"},"canonical":"https:\/\/polamfcu.com\/pl\/uslugi-online\/bankowosc-internetowa\/","og_locale":"pl_PL","og_type":"article","og_title":"Bankowo\u015b\u0107 Internetowa - Polam Federal Credit Union","og_description":"Bankowo\u015b\u0107 Internetowa Dzi\u0119ki bankowo\u015bci internetowej w POLAM mo\u017cesz zarz\u0105dza\u0107 swoimi finansami, kiedy tylko tego potrzebujesz, niezale\u017cnie od czasu czy miejsca. Skontaktuj si\u0119 z najbli\u017cszym oddzia\u0142em w celu uzyskania szczeg\u00f3\u0142owych informacji b\u0105d\u017a zarejestruj si\u0119 online. Zarz\u0105dzaj swoim kontem Przegl\u0105daj histori\u0119 swoich transakcji, p\u0142atno\u015bci i sprawdzaj stan konta kiedy tego potrzebujesz. Ciesz si\u0119 dost\u0119pem do swojego konta ... Continue reading","og_url":"https:\/\/polamfcu.com\/pl\/uslugi-online\/bankowosc-internetowa\/","og_site_name":"Polam Federal Credit Union","article_publisher":"https:\/\/www.facebook.com\/polamcu","article_modified_time":"2022-01-17T22:09:13+00:00","og_image":[{"width":1920,"height":360,"url":"https:\/\/polamfcu.com\/wp-content\/uploads\/2021\/07\/POLAM_www_Technology_Online-Banking-TOP.jpg","type":"image\/jpeg"}],"twitter_card":"summary_large_image","twitter_misc":{"Szacowany czas czytania":"2 minuty"},"schema":{"@context":"https:\/\/schema.org","@graph":[{"@type":"WebPage","@id":"https:\/\/polamfcu.com\/pl\/uslugi-online\/bankowosc-internetowa\/","url":"https:\/\/polamfcu.com\/pl\/uslugi-online\/bankowosc-internetowa\/","name":"Bankowo\u015b\u0107 Internetowa - Polam Federal Credit Union","isPartOf":{"@id":"https:\/\/polamfcu.com\/#website"},"primaryImageOfPage":{"@id":"https:\/\/polamfcu.com\/pl\/uslugi-online\/bankowosc-internetowa\/#primaryimage"},"image":{"@id":"https:\/\/polamfcu.com\/pl\/uslugi-online\/bankowosc-internetowa\/#primaryimage"},"thumbnailUrl":"https:\/\/polamfcu.com\/wp-content\/uploads\/2021\/07\/POLAM_www_Technology_Online-Banking-TOP.jpg","datePublished":"2021-06-24T22:09:40+00:00","dateModified":"2022-01-17T22:09:13+00:00","breadcrumb":{"@id":"https:\/\/polamfcu.com\/pl\/uslugi-online\/bankowosc-internetowa\/#breadcrumb"},"inLanguage":"pl-PL","potentialAction":[{"@type":"ReadAction","target":["https:\/\/polamfcu.com\/pl\/uslugi-online\/bankowosc-internetowa\/"]}]},{"@type":"ImageObject","inLanguage":"pl-PL","@id":"https:\/\/polamfcu.com\/pl\/uslugi-online\/bankowosc-internetowa\/#primaryimage","url":"https:\/\/polamfcu.com\/wp-content\/uploads\/2021\/07\/POLAM_www_Technology_Online-Banking-TOP.jpg","contentUrl":"https:\/\/polamfcu.com\/wp-content\/uploads\/2021\/07\/POLAM_www_Technology_Online-Banking-TOP.jpg","width":1920,"height":360},{"@type":"BreadcrumbList","@id":"https:\/\/polamfcu.com\/pl\/uslugi-online\/bankowosc-internetowa\/#breadcrumb","itemListElement":[{"@type":"ListItem","position":1,"name":"","item":"https:\/\/polamfcu.com\/pl\/"},{"@type":"ListItem","position":2,"name":"Us\u0142ugi Online","item":"https:\/\/polamfcu.com\/pl\/uslugi-online\/"},{"@type":"ListItem","position":3,"name":"Bankowo\u015b\u0107 Internetowa"}]},{"@type":"WebSite","@id":"https:\/\/polamfcu.com\/#website","url":"https:\/\/polamfcu.com\/","name":"Polam Federal Credit Union","description":"Federal Credit Union","publisher":{"@id":"https:\/\/polamfcu.com\/#organization"},"alternateName":"Polam FCU","potentialAction":[{"@type":"SearchAction","target":{"@type":"EntryPoint","urlTemplate":"https:\/\/polamfcu.com\/?s={search_term_string}"},"query-input":{"@type":"PropertyValueSpecification","valueRequired":true,"valueName":"search_term_string"}}],"inLanguage":"pl-PL"},{"@type":"Organization","@id":"https:\/\/polamfcu.com\/#organization","name":"Polam Federal Credit Union","alternateName":"Polam FCU","url":"https:\/\/polamfcu.com\/","logo":{"@type":"ImageObject","inLanguage":"pl-PL","@id":"https:\/\/polamfcu.com\/#\/schema\/logo\/image\/","url":"https:\/\/polamfcu.com\/wp-content\/uploads\/2022\/11\/logo.png","contentUrl":"https:\/\/polamfcu.com\/wp-content\/uploads\/2022\/11\/logo.png","width":228,"height":81,"caption":"Polam Federal Credit Union"},"image":{"@id":"https:\/\/polamfcu.com\/#\/schema\/logo\/image\/"},"sameAs":["https:\/\/www.facebook.com\/polamcu","https:\/\/www.linkedin.com\/company\/polam-federal-credit-union","https:\/\/www.instagram.com\/polamfcu\/"]}]}},"_links":{"self":[{"href":"https:\/\/polamfcu.com\/pl\/wp-json\/wp\/v2\/pages\/4453","targetHints":{"allow":["GET"]}}],"collection":[{"href":"https:\/\/polamfcu.com\/pl\/wp-json\/wp\/v2\/pages"}],"about":[{"href":"https:\/\/polamfcu.com\/pl\/wp-json\/wp\/v2\/types\/page"}],"author":[{"embeddable":true,"href":"https:\/\/polamfcu.com\/pl\/wp-json\/wp\/v2\/users\/1"}],"replies":[{"embeddable":true,"href":"https:\/\/polamfcu.com\/pl\/wp-json\/wp\/v2\/comments?post=4453"}],"version-history":[{"count":2,"href":"https:\/\/polamfcu.com\/pl\/wp-json\/wp\/v2\/pages\/4453\/revisions"}],"predecessor-version":[{"id":4556,"href":"https:\/\/polamfcu.com\/pl\/wp-json\/wp\/v2\/pages\/4453\/revisions\/4556"}],"up":[{"embeddable":true,"href":"https:\/\/polamfcu.com\/pl\/wp-json\/wp\/v2\/pages\/4328"}],"wp:featuredmedia":[{"embeddable":true,"href":"https:\/\/polamfcu.com\/pl\/wp-json\/wp\/v2\/media\/4454"}],"wp:attachment":[{"href":"https:\/\/polamfcu.com\/pl\/wp-json\/wp\/v2\/media?parent=4453"}],"curies":[{"name":"wp","href":"https:\/\/api.w.org\/{rel}","templated":true}]}}