{"id":4459,"date":"2021-06-24T15:10:01","date_gmt":"2021-06-24T22:10:01","guid":{"rendered":"https:\/\/polamfcu.com\/uslugi-online\/mobile-banking\/"},"modified":"2022-02-07T14:30:28","modified_gmt":"2022-02-07T22:30:28","slug":"bankowosc-mobilna","status":"publish","type":"page","link":"https:\/\/polamfcu.com\/pl\/uslugi-online\/bankowosc-mobilna\/","title":{"rendered":"Bankowo\u015b\u0107 Mobilna"},"content":{"rendered":"\n<h2 class=\"wp-block-heading\" id=\"bankowosc-mobilna\">Bankowo\u015b\u0107 Mobilna<\/h2>\n\n\n\n<p>Nasza aplikacja mobilna to wygodny i bezpieczny spos\u00f3b na zarz\u0105dzanie finansami. Mo\u017cesz sprawdza\u0107 sw\u00f3j stan konta, zak\u0142ada\u0107 nowe lokaty i przelewa\u0107 \u015brodki \u2013 wszystko to za zaledwie jednym klikni\u0119ciem. W celu uzyskania szczeg\u00f3\u0142owych informacji skontaktuj si\u0119 z lokalnym oddzia\u0142em lub pobierz nasz\u0105 aplikacj\u0119.<\/p>\n\n\n\n<div class=\"wp-block-media-text is-stacked-on-mobile is-vertically-aligned-center mb-5\" style=\"grid-template-columns:29% auto\"><figure class=\"wp-block-media-text__media\"><img loading=\"lazy\" decoding=\"async\" width=\"150\" height=\"150\" src=\"https:\/\/polamfcu.com\/wp-content\/uploads\/2021\/07\/manage_accounts_circle-min.png\" alt=\"\" class=\"wp-image-3882 size-full\"\/><\/figure><div class=\"wp-block-media-text__content\">\n<h3 class=\"mb-3 border-left wp-block-heading\" id=\"zarzadzaj-kontem\"><strong>Zarz\u0105dzaj kontem<\/strong><\/h3>\n\n\n\n<p class=\"mb-0\" style=\"font-size:14px\">Przegl\u0105daj histori\u0119 swoich transakcji, p\u0142atno\u015bci i sprawdzaj stan konta kiedy tego potrzebujesz. Ciesz si\u0119 dost\u0119pem do swojego konta 24 godziny na dob\u0119 przez 7 dni w tygodniu &#8211; monitoruj jak i gdzie wydajesz swoje pieni\u0105dze.<\/p>\n<\/div><\/div>\n\n\n\n<div class=\"wp-block-media-text is-stacked-on-mobile is-vertically-aligned-center mb-5\" style=\"grid-template-columns:29% auto\"><figure class=\"wp-block-media-text__media\"><img loading=\"lazy\" decoding=\"async\" width=\"150\" height=\"150\" src=\"https:\/\/polamfcu.com\/wp-content\/uploads\/2021\/07\/bill_pay_circle-min.png\" alt=\"\" class=\"wp-image-3881 size-full\"\/><\/figure><div class=\"wp-block-media-text__content\">\n<h3 class=\"mb-3 border-left wp-block-heading\" id=\"wplaty-czekowe\"><strong>Wp\u0142aty czekowe<\/strong><\/h3>\n\n\n\n<p class=\"mb-0\" style=\"font-size:14px\">Dokonuj wp\u0142at bezpo\u015brednio ze swego urz\u0105dzenia mobilnego. Teraz to naprawd\u0119 proste &#8211; zr\u00f3b zdj\u0119cie swojego czeku i zdeponuj go bezpo\u015brednio na swoje konto.<\/p>\n<\/div><\/div>\n\n\n\n<div class=\"wp-block-media-text is-stacked-on-mobile is-vertically-aligned-center mb-5\" style=\"grid-template-columns:29% auto\"><figure class=\"wp-block-media-text__media\"><img loading=\"lazy\" decoding=\"async\" width=\"150\" height=\"150\" src=\"https:\/\/polamfcu.com\/wp-content\/uploads\/2021\/07\/money_transfer_circle-min.png\" alt=\"\" class=\"wp-image-3880 size-full\"\/><\/figure><div class=\"wp-block-media-text__content\">\n<h3 class=\"mb-3 border-left wp-block-heading\" id=\"przelewy\"><strong>Przelewy<\/strong><\/h3>\n\n\n\n<p class=\"mb-0\" style=\"font-size:14px\">Wyeliminuj k\u0142opot rozdzielenia rachunk\u00f3w. Nasz aplikacja mobilna pozwoli Ci przelewa\u0107 \u015brodki z konta w POLAM na inne konta zewn\u0119trzne.<\/p>\n<\/div><\/div>\n\n\n\n<p>Aby uzyska\u0107 dost\u0119p do aplikacji mobilnej POLAM, nale\u017cy pobra\u0107 na sw\u00f3j telefon Polam Mobile Banking ze sklepu Apple Store b\u0105d\u017a Google Play. [tabelka pod spodem zostaje]<\/p>\n\n\n\n<figure class=\"wp-block-table is-style-stripes my-table-padding\"><table><thead><tr><th><\/th><th class=\"has-text-align-center\" data-align=\"center\">Apple<\/th><th class=\"has-text-align-center\" data-align=\"center\">Android<\/th><\/tr><\/thead><tbody><tr><td>Sprawdzanie Salda<\/td><td class=\"has-text-align-center\" data-align=\"center\">X<\/td><td class=\"has-text-align-center\" data-align=\"center\">X<\/td><\/tr><tr><td>Podgl\u0105d Transakcji<\/td><td class=\"has-text-align-center\" data-align=\"center\">X<\/td><td class=\"has-text-align-center\" data-align=\"center\">X<\/td><\/tr><tr><td>Transfer Funduszy<\/td><td class=\"has-text-align-center\" data-align=\"center\">X<\/td><td class=\"has-text-align-center\" data-align=\"center\">X<\/td><\/tr><tr><td>P\u0142atno\u015bci<\/td><td class=\"has-text-align-center\" data-align=\"center\">X<\/td><td class=\"has-text-align-center\" data-align=\"center\">X<\/td><\/tr><tr><td>Przelewy pieni\u0119\u017cne do innych os\u00f3b \u2013 P2P<\/td><td class=\"has-text-align-center\" data-align=\"center\">X<\/td><td class=\"has-text-align-center\" data-align=\"center\">X<\/td><\/tr><tr><td>Depozyt przez fotografie czeku<\/td><td class=\"has-text-align-center\" data-align=\"center\">X<\/td><td class=\"has-text-align-center\" data-align=\"center\">X<\/td><\/tr><tr><td>Bezpieczne u\u017cytkowanie<\/td><td class=\"has-text-align-center\" data-align=\"center\">X<\/td><td class=\"has-text-align-center\" data-align=\"center\">X<\/td><\/tr><tr><td>Za darmo<\/td><td class=\"has-text-align-center\" data-align=\"center\">X<\/td><td class=\"has-text-align-center\" data-align=\"center\">X<\/td><\/tr><\/tbody><\/table><\/figure>\n\n\n\n<p>Aplikacje mobilna Polam FCU mo\u017cesz pobra\u0107 ju\u017c teraz w sklepie App Store lub Google Play!<\/p>\n\n\n\n<p><a href=\"https:\/\/apps.apple.com\/us\/app\/polam\/id689446469\" target=\"_blank\" rel=\"noreferrer noopener\"><img loading=\"lazy\" decoding=\"async\" width=\"150\" height=\"50\" class=\"wp-image-3903\" style=\"width: 150px;\" src=\"https:\/\/polamfcu.com\/wp-content\/uploads\/2021\/07\/app_store_badge-min.png\" alt=\"\"><\/a> <a href=\"https:\/\/play.google.com\/store\/apps\/details?id=com.polamfcu.mobile&amp;hl=en_US&amp;gl=US\" target=\"_blank\" rel=\"noreferrer noopener\"><img loading=\"lazy\" decoding=\"async\" width=\"150\" height=\"45\" class=\"wp-image-3900\" style=\"width: 150px;\" src=\"https:\/\/polamfcu.com\/wp-content\/uploads\/2021\/07\/google-play-badge-min.png\" alt=\"\"><\/a><\/p>\n","protected":false},"excerpt":{"rendered":"<p>Bankowo\u015b\u0107 Mobilna Nasza aplikacja mobilna to wygodny i bezpieczny spos\u00f3b na zarz\u0105dzanie finansami. Mo\u017cesz sprawdza\u0107 sw\u00f3j stan konta, zak\u0142ada\u0107 nowe lokaty i przelewa\u0107 \u015brodki \u2013 wszystko to za zaledwie jednym klikni\u0119ciem. W celu uzyskania szczeg\u00f3\u0142owych informacji skontaktuj si\u0119 z lokalnym oddzia\u0142em lub pobierz nasz\u0105 aplikacj\u0119. Zarz\u0105dzaj kontem Przegl\u0105daj histori\u0119 swoich transakcji, p\u0142atno\u015bci i sprawdzaj stan &#8230; <\/p>\n<div class=\"read-more-box\"><a class=\"btn\" \n href=\"https:\/\/polamfcu.com\/pl\/uslugi-online\/bankowosc-mobilna\/\">Continue reading<\/a><\/div>\n","protected":false},"author":1,"featured_media":4460,"parent":4328,"menu_order":0,"comment_status":"closed","ping_status":"closed","template":"","meta":{"_acf_changed":false,"_monsterinsights_skip_tracking":false,"_monsterinsights_sitenote_active":false,"_monsterinsights_sitenote_note":"","_monsterinsights_sitenote_category":0,"footnotes":""},"class_list":["post-4459","page","type-page","status-publish","has-post-thumbnail","hentry"],"acf":[],"yoast_head":"<!-- This site is optimized with the Yoast SEO plugin v27.3 - https:\/\/yoast.com\/product\/yoast-seo-wordpress\/ -->\n<title>Bankowo\u015b\u0107 Mobilna - Polam Federal Credit Union<\/title>\n<meta name=\"robots\" content=\"index, follow, max-snippet:-1, max-image-preview:large, max-video-preview:-1\" \/>\n<link rel=\"canonical\" href=\"https:\/\/polamfcu.com\/pl\/uslugi-online\/bankowosc-mobilna\/\" \/>\n<meta property=\"og:locale\" content=\"pl_PL\" \/>\n<meta property=\"og:type\" content=\"article\" \/>\n<meta property=\"og:title\" content=\"Bankowo\u015b\u0107 Mobilna - Polam Federal Credit Union\" \/>\n<meta property=\"og:description\" content=\"Bankowo\u015b\u0107 Mobilna Nasza aplikacja mobilna to wygodny i bezpieczny spos\u00f3b na zarz\u0105dzanie finansami. Mo\u017cesz sprawdza\u0107 sw\u00f3j stan konta, zak\u0142ada\u0107 nowe lokaty i przelewa\u0107 \u015brodki \u2013 wszystko to za zaledwie jednym klikni\u0119ciem. W celu uzyskania szczeg\u00f3\u0142owych informacji skontaktuj si\u0119 z lokalnym oddzia\u0142em lub pobierz nasz\u0105 aplikacj\u0119. Zarz\u0105dzaj kontem Przegl\u0105daj histori\u0119 swoich transakcji, p\u0142atno\u015bci i sprawdzaj stan ... Continue reading\" \/>\n<meta property=\"og:url\" content=\"https:\/\/polamfcu.com\/pl\/uslugi-online\/bankowosc-mobilna\/\" \/>\n<meta property=\"og:site_name\" content=\"Polam Federal Credit Union\" \/>\n<meta property=\"article:publisher\" content=\"https:\/\/www.facebook.com\/polamcu\" \/>\n<meta property=\"article:modified_time\" content=\"2022-02-07T22:30:28+00:00\" \/>\n<meta property=\"og:image\" content=\"https:\/\/polamfcu.com\/wp-content\/uploads\/2021\/07\/POLAM_www_Technology_Mobile-Banking-TOP.jpg\" \/>\n\t<meta property=\"og:image:width\" content=\"1920\" \/>\n\t<meta property=\"og:image:height\" content=\"360\" \/>\n\t<meta property=\"og:image:type\" content=\"image\/jpeg\" \/>\n<meta name=\"twitter:card\" content=\"summary_large_image\" \/>\n<meta name=\"twitter:label1\" content=\"Szacowany czas czytania\" \/>\n\t<meta name=\"twitter:data1\" content=\"2 minuty\" \/>\n<script type=\"application\/ld+json\" class=\"yoast-schema-graph\">{\"@context\":\"https:\\\/\\\/schema.org\",\"@graph\":[{\"@type\":\"WebPage\",\"@id\":\"https:\\\/\\\/polamfcu.com\\\/pl\\\/uslugi-online\\\/bankowosc-mobilna\\\/\",\"url\":\"https:\\\/\\\/polamfcu.com\\\/pl\\\/uslugi-online\\\/bankowosc-mobilna\\\/\",\"name\":\"Bankowo\u015b\u0107 Mobilna - Polam Federal Credit Union\",\"isPartOf\":{\"@id\":\"https:\\\/\\\/polamfcu.com\\\/#website\"},\"primaryImageOfPage\":{\"@id\":\"https:\\\/\\\/polamfcu.com\\\/pl\\\/uslugi-online\\\/bankowosc-mobilna\\\/#primaryimage\"},\"image\":{\"@id\":\"https:\\\/\\\/polamfcu.com\\\/pl\\\/uslugi-online\\\/bankowosc-mobilna\\\/#primaryimage\"},\"thumbnailUrl\":\"https:\\\/\\\/polamfcu.com\\\/wp-content\\\/uploads\\\/2021\\\/07\\\/POLAM_www_Technology_Mobile-Banking-TOP.jpg\",\"datePublished\":\"2021-06-24T22:10:01+00:00\",\"dateModified\":\"2022-02-07T22:30:28+00:00\",\"breadcrumb\":{\"@id\":\"https:\\\/\\\/polamfcu.com\\\/pl\\\/uslugi-online\\\/bankowosc-mobilna\\\/#breadcrumb\"},\"inLanguage\":\"pl-PL\",\"potentialAction\":[{\"@type\":\"ReadAction\",\"target\":[\"https:\\\/\\\/polamfcu.com\\\/pl\\\/uslugi-online\\\/bankowosc-mobilna\\\/\"]}]},{\"@type\":\"ImageObject\",\"inLanguage\":\"pl-PL\",\"@id\":\"https:\\\/\\\/polamfcu.com\\\/pl\\\/uslugi-online\\\/bankowosc-mobilna\\\/#primaryimage\",\"url\":\"https:\\\/\\\/polamfcu.com\\\/wp-content\\\/uploads\\\/2021\\\/07\\\/POLAM_www_Technology_Mobile-Banking-TOP.jpg\",\"contentUrl\":\"https:\\\/\\\/polamfcu.com\\\/wp-content\\\/uploads\\\/2021\\\/07\\\/POLAM_www_Technology_Mobile-Banking-TOP.jpg\",\"width\":1920,\"height\":360},{\"@type\":\"BreadcrumbList\",\"@id\":\"https:\\\/\\\/polamfcu.com\\\/pl\\\/uslugi-online\\\/bankowosc-mobilna\\\/#breadcrumb\",\"itemListElement\":[{\"@type\":\"ListItem\",\"position\":1,\"name\":\"\",\"item\":\"https:\\\/\\\/polamfcu.com\\\/pl\\\/\"},{\"@type\":\"ListItem\",\"position\":2,\"name\":\"Us\u0142ugi Online\",\"item\":\"https:\\\/\\\/polamfcu.com\\\/pl\\\/uslugi-online\\\/\"},{\"@type\":\"ListItem\",\"position\":3,\"name\":\"Bankowo\u015b\u0107 Mobilna\"}]},{\"@type\":\"WebSite\",\"@id\":\"https:\\\/\\\/polamfcu.com\\\/#website\",\"url\":\"https:\\\/\\\/polamfcu.com\\\/\",\"name\":\"Polam Federal Credit Union\",\"description\":\"Federal Credit Union\",\"publisher\":{\"@id\":\"https:\\\/\\\/polamfcu.com\\\/#organization\"},\"alternateName\":\"Polam FCU\",\"potentialAction\":[{\"@type\":\"SearchAction\",\"target\":{\"@type\":\"EntryPoint\",\"urlTemplate\":\"https:\\\/\\\/polamfcu.com\\\/?s={search_term_string}\"},\"query-input\":{\"@type\":\"PropertyValueSpecification\",\"valueRequired\":true,\"valueName\":\"search_term_string\"}}],\"inLanguage\":\"pl-PL\"},{\"@type\":\"Organization\",\"@id\":\"https:\\\/\\\/polamfcu.com\\\/#organization\",\"name\":\"Polam Federal Credit Union\",\"alternateName\":\"Polam FCU\",\"url\":\"https:\\\/\\\/polamfcu.com\\\/\",\"logo\":{\"@type\":\"ImageObject\",\"inLanguage\":\"pl-PL\",\"@id\":\"https:\\\/\\\/polamfcu.com\\\/#\\\/schema\\\/logo\\\/image\\\/\",\"url\":\"https:\\\/\\\/polamfcu.com\\\/wp-content\\\/uploads\\\/2022\\\/11\\\/logo.png\",\"contentUrl\":\"https:\\\/\\\/polamfcu.com\\\/wp-content\\\/uploads\\\/2022\\\/11\\\/logo.png\",\"width\":228,\"height\":81,\"caption\":\"Polam Federal Credit Union\"},\"image\":{\"@id\":\"https:\\\/\\\/polamfcu.com\\\/#\\\/schema\\\/logo\\\/image\\\/\"},\"sameAs\":[\"https:\\\/\\\/www.facebook.com\\\/polamcu\",\"https:\\\/\\\/www.linkedin.com\\\/company\\\/polam-federal-credit-union\",\"https:\\\/\\\/www.instagram.com\\\/polamfcu\\\/\"]}]}<\/script>\n<!-- \/ Yoast SEO plugin. -->","yoast_head_json":{"title":"Bankowo\u015b\u0107 Mobilna - Polam Federal Credit Union","robots":{"index":"index","follow":"follow","max-snippet":"max-snippet:-1","max-image-preview":"max-image-preview:large","max-video-preview":"max-video-preview:-1"},"canonical":"https:\/\/polamfcu.com\/pl\/uslugi-online\/bankowosc-mobilna\/","og_locale":"pl_PL","og_type":"article","og_title":"Bankowo\u015b\u0107 Mobilna - Polam Federal Credit Union","og_description":"Bankowo\u015b\u0107 Mobilna Nasza aplikacja mobilna to wygodny i bezpieczny spos\u00f3b na zarz\u0105dzanie finansami. Mo\u017cesz sprawdza\u0107 sw\u00f3j stan konta, zak\u0142ada\u0107 nowe lokaty i przelewa\u0107 \u015brodki \u2013 wszystko to za zaledwie jednym klikni\u0119ciem. W celu uzyskania szczeg\u00f3\u0142owych informacji skontaktuj si\u0119 z lokalnym oddzia\u0142em lub pobierz nasz\u0105 aplikacj\u0119. Zarz\u0105dzaj kontem Przegl\u0105daj histori\u0119 swoich transakcji, p\u0142atno\u015bci i sprawdzaj stan ... Continue reading","og_url":"https:\/\/polamfcu.com\/pl\/uslugi-online\/bankowosc-mobilna\/","og_site_name":"Polam Federal Credit Union","article_publisher":"https:\/\/www.facebook.com\/polamcu","article_modified_time":"2022-02-07T22:30:28+00:00","og_image":[{"width":1920,"height":360,"url":"https:\/\/polamfcu.com\/wp-content\/uploads\/2021\/07\/POLAM_www_Technology_Mobile-Banking-TOP.jpg","type":"image\/jpeg"}],"twitter_card":"summary_large_image","twitter_misc":{"Szacowany czas czytania":"2 minuty"},"schema":{"@context":"https:\/\/schema.org","@graph":[{"@type":"WebPage","@id":"https:\/\/polamfcu.com\/pl\/uslugi-online\/bankowosc-mobilna\/","url":"https:\/\/polamfcu.com\/pl\/uslugi-online\/bankowosc-mobilna\/","name":"Bankowo\u015b\u0107 Mobilna - Polam Federal Credit Union","isPartOf":{"@id":"https:\/\/polamfcu.com\/#website"},"primaryImageOfPage":{"@id":"https:\/\/polamfcu.com\/pl\/uslugi-online\/bankowosc-mobilna\/#primaryimage"},"image":{"@id":"https:\/\/polamfcu.com\/pl\/uslugi-online\/bankowosc-mobilna\/#primaryimage"},"thumbnailUrl":"https:\/\/polamfcu.com\/wp-content\/uploads\/2021\/07\/POLAM_www_Technology_Mobile-Banking-TOP.jpg","datePublished":"2021-06-24T22:10:01+00:00","dateModified":"2022-02-07T22:30:28+00:00","breadcrumb":{"@id":"https:\/\/polamfcu.com\/pl\/uslugi-online\/bankowosc-mobilna\/#breadcrumb"},"inLanguage":"pl-PL","potentialAction":[{"@type":"ReadAction","target":["https:\/\/polamfcu.com\/pl\/uslugi-online\/bankowosc-mobilna\/"]}]},{"@type":"ImageObject","inLanguage":"pl-PL","@id":"https:\/\/polamfcu.com\/pl\/uslugi-online\/bankowosc-mobilna\/#primaryimage","url":"https:\/\/polamfcu.com\/wp-content\/uploads\/2021\/07\/POLAM_www_Technology_Mobile-Banking-TOP.jpg","contentUrl":"https:\/\/polamfcu.com\/wp-content\/uploads\/2021\/07\/POLAM_www_Technology_Mobile-Banking-TOP.jpg","width":1920,"height":360},{"@type":"BreadcrumbList","@id":"https:\/\/polamfcu.com\/pl\/uslugi-online\/bankowosc-mobilna\/#breadcrumb","itemListElement":[{"@type":"ListItem","position":1,"name":"","item":"https:\/\/polamfcu.com\/pl\/"},{"@type":"ListItem","position":2,"name":"Us\u0142ugi Online","item":"https:\/\/polamfcu.com\/pl\/uslugi-online\/"},{"@type":"ListItem","position":3,"name":"Bankowo\u015b\u0107 Mobilna"}]},{"@type":"WebSite","@id":"https:\/\/polamfcu.com\/#website","url":"https:\/\/polamfcu.com\/","name":"Polam Federal Credit Union","description":"Federal Credit Union","publisher":{"@id":"https:\/\/polamfcu.com\/#organization"},"alternateName":"Polam FCU","potentialAction":[{"@type":"SearchAction","target":{"@type":"EntryPoint","urlTemplate":"https:\/\/polamfcu.com\/?s={search_term_string}"},"query-input":{"@type":"PropertyValueSpecification","valueRequired":true,"valueName":"search_term_string"}}],"inLanguage":"pl-PL"},{"@type":"Organization","@id":"https:\/\/polamfcu.com\/#organization","name":"Polam Federal Credit Union","alternateName":"Polam FCU","url":"https:\/\/polamfcu.com\/","logo":{"@type":"ImageObject","inLanguage":"pl-PL","@id":"https:\/\/polamfcu.com\/#\/schema\/logo\/image\/","url":"https:\/\/polamfcu.com\/wp-content\/uploads\/2022\/11\/logo.png","contentUrl":"https:\/\/polamfcu.com\/wp-content\/uploads\/2022\/11\/logo.png","width":228,"height":81,"caption":"Polam Federal Credit Union"},"image":{"@id":"https:\/\/polamfcu.com\/#\/schema\/logo\/image\/"},"sameAs":["https:\/\/www.facebook.com\/polamcu","https:\/\/www.linkedin.com\/company\/polam-federal-credit-union","https:\/\/www.instagram.com\/polamfcu\/"]}]}},"_links":{"self":[{"href":"https:\/\/polamfcu.com\/pl\/wp-json\/wp\/v2\/pages\/4459","targetHints":{"allow":["GET"]}}],"collection":[{"href":"https:\/\/polamfcu.com\/pl\/wp-json\/wp\/v2\/pages"}],"about":[{"href":"https:\/\/polamfcu.com\/pl\/wp-json\/wp\/v2\/types\/page"}],"author":[{"embeddable":true,"href":"https:\/\/polamfcu.com\/pl\/wp-json\/wp\/v2\/users\/1"}],"replies":[{"embeddable":true,"href":"https:\/\/polamfcu.com\/pl\/wp-json\/wp\/v2\/comments?post=4459"}],"version-history":[{"count":4,"href":"https:\/\/polamfcu.com\/pl\/wp-json\/wp\/v2\/pages\/4459\/revisions"}],"predecessor-version":[{"id":4712,"href":"https:\/\/polamfcu.com\/pl\/wp-json\/wp\/v2\/pages\/4459\/revisions\/4712"}],"up":[{"embeddable":true,"href":"https:\/\/polamfcu.com\/pl\/wp-json\/wp\/v2\/pages\/4328"}],"wp:featuredmedia":[{"embeddable":true,"href":"https:\/\/polamfcu.com\/pl\/wp-json\/wp\/v2\/media\/4460"}],"wp:attachment":[{"href":"https:\/\/polamfcu.com\/pl\/wp-json\/wp\/v2\/media?parent=4459"}],"curies":[{"name":"wp","href":"https:\/\/api.w.org\/{rel}","templated":true}]}}