{"id":4462,"date":"2021-07-07T13:22:18","date_gmt":"2021-07-07T20:22:18","guid":{"rendered":"https:\/\/polamfcu.com\/uslugi-online\/cardvalet\/"},"modified":"2022-01-17T14:14:21","modified_gmt":"2022-01-17T22:14:21","slug":"cardvalet","status":"publish","type":"page","link":"https:\/\/polamfcu.com\/pl\/uslugi-online\/cardvalet\/","title":{"rendered":"CardValet\u00ae"},"content":{"rendered":"\n<h2 class=\"wp-block-heading\">CardValet\u00ae<\/h2>\n\n\n\n<p>CardValet to us\u0142uga umo\u017cliwiaj\u0105ca kontrolowanie kart kredytowych i debetowych w dowolnym miejscu i czasie. CardValet firmy Fiserv pozwala swoim u\u017cytkownikom na zapobieganie i zwalczanie oszustw zwi\u0105zanych z kartami kredytowymi i debetowymi, umo\u017cliwiaj\u0105c dostosowywanie alert\u00f3w tak, aby otrzymywa\u0107 je w czasie rzeczywistego zdarzenia. Aplikacja zosta\u0142a stworzona tak, aby\u015b m\u00f3g\u0142 dostosowa\u0107 j\u0105 do swoich preferencji, dzi\u0119ki czemu ka\u017cda nieautoryzowana p\u0142atno\u015b\u0107 zostanie natychmiast wykryta i b\u0119dziesz m\u00f3g\u0142 jej zapobiec. Rozpocz\u0119cie przygody z CardValet jest niezwykle proste \u2013 wystarczy, \u017ce pobierzesz aplikacj\u0119 na dowolne urz\u0105dzenie mobilne. Po jej uruchomieniu ka\u017cdy posiadacz karty b\u0119dzie m\u00f3g\u0142 dostosowa\u0107 ustawienia i preferencje alert\u00f3w.<\/p>\n\n\n\n<p>Aplikacja CardValet od Fiserv daje Ci a\u017c sze\u015b\u0107 wyj\u0105tkowych korzy\u015bci, dzi\u0119ki kt\u00f3rym wyr\u00f3\u017cnia si\u0119 na tle innych aplikacji finansowych, zapewniaj\u0105c Ci poczucie bezpiecze\u0144stwa i kontrol\u0119 nad swoimi pieni\u0119dzmi oraz ich ochron\u0105.<\/p>\n\n\n\n<ul class=\"styled-list wp-block-list\"><li>W\u0142\u0105czaj i wy\u0142\u0105czaj swoj\u0105 kart\u0119 za pomoc\u0105 aplikacji<\/li><li>Ustaw lokalizacje, w kt\u00f3rych karta mo\u017ce zosta\u0107 u\u017cyta<\/li><li>Ograniczaj transakcje na podstawie typ\u00f3w produkt\u00f3w czy sprzedawc\u00f3w<\/li><li>Ustalaj limity kwot w transakcjach<\/li><li>Zaplanuj alerty dla okre\u015blonych typ\u00f3w transakcji<\/li><li>Ustaw kontrol\u0119 rodzicielsk\u0105<\/li><\/ul>\n\n\n\n<p>CardValet\u00ae mo\u017cesz pobra\u0107 ju\u017c teraz w sklepie App Store lub Google Play!<\/p>\n\n\n\n<p><a href=\"https:\/\/itunes.apple.com\/us\/app\/cardvalet\/id849898083?mt=8\" target=\"_blank\" rel=\"noreferrer noopener\"><img loading=\"lazy\" decoding=\"async\" width=\"150\" height=\"50\" class=\"wp-image-3903\" style=\"width: 150px;\" src=\"https:\/\/polamfcu.com\/wp-content\/uploads\/2021\/07\/app_store_badge-min.png\" alt=\"\"><\/a> <a href=\"https:\/\/play.google.com\/store\/apps\/details?id=com.fiservcardvalet.mobile.android\" target=\"_blank\" rel=\"noreferrer noopener\"><img loading=\"lazy\" decoding=\"async\" width=\"150\" height=\"45\" class=\"wp-image-3900\" style=\"width: 150px;\" src=\"https:\/\/polamfcu.com\/wp-content\/uploads\/2021\/07\/google-play-badge-min.png\" alt=\"\"><\/a><\/p>\n","protected":false},"excerpt":{"rendered":"<p>CardValet\u00ae CardValet to us\u0142uga umo\u017cliwiaj\u0105ca kontrolowanie kart kredytowych i debetowych w dowolnym miejscu i czasie. CardValet firmy Fiserv pozwala swoim u\u017cytkownikom na zapobieganie i zwalczanie oszustw zwi\u0105zanych z kartami kredytowymi i debetowymi, umo\u017cliwiaj\u0105c dostosowywanie alert\u00f3w tak, aby otrzymywa\u0107 je w czasie rzeczywistego zdarzenia. Aplikacja zosta\u0142a stworzona tak, aby\u015b m\u00f3g\u0142 dostosowa\u0107 j\u0105 do swoich preferencji, dzi\u0119ki &#8230; <\/p>\n<div class=\"read-more-box\"><a class=\"btn\" \n href=\"https:\/\/polamfcu.com\/pl\/uslugi-online\/cardvalet\/\">Continue reading<\/a><\/div>\n","protected":false},"author":1,"featured_media":4463,"parent":4328,"menu_order":2,"comment_status":"closed","ping_status":"closed","template":"","meta":{"_acf_changed":false,"_monsterinsights_skip_tracking":false,"_monsterinsights_sitenote_active":false,"_monsterinsights_sitenote_note":"","_monsterinsights_sitenote_category":0,"footnotes":""},"class_list":["post-4462","page","type-page","status-publish","has-post-thumbnail","hentry"],"acf":[],"yoast_head":"<!-- This site is optimized with the Yoast SEO plugin v27.3 - https:\/\/yoast.com\/product\/yoast-seo-wordpress\/ -->\n<title>CardValet\u00ae - Polam Federal Credit Union<\/title>\n<meta name=\"robots\" content=\"index, follow, max-snippet:-1, max-image-preview:large, max-video-preview:-1\" \/>\n<link rel=\"canonical\" href=\"https:\/\/polamfcu.com\/pl\/uslugi-online\/cardvalet\/\" \/>\n<meta property=\"og:locale\" content=\"pl_PL\" \/>\n<meta property=\"og:type\" content=\"article\" \/>\n<meta property=\"og:title\" content=\"CardValet\u00ae - Polam Federal Credit Union\" \/>\n<meta property=\"og:description\" content=\"CardValet\u00ae CardValet to us\u0142uga umo\u017cliwiaj\u0105ca kontrolowanie kart kredytowych i debetowych w dowolnym miejscu i czasie. CardValet firmy Fiserv pozwala swoim u\u017cytkownikom na zapobieganie i zwalczanie oszustw zwi\u0105zanych z kartami kredytowymi i debetowymi, umo\u017cliwiaj\u0105c dostosowywanie alert\u00f3w tak, aby otrzymywa\u0107 je w czasie rzeczywistego zdarzenia. Aplikacja zosta\u0142a stworzona tak, aby\u015b m\u00f3g\u0142 dostosowa\u0107 j\u0105 do swoich preferencji, dzi\u0119ki ... Continue reading\" \/>\n<meta property=\"og:url\" content=\"https:\/\/polamfcu.com\/pl\/uslugi-online\/cardvalet\/\" \/>\n<meta property=\"og:site_name\" content=\"Polam Federal Credit Union\" \/>\n<meta property=\"article:publisher\" content=\"https:\/\/www.facebook.com\/polamcu\" \/>\n<meta property=\"article:modified_time\" content=\"2022-01-17T22:14:21+00:00\" \/>\n<meta property=\"og:image\" content=\"https:\/\/polamfcu.com\/wp-content\/uploads\/2021\/07\/POLAM_www_Technology_CardValet-TOP.jpg\" \/>\n\t<meta property=\"og:image:width\" content=\"1920\" \/>\n\t<meta property=\"og:image:height\" content=\"360\" \/>\n\t<meta property=\"og:image:type\" content=\"image\/jpeg\" \/>\n<meta name=\"twitter:card\" content=\"summary_large_image\" \/>\n<meta name=\"twitter:label1\" content=\"Szacowany czas czytania\" \/>\n\t<meta name=\"twitter:data1\" content=\"2 minuty\" \/>\n<script type=\"application\/ld+json\" class=\"yoast-schema-graph\">{\"@context\":\"https:\\\/\\\/schema.org\",\"@graph\":[{\"@type\":\"WebPage\",\"@id\":\"https:\\\/\\\/polamfcu.com\\\/pl\\\/uslugi-online\\\/cardvalet\\\/\",\"url\":\"https:\\\/\\\/polamfcu.com\\\/pl\\\/uslugi-online\\\/cardvalet\\\/\",\"name\":\"CardValet\u00ae - Polam Federal Credit Union\",\"isPartOf\":{\"@id\":\"https:\\\/\\\/polamfcu.com\\\/#website\"},\"primaryImageOfPage\":{\"@id\":\"https:\\\/\\\/polamfcu.com\\\/pl\\\/uslugi-online\\\/cardvalet\\\/#primaryimage\"},\"image\":{\"@id\":\"https:\\\/\\\/polamfcu.com\\\/pl\\\/uslugi-online\\\/cardvalet\\\/#primaryimage\"},\"thumbnailUrl\":\"https:\\\/\\\/polamfcu.com\\\/wp-content\\\/uploads\\\/2021\\\/07\\\/POLAM_www_Technology_CardValet-TOP.jpg\",\"datePublished\":\"2021-07-07T20:22:18+00:00\",\"dateModified\":\"2022-01-17T22:14:21+00:00\",\"breadcrumb\":{\"@id\":\"https:\\\/\\\/polamfcu.com\\\/pl\\\/uslugi-online\\\/cardvalet\\\/#breadcrumb\"},\"inLanguage\":\"pl-PL\",\"potentialAction\":[{\"@type\":\"ReadAction\",\"target\":[\"https:\\\/\\\/polamfcu.com\\\/pl\\\/uslugi-online\\\/cardvalet\\\/\"]}]},{\"@type\":\"ImageObject\",\"inLanguage\":\"pl-PL\",\"@id\":\"https:\\\/\\\/polamfcu.com\\\/pl\\\/uslugi-online\\\/cardvalet\\\/#primaryimage\",\"url\":\"https:\\\/\\\/polamfcu.com\\\/wp-content\\\/uploads\\\/2021\\\/07\\\/POLAM_www_Technology_CardValet-TOP.jpg\",\"contentUrl\":\"https:\\\/\\\/polamfcu.com\\\/wp-content\\\/uploads\\\/2021\\\/07\\\/POLAM_www_Technology_CardValet-TOP.jpg\",\"width\":1920,\"height\":360},{\"@type\":\"BreadcrumbList\",\"@id\":\"https:\\\/\\\/polamfcu.com\\\/pl\\\/uslugi-online\\\/cardvalet\\\/#breadcrumb\",\"itemListElement\":[{\"@type\":\"ListItem\",\"position\":1,\"name\":\"\",\"item\":\"https:\\\/\\\/polamfcu.com\\\/pl\\\/\"},{\"@type\":\"ListItem\",\"position\":2,\"name\":\"Us\u0142ugi Online\",\"item\":\"https:\\\/\\\/polamfcu.com\\\/pl\\\/uslugi-online\\\/\"},{\"@type\":\"ListItem\",\"position\":3,\"name\":\"CardValet\u00ae\"}]},{\"@type\":\"WebSite\",\"@id\":\"https:\\\/\\\/polamfcu.com\\\/#website\",\"url\":\"https:\\\/\\\/polamfcu.com\\\/\",\"name\":\"Polam Federal Credit Union\",\"description\":\"Federal Credit Union\",\"publisher\":{\"@id\":\"https:\\\/\\\/polamfcu.com\\\/#organization\"},\"alternateName\":\"Polam FCU\",\"potentialAction\":[{\"@type\":\"SearchAction\",\"target\":{\"@type\":\"EntryPoint\",\"urlTemplate\":\"https:\\\/\\\/polamfcu.com\\\/?s={search_term_string}\"},\"query-input\":{\"@type\":\"PropertyValueSpecification\",\"valueRequired\":true,\"valueName\":\"search_term_string\"}}],\"inLanguage\":\"pl-PL\"},{\"@type\":\"Organization\",\"@id\":\"https:\\\/\\\/polamfcu.com\\\/#organization\",\"name\":\"Polam Federal Credit Union\",\"alternateName\":\"Polam FCU\",\"url\":\"https:\\\/\\\/polamfcu.com\\\/\",\"logo\":{\"@type\":\"ImageObject\",\"inLanguage\":\"pl-PL\",\"@id\":\"https:\\\/\\\/polamfcu.com\\\/#\\\/schema\\\/logo\\\/image\\\/\",\"url\":\"https:\\\/\\\/polamfcu.com\\\/wp-content\\\/uploads\\\/2022\\\/11\\\/logo.png\",\"contentUrl\":\"https:\\\/\\\/polamfcu.com\\\/wp-content\\\/uploads\\\/2022\\\/11\\\/logo.png\",\"width\":228,\"height\":81,\"caption\":\"Polam Federal Credit Union\"},\"image\":{\"@id\":\"https:\\\/\\\/polamfcu.com\\\/#\\\/schema\\\/logo\\\/image\\\/\"},\"sameAs\":[\"https:\\\/\\\/www.facebook.com\\\/polamcu\",\"https:\\\/\\\/www.linkedin.com\\\/company\\\/polam-federal-credit-union\",\"https:\\\/\\\/www.instagram.com\\\/polamfcu\\\/\"]}]}<\/script>\n<!-- \/ Yoast SEO plugin. -->","yoast_head_json":{"title":"CardValet\u00ae - Polam Federal Credit Union","robots":{"index":"index","follow":"follow","max-snippet":"max-snippet:-1","max-image-preview":"max-image-preview:large","max-video-preview":"max-video-preview:-1"},"canonical":"https:\/\/polamfcu.com\/pl\/uslugi-online\/cardvalet\/","og_locale":"pl_PL","og_type":"article","og_title":"CardValet\u00ae - Polam Federal Credit Union","og_description":"CardValet\u00ae CardValet to us\u0142uga umo\u017cliwiaj\u0105ca kontrolowanie kart kredytowych i debetowych w dowolnym miejscu i czasie. CardValet firmy Fiserv pozwala swoim u\u017cytkownikom na zapobieganie i zwalczanie oszustw zwi\u0105zanych z kartami kredytowymi i debetowymi, umo\u017cliwiaj\u0105c dostosowywanie alert\u00f3w tak, aby otrzymywa\u0107 je w czasie rzeczywistego zdarzenia. Aplikacja zosta\u0142a stworzona tak, aby\u015b m\u00f3g\u0142 dostosowa\u0107 j\u0105 do swoich preferencji, dzi\u0119ki ... Continue reading","og_url":"https:\/\/polamfcu.com\/pl\/uslugi-online\/cardvalet\/","og_site_name":"Polam Federal Credit Union","article_publisher":"https:\/\/www.facebook.com\/polamcu","article_modified_time":"2022-01-17T22:14:21+00:00","og_image":[{"width":1920,"height":360,"url":"https:\/\/polamfcu.com\/wp-content\/uploads\/2021\/07\/POLAM_www_Technology_CardValet-TOP.jpg","type":"image\/jpeg"}],"twitter_card":"summary_large_image","twitter_misc":{"Szacowany czas czytania":"2 minuty"},"schema":{"@context":"https:\/\/schema.org","@graph":[{"@type":"WebPage","@id":"https:\/\/polamfcu.com\/pl\/uslugi-online\/cardvalet\/","url":"https:\/\/polamfcu.com\/pl\/uslugi-online\/cardvalet\/","name":"CardValet\u00ae - Polam Federal Credit Union","isPartOf":{"@id":"https:\/\/polamfcu.com\/#website"},"primaryImageOfPage":{"@id":"https:\/\/polamfcu.com\/pl\/uslugi-online\/cardvalet\/#primaryimage"},"image":{"@id":"https:\/\/polamfcu.com\/pl\/uslugi-online\/cardvalet\/#primaryimage"},"thumbnailUrl":"https:\/\/polamfcu.com\/wp-content\/uploads\/2021\/07\/POLAM_www_Technology_CardValet-TOP.jpg","datePublished":"2021-07-07T20:22:18+00:00","dateModified":"2022-01-17T22:14:21+00:00","breadcrumb":{"@id":"https:\/\/polamfcu.com\/pl\/uslugi-online\/cardvalet\/#breadcrumb"},"inLanguage":"pl-PL","potentialAction":[{"@type":"ReadAction","target":["https:\/\/polamfcu.com\/pl\/uslugi-online\/cardvalet\/"]}]},{"@type":"ImageObject","inLanguage":"pl-PL","@id":"https:\/\/polamfcu.com\/pl\/uslugi-online\/cardvalet\/#primaryimage","url":"https:\/\/polamfcu.com\/wp-content\/uploads\/2021\/07\/POLAM_www_Technology_CardValet-TOP.jpg","contentUrl":"https:\/\/polamfcu.com\/wp-content\/uploads\/2021\/07\/POLAM_www_Technology_CardValet-TOP.jpg","width":1920,"height":360},{"@type":"BreadcrumbList","@id":"https:\/\/polamfcu.com\/pl\/uslugi-online\/cardvalet\/#breadcrumb","itemListElement":[{"@type":"ListItem","position":1,"name":"","item":"https:\/\/polamfcu.com\/pl\/"},{"@type":"ListItem","position":2,"name":"Us\u0142ugi Online","item":"https:\/\/polamfcu.com\/pl\/uslugi-online\/"},{"@type":"ListItem","position":3,"name":"CardValet\u00ae"}]},{"@type":"WebSite","@id":"https:\/\/polamfcu.com\/#website","url":"https:\/\/polamfcu.com\/","name":"Polam Federal Credit Union","description":"Federal Credit Union","publisher":{"@id":"https:\/\/polamfcu.com\/#organization"},"alternateName":"Polam FCU","potentialAction":[{"@type":"SearchAction","target":{"@type":"EntryPoint","urlTemplate":"https:\/\/polamfcu.com\/?s={search_term_string}"},"query-input":{"@type":"PropertyValueSpecification","valueRequired":true,"valueName":"search_term_string"}}],"inLanguage":"pl-PL"},{"@type":"Organization","@id":"https:\/\/polamfcu.com\/#organization","name":"Polam Federal Credit Union","alternateName":"Polam FCU","url":"https:\/\/polamfcu.com\/","logo":{"@type":"ImageObject","inLanguage":"pl-PL","@id":"https:\/\/polamfcu.com\/#\/schema\/logo\/image\/","url":"https:\/\/polamfcu.com\/wp-content\/uploads\/2022\/11\/logo.png","contentUrl":"https:\/\/polamfcu.com\/wp-content\/uploads\/2022\/11\/logo.png","width":228,"height":81,"caption":"Polam Federal Credit Union"},"image":{"@id":"https:\/\/polamfcu.com\/#\/schema\/logo\/image\/"},"sameAs":["https:\/\/www.facebook.com\/polamcu","https:\/\/www.linkedin.com\/company\/polam-federal-credit-union","https:\/\/www.instagram.com\/polamfcu\/"]}]}},"_links":{"self":[{"href":"https:\/\/polamfcu.com\/pl\/wp-json\/wp\/v2\/pages\/4462","targetHints":{"allow":["GET"]}}],"collection":[{"href":"https:\/\/polamfcu.com\/pl\/wp-json\/wp\/v2\/pages"}],"about":[{"href":"https:\/\/polamfcu.com\/pl\/wp-json\/wp\/v2\/types\/page"}],"author":[{"embeddable":true,"href":"https:\/\/polamfcu.com\/pl\/wp-json\/wp\/v2\/users\/1"}],"replies":[{"embeddable":true,"href":"https:\/\/polamfcu.com\/pl\/wp-json\/wp\/v2\/comments?post=4462"}],"version-history":[{"count":2,"href":"https:\/\/polamfcu.com\/pl\/wp-json\/wp\/v2\/pages\/4462\/revisions"}],"predecessor-version":[{"id":4561,"href":"https:\/\/polamfcu.com\/pl\/wp-json\/wp\/v2\/pages\/4462\/revisions\/4561"}],"up":[{"embeddable":true,"href":"https:\/\/polamfcu.com\/pl\/wp-json\/wp\/v2\/pages\/4328"}],"wp:featuredmedia":[{"embeddable":true,"href":"https:\/\/polamfcu.com\/pl\/wp-json\/wp\/v2\/media\/4463"}],"wp:attachment":[{"href":"https:\/\/polamfcu.com\/pl\/wp-json\/wp\/v2\/media?parent=4462"}],"curies":[{"name":"wp","href":"https:\/\/api.w.org\/{rel}","templated":true}]}}