{"id":4465,"date":"2021-07-07T13:23:54","date_gmt":"2021-07-07T20:23:54","guid":{"rendered":"https:\/\/polamfcu.com\/uslugi-online\/e-statement\/"},"modified":"2022-03-03T13:02:41","modified_gmt":"2022-03-03T21:02:41","slug":"wyciag-elektroniczny-z-konta","status":"publish","type":"page","link":"https:\/\/polamfcu.com\/pl\/uslugi-online\/wyciag-elektroniczny-z-konta\/","title":{"rendered":"Wyci\u0105g Elektroniczny z Konta"},"content":{"rendered":"\n<h2 class=\"wp-block-heading\">Wyci\u0105g Elektroniczny z Konta<\/h2>\n\n\n\n<p>Wci\u0105\u017c czekasz, a\u017c w Twojej skrzynce pocztowej pojawi si\u0119 miesi\u0119czne zestawienie Twoich operacji \u2013 wyci\u0105g bankowy? Czy wiesz, \u017ce wi\u0119kszo\u015b\u0107 przypadk\u00f3w kradzie\u017cy to\u017csamo\u015bci ma \u017ar\u00f3d\u0142o w skradzionych dokumentach wysy\u0142anych do Ciebie poczt\u0105 b\u0105d\u017a tych znalezionych w koszu? Elektroniczny wyci\u0105g (e-Statement) z pewno\u015bci\u0105 jest obecnie najbezpieczniejsza forma dost\u0119pu do informacji o miesi\u0119cznych transakcjach dokonywanych bezpo\u015brednio z konta lub za po\u015brednictwem kart p\u0142atniczych. Ponadto chroni\u0105 Twoj\u0105 to\u017csamo\u015b\u0107 i zmniejszaj\u0105 ryzyko oszustwa. Dzi\u0119ki elektronicznym zestawieniom operacji w POLAM oszcz\u0119dzasz sw\u00f3j czas, a tak\u017ce zyskujesz pewno\u015b\u0107, \u017ce wszystkie Twoje dane s\u0105 bezpieczne. Chcesz sprawdzi\u0107 wp\u0142at\u0119 sprzed trzech miesi\u0119cy? POLAM przechowuje Twoje wyci\u0105gi online przez okres do sze\u015bciu miesi\u0119cy, dzi\u0119ki czemu mo\u017cesz zrobi\u0107 wszystko to, czego potrzebujesz.<\/p>\n\n\n\n<ul class=\"styled-list wp-block-list\"><li>Elektroniczne zestawienie operacji jest ca\u0142kowicie darmowe.<\/li><li>Masz wgl\u0105d w sze\u015b\u0107 poprzednich wyci\u0105g\u00f3w online<\/li><li>Przegl\u0105daj, drukuj i zapisuj swoje elektroniczne zestawienia w dowolnym momencie<\/li><li>Otrzymuj mailowe powiadomienie o gotowo\u015bci Twojego wyci\u0105gu online<\/li><li>Otrzymuj swoje elektroniczne zestawienia operacji du\u017co szybciej ni\u017c te przesy\u0142ane tradycyjn\u0105 poczt\u0105<\/li><li>Oszcz\u0119dzaj papier i pom\u00f3\u017c w redukcji zanieczyszcze\u0144<\/li><li>Korzystanie z elektronicznych zestawie\u0144 operacji zapewnia Ci du\u017co wi\u0119ksze bezpiecze\u0144stwo<\/li><li>To rozwi\u0105zanie jest przyjazne \u015brodowisku<\/li><\/ul>\n\n\n\n<p>Jak otrzyma\u0107 elektroniczna wersja papierowego zestawienia transakcji z konta ka\u017cdego miesi\u0105ca?<br>Aby zrezygnowa\u0107 z otrzymywania wyci\u0105g\u00f3w z kont w formie papierowej, zadzwo\u0144 do nas pod numer <a href=\"tel:6503678940\">(650) 367-8940<\/a>.<\/p>\n","protected":false},"excerpt":{"rendered":"<p>Wyci\u0105g Elektroniczny z Konta Wci\u0105\u017c czekasz, a\u017c w Twojej skrzynce pocztowej pojawi si\u0119 miesi\u0119czne zestawienie Twoich operacji \u2013 wyci\u0105g bankowy? Czy wiesz, \u017ce wi\u0119kszo\u015b\u0107 przypadk\u00f3w kradzie\u017cy to\u017csamo\u015bci ma \u017ar\u00f3d\u0142o w skradzionych dokumentach wysy\u0142anych do Ciebie poczt\u0105 b\u0105d\u017a tych znalezionych w koszu? Elektroniczny wyci\u0105g (e-Statement) z pewno\u015bci\u0105 jest obecnie najbezpieczniejsza forma dost\u0119pu do informacji o miesi\u0119cznych &#8230; <\/p>\n<div class=\"read-more-box\"><a class=\"btn\" \n href=\"https:\/\/polamfcu.com\/pl\/uslugi-online\/wyciag-elektroniczny-z-konta\/\">Continue reading<\/a><\/div>\n","protected":false},"author":1,"featured_media":4467,"parent":4328,"menu_order":3,"comment_status":"closed","ping_status":"closed","template":"","meta":{"_acf_changed":false,"_monsterinsights_skip_tracking":false,"_monsterinsights_sitenote_active":false,"_monsterinsights_sitenote_note":"","_monsterinsights_sitenote_category":0,"footnotes":""},"class_list":["post-4465","page","type-page","status-publish","has-post-thumbnail","hentry"],"acf":[],"yoast_head":"<!-- This site is optimized with the Yoast SEO plugin v27.3 - https:\/\/yoast.com\/product\/yoast-seo-wordpress\/ -->\n<title>Wyci\u0105g Elektroniczny z Konta - Polam Federal Credit Union<\/title>\n<meta name=\"robots\" content=\"index, follow, max-snippet:-1, max-image-preview:large, max-video-preview:-1\" \/>\n<link rel=\"canonical\" href=\"https:\/\/polamfcu.com\/pl\/uslugi-online\/wyciag-elektroniczny-z-konta\/\" \/>\n<meta property=\"og:locale\" content=\"pl_PL\" \/>\n<meta property=\"og:type\" content=\"article\" \/>\n<meta property=\"og:title\" content=\"Wyci\u0105g Elektroniczny z Konta - Polam Federal Credit Union\" \/>\n<meta property=\"og:description\" content=\"Wyci\u0105g Elektroniczny z Konta Wci\u0105\u017c czekasz, a\u017c w Twojej skrzynce pocztowej pojawi si\u0119 miesi\u0119czne zestawienie Twoich operacji \u2013 wyci\u0105g bankowy? Czy wiesz, \u017ce wi\u0119kszo\u015b\u0107 przypadk\u00f3w kradzie\u017cy to\u017csamo\u015bci ma \u017ar\u00f3d\u0142o w skradzionych dokumentach wysy\u0142anych do Ciebie poczt\u0105 b\u0105d\u017a tych znalezionych w koszu? Elektroniczny wyci\u0105g (e-Statement) z pewno\u015bci\u0105 jest obecnie najbezpieczniejsza forma dost\u0119pu do informacji o miesi\u0119cznych ... Continue reading\" \/>\n<meta property=\"og:url\" content=\"https:\/\/polamfcu.com\/pl\/uslugi-online\/wyciag-elektroniczny-z-konta\/\" \/>\n<meta property=\"og:site_name\" content=\"Polam Federal Credit Union\" \/>\n<meta property=\"article:publisher\" content=\"https:\/\/www.facebook.com\/polamcu\" \/>\n<meta property=\"article:modified_time\" content=\"2022-03-03T21:02:41+00:00\" \/>\n<meta property=\"og:image\" content=\"https:\/\/polamfcu.com\/wp-content\/uploads\/2021\/07\/estatement-TOP.png\" \/>\n\t<meta property=\"og:image:width\" content=\"1920\" \/>\n\t<meta property=\"og:image:height\" content=\"360\" \/>\n\t<meta property=\"og:image:type\" content=\"image\/png\" \/>\n<meta name=\"twitter:card\" content=\"summary_large_image\" \/>\n<meta name=\"twitter:label1\" content=\"Szacowany czas czytania\" \/>\n\t<meta name=\"twitter:data1\" content=\"1 minuta\" \/>\n<script type=\"application\/ld+json\" class=\"yoast-schema-graph\">{\"@context\":\"https:\\\/\\\/schema.org\",\"@graph\":[{\"@type\":\"WebPage\",\"@id\":\"https:\\\/\\\/polamfcu.com\\\/pl\\\/uslugi-online\\\/wyciag-elektroniczny-z-konta\\\/\",\"url\":\"https:\\\/\\\/polamfcu.com\\\/pl\\\/uslugi-online\\\/wyciag-elektroniczny-z-konta\\\/\",\"name\":\"Wyci\u0105g Elektroniczny z Konta - Polam Federal Credit Union\",\"isPartOf\":{\"@id\":\"https:\\\/\\\/polamfcu.com\\\/#website\"},\"primaryImageOfPage\":{\"@id\":\"https:\\\/\\\/polamfcu.com\\\/pl\\\/uslugi-online\\\/wyciag-elektroniczny-z-konta\\\/#primaryimage\"},\"image\":{\"@id\":\"https:\\\/\\\/polamfcu.com\\\/pl\\\/uslugi-online\\\/wyciag-elektroniczny-z-konta\\\/#primaryimage\"},\"thumbnailUrl\":\"https:\\\/\\\/polamfcu.com\\\/wp-content\\\/uploads\\\/2021\\\/07\\\/estatement-TOP.png\",\"datePublished\":\"2021-07-07T20:23:54+00:00\",\"dateModified\":\"2022-03-03T21:02:41+00:00\",\"breadcrumb\":{\"@id\":\"https:\\\/\\\/polamfcu.com\\\/pl\\\/uslugi-online\\\/wyciag-elektroniczny-z-konta\\\/#breadcrumb\"},\"inLanguage\":\"pl-PL\",\"potentialAction\":[{\"@type\":\"ReadAction\",\"target\":[\"https:\\\/\\\/polamfcu.com\\\/pl\\\/uslugi-online\\\/wyciag-elektroniczny-z-konta\\\/\"]}]},{\"@type\":\"ImageObject\",\"inLanguage\":\"pl-PL\",\"@id\":\"https:\\\/\\\/polamfcu.com\\\/pl\\\/uslugi-online\\\/wyciag-elektroniczny-z-konta\\\/#primaryimage\",\"url\":\"https:\\\/\\\/polamfcu.com\\\/wp-content\\\/uploads\\\/2021\\\/07\\\/estatement-TOP.png\",\"contentUrl\":\"https:\\\/\\\/polamfcu.com\\\/wp-content\\\/uploads\\\/2021\\\/07\\\/estatement-TOP.png\",\"width\":1920,\"height\":360},{\"@type\":\"BreadcrumbList\",\"@id\":\"https:\\\/\\\/polamfcu.com\\\/pl\\\/uslugi-online\\\/wyciag-elektroniczny-z-konta\\\/#breadcrumb\",\"itemListElement\":[{\"@type\":\"ListItem\",\"position\":1,\"name\":\"\",\"item\":\"https:\\\/\\\/polamfcu.com\\\/pl\\\/\"},{\"@type\":\"ListItem\",\"position\":2,\"name\":\"Us\u0142ugi Online\",\"item\":\"https:\\\/\\\/polamfcu.com\\\/pl\\\/uslugi-online\\\/\"},{\"@type\":\"ListItem\",\"position\":3,\"name\":\"Wyci\u0105g Elektroniczny z Konta\"}]},{\"@type\":\"WebSite\",\"@id\":\"https:\\\/\\\/polamfcu.com\\\/#website\",\"url\":\"https:\\\/\\\/polamfcu.com\\\/\",\"name\":\"Polam Federal Credit Union\",\"description\":\"Federal Credit Union\",\"publisher\":{\"@id\":\"https:\\\/\\\/polamfcu.com\\\/#organization\"},\"alternateName\":\"Polam FCU\",\"potentialAction\":[{\"@type\":\"SearchAction\",\"target\":{\"@type\":\"EntryPoint\",\"urlTemplate\":\"https:\\\/\\\/polamfcu.com\\\/?s={search_term_string}\"},\"query-input\":{\"@type\":\"PropertyValueSpecification\",\"valueRequired\":true,\"valueName\":\"search_term_string\"}}],\"inLanguage\":\"pl-PL\"},{\"@type\":\"Organization\",\"@id\":\"https:\\\/\\\/polamfcu.com\\\/#organization\",\"name\":\"Polam Federal Credit Union\",\"alternateName\":\"Polam FCU\",\"url\":\"https:\\\/\\\/polamfcu.com\\\/\",\"logo\":{\"@type\":\"ImageObject\",\"inLanguage\":\"pl-PL\",\"@id\":\"https:\\\/\\\/polamfcu.com\\\/#\\\/schema\\\/logo\\\/image\\\/\",\"url\":\"https:\\\/\\\/polamfcu.com\\\/wp-content\\\/uploads\\\/2022\\\/11\\\/logo.png\",\"contentUrl\":\"https:\\\/\\\/polamfcu.com\\\/wp-content\\\/uploads\\\/2022\\\/11\\\/logo.png\",\"width\":228,\"height\":81,\"caption\":\"Polam Federal Credit Union\"},\"image\":{\"@id\":\"https:\\\/\\\/polamfcu.com\\\/#\\\/schema\\\/logo\\\/image\\\/\"},\"sameAs\":[\"https:\\\/\\\/www.facebook.com\\\/polamcu\",\"https:\\\/\\\/www.linkedin.com\\\/company\\\/polam-federal-credit-union\",\"https:\\\/\\\/www.instagram.com\\\/polamfcu\\\/\"]}]}<\/script>\n<!-- \/ Yoast SEO plugin. -->","yoast_head_json":{"title":"Wyci\u0105g Elektroniczny z Konta - Polam Federal Credit Union","robots":{"index":"index","follow":"follow","max-snippet":"max-snippet:-1","max-image-preview":"max-image-preview:large","max-video-preview":"max-video-preview:-1"},"canonical":"https:\/\/polamfcu.com\/pl\/uslugi-online\/wyciag-elektroniczny-z-konta\/","og_locale":"pl_PL","og_type":"article","og_title":"Wyci\u0105g Elektroniczny z Konta - Polam Federal Credit Union","og_description":"Wyci\u0105g Elektroniczny z Konta Wci\u0105\u017c czekasz, a\u017c w Twojej skrzynce pocztowej pojawi si\u0119 miesi\u0119czne zestawienie Twoich operacji \u2013 wyci\u0105g bankowy? Czy wiesz, \u017ce wi\u0119kszo\u015b\u0107 przypadk\u00f3w kradzie\u017cy to\u017csamo\u015bci ma \u017ar\u00f3d\u0142o w skradzionych dokumentach wysy\u0142anych do Ciebie poczt\u0105 b\u0105d\u017a tych znalezionych w koszu? Elektroniczny wyci\u0105g (e-Statement) z pewno\u015bci\u0105 jest obecnie najbezpieczniejsza forma dost\u0119pu do informacji o miesi\u0119cznych ... Continue reading","og_url":"https:\/\/polamfcu.com\/pl\/uslugi-online\/wyciag-elektroniczny-z-konta\/","og_site_name":"Polam Federal Credit Union","article_publisher":"https:\/\/www.facebook.com\/polamcu","article_modified_time":"2022-03-03T21:02:41+00:00","og_image":[{"width":1920,"height":360,"url":"https:\/\/polamfcu.com\/wp-content\/uploads\/2021\/07\/estatement-TOP.png","type":"image\/png"}],"twitter_card":"summary_large_image","twitter_misc":{"Szacowany czas czytania":"1 minuta"},"schema":{"@context":"https:\/\/schema.org","@graph":[{"@type":"WebPage","@id":"https:\/\/polamfcu.com\/pl\/uslugi-online\/wyciag-elektroniczny-z-konta\/","url":"https:\/\/polamfcu.com\/pl\/uslugi-online\/wyciag-elektroniczny-z-konta\/","name":"Wyci\u0105g Elektroniczny z Konta - Polam Federal Credit Union","isPartOf":{"@id":"https:\/\/polamfcu.com\/#website"},"primaryImageOfPage":{"@id":"https:\/\/polamfcu.com\/pl\/uslugi-online\/wyciag-elektroniczny-z-konta\/#primaryimage"},"image":{"@id":"https:\/\/polamfcu.com\/pl\/uslugi-online\/wyciag-elektroniczny-z-konta\/#primaryimage"},"thumbnailUrl":"https:\/\/polamfcu.com\/wp-content\/uploads\/2021\/07\/estatement-TOP.png","datePublished":"2021-07-07T20:23:54+00:00","dateModified":"2022-03-03T21:02:41+00:00","breadcrumb":{"@id":"https:\/\/polamfcu.com\/pl\/uslugi-online\/wyciag-elektroniczny-z-konta\/#breadcrumb"},"inLanguage":"pl-PL","potentialAction":[{"@type":"ReadAction","target":["https:\/\/polamfcu.com\/pl\/uslugi-online\/wyciag-elektroniczny-z-konta\/"]}]},{"@type":"ImageObject","inLanguage":"pl-PL","@id":"https:\/\/polamfcu.com\/pl\/uslugi-online\/wyciag-elektroniczny-z-konta\/#primaryimage","url":"https:\/\/polamfcu.com\/wp-content\/uploads\/2021\/07\/estatement-TOP.png","contentUrl":"https:\/\/polamfcu.com\/wp-content\/uploads\/2021\/07\/estatement-TOP.png","width":1920,"height":360},{"@type":"BreadcrumbList","@id":"https:\/\/polamfcu.com\/pl\/uslugi-online\/wyciag-elektroniczny-z-konta\/#breadcrumb","itemListElement":[{"@type":"ListItem","position":1,"name":"","item":"https:\/\/polamfcu.com\/pl\/"},{"@type":"ListItem","position":2,"name":"Us\u0142ugi Online","item":"https:\/\/polamfcu.com\/pl\/uslugi-online\/"},{"@type":"ListItem","position":3,"name":"Wyci\u0105g Elektroniczny z Konta"}]},{"@type":"WebSite","@id":"https:\/\/polamfcu.com\/#website","url":"https:\/\/polamfcu.com\/","name":"Polam Federal Credit Union","description":"Federal Credit Union","publisher":{"@id":"https:\/\/polamfcu.com\/#organization"},"alternateName":"Polam FCU","potentialAction":[{"@type":"SearchAction","target":{"@type":"EntryPoint","urlTemplate":"https:\/\/polamfcu.com\/?s={search_term_string}"},"query-input":{"@type":"PropertyValueSpecification","valueRequired":true,"valueName":"search_term_string"}}],"inLanguage":"pl-PL"},{"@type":"Organization","@id":"https:\/\/polamfcu.com\/#organization","name":"Polam Federal Credit Union","alternateName":"Polam FCU","url":"https:\/\/polamfcu.com\/","logo":{"@type":"ImageObject","inLanguage":"pl-PL","@id":"https:\/\/polamfcu.com\/#\/schema\/logo\/image\/","url":"https:\/\/polamfcu.com\/wp-content\/uploads\/2022\/11\/logo.png","contentUrl":"https:\/\/polamfcu.com\/wp-content\/uploads\/2022\/11\/logo.png","width":228,"height":81,"caption":"Polam Federal Credit Union"},"image":{"@id":"https:\/\/polamfcu.com\/#\/schema\/logo\/image\/"},"sameAs":["https:\/\/www.facebook.com\/polamcu","https:\/\/www.linkedin.com\/company\/polam-federal-credit-union","https:\/\/www.instagram.com\/polamfcu\/"]}]}},"_links":{"self":[{"href":"https:\/\/polamfcu.com\/pl\/wp-json\/wp\/v2\/pages\/4465","targetHints":{"allow":["GET"]}}],"collection":[{"href":"https:\/\/polamfcu.com\/pl\/wp-json\/wp\/v2\/pages"}],"about":[{"href":"https:\/\/polamfcu.com\/pl\/wp-json\/wp\/v2\/types\/page"}],"author":[{"embeddable":true,"href":"https:\/\/polamfcu.com\/pl\/wp-json\/wp\/v2\/users\/1"}],"replies":[{"embeddable":true,"href":"https:\/\/polamfcu.com\/pl\/wp-json\/wp\/v2\/comments?post=4465"}],"version-history":[{"count":3,"href":"https:\/\/polamfcu.com\/pl\/wp-json\/wp\/v2\/pages\/4465\/revisions"}],"predecessor-version":[{"id":4909,"href":"https:\/\/polamfcu.com\/pl\/wp-json\/wp\/v2\/pages\/4465\/revisions\/4909"}],"up":[{"embeddable":true,"href":"https:\/\/polamfcu.com\/pl\/wp-json\/wp\/v2\/pages\/4328"}],"wp:featuredmedia":[{"embeddable":true,"href":"https:\/\/polamfcu.com\/pl\/wp-json\/wp\/v2\/media\/4467"}],"wp:attachment":[{"href":"https:\/\/polamfcu.com\/pl\/wp-json\/wp\/v2\/media?parent=4465"}],"curies":[{"name":"wp","href":"https:\/\/api.w.org\/{rel}","templated":true}]}}