{"id":4477,"date":"2021-06-21T12:25:22","date_gmt":"2021-06-21T19:25:22","guid":{"rendered":"https:\/\/polamfcu.com\/strona-glowna\/about-us\/"},"modified":"2025-08-20T15:27:24","modified_gmt":"2025-08-20T22:27:24","slug":"o-nas","status":"publish","type":"page","link":"https:\/\/polamfcu.com\/pl\/strona-glowna\/o-nas\/","title":{"rendered":"O nas"},"content":{"rendered":"\n<h2 class=\"wp-block-heading\">O nas<\/h2>\n\n\n\n<p><strong><strong>Nasza misja<\/strong><\/strong><br>Unia Kredytowa POLAM wierzy, \u017ce pomagaj\u0105c ludziom nieustannie powi\u0119ksza\u0107 ich zasoby finansowe i osi\u0105ga\u0107 co raz to nowe cele materialne otrzymuje najlepsz\u0105 nagrod\u0119, jak\u0105 mo\u017ce otrzyma\u0107 ka\u017cda firma \u2013 zaufanie i lojalno\u015b\u0107 Klient\u00f3w. Maj\u0105c to na uwadze, jeste\u015bmy oddani naszej podstawowej misji: ci\u0105g\u0142ym udoskonalaniu naszych produkt\u00f3w i us\u0142ug bankowych, aby m\u00f3c wesprze\u0107 wszystkich naszych cz\u0142onk\u00f3w w du\u017co szybszym osi\u0105gni\u0119ciu finansowych priorytet\u00f3w. Jeste\u015bmy dumni, \u017ce ju\u017c od ponad 40 lat mo\u017cemy spe\u0142nia\u0107 potrzeby i marzenia naszych Klient\u00f3w, a tak\u017ce nieustannie s\u0142u\u017cy\u0107 im rad\u0105. Zawsze jednak przy\u015bwieca nam tylko jeden cel \u2013 tworzenie wzrostu, stabilno\u015bci i opieki finansowej cz\u0142onk\u00f3w Naszej Unii Kredytowej POLAM.<\/p>\n\n\n\n<p><strong><strong>Historia<\/strong><\/strong><br>POLAM powsta\u0142 w 1974 roku, a jego g\u0142\u00f3wnym priorytetem by\u0142o s\u0142u\u017cenie Polonii Ameryka\u0144skiej i oferowaniu zasob\u00f3w, kt\u00f3re zaspokoj\u0105 ich wszelkie potrzeby finansowe. Dzi\u0119ki ci\u0119\u017ckiej pracy i oddaniu za\u0142o\u017cycieli POLAMU, Nasza Unia Kredytowa posiada obecnie niezwykle stabiln\u0105 pozycj\u0119 na rynku, a na rynku instytucji finansowych nieustannie obserwowa\u0107 mo\u017cna jej wzrost.<\/p>\n\n\n\n<p>G\u0142\u00f3wna siedziba POLAM Federal Credit Union mie\u015bci si\u0119 w centrum Redwood City, CA, jednak nasze oddzia\u0142y dost\u0119pne s\u0105 dla wszystkich na obszarze Zatoki San Francisco, w CA oraz w stanie Connecticut. G\u0142\u00f3wnym celem POLAM jest dostarczanie ka\u017cdemu z naszych Klient\u00f3w najwy\u017cszej jako\u015bci us\u0142ug, oferowanych przez wykwalifikowan\u0105 obs\u0142ug\u0119.<\/p>\n\n\n\n<p>W 2008 roku nowym Dyrektorem Generalnym POLAM zosta\u0142 Mark Chrzanowski. Jego ponad 25-letnie do\u015bwiadczenie na rynkach operacji finansowo-bankowych, doradztwa finansowego i rozwoju technologicznego pozwala mu na kontynuowanie strategii rozwoju POLAM w oparciu o wizj\u0119 jej za\u0142o\u017cycieli. To wszystko pozwala na dynamiczne zwi\u0119kszanie si\u0119 udzia\u0142\u00f3w Naszej Unii Kredytowej w rynkach finansowych.<\/p>\n\n\n\n<p><strong><strong>W\u0142adze<\/strong><\/strong><br>Zarz\u0105d Dyrektor\u00f3w, Komitet Doradczy oraz Zesp\u00f3\u0142 Kierowniczy tworz\u0105 profesjonali\u015bci, dla kt\u00f3rych priorytetem jest dostarczanie najwy\u017cszej jako\u015bci produkt\u00f3w i us\u0142ug finansowych dla Naszych obecnych i przysz\u0142ych Klient\u00f3w.<\/p>\n\n\n\n<p><strong><strong>Dyrektor Generalny<\/strong><\/strong><br>Mark Chrzanowski<\/p>\n\n\n\n<div class=\"wp-block-columns is-layout-flex wp-container-core-columns-is-layout-9d6595d7 wp-block-columns-is-layout-flex\">\n<div class=\"wp-block-column is-layout-flow wp-block-column-is-layout-flow\">\n<p><strong><strong>Przewodnicz\u0105cy Zarz\u0105du<\/strong><\/strong><br>Andrzej Wolny<\/p>\n<\/div>\n\n\n\n<div class=\"wp-block-column is-layout-flow wp-block-column-is-layout-flow\">\n<p><strong><strong>Dyrektor \/ Przewodnicz\u0105cy Komitetu Nadzorczego<\/strong><\/strong><br>Steven Grabianowski<\/p>\n<\/div>\n<\/div>\n\n\n\n<div class=\"wp-block-columns is-layout-flex wp-container-core-columns-is-layout-9d6595d7 wp-block-columns-is-layout-flex\">\n<div class=\"wp-block-column is-layout-flow wp-block-column-is-layout-flow\">\n<p><strong><strong>Wiceprzewodnicz\u0105cy<\/strong><\/strong><br>Marek Konopnicki<\/p>\n<\/div>\n\n\n\n<div class=\"wp-block-column is-layout-flow wp-block-column-is-layout-flow\">\n<p><strong><strong>Dyrektor\/Skarbnik<\/strong><\/strong><br>Ela Chrzanowski<\/p>\n<\/div>\n<\/div>\n\n\n\n<div class=\"wp-block-columns is-layout-flex wp-container-core-columns-is-layout-9d6595d7 wp-block-columns-is-layout-flex\">\n<div class=\"wp-block-column is-layout-flow wp-block-column-is-layout-flow\">\n<p><strong><strong>Dyrektor \/ Sekretarz<\/strong><\/strong><br>Mark Chrzanowski<\/p>\n<\/div>\n\n\n\n<div class=\"wp-block-column is-layout-flow wp-block-column-is-layout-flow\">\n<p><strong><strong>Dyrektor<\/strong><\/strong><br>Tomasz Klys<\/p>\n<\/div>\n<\/div>\n\n\n\n<p><strong><strong>Komitet Nadzorczy<\/strong><\/strong><br>Steven Grabinowski \u2013 przewodnicz\u0105cy<br>Kasia Chrzanowska \u2013 cz\u0142onek<br>Michael Wolny \u2013 cz\u0142onek<\/p>\n\n\n\n<p>Je\u015bli chcesz skontaktowa\u0107 si\u0119 z konkretnym cz\u0142onkiem Zarz\u0105du czy Komitetu Nadzorczego, wy\u015blij list na podany poni\u017cej adres, wpisuj\u0105c jako odbiorc\u0119 rzeczonego cz\u0142onka:<\/p>\n\n\n\n<p>Polam Federal Credit Union<br>770 Marshall Street<br>Redwood City, CA 94063<\/p>\n\n\n\n<p><em><em>Wszelka korespondencja b\u0119dzie tylko otwierana przez adresata i jej tre\u015b\u0107 pozostanie poufna, chyba \u017ce nadawca wyrazi inne \u017cyczenie.<\/em><\/em><\/p>\n","protected":false},"excerpt":{"rendered":"<p>O nas Nasza misjaUnia Kredytowa POLAM wierzy, \u017ce pomagaj\u0105c ludziom nieustannie powi\u0119ksza\u0107 ich zasoby finansowe i osi\u0105ga\u0107 co raz to nowe cele materialne otrzymuje najlepsz\u0105 nagrod\u0119, jak\u0105 mo\u017ce otrzyma\u0107 ka\u017cda firma \u2013 zaufanie i lojalno\u015b\u0107 Klient\u00f3w. Maj\u0105c to na uwadze, jeste\u015bmy oddani naszej podstawowej misji: ci\u0105g\u0142ym udoskonalaniu naszych produkt\u00f3w i us\u0142ug bankowych, aby m\u00f3c wesprze\u0107 &#8230; <\/p>\n<div class=\"read-more-box\"><a class=\"btn\" \n href=\"https:\/\/polamfcu.com\/pl\/strona-glowna\/o-nas\/\">Continue reading<\/a><\/div>\n","protected":false},"author":1,"featured_media":4478,"parent":4090,"menu_order":0,"comment_status":"closed","ping_status":"closed","template":"","meta":{"_acf_changed":false,"_monsterinsights_skip_tracking":false,"_monsterinsights_sitenote_active":false,"_monsterinsights_sitenote_note":"","_monsterinsights_sitenote_category":0,"footnotes":""},"class_list":["post-4477","page","type-page","status-publish","has-post-thumbnail","hentry"],"acf":[],"yoast_head":"<!-- This site is optimized with the Yoast SEO plugin v27.3 - https:\/\/yoast.com\/product\/yoast-seo-wordpress\/ -->\n<title>O nas - Polam Federal Credit Union<\/title>\n<meta name=\"robots\" content=\"index, follow, max-snippet:-1, max-image-preview:large, max-video-preview:-1\" \/>\n<link rel=\"canonical\" href=\"https:\/\/polamfcu.com\/pl\/strona-glowna\/o-nas\/\" \/>\n<meta property=\"og:locale\" content=\"pl_PL\" \/>\n<meta property=\"og:type\" content=\"article\" \/>\n<meta property=\"og:title\" content=\"O nas - Polam Federal Credit Union\" \/>\n<meta property=\"og:description\" content=\"O nas Nasza misjaUnia Kredytowa POLAM wierzy, \u017ce pomagaj\u0105c ludziom nieustannie powi\u0119ksza\u0107 ich zasoby finansowe i osi\u0105ga\u0107 co raz to nowe cele materialne otrzymuje najlepsz\u0105 nagrod\u0119, jak\u0105 mo\u017ce otrzyma\u0107 ka\u017cda firma \u2013 zaufanie i lojalno\u015b\u0107 Klient\u00f3w. Maj\u0105c to na uwadze, jeste\u015bmy oddani naszej podstawowej misji: ci\u0105g\u0142ym udoskonalaniu naszych produkt\u00f3w i us\u0142ug bankowych, aby m\u00f3c wesprze\u0107 ... Continue reading\" \/>\n<meta property=\"og:url\" content=\"https:\/\/polamfcu.com\/pl\/strona-glowna\/o-nas\/\" \/>\n<meta property=\"og:site_name\" content=\"Polam Federal Credit Union\" \/>\n<meta property=\"article:publisher\" content=\"https:\/\/www.facebook.com\/polamcu\" \/>\n<meta property=\"article:modified_time\" content=\"2025-08-20T22:27:24+00:00\" \/>\n<meta property=\"og:image\" content=\"https:\/\/polamfcu.com\/wp-content\/uploads\/2021\/07\/POLAM_www_About-us-TOP.jpg\" \/>\n\t<meta property=\"og:image:width\" content=\"1920\" \/>\n\t<meta property=\"og:image:height\" content=\"360\" \/>\n\t<meta property=\"og:image:type\" content=\"image\/jpeg\" \/>\n<meta name=\"twitter:card\" content=\"summary_large_image\" \/>\n<meta name=\"twitter:label1\" content=\"Szacowany czas czytania\" \/>\n\t<meta name=\"twitter:data1\" content=\"2 minuty\" \/>\n<script type=\"application\/ld+json\" class=\"yoast-schema-graph\">{\"@context\":\"https:\\\/\\\/schema.org\",\"@graph\":[{\"@type\":\"WebPage\",\"@id\":\"https:\\\/\\\/polamfcu.com\\\/pl\\\/strona-glowna\\\/o-nas\\\/\",\"url\":\"https:\\\/\\\/polamfcu.com\\\/pl\\\/strona-glowna\\\/o-nas\\\/\",\"name\":\"O nas - Polam Federal Credit Union\",\"isPartOf\":{\"@id\":\"https:\\\/\\\/polamfcu.com\\\/#website\"},\"primaryImageOfPage\":{\"@id\":\"https:\\\/\\\/polamfcu.com\\\/pl\\\/strona-glowna\\\/o-nas\\\/#primaryimage\"},\"image\":{\"@id\":\"https:\\\/\\\/polamfcu.com\\\/pl\\\/strona-glowna\\\/o-nas\\\/#primaryimage\"},\"thumbnailUrl\":\"https:\\\/\\\/polamfcu.com\\\/wp-content\\\/uploads\\\/2021\\\/07\\\/POLAM_www_About-us-TOP.jpg\",\"datePublished\":\"2021-06-21T19:25:22+00:00\",\"dateModified\":\"2025-08-20T22:27:24+00:00\",\"breadcrumb\":{\"@id\":\"https:\\\/\\\/polamfcu.com\\\/pl\\\/strona-glowna\\\/o-nas\\\/#breadcrumb\"},\"inLanguage\":\"pl-PL\",\"potentialAction\":[{\"@type\":\"ReadAction\",\"target\":[\"https:\\\/\\\/polamfcu.com\\\/pl\\\/strona-glowna\\\/o-nas\\\/\"]}]},{\"@type\":\"ImageObject\",\"inLanguage\":\"pl-PL\",\"@id\":\"https:\\\/\\\/polamfcu.com\\\/pl\\\/strona-glowna\\\/o-nas\\\/#primaryimage\",\"url\":\"https:\\\/\\\/polamfcu.com\\\/wp-content\\\/uploads\\\/2021\\\/07\\\/POLAM_www_About-us-TOP.jpg\",\"contentUrl\":\"https:\\\/\\\/polamfcu.com\\\/wp-content\\\/uploads\\\/2021\\\/07\\\/POLAM_www_About-us-TOP.jpg\",\"width\":1920,\"height\":360},{\"@type\":\"BreadcrumbList\",\"@id\":\"https:\\\/\\\/polamfcu.com\\\/pl\\\/strona-glowna\\\/o-nas\\\/#breadcrumb\",\"itemListElement\":[{\"@type\":\"ListItem\",\"position\":1,\"name\":\"\",\"item\":\"https:\\\/\\\/polamfcu.com\\\/pl\\\/\"},{\"@type\":\"ListItem\",\"position\":2,\"name\":\"Strona g\u0142\u00f3wna\",\"item\":\"https:\\\/\\\/polamfcu.com\\\/pl\\\/\"},{\"@type\":\"ListItem\",\"position\":3,\"name\":\"O nas\"}]},{\"@type\":\"WebSite\",\"@id\":\"https:\\\/\\\/polamfcu.com\\\/#website\",\"url\":\"https:\\\/\\\/polamfcu.com\\\/\",\"name\":\"Polam Federal Credit Union\",\"description\":\"Federal Credit Union\",\"publisher\":{\"@id\":\"https:\\\/\\\/polamfcu.com\\\/#organization\"},\"alternateName\":\"Polam FCU\",\"potentialAction\":[{\"@type\":\"SearchAction\",\"target\":{\"@type\":\"EntryPoint\",\"urlTemplate\":\"https:\\\/\\\/polamfcu.com\\\/?s={search_term_string}\"},\"query-input\":{\"@type\":\"PropertyValueSpecification\",\"valueRequired\":true,\"valueName\":\"search_term_string\"}}],\"inLanguage\":\"pl-PL\"},{\"@type\":\"Organization\",\"@id\":\"https:\\\/\\\/polamfcu.com\\\/#organization\",\"name\":\"Polam Federal Credit Union\",\"alternateName\":\"Polam FCU\",\"url\":\"https:\\\/\\\/polamfcu.com\\\/\",\"logo\":{\"@type\":\"ImageObject\",\"inLanguage\":\"pl-PL\",\"@id\":\"https:\\\/\\\/polamfcu.com\\\/#\\\/schema\\\/logo\\\/image\\\/\",\"url\":\"https:\\\/\\\/polamfcu.com\\\/wp-content\\\/uploads\\\/2022\\\/11\\\/logo.png\",\"contentUrl\":\"https:\\\/\\\/polamfcu.com\\\/wp-content\\\/uploads\\\/2022\\\/11\\\/logo.png\",\"width\":228,\"height\":81,\"caption\":\"Polam Federal Credit Union\"},\"image\":{\"@id\":\"https:\\\/\\\/polamfcu.com\\\/#\\\/schema\\\/logo\\\/image\\\/\"},\"sameAs\":[\"https:\\\/\\\/www.facebook.com\\\/polamcu\",\"https:\\\/\\\/www.linkedin.com\\\/company\\\/polam-federal-credit-union\",\"https:\\\/\\\/www.instagram.com\\\/polamfcu\\\/\"]}]}<\/script>\n<!-- \/ Yoast SEO plugin. -->","yoast_head_json":{"title":"O nas - Polam Federal Credit Union","robots":{"index":"index","follow":"follow","max-snippet":"max-snippet:-1","max-image-preview":"max-image-preview:large","max-video-preview":"max-video-preview:-1"},"canonical":"https:\/\/polamfcu.com\/pl\/strona-glowna\/o-nas\/","og_locale":"pl_PL","og_type":"article","og_title":"O nas - Polam Federal Credit Union","og_description":"O nas Nasza misjaUnia Kredytowa POLAM wierzy, \u017ce pomagaj\u0105c ludziom nieustannie powi\u0119ksza\u0107 ich zasoby finansowe i osi\u0105ga\u0107 co raz to nowe cele materialne otrzymuje najlepsz\u0105 nagrod\u0119, jak\u0105 mo\u017ce otrzyma\u0107 ka\u017cda firma \u2013 zaufanie i lojalno\u015b\u0107 Klient\u00f3w. Maj\u0105c to na uwadze, jeste\u015bmy oddani naszej podstawowej misji: ci\u0105g\u0142ym udoskonalaniu naszych produkt\u00f3w i us\u0142ug bankowych, aby m\u00f3c wesprze\u0107 ... Continue reading","og_url":"https:\/\/polamfcu.com\/pl\/strona-glowna\/o-nas\/","og_site_name":"Polam Federal Credit Union","article_publisher":"https:\/\/www.facebook.com\/polamcu","article_modified_time":"2025-08-20T22:27:24+00:00","og_image":[{"width":1920,"height":360,"url":"https:\/\/polamfcu.com\/wp-content\/uploads\/2021\/07\/POLAM_www_About-us-TOP.jpg","type":"image\/jpeg"}],"twitter_card":"summary_large_image","twitter_misc":{"Szacowany czas czytania":"2 minuty"},"schema":{"@context":"https:\/\/schema.org","@graph":[{"@type":"WebPage","@id":"https:\/\/polamfcu.com\/pl\/strona-glowna\/o-nas\/","url":"https:\/\/polamfcu.com\/pl\/strona-glowna\/o-nas\/","name":"O nas - Polam Federal Credit Union","isPartOf":{"@id":"https:\/\/polamfcu.com\/#website"},"primaryImageOfPage":{"@id":"https:\/\/polamfcu.com\/pl\/strona-glowna\/o-nas\/#primaryimage"},"image":{"@id":"https:\/\/polamfcu.com\/pl\/strona-glowna\/o-nas\/#primaryimage"},"thumbnailUrl":"https:\/\/polamfcu.com\/wp-content\/uploads\/2021\/07\/POLAM_www_About-us-TOP.jpg","datePublished":"2021-06-21T19:25:22+00:00","dateModified":"2025-08-20T22:27:24+00:00","breadcrumb":{"@id":"https:\/\/polamfcu.com\/pl\/strona-glowna\/o-nas\/#breadcrumb"},"inLanguage":"pl-PL","potentialAction":[{"@type":"ReadAction","target":["https:\/\/polamfcu.com\/pl\/strona-glowna\/o-nas\/"]}]},{"@type":"ImageObject","inLanguage":"pl-PL","@id":"https:\/\/polamfcu.com\/pl\/strona-glowna\/o-nas\/#primaryimage","url":"https:\/\/polamfcu.com\/wp-content\/uploads\/2021\/07\/POLAM_www_About-us-TOP.jpg","contentUrl":"https:\/\/polamfcu.com\/wp-content\/uploads\/2021\/07\/POLAM_www_About-us-TOP.jpg","width":1920,"height":360},{"@type":"BreadcrumbList","@id":"https:\/\/polamfcu.com\/pl\/strona-glowna\/o-nas\/#breadcrumb","itemListElement":[{"@type":"ListItem","position":1,"name":"","item":"https:\/\/polamfcu.com\/pl\/"},{"@type":"ListItem","position":2,"name":"Strona g\u0142\u00f3wna","item":"https:\/\/polamfcu.com\/pl\/"},{"@type":"ListItem","position":3,"name":"O nas"}]},{"@type":"WebSite","@id":"https:\/\/polamfcu.com\/#website","url":"https:\/\/polamfcu.com\/","name":"Polam Federal Credit Union","description":"Federal Credit Union","publisher":{"@id":"https:\/\/polamfcu.com\/#organization"},"alternateName":"Polam FCU","potentialAction":[{"@type":"SearchAction","target":{"@type":"EntryPoint","urlTemplate":"https:\/\/polamfcu.com\/?s={search_term_string}"},"query-input":{"@type":"PropertyValueSpecification","valueRequired":true,"valueName":"search_term_string"}}],"inLanguage":"pl-PL"},{"@type":"Organization","@id":"https:\/\/polamfcu.com\/#organization","name":"Polam Federal Credit Union","alternateName":"Polam FCU","url":"https:\/\/polamfcu.com\/","logo":{"@type":"ImageObject","inLanguage":"pl-PL","@id":"https:\/\/polamfcu.com\/#\/schema\/logo\/image\/","url":"https:\/\/polamfcu.com\/wp-content\/uploads\/2022\/11\/logo.png","contentUrl":"https:\/\/polamfcu.com\/wp-content\/uploads\/2022\/11\/logo.png","width":228,"height":81,"caption":"Polam Federal Credit Union"},"image":{"@id":"https:\/\/polamfcu.com\/#\/schema\/logo\/image\/"},"sameAs":["https:\/\/www.facebook.com\/polamcu","https:\/\/www.linkedin.com\/company\/polam-federal-credit-union","https:\/\/www.instagram.com\/polamfcu\/"]}]}},"_links":{"self":[{"href":"https:\/\/polamfcu.com\/pl\/wp-json\/wp\/v2\/pages\/4477","targetHints":{"allow":["GET"]}}],"collection":[{"href":"https:\/\/polamfcu.com\/pl\/wp-json\/wp\/v2\/pages"}],"about":[{"href":"https:\/\/polamfcu.com\/pl\/wp-json\/wp\/v2\/types\/page"}],"author":[{"embeddable":true,"href":"https:\/\/polamfcu.com\/pl\/wp-json\/wp\/v2\/users\/1"}],"replies":[{"embeddable":true,"href":"https:\/\/polamfcu.com\/pl\/wp-json\/wp\/v2\/comments?post=4477"}],"version-history":[{"count":4,"href":"https:\/\/polamfcu.com\/pl\/wp-json\/wp\/v2\/pages\/4477\/revisions"}],"predecessor-version":[{"id":7386,"href":"https:\/\/polamfcu.com\/pl\/wp-json\/wp\/v2\/pages\/4477\/revisions\/7386"}],"up":[{"embeddable":true,"href":"https:\/\/polamfcu.com\/pl\/wp-json\/wp\/v2\/pages\/4090"}],"wp:featuredmedia":[{"embeddable":true,"href":"https:\/\/polamfcu.com\/pl\/wp-json\/wp\/v2\/media\/4478"}],"wp:attachment":[{"href":"https:\/\/polamfcu.com\/pl\/wp-json\/wp\/v2\/media?parent=4477"}],"curies":[{"name":"wp","href":"https:\/\/api.w.org\/{rel}","templated":true}]}}