{"id":4480,"date":"2021-06-21T12:25:35","date_gmt":"2021-06-21T19:25:35","guid":{"rendered":"https:\/\/polamfcu.com\/strona-glowna\/locations\/"},"modified":"2024-01-16T13:17:08","modified_gmt":"2024-01-16T21:17:08","slug":"oddzialy","status":"publish","type":"page","link":"https:\/\/polamfcu.com\/pl\/strona-glowna\/oddzialy\/","title":{"rendered":"Oddzia\u0142y"},"content":{"rendered":"\n<h2 class=\"wp-block-heading\">Oddzia\u0142y<\/h2>\n\n\n\n<p>Dzi\u0119ki rozbudowanej sieci naszej Unii Kredytowej, POLAM oferuje swoje us\u0142ugi w wielu oddzia\u0142ach. Aby uzyska\u0107 szczeg\u00f3\u0142owe informacje dotycz\u0105ce naszej oferty b\u0105d\u017a rozwi\u0105za\u0107 sw\u00f3j problem, skontaktuj si\u0119 z nami drog\u0105 mailow\u0105 lub telefoniczn\u0105. Nasi doradcy finansowi z pewno\u015bci\u0105 odpowiedz\u0105 na wszystkie Twoje pytania.<\/p>\n\n\n\n<h3 class=\"wp-block-heading mb-5\">Zlokalizuj oddzia\u0142<\/h3>\n\n\n\n<div class=\"wp-block-columns is-layout-flex wp-container-core-columns-is-layout-9d6595d7 wp-block-columns-is-layout-flex\">\n<div class=\"wp-block-column card p-2 is-layout-flow wp-block-column-is-layout-flow\">\n<p style=\"font-size:15px\"><strong>Main Office \u2013 California<\/strong><br>770 Marshall Street<br>Redwood City, CA 94063<\/p>\n\n\n\n<p style=\"font-size:15px\"><strong>Ph:<\/strong> (650) 367-8940<br><strong>Fx:<\/strong> (650) 367-8945<br><a href=\"mailto:polam@polamfcu.com\">polam@polamfcu.com<\/a><\/p>\n\n\n\n<p style=\"font-size:15px\"><strong>Mon-\u00adThurs:<\/strong> 9 AM to 4 PM<br><strong>Friday:<\/strong> 9 AM to 6 PM<br><strong>Saturday:<\/strong> CLOSED<\/p>\n\n\n\n<p class=\"has-text-color has-link-color wp-elements-1a71b8d084f69f782deedd37a8791c3f\" style=\"color:#02394e;font-size:16px\"><strong>CO-OP Shared Branch<\/strong><\/p>\n\n\n\n<p style=\"font-size:15px\"><strong><a href=\"http:\/\/maps.google.com\/maps?f=q&amp;source=s_q&amp;hl=en&amp;geocode=&amp;q=770+Marshall+Street,+Redwood+City,+CA+94063&amp;sll=37.487658,-122.226892&amp;sspn=0.011288,0.017123&amp;ie=UTF8&amp;z=16&amp;iwloc=A\" target=\"_blank\" rel=\"noreferrer noopener\">\u00bb get map<\/a><\/strong><\/p>\n<\/div>\n\n\n\n<div class=\"wp-block-column card p-2 is-layout-flow wp-block-column-is-layout-flow\">\n<p style=\"font-size:15px\"><strong>San Francisco, CA<\/strong><br>5923 Geary Boulevard<br>San Francisco, CA 94121<\/p>\n\n\n\n<p style=\"font-size:15px\"><strong>Ph:<\/strong> (415) 752-7760<br><strong>Fx:<\/strong> (415) 752-7783<br><a href=\"mailto:polam@polamfcu.com\">polam@polamfcu.com<\/a><\/p>\n\n\n\n<p style=\"font-size:15px\"><strong>Mon-\u00adThurs:<\/strong> 9 AM to 4 PM<br><strong>Friday:<\/strong> 9 AM to 6 PM<br><strong>Saturday:<\/strong> CLOSED<\/p>\n\n\n\n<p class=\"has-text-color has-link-color wp-elements-1a71b8d084f69f782deedd37a8791c3f\" style=\"color:#02394e;font-size:16px\"><strong>CO-OP Shared Branch<\/strong><\/p>\n\n\n\n<p style=\"font-size:15px\"><strong><a href=\"http:\/\/maps.google.com\/maps?f=q&amp;source=s_q&amp;hl=en&amp;geocode=&amp;q=5923+Geary+Boulevard+San+Francisco,+CA+94121&amp;sll=37.779861,-122.483022&amp;sspn=0.011244,0.017123&amp;ie=UTF8&amp;ll=37.780009,-122.483053&amp;spn=0.011244,0.017123&amp;z=16&amp;iwloc=A\" target=\"_blank\" rel=\"noreferrer noopener\">\u00bb get map<\/a><\/strong><\/p>\n<\/div>\n\n\n\n<div class=\"wp-block-column card p-2 is-layout-flow wp-block-column-is-layout-flow\">\n<p style=\"font-size:15px\"><strong>Concord, CA<\/strong><br>1010 Oak Grove Road<br>Concord, CA 94518<\/p>\n\n\n\n<p style=\"font-size:15px\"><strong>Ph:<\/strong> (925) 609\u00ad\u20108500<br><strong>Fx:<\/strong> (925) 609\u00ad\u20108008<br><a href=\"mailto:polam@polamfcu.com\">polam@polamfcu.com<\/a><\/p>\n\n\n\n<p style=\"font-size:15px\"><strong>Mon-\u00adThurs:<\/strong> 9 AM to 4 PM<br><strong>Friday:<\/strong> 9 AM to 6 PM<br><strong>Saturday:<\/strong> CLOSED<\/p>\n\n\n\n<p class=\"has-text-color has-link-color wp-elements-1a71b8d084f69f782deedd37a8791c3f\" style=\"color:#02394e;font-size:16px\"><strong>CO-OP Shared Branch<\/strong><\/p>\n\n\n\n<p style=\"font-size:15px\"><strong><a href=\"http:\/\/maps.google.com\/maps?f=q&amp;source=s_q&amp;hl=en&amp;geocode=&amp;q=1010+oak+grove+road,+Concord,+CA+94518&amp;sll=37.950137,-122.035296&amp;sspn=0.011218,0.017123&amp;ie=UTF8&amp;ll=37.950069,-122.035253&amp;spn=0.011218,0.017123&amp;z=16&amp;iwloc=A\" target=\"_blank\" rel=\"noreferrer noopener\">\u00bb get map<\/a><\/strong><\/p>\n<\/div>\n<\/div>\n\n\n\n<div class=\"wp-block-columns is-layout-flex wp-container-core-columns-is-layout-9d6595d7 wp-block-columns-is-layout-flex\">\n<div class=\"wp-block-column card p-2 is-layout-flow wp-block-column-is-layout-flow\">\n<p style=\"font-size:15px\"><strong>Sacramento, CA<\/strong><br>4313 Elkhorn Blvd<br>Sacramento , CA 95842<\/p>\n\n\n\n<p style=\"font-size:15px\"><strong>Ph:<\/strong> (916) 727-0730<br><strong>Fx:<\/strong> (916) 332-1230<br><a href=\"mailto:polam@polamfcu.com\">polam@polamfcu.com<\/a><\/p>\n\n\n\n<p style=\"font-size:15px\"><strong>Mon-\u00adThurs:<\/strong> 9 AM to 4 PM<br><strong>Friday:<\/strong> 9 AM to 6 PM<br><strong>Saturday:<\/strong> CLOSED<br>\u00a0<\/p>\n\n\n\n<p class=\"has-text-color has-link-color wp-elements-1a71b8d084f69f782deedd37a8791c3f\" style=\"color:#02394e;font-size:16px\"><strong>CO-OP Shared Branch<\/strong><\/p>\n\n\n\n<p style=\"font-size:15px\"><strong><a href=\"https:\/\/www.google.com\/maps\/place\/4313+Elkhorn+Blvd,+Sacramento,+CA+95842\/@38.694552,-121.3653778,17z\/data=!3m1!4b1!4m5!3m4!1s0x809ad8af2e402c65:0x4c61ff06993869f4!8m2!3d38.694552!4d-121.3631891\" target=\"_blank\" rel=\"noreferrer noopener\">\u00bb get map<\/a><\/strong><\/p>\n<\/div>\n\n\n\n<div class=\"wp-block-column card p-2 is-layout-flow wp-block-column-is-layout-flow\">\n<p style=\"font-size:15px\"><strong>New Britain, CT<\/strong><br>55 Broad Street<br>New Britain, CT 06053<\/p>\n\n\n\n<p style=\"font-size:15px\"><strong>Ph:<\/strong> (860) 223-0200<br><strong>Fx:<\/strong> (860) 223-0202<br><a href=\"mailto:polam@polamfcu.com\">polam@polamfcu.com<\/a><\/p>\n\n\n\n<p style=\"font-size:15px\"><strong>Mon-\u00adWeds:<\/strong> 9 AM to 4 PM<br><strong>Thursday:<\/strong> 9 AM to 6 PM<br><strong>Friday:<\/strong> 9 AM to 4 PM<br><strong>Saturday:<\/strong> CLOSED<\/p>\n\n\n\n<p class=\"has-text-color has-link-color wp-elements-1a71b8d084f69f782deedd37a8791c3f\" style=\"color:#02394e;font-size:16px\"><strong>CO-OP Shared Branch<\/strong><\/p>\n\n\n\n<p style=\"font-size:15px\"><strong><a href=\"http:\/\/maps.google.com\/maps?f=q&amp;source=s_q&amp;hl=en&amp;geocode=&amp;q=55+Broad+Street+New+Britain,+CT+06053&amp;sll=41.673377,-72.78511&amp;sspn=0.010626,0.017123&amp;ie=UTF8&amp;ll=41.673377,-72.785068&amp;spn=0.010626,0.017123&amp;z=16&amp;iwloc=A\" target=\"_blank\" rel=\"noreferrer noopener\">\u00bb get map<\/a><\/strong><\/p>\n<\/div>\n\n\n\n<div class=\"wp-block-column card p-2 is-layout-flow wp-block-column-is-layout-flow\">\n<p style=\"font-size:15px\"><strong>Lone Tree, CO<\/strong><br>9227 E Lincoln Ave #200<br>Lone Tree, CO 80124<\/p>\n\n\n\n<p style=\"font-size:15px\"><strong>Ph:<\/strong> (303) 439-2888<br><strong>Fx:<\/strong> (303) 974-5580<br><a href=\"mailto:polam@polamfcu.com\">polam@polamfcu.com<\/a><\/p>\n\n\n\n<p style=\"font-size:15px\"><strong>Mon-\u00adWeds:<\/strong> 9 AM to 4 PM<br><strong>Thursday:<\/strong> 9 AM to 6 PM<br><strong>Friday:<\/strong> 9 AM to 4 PM<br><strong>Saturday:<\/strong> CLOSED<\/p>\n\n\n\n<p class=\"has-text-color has-link-color wp-elements-1a71b8d084f69f782deedd37a8791c3f\" style=\"color:#02394e;font-size:16px\"><strong>CO-OP Shared Branch<\/strong><\/p>\n\n\n\n<p style=\"font-size:15px\"><strong><a href=\"https:\/\/www.google.com\/maps\/place\/Polam+Federal+Credit+Union\/@39.5384569,- 104.883553,15z\/data=!4m6!3m5!1s0x876c855a0a956aad:0xe7ca5beae9e755b8!8m2!3d39.5384569!4d -104.883553!16s%2Fg%2F11vkp6f2ns?hl=en&amp;entry=ttu\" target=\"_blank\" rel=\"noreferrer noopener\">\u00bb get map<\/a><\/strong><\/p>\n<\/div>\n<\/div>\n\n\n\n<p><\/p>\n","protected":false},"excerpt":{"rendered":"<p>Oddzia\u0142y Dzi\u0119ki rozbudowanej sieci naszej Unii Kredytowej, POLAM oferuje swoje us\u0142ugi w wielu oddzia\u0142ach. Aby uzyska\u0107 szczeg\u00f3\u0142owe informacje dotycz\u0105ce naszej oferty b\u0105d\u017a rozwi\u0105za\u0107 sw\u00f3j problem, skontaktuj si\u0119 z nami drog\u0105 mailow\u0105 lub telefoniczn\u0105. Nasi doradcy finansowi z pewno\u015bci\u0105 odpowiedz\u0105 na wszystkie Twoje pytania. Zlokalizuj oddzia\u0142 Main Office \u2013 California770 Marshall StreetRedwood City, CA 94063 Ph: &#8230; <\/p>\n<div class=\"read-more-box\"><a class=\"btn\" \n href=\"https:\/\/polamfcu.com\/pl\/strona-glowna\/oddzialy\/\">Continue reading<\/a><\/div>\n","protected":false},"author":1,"featured_media":4681,"parent":4090,"menu_order":0,"comment_status":"closed","ping_status":"closed","template":"","meta":{"_acf_changed":false,"_monsterinsights_skip_tracking":false,"_monsterinsights_sitenote_active":false,"_monsterinsights_sitenote_note":"","_monsterinsights_sitenote_category":0,"footnotes":""},"class_list":["post-4480","page","type-page","status-publish","has-post-thumbnail","hentry"],"acf":[],"yoast_head":"<!-- This site is optimized with the Yoast SEO plugin v27.3 - https:\/\/yoast.com\/product\/yoast-seo-wordpress\/ -->\n<title>Oddzia\u0142y - Polam Federal Credit Union<\/title>\n<meta name=\"robots\" content=\"index, follow, max-snippet:-1, max-image-preview:large, max-video-preview:-1\" \/>\n<link rel=\"canonical\" href=\"https:\/\/polamfcu.com\/pl\/strona-glowna\/oddzialy\/\" \/>\n<meta property=\"og:locale\" content=\"pl_PL\" \/>\n<meta property=\"og:type\" content=\"article\" \/>\n<meta property=\"og:title\" content=\"Oddzia\u0142y - Polam Federal Credit Union\" \/>\n<meta property=\"og:description\" content=\"Oddzia\u0142y Dzi\u0119ki rozbudowanej sieci naszej Unii Kredytowej, POLAM oferuje swoje us\u0142ugi w wielu oddzia\u0142ach. Aby uzyska\u0107 szczeg\u00f3\u0142owe informacje dotycz\u0105ce naszej oferty b\u0105d\u017a rozwi\u0105za\u0107 sw\u00f3j problem, skontaktuj si\u0119 z nami drog\u0105 mailow\u0105 lub telefoniczn\u0105. Nasi doradcy finansowi z pewno\u015bci\u0105 odpowiedz\u0105 na wszystkie Twoje pytania. Zlokalizuj oddzia\u0142 Main Office \u2013 California770 Marshall StreetRedwood City, CA 94063 Ph: ... Continue reading\" \/>\n<meta property=\"og:url\" content=\"https:\/\/polamfcu.com\/pl\/strona-glowna\/oddzialy\/\" \/>\n<meta property=\"og:site_name\" content=\"Polam Federal Credit Union\" \/>\n<meta property=\"article:publisher\" content=\"https:\/\/www.facebook.com\/polamcu\" \/>\n<meta property=\"article:modified_time\" content=\"2024-01-16T21:17:08+00:00\" \/>\n<meta property=\"og:image\" content=\"https:\/\/polamfcu.com\/wp-content\/uploads\/2022\/02\/POLAM_www_Contact-us-TOP_Locations-min.jpg\" \/>\n\t<meta property=\"og:image:width\" content=\"1920\" \/>\n\t<meta property=\"og:image:height\" content=\"360\" \/>\n\t<meta property=\"og:image:type\" content=\"image\/jpeg\" \/>\n<meta name=\"twitter:card\" content=\"summary_large_image\" \/>\n<meta name=\"twitter:label1\" content=\"Szacowany czas czytania\" \/>\n\t<meta name=\"twitter:data1\" content=\"2 minuty\" \/>\n<script type=\"application\/ld+json\" class=\"yoast-schema-graph\">{\"@context\":\"https:\\\/\\\/schema.org\",\"@graph\":[{\"@type\":\"WebPage\",\"@id\":\"https:\\\/\\\/polamfcu.com\\\/pl\\\/strona-glowna\\\/oddzialy\\\/\",\"url\":\"https:\\\/\\\/polamfcu.com\\\/pl\\\/strona-glowna\\\/oddzialy\\\/\",\"name\":\"Oddzia\u0142y - Polam Federal Credit Union\",\"isPartOf\":{\"@id\":\"https:\\\/\\\/polamfcu.com\\\/#website\"},\"primaryImageOfPage\":{\"@id\":\"https:\\\/\\\/polamfcu.com\\\/pl\\\/strona-glowna\\\/oddzialy\\\/#primaryimage\"},\"image\":{\"@id\":\"https:\\\/\\\/polamfcu.com\\\/pl\\\/strona-glowna\\\/oddzialy\\\/#primaryimage\"},\"thumbnailUrl\":\"https:\\\/\\\/polamfcu.com\\\/wp-content\\\/uploads\\\/2022\\\/02\\\/POLAM_www_Contact-us-TOP_Locations-min.jpg\",\"datePublished\":\"2021-06-21T19:25:35+00:00\",\"dateModified\":\"2024-01-16T21:17:08+00:00\",\"breadcrumb\":{\"@id\":\"https:\\\/\\\/polamfcu.com\\\/pl\\\/strona-glowna\\\/oddzialy\\\/#breadcrumb\"},\"inLanguage\":\"pl-PL\",\"potentialAction\":[{\"@type\":\"ReadAction\",\"target\":[\"https:\\\/\\\/polamfcu.com\\\/pl\\\/strona-glowna\\\/oddzialy\\\/\"]}]},{\"@type\":\"ImageObject\",\"inLanguage\":\"pl-PL\",\"@id\":\"https:\\\/\\\/polamfcu.com\\\/pl\\\/strona-glowna\\\/oddzialy\\\/#primaryimage\",\"url\":\"https:\\\/\\\/polamfcu.com\\\/wp-content\\\/uploads\\\/2022\\\/02\\\/POLAM_www_Contact-us-TOP_Locations-min.jpg\",\"contentUrl\":\"https:\\\/\\\/polamfcu.com\\\/wp-content\\\/uploads\\\/2022\\\/02\\\/POLAM_www_Contact-us-TOP_Locations-min.jpg\",\"width\":1920,\"height\":360},{\"@type\":\"BreadcrumbList\",\"@id\":\"https:\\\/\\\/polamfcu.com\\\/pl\\\/strona-glowna\\\/oddzialy\\\/#breadcrumb\",\"itemListElement\":[{\"@type\":\"ListItem\",\"position\":1,\"name\":\"\",\"item\":\"https:\\\/\\\/polamfcu.com\\\/pl\\\/\"},{\"@type\":\"ListItem\",\"position\":2,\"name\":\"Strona g\u0142\u00f3wna\",\"item\":\"https:\\\/\\\/polamfcu.com\\\/pl\\\/\"},{\"@type\":\"ListItem\",\"position\":3,\"name\":\"Oddzia\u0142y\"}]},{\"@type\":\"WebSite\",\"@id\":\"https:\\\/\\\/polamfcu.com\\\/#website\",\"url\":\"https:\\\/\\\/polamfcu.com\\\/\",\"name\":\"Polam Federal Credit Union\",\"description\":\"Federal Credit Union\",\"publisher\":{\"@id\":\"https:\\\/\\\/polamfcu.com\\\/#organization\"},\"alternateName\":\"Polam FCU\",\"potentialAction\":[{\"@type\":\"SearchAction\",\"target\":{\"@type\":\"EntryPoint\",\"urlTemplate\":\"https:\\\/\\\/polamfcu.com\\\/?s={search_term_string}\"},\"query-input\":{\"@type\":\"PropertyValueSpecification\",\"valueRequired\":true,\"valueName\":\"search_term_string\"}}],\"inLanguage\":\"pl-PL\"},{\"@type\":\"Organization\",\"@id\":\"https:\\\/\\\/polamfcu.com\\\/#organization\",\"name\":\"Polam Federal Credit Union\",\"alternateName\":\"Polam FCU\",\"url\":\"https:\\\/\\\/polamfcu.com\\\/\",\"logo\":{\"@type\":\"ImageObject\",\"inLanguage\":\"pl-PL\",\"@id\":\"https:\\\/\\\/polamfcu.com\\\/#\\\/schema\\\/logo\\\/image\\\/\",\"url\":\"https:\\\/\\\/polamfcu.com\\\/wp-content\\\/uploads\\\/2022\\\/11\\\/logo.png\",\"contentUrl\":\"https:\\\/\\\/polamfcu.com\\\/wp-content\\\/uploads\\\/2022\\\/11\\\/logo.png\",\"width\":228,\"height\":81,\"caption\":\"Polam Federal Credit Union\"},\"image\":{\"@id\":\"https:\\\/\\\/polamfcu.com\\\/#\\\/schema\\\/logo\\\/image\\\/\"},\"sameAs\":[\"https:\\\/\\\/www.facebook.com\\\/polamcu\",\"https:\\\/\\\/www.linkedin.com\\\/company\\\/polam-federal-credit-union\",\"https:\\\/\\\/www.instagram.com\\\/polamfcu\\\/\"]}]}<\/script>\n<!-- \/ Yoast SEO plugin. -->","yoast_head_json":{"title":"Oddzia\u0142y - Polam Federal Credit Union","robots":{"index":"index","follow":"follow","max-snippet":"max-snippet:-1","max-image-preview":"max-image-preview:large","max-video-preview":"max-video-preview:-1"},"canonical":"https:\/\/polamfcu.com\/pl\/strona-glowna\/oddzialy\/","og_locale":"pl_PL","og_type":"article","og_title":"Oddzia\u0142y - Polam Federal Credit Union","og_description":"Oddzia\u0142y Dzi\u0119ki rozbudowanej sieci naszej Unii Kredytowej, POLAM oferuje swoje us\u0142ugi w wielu oddzia\u0142ach. Aby uzyska\u0107 szczeg\u00f3\u0142owe informacje dotycz\u0105ce naszej oferty b\u0105d\u017a rozwi\u0105za\u0107 sw\u00f3j problem, skontaktuj si\u0119 z nami drog\u0105 mailow\u0105 lub telefoniczn\u0105. Nasi doradcy finansowi z pewno\u015bci\u0105 odpowiedz\u0105 na wszystkie Twoje pytania. Zlokalizuj oddzia\u0142 Main Office \u2013 California770 Marshall StreetRedwood City, CA 94063 Ph: ... Continue reading","og_url":"https:\/\/polamfcu.com\/pl\/strona-glowna\/oddzialy\/","og_site_name":"Polam Federal Credit Union","article_publisher":"https:\/\/www.facebook.com\/polamcu","article_modified_time":"2024-01-16T21:17:08+00:00","og_image":[{"width":1920,"height":360,"url":"https:\/\/polamfcu.com\/wp-content\/uploads\/2022\/02\/POLAM_www_Contact-us-TOP_Locations-min.jpg","type":"image\/jpeg"}],"twitter_card":"summary_large_image","twitter_misc":{"Szacowany czas czytania":"2 minuty"},"schema":{"@context":"https:\/\/schema.org","@graph":[{"@type":"WebPage","@id":"https:\/\/polamfcu.com\/pl\/strona-glowna\/oddzialy\/","url":"https:\/\/polamfcu.com\/pl\/strona-glowna\/oddzialy\/","name":"Oddzia\u0142y - Polam Federal Credit Union","isPartOf":{"@id":"https:\/\/polamfcu.com\/#website"},"primaryImageOfPage":{"@id":"https:\/\/polamfcu.com\/pl\/strona-glowna\/oddzialy\/#primaryimage"},"image":{"@id":"https:\/\/polamfcu.com\/pl\/strona-glowna\/oddzialy\/#primaryimage"},"thumbnailUrl":"https:\/\/polamfcu.com\/wp-content\/uploads\/2022\/02\/POLAM_www_Contact-us-TOP_Locations-min.jpg","datePublished":"2021-06-21T19:25:35+00:00","dateModified":"2024-01-16T21:17:08+00:00","breadcrumb":{"@id":"https:\/\/polamfcu.com\/pl\/strona-glowna\/oddzialy\/#breadcrumb"},"inLanguage":"pl-PL","potentialAction":[{"@type":"ReadAction","target":["https:\/\/polamfcu.com\/pl\/strona-glowna\/oddzialy\/"]}]},{"@type":"ImageObject","inLanguage":"pl-PL","@id":"https:\/\/polamfcu.com\/pl\/strona-glowna\/oddzialy\/#primaryimage","url":"https:\/\/polamfcu.com\/wp-content\/uploads\/2022\/02\/POLAM_www_Contact-us-TOP_Locations-min.jpg","contentUrl":"https:\/\/polamfcu.com\/wp-content\/uploads\/2022\/02\/POLAM_www_Contact-us-TOP_Locations-min.jpg","width":1920,"height":360},{"@type":"BreadcrumbList","@id":"https:\/\/polamfcu.com\/pl\/strona-glowna\/oddzialy\/#breadcrumb","itemListElement":[{"@type":"ListItem","position":1,"name":"","item":"https:\/\/polamfcu.com\/pl\/"},{"@type":"ListItem","position":2,"name":"Strona g\u0142\u00f3wna","item":"https:\/\/polamfcu.com\/pl\/"},{"@type":"ListItem","position":3,"name":"Oddzia\u0142y"}]},{"@type":"WebSite","@id":"https:\/\/polamfcu.com\/#website","url":"https:\/\/polamfcu.com\/","name":"Polam Federal Credit Union","description":"Federal Credit Union","publisher":{"@id":"https:\/\/polamfcu.com\/#organization"},"alternateName":"Polam FCU","potentialAction":[{"@type":"SearchAction","target":{"@type":"EntryPoint","urlTemplate":"https:\/\/polamfcu.com\/?s={search_term_string}"},"query-input":{"@type":"PropertyValueSpecification","valueRequired":true,"valueName":"search_term_string"}}],"inLanguage":"pl-PL"},{"@type":"Organization","@id":"https:\/\/polamfcu.com\/#organization","name":"Polam Federal Credit Union","alternateName":"Polam FCU","url":"https:\/\/polamfcu.com\/","logo":{"@type":"ImageObject","inLanguage":"pl-PL","@id":"https:\/\/polamfcu.com\/#\/schema\/logo\/image\/","url":"https:\/\/polamfcu.com\/wp-content\/uploads\/2022\/11\/logo.png","contentUrl":"https:\/\/polamfcu.com\/wp-content\/uploads\/2022\/11\/logo.png","width":228,"height":81,"caption":"Polam Federal Credit Union"},"image":{"@id":"https:\/\/polamfcu.com\/#\/schema\/logo\/image\/"},"sameAs":["https:\/\/www.facebook.com\/polamcu","https:\/\/www.linkedin.com\/company\/polam-federal-credit-union","https:\/\/www.instagram.com\/polamfcu\/"]}]}},"_links":{"self":[{"href":"https:\/\/polamfcu.com\/pl\/wp-json\/wp\/v2\/pages\/4480","targetHints":{"allow":["GET"]}}],"collection":[{"href":"https:\/\/polamfcu.com\/pl\/wp-json\/wp\/v2\/pages"}],"about":[{"href":"https:\/\/polamfcu.com\/pl\/wp-json\/wp\/v2\/types\/page"}],"author":[{"embeddable":true,"href":"https:\/\/polamfcu.com\/pl\/wp-json\/wp\/v2\/users\/1"}],"replies":[{"embeddable":true,"href":"https:\/\/polamfcu.com\/pl\/wp-json\/wp\/v2\/comments?post=4480"}],"version-history":[{"count":5,"href":"https:\/\/polamfcu.com\/pl\/wp-json\/wp\/v2\/pages\/4480\/revisions"}],"predecessor-version":[{"id":6622,"href":"https:\/\/polamfcu.com\/pl\/wp-json\/wp\/v2\/pages\/4480\/revisions\/6622"}],"up":[{"embeddable":true,"href":"https:\/\/polamfcu.com\/pl\/wp-json\/wp\/v2\/pages\/4090"}],"wp:featuredmedia":[{"embeddable":true,"href":"https:\/\/polamfcu.com\/pl\/wp-json\/wp\/v2\/media\/4681"}],"wp:attachment":[{"href":"https:\/\/polamfcu.com\/pl\/wp-json\/wp\/v2\/media?parent=4480"}],"curies":[{"name":"wp","href":"https:\/\/api.w.org\/{rel}","templated":true}]}}