{"id":4483,"date":"2021-06-21T12:25:54","date_gmt":"2021-06-21T19:25:54","guid":{"rendered":"https:\/\/polamfcu.com\/strona-glowna\/atms\/"},"modified":"2024-03-08T08:59:30","modified_gmt":"2024-03-08T16:59:30","slug":"bankomaty","status":"publish","type":"page","link":"https:\/\/polamfcu.com\/pl\/strona-glowna\/bankomaty\/","title":{"rendered":"Bankomaty i Wsp\u00f3lne Oddzia\u0142y"},"content":{"rendered":"\n<h2 class=\"wp-block-heading\">Bankomaty i Wsp\u00f3lne Oddzia\u0142y<\/h2>\n\n\n\n<p>Dzi\u0119ki karcie debetowej Polam Visa\u00ae otrzymujesz dost\u0119p do swoich \u015brodk\u00f3w finansowych w pond 30 000 bankomat\u00f3w w sieci CO-OP i ponad 7500 akceptuj\u0105cych wp\u0142aty na terenie Stan\u00f3w Zjednoczonych. To o wiele wi\u0119cej ni\u017c posiadaj\u0105 banki komercyjne w tym kraju i obejmuje wygodne lokalizacje, w kt\u00f3rych robisz zakupy i kiedy jeste\u015b w podr\u00f3\u017cy, w tym 7-Eleven, Costco i Chevron. Mo\u017cesz dokonywa\u0107 bezp\u0142atnych wyp\u0142at i wp\u0142at* w tych miejscach i bankomatach, gdziekolwiek zobaczysz logo bankomatu CO-OP.<\/p>\n\n\n\n<div class=\"wp-block-columns is-layout-flex wp-container-core-columns-is-layout-9d6595d7 wp-block-columns-is-layout-flex\">\n<div class=\"wp-block-column is-layout-flow wp-block-column-is-layout-flow\">\n<figure class=\"wp-block-image size-full is-resized mb-5\"><a href=\"https:\/\/co-opcreditunions.org\/locator\/?ref=co-opsharedbranch.org&amp;sc=1\" target=\"_blank\" rel=\"noopener\"><img loading=\"lazy\" decoding=\"async\" width=\"289\" height=\"119\" src=\"https:\/\/polamfcu.com\/wp-content\/uploads\/2021\/07\/Button_Find-ATM-min.png\" alt=\"\" class=\"wp-image-3902\" style=\"width:292px;height:auto\"\/><\/a><\/figure>\n<\/div>\n\n\n\n<div class=\"wp-block-column is-layout-flow wp-block-column-is-layout-flow\">\n<figure class=\"wp-block-image size-full is-resized mb-5\"><a href=\"https:\/\/co-opcreditunions.org\/locator\/?ref=co-opatm.org&amp;sc=1&amp;utm_source=co-opfs.org&amp;utm_medium=cta&amp;utm_campaign=b2bsite&amp;utm_term=locatorpage\" target=\"_blank\" rel=\"noopener\"><img loading=\"lazy\" decoding=\"async\" width=\"289\" height=\"119\" src=\"https:\/\/polamfcu.com\/wp-content\/uploads\/2024\/03\/received_2327453814132237.png\" alt=\"\" class=\"wp-image-6663\" style=\"width:292px;height:auto\"\/><\/a><\/figure>\n<\/div>\n<\/div>\n\n\n\n<div class=\"wp-block-media-text is-stacked-on-mobile is-vertically-aligned-center mb-5\" style=\"grid-template-columns:29% auto\"><figure class=\"wp-block-media-text__media\"><img loading=\"lazy\" decoding=\"async\" width=\"150\" height=\"150\" src=\"https:\/\/polamfcu.com\/wp-content\/uploads\/2021\/07\/mobile_app_circle-min.png\" alt=\"\" class=\"wp-image-3905 size-full\"\/><\/figure><div class=\"wp-block-media-text__content\">\n<h3 class=\"wp-block-heading mb-3 border-left\"><strong>Aplikacja<\/strong><\/h3>\n\n\n\n<p class=\"mb-0\" style=\"font-size:14px\">Znajd\u017a najbli\u017cszy bankomat bez op\u0142at transakcyjnych dzi\u0119ki aplikacji CO-OP Locators. Aplikacje mobilna CO-OP Locators mo\u017cesz pobra\u0107 z wybranego sklepu z aplikacjami <a href=\"https:\/\/itunes.apple.com\/us\/app\/coop-atm-shared-branch-locator\/id1239957376?mt=8\">App Store<\/a> lub <a href=\"https:\/\/play.google.com\/store\/apps\/details?id=com.coopnetwork.locator\">Google Play<\/a><\/p>\n<\/div><\/div>\n\n\n\n<div class=\"wp-block-media-text is-stacked-on-mobile is-vertically-aligned-center mb-5\" style=\"grid-template-columns:29% auto\"><figure class=\"wp-block-media-text__media\"><img loading=\"lazy\" decoding=\"async\" width=\"150\" height=\"150\" src=\"https:\/\/polamfcu.com\/wp-content\/uploads\/2021\/07\/text_circle-min.png\" alt=\"\" class=\"wp-image-3904 size-full\"\/><\/figure><div class=\"wp-block-media-text__content\">\n<h3 class=\"wp-block-heading mb-3 border-left\">SMS<\/h3>\n\n\n\n<p class=\"mb-0\" style=\"font-size:14px\">Wislij SMS z kodem pocztowym na numer 91989 z celu znalezienia najbli\u017cszego bankomatu.<\/p>\n<\/div><\/div>\n\n\n\n<div class=\"wp-block-media-text is-stacked-on-mobile is-vertically-aligned-center mb-5\" style=\"grid-template-columns:29% auto\"><figure class=\"wp-block-media-text__media\"><img loading=\"lazy\" decoding=\"async\" width=\"150\" height=\"150\" src=\"https:\/\/polamfcu.com\/wp-content\/uploads\/2021\/07\/call_circle-min.png\" alt=\"\" class=\"wp-image-3901 size-full\"\/><\/figure><div class=\"wp-block-media-text__content\">\n<h3 class=\"wp-block-heading mb-3 border-left\">Zadzwo\u0144<\/h3>\n\n\n\n<p class=\"mb-0\" style=\"font-size:14px\">Zadzwo\u0144 na 1-888-748-3226 w celu znalezienia lokalizacji przez telefon.<\/p>\n<\/div><\/div>\n\n\n\n<p><strong>U\u017cyj poni\u017cszych przycisk\u00f3w, aby pobra\u0107 aplikacj\u0119 CO-OP na sw\u00f3j smartfon i znale\u017a\u0107 najbli\u017cszy bankomat.<\/strong><\/p>\n\n\n\n<p><a href=\"https:\/\/itunes.apple.com\/us\/app\/coop-atm-shared-branch-locator\/id1239957376?mt=8\" target=\"_blank\" rel=\"noreferrer noopener\"><img loading=\"lazy\" decoding=\"async\" width=\"150\" height=\"50\" class=\"wp-image-3903\" style=\"width: 150px;\" src=\"https:\/\/polamfcu.com\/wp-content\/uploads\/2021\/07\/app_store_badge-min.png\" alt=\"\"><\/a> <a href=\"https:\/\/play.google.com\/store\/apps\/details?id=com.coopnetwork.locator\" target=\"_blank\" rel=\"noreferrer noopener\"><img loading=\"lazy\" decoding=\"async\" width=\"150\" height=\"45\" class=\"wp-image-3900\" style=\"width: 150px;\" src=\"https:\/\/polamfcu.com\/wp-content\/uploads\/2021\/07\/google-play-badge-min.png\" alt=\"\"><\/a><\/p>\n\n\n\n<p><strong><em><strong><em>*<\/em><\/strong><em>\u015arodki mog\u0105 nie by\u0107 dost\u0119pne do natychmiastowej wyp\u0142aty. Depozyty z\u0142o\u017cone w bankomatach nie b\u0119d\u0105cych w\u0142asno\u015bci\u0105 Federalnej Unii Kredytowej Polam mog\u0105 podlega\u0107 dodatkowym procesom narzuconym przez w\u0142a\u015bciciela bankomatu. Aby uzyska\u0107 wi\u0119cej informacji, skontaktuj si\u0119 ze specjalist\u0105 ds. us\u0142ug finansowych.<\/em><\/em><\/strong><\/p>\n","protected":false},"excerpt":{"rendered":"<p>Bankomaty i Wsp\u00f3lne Oddzia\u0142y Dzi\u0119ki karcie debetowej Polam Visa\u00ae otrzymujesz dost\u0119p do swoich \u015brodk\u00f3w finansowych w pond 30 000 bankomat\u00f3w w sieci CO-OP i ponad 7500 akceptuj\u0105cych wp\u0142aty na terenie Stan\u00f3w Zjednoczonych. To o wiele wi\u0119cej ni\u017c posiadaj\u0105 banki komercyjne w tym kraju i obejmuje wygodne lokalizacje, w kt\u00f3rych robisz zakupy i kiedy jeste\u015b w &#8230; <\/p>\n<div class=\"read-more-box\"><a class=\"btn\" \n href=\"https:\/\/polamfcu.com\/pl\/strona-glowna\/bankomaty\/\">Continue reading<\/a><\/div>\n","protected":false},"author":1,"featured_media":4485,"parent":4090,"menu_order":0,"comment_status":"closed","ping_status":"closed","template":"","meta":{"_acf_changed":false,"_monsterinsights_skip_tracking":false,"_monsterinsights_sitenote_active":false,"_monsterinsights_sitenote_note":"","_monsterinsights_sitenote_category":0,"footnotes":""},"class_list":["post-4483","page","type-page","status-publish","has-post-thumbnail","hentry"],"acf":[],"yoast_head":"<!-- This site is optimized with the Yoast SEO plugin v27.3 - https:\/\/yoast.com\/product\/yoast-seo-wordpress\/ -->\n<title>Bankomaty i Wsp\u00f3lne Oddzia\u0142y - Polam Federal Credit Union<\/title>\n<meta name=\"robots\" content=\"index, follow, max-snippet:-1, max-image-preview:large, max-video-preview:-1\" \/>\n<link rel=\"canonical\" href=\"https:\/\/polamfcu.com\/pl\/strona-glowna\/bankomaty\/\" \/>\n<meta property=\"og:locale\" content=\"pl_PL\" \/>\n<meta property=\"og:type\" content=\"article\" \/>\n<meta property=\"og:title\" content=\"Bankomaty i Wsp\u00f3lne Oddzia\u0142y - Polam Federal Credit Union\" \/>\n<meta property=\"og:description\" content=\"Bankomaty i Wsp\u00f3lne Oddzia\u0142y Dzi\u0119ki karcie debetowej Polam Visa\u00ae otrzymujesz dost\u0119p do swoich \u015brodk\u00f3w finansowych w pond 30 000 bankomat\u00f3w w sieci CO-OP i ponad 7500 akceptuj\u0105cych wp\u0142aty na terenie Stan\u00f3w Zjednoczonych. To o wiele wi\u0119cej ni\u017c posiadaj\u0105 banki komercyjne w tym kraju i obejmuje wygodne lokalizacje, w kt\u00f3rych robisz zakupy i kiedy jeste\u015b w ... Continue reading\" \/>\n<meta property=\"og:url\" content=\"https:\/\/polamfcu.com\/pl\/strona-glowna\/bankomaty\/\" \/>\n<meta property=\"og:site_name\" content=\"Polam Federal Credit Union\" \/>\n<meta property=\"article:publisher\" content=\"https:\/\/www.facebook.com\/polamcu\" \/>\n<meta property=\"article:modified_time\" content=\"2024-03-08T16:59:30+00:00\" \/>\n<meta property=\"og:image\" content=\"https:\/\/polamfcu.com\/wp-content\/uploads\/2021\/07\/POLAM_www_ATMs-TOP-1.jpg\" \/>\n\t<meta property=\"og:image:width\" content=\"1920\" \/>\n\t<meta property=\"og:image:height\" content=\"360\" \/>\n\t<meta property=\"og:image:type\" content=\"image\/jpeg\" \/>\n<meta name=\"twitter:card\" content=\"summary_large_image\" \/>\n<meta name=\"twitter:label1\" content=\"Szacowany czas czytania\" \/>\n\t<meta name=\"twitter:data1\" content=\"3 minuty\" \/>\n<script type=\"application\/ld+json\" class=\"yoast-schema-graph\">{\"@context\":\"https:\\\/\\\/schema.org\",\"@graph\":[{\"@type\":\"WebPage\",\"@id\":\"https:\\\/\\\/polamfcu.com\\\/pl\\\/strona-glowna\\\/bankomaty\\\/\",\"url\":\"https:\\\/\\\/polamfcu.com\\\/pl\\\/strona-glowna\\\/bankomaty\\\/\",\"name\":\"Bankomaty i Wsp\u00f3lne Oddzia\u0142y - Polam Federal Credit Union\",\"isPartOf\":{\"@id\":\"https:\\\/\\\/polamfcu.com\\\/#website\"},\"primaryImageOfPage\":{\"@id\":\"https:\\\/\\\/polamfcu.com\\\/pl\\\/strona-glowna\\\/bankomaty\\\/#primaryimage\"},\"image\":{\"@id\":\"https:\\\/\\\/polamfcu.com\\\/pl\\\/strona-glowna\\\/bankomaty\\\/#primaryimage\"},\"thumbnailUrl\":\"https:\\\/\\\/polamfcu.com\\\/wp-content\\\/uploads\\\/2021\\\/07\\\/POLAM_www_ATMs-TOP-1.jpg\",\"datePublished\":\"2021-06-21T19:25:54+00:00\",\"dateModified\":\"2024-03-08T16:59:30+00:00\",\"breadcrumb\":{\"@id\":\"https:\\\/\\\/polamfcu.com\\\/pl\\\/strona-glowna\\\/bankomaty\\\/#breadcrumb\"},\"inLanguage\":\"pl-PL\",\"potentialAction\":[{\"@type\":\"ReadAction\",\"target\":[\"https:\\\/\\\/polamfcu.com\\\/pl\\\/strona-glowna\\\/bankomaty\\\/\"]}]},{\"@type\":\"ImageObject\",\"inLanguage\":\"pl-PL\",\"@id\":\"https:\\\/\\\/polamfcu.com\\\/pl\\\/strona-glowna\\\/bankomaty\\\/#primaryimage\",\"url\":\"https:\\\/\\\/polamfcu.com\\\/wp-content\\\/uploads\\\/2021\\\/07\\\/POLAM_www_ATMs-TOP-1.jpg\",\"contentUrl\":\"https:\\\/\\\/polamfcu.com\\\/wp-content\\\/uploads\\\/2021\\\/07\\\/POLAM_www_ATMs-TOP-1.jpg\",\"width\":1920,\"height\":360},{\"@type\":\"BreadcrumbList\",\"@id\":\"https:\\\/\\\/polamfcu.com\\\/pl\\\/strona-glowna\\\/bankomaty\\\/#breadcrumb\",\"itemListElement\":[{\"@type\":\"ListItem\",\"position\":1,\"name\":\"\",\"item\":\"https:\\\/\\\/polamfcu.com\\\/pl\\\/\"},{\"@type\":\"ListItem\",\"position\":2,\"name\":\"Strona g\u0142\u00f3wna\",\"item\":\"https:\\\/\\\/polamfcu.com\\\/pl\\\/\"},{\"@type\":\"ListItem\",\"position\":3,\"name\":\"Bankomaty i Wsp\u00f3lne Oddzia\u0142y\"}]},{\"@type\":\"WebSite\",\"@id\":\"https:\\\/\\\/polamfcu.com\\\/#website\",\"url\":\"https:\\\/\\\/polamfcu.com\\\/\",\"name\":\"Polam Federal Credit Union\",\"description\":\"Federal Credit Union\",\"publisher\":{\"@id\":\"https:\\\/\\\/polamfcu.com\\\/#organization\"},\"alternateName\":\"Polam FCU\",\"potentialAction\":[{\"@type\":\"SearchAction\",\"target\":{\"@type\":\"EntryPoint\",\"urlTemplate\":\"https:\\\/\\\/polamfcu.com\\\/?s={search_term_string}\"},\"query-input\":{\"@type\":\"PropertyValueSpecification\",\"valueRequired\":true,\"valueName\":\"search_term_string\"}}],\"inLanguage\":\"pl-PL\"},{\"@type\":\"Organization\",\"@id\":\"https:\\\/\\\/polamfcu.com\\\/#organization\",\"name\":\"Polam Federal Credit Union\",\"alternateName\":\"Polam FCU\",\"url\":\"https:\\\/\\\/polamfcu.com\\\/\",\"logo\":{\"@type\":\"ImageObject\",\"inLanguage\":\"pl-PL\",\"@id\":\"https:\\\/\\\/polamfcu.com\\\/#\\\/schema\\\/logo\\\/image\\\/\",\"url\":\"https:\\\/\\\/polamfcu.com\\\/wp-content\\\/uploads\\\/2022\\\/11\\\/logo.png\",\"contentUrl\":\"https:\\\/\\\/polamfcu.com\\\/wp-content\\\/uploads\\\/2022\\\/11\\\/logo.png\",\"width\":228,\"height\":81,\"caption\":\"Polam Federal Credit Union\"},\"image\":{\"@id\":\"https:\\\/\\\/polamfcu.com\\\/#\\\/schema\\\/logo\\\/image\\\/\"},\"sameAs\":[\"https:\\\/\\\/www.facebook.com\\\/polamcu\",\"https:\\\/\\\/www.linkedin.com\\\/company\\\/polam-federal-credit-union\",\"https:\\\/\\\/www.instagram.com\\\/polamfcu\\\/\"]}]}<\/script>\n<!-- \/ Yoast SEO plugin. -->","yoast_head_json":{"title":"Bankomaty i Wsp\u00f3lne Oddzia\u0142y - Polam Federal Credit Union","robots":{"index":"index","follow":"follow","max-snippet":"max-snippet:-1","max-image-preview":"max-image-preview:large","max-video-preview":"max-video-preview:-1"},"canonical":"https:\/\/polamfcu.com\/pl\/strona-glowna\/bankomaty\/","og_locale":"pl_PL","og_type":"article","og_title":"Bankomaty i Wsp\u00f3lne Oddzia\u0142y - Polam Federal Credit Union","og_description":"Bankomaty i Wsp\u00f3lne Oddzia\u0142y Dzi\u0119ki karcie debetowej Polam Visa\u00ae otrzymujesz dost\u0119p do swoich \u015brodk\u00f3w finansowych w pond 30 000 bankomat\u00f3w w sieci CO-OP i ponad 7500 akceptuj\u0105cych wp\u0142aty na terenie Stan\u00f3w Zjednoczonych. To o wiele wi\u0119cej ni\u017c posiadaj\u0105 banki komercyjne w tym kraju i obejmuje wygodne lokalizacje, w kt\u00f3rych robisz zakupy i kiedy jeste\u015b w ... Continue reading","og_url":"https:\/\/polamfcu.com\/pl\/strona-glowna\/bankomaty\/","og_site_name":"Polam Federal Credit Union","article_publisher":"https:\/\/www.facebook.com\/polamcu","article_modified_time":"2024-03-08T16:59:30+00:00","og_image":[{"width":1920,"height":360,"url":"https:\/\/polamfcu.com\/wp-content\/uploads\/2021\/07\/POLAM_www_ATMs-TOP-1.jpg","type":"image\/jpeg"}],"twitter_card":"summary_large_image","twitter_misc":{"Szacowany czas czytania":"3 minuty"},"schema":{"@context":"https:\/\/schema.org","@graph":[{"@type":"WebPage","@id":"https:\/\/polamfcu.com\/pl\/strona-glowna\/bankomaty\/","url":"https:\/\/polamfcu.com\/pl\/strona-glowna\/bankomaty\/","name":"Bankomaty i Wsp\u00f3lne Oddzia\u0142y - Polam Federal Credit Union","isPartOf":{"@id":"https:\/\/polamfcu.com\/#website"},"primaryImageOfPage":{"@id":"https:\/\/polamfcu.com\/pl\/strona-glowna\/bankomaty\/#primaryimage"},"image":{"@id":"https:\/\/polamfcu.com\/pl\/strona-glowna\/bankomaty\/#primaryimage"},"thumbnailUrl":"https:\/\/polamfcu.com\/wp-content\/uploads\/2021\/07\/POLAM_www_ATMs-TOP-1.jpg","datePublished":"2021-06-21T19:25:54+00:00","dateModified":"2024-03-08T16:59:30+00:00","breadcrumb":{"@id":"https:\/\/polamfcu.com\/pl\/strona-glowna\/bankomaty\/#breadcrumb"},"inLanguage":"pl-PL","potentialAction":[{"@type":"ReadAction","target":["https:\/\/polamfcu.com\/pl\/strona-glowna\/bankomaty\/"]}]},{"@type":"ImageObject","inLanguage":"pl-PL","@id":"https:\/\/polamfcu.com\/pl\/strona-glowna\/bankomaty\/#primaryimage","url":"https:\/\/polamfcu.com\/wp-content\/uploads\/2021\/07\/POLAM_www_ATMs-TOP-1.jpg","contentUrl":"https:\/\/polamfcu.com\/wp-content\/uploads\/2021\/07\/POLAM_www_ATMs-TOP-1.jpg","width":1920,"height":360},{"@type":"BreadcrumbList","@id":"https:\/\/polamfcu.com\/pl\/strona-glowna\/bankomaty\/#breadcrumb","itemListElement":[{"@type":"ListItem","position":1,"name":"","item":"https:\/\/polamfcu.com\/pl\/"},{"@type":"ListItem","position":2,"name":"Strona g\u0142\u00f3wna","item":"https:\/\/polamfcu.com\/pl\/"},{"@type":"ListItem","position":3,"name":"Bankomaty i Wsp\u00f3lne Oddzia\u0142y"}]},{"@type":"WebSite","@id":"https:\/\/polamfcu.com\/#website","url":"https:\/\/polamfcu.com\/","name":"Polam Federal Credit Union","description":"Federal Credit Union","publisher":{"@id":"https:\/\/polamfcu.com\/#organization"},"alternateName":"Polam FCU","potentialAction":[{"@type":"SearchAction","target":{"@type":"EntryPoint","urlTemplate":"https:\/\/polamfcu.com\/?s={search_term_string}"},"query-input":{"@type":"PropertyValueSpecification","valueRequired":true,"valueName":"search_term_string"}}],"inLanguage":"pl-PL"},{"@type":"Organization","@id":"https:\/\/polamfcu.com\/#organization","name":"Polam Federal Credit Union","alternateName":"Polam FCU","url":"https:\/\/polamfcu.com\/","logo":{"@type":"ImageObject","inLanguage":"pl-PL","@id":"https:\/\/polamfcu.com\/#\/schema\/logo\/image\/","url":"https:\/\/polamfcu.com\/wp-content\/uploads\/2022\/11\/logo.png","contentUrl":"https:\/\/polamfcu.com\/wp-content\/uploads\/2022\/11\/logo.png","width":228,"height":81,"caption":"Polam Federal Credit Union"},"image":{"@id":"https:\/\/polamfcu.com\/#\/schema\/logo\/image\/"},"sameAs":["https:\/\/www.facebook.com\/polamcu","https:\/\/www.linkedin.com\/company\/polam-federal-credit-union","https:\/\/www.instagram.com\/polamfcu\/"]}]}},"_links":{"self":[{"href":"https:\/\/polamfcu.com\/pl\/wp-json\/wp\/v2\/pages\/4483","targetHints":{"allow":["GET"]}}],"collection":[{"href":"https:\/\/polamfcu.com\/pl\/wp-json\/wp\/v2\/pages"}],"about":[{"href":"https:\/\/polamfcu.com\/pl\/wp-json\/wp\/v2\/types\/page"}],"author":[{"embeddable":true,"href":"https:\/\/polamfcu.com\/pl\/wp-json\/wp\/v2\/users\/1"}],"replies":[{"embeddable":true,"href":"https:\/\/polamfcu.com\/pl\/wp-json\/wp\/v2\/comments?post=4483"}],"version-history":[{"count":7,"href":"https:\/\/polamfcu.com\/pl\/wp-json\/wp\/v2\/pages\/4483\/revisions"}],"predecessor-version":[{"id":6677,"href":"https:\/\/polamfcu.com\/pl\/wp-json\/wp\/v2\/pages\/4483\/revisions\/6677"}],"up":[{"embeddable":true,"href":"https:\/\/polamfcu.com\/pl\/wp-json\/wp\/v2\/pages\/4090"}],"wp:featuredmedia":[{"embeddable":true,"href":"https:\/\/polamfcu.com\/pl\/wp-json\/wp\/v2\/media\/4485"}],"wp:attachment":[{"href":"https:\/\/polamfcu.com\/pl\/wp-json\/wp\/v2\/media?parent=4483"}],"curies":[{"name":"wp","href":"https:\/\/api.w.org\/{rel}","templated":true}]}}