{"id":4587,"date":"2021-07-07T13:12:59","date_gmt":"2021-07-07T20:12:59","guid":{"rendered":"https:\/\/polamfcu.com\/careers\/"},"modified":"2022-01-18T04:36:37","modified_gmt":"2022-01-18T12:36:37","slug":"oferty-pracy","status":"publish","type":"page","link":"https:\/\/polamfcu.com\/pl\/oferty-pracy\/","title":{"rendered":"Oferty pracy"},"content":{"rendered":"\n<p>Dzi\u0119kujemy za odwiedzenie dzia\u0142u <em>Oferty pracy<\/em> na stronie POLAM FCU. Zawsze jeste\u015bmy zainteresowani pozyskiwaniem specjalist\u00f3w w bran\u017cy bankowo-finansowej. Nieustannie poszukujemy najlepszych pracownik\u00f3w, kt\u00f3rzy b\u0119d\u0105 reprezentowali nasze najwa\u017cniejsze warto\u015bci. Wszystkich zainteresowanych prosimy o przes\u0142anie listu motywacyjnego wraz z CV na adres mailowy: <a href=\"mailto:polam@polamfcu.com\">polam@polamfcu.com<\/a>. W tytule maila prosimy wpisa\u0107 <em>Praca<\/em>.<\/p>\n\n\n\n<p>Na rozmow\u0119 kwalifikacyjn\u0105 zapraszamy wy\u0142\u0105cznie osoby, kt\u00f3re w naszej ocenie dokonanej na podstawie przes\u0142anych drog\u0105 mailow\u0105 dokument\u00f3w posiadaj\u0105 do\u015bwiadczenie i kompetencje sp\u00f3jne z naszymi oczekiwaniami.<\/p>\n","protected":false},"excerpt":{"rendered":"<p>Dzi\u0119kujemy za odwiedzenie dzia\u0142u Oferty pracy na stronie POLAM FCU. Zawsze jeste\u015bmy zainteresowani pozyskiwaniem specjalist\u00f3w w bran\u017cy bankowo-finansowej. Nieustannie poszukujemy najlepszych pracownik\u00f3w, kt\u00f3rzy b\u0119d\u0105 reprezentowali nasze najwa\u017cniejsze warto\u015bci. Wszystkich zainteresowanych prosimy o przes\u0142anie listu motywacyjnego wraz z CV na adres mailowy: polam@polamfcu.com. W tytule maila prosimy wpisa\u0107 Praca. Na rozmow\u0119 kwalifikacyjn\u0105 zapraszamy wy\u0142\u0105cznie osoby, kt\u00f3re &#8230; <\/p>\n<div class=\"read-more-box\"><a class=\"btn\" \n href=\"https:\/\/polamfcu.com\/pl\/oferty-pracy\/\">Continue reading<\/a><\/div>\n","protected":false},"author":1,"featured_media":4588,"parent":0,"menu_order":0,"comment_status":"closed","ping_status":"closed","template":"","meta":{"_acf_changed":false,"_monsterinsights_skip_tracking":false,"_monsterinsights_sitenote_active":false,"_monsterinsights_sitenote_note":"","_monsterinsights_sitenote_category":0,"footnotes":""},"class_list":["post-4587","page","type-page","status-publish","has-post-thumbnail","hentry"],"acf":[],"yoast_head":"<!-- This site is optimized with the Yoast SEO plugin v27.3 - https:\/\/yoast.com\/product\/yoast-seo-wordpress\/ -->\n<title>Oferty pracy - Polam Federal Credit Union<\/title>\n<meta name=\"robots\" content=\"index, follow, max-snippet:-1, max-image-preview:large, max-video-preview:-1\" \/>\n<link rel=\"canonical\" href=\"https:\/\/polamfcu.com\/pl\/oferty-pracy\/\" \/>\n<meta property=\"og:locale\" content=\"pl_PL\" \/>\n<meta property=\"og:type\" content=\"article\" \/>\n<meta property=\"og:title\" content=\"Oferty pracy - Polam Federal Credit Union\" \/>\n<meta property=\"og:description\" content=\"Dzi\u0119kujemy za odwiedzenie dzia\u0142u Oferty pracy na stronie POLAM FCU. Zawsze jeste\u015bmy zainteresowani pozyskiwaniem specjalist\u00f3w w bran\u017cy bankowo-finansowej. Nieustannie poszukujemy najlepszych pracownik\u00f3w, kt\u00f3rzy b\u0119d\u0105 reprezentowali nasze najwa\u017cniejsze warto\u015bci. Wszystkich zainteresowanych prosimy o przes\u0142anie listu motywacyjnego wraz z CV na adres mailowy: polam@polamfcu.com. W tytule maila prosimy wpisa\u0107 Praca. Na rozmow\u0119 kwalifikacyjn\u0105 zapraszamy wy\u0142\u0105cznie osoby, kt\u00f3re ... Continue reading\" \/>\n<meta property=\"og:url\" content=\"https:\/\/polamfcu.com\/pl\/oferty-pracy\/\" \/>\n<meta property=\"og:site_name\" content=\"Polam Federal Credit Union\" \/>\n<meta property=\"article:publisher\" content=\"https:\/\/www.facebook.com\/polamcu\" \/>\n<meta property=\"article:modified_time\" content=\"2022-01-18T12:36:37+00:00\" \/>\n<meta property=\"og:image\" content=\"https:\/\/polamfcu.com\/wp-content\/uploads\/2021\/07\/careers-TOP.png\" \/>\n\t<meta property=\"og:image:width\" content=\"1920\" \/>\n\t<meta property=\"og:image:height\" content=\"360\" \/>\n\t<meta property=\"og:image:type\" content=\"image\/png\" \/>\n<meta name=\"twitter:card\" content=\"summary_large_image\" \/>\n<meta name=\"twitter:label1\" content=\"Szacowany czas czytania\" \/>\n\t<meta name=\"twitter:data1\" content=\"1 minuta\" \/>\n<script type=\"application\/ld+json\" class=\"yoast-schema-graph\">{\"@context\":\"https:\\\/\\\/schema.org\",\"@graph\":[{\"@type\":\"WebPage\",\"@id\":\"https:\\\/\\\/polamfcu.com\\\/pl\\\/oferty-pracy\\\/\",\"url\":\"https:\\\/\\\/polamfcu.com\\\/pl\\\/oferty-pracy\\\/\",\"name\":\"Oferty pracy - Polam Federal Credit Union\",\"isPartOf\":{\"@id\":\"https:\\\/\\\/polamfcu.com\\\/#website\"},\"primaryImageOfPage\":{\"@id\":\"https:\\\/\\\/polamfcu.com\\\/pl\\\/oferty-pracy\\\/#primaryimage\"},\"image\":{\"@id\":\"https:\\\/\\\/polamfcu.com\\\/pl\\\/oferty-pracy\\\/#primaryimage\"},\"thumbnailUrl\":\"https:\\\/\\\/polamfcu.com\\\/wp-content\\\/uploads\\\/2021\\\/07\\\/careers-TOP.png\",\"datePublished\":\"2021-07-07T20:12:59+00:00\",\"dateModified\":\"2022-01-18T12:36:37+00:00\",\"breadcrumb\":{\"@id\":\"https:\\\/\\\/polamfcu.com\\\/pl\\\/oferty-pracy\\\/#breadcrumb\"},\"inLanguage\":\"pl-PL\",\"potentialAction\":[{\"@type\":\"ReadAction\",\"target\":[\"https:\\\/\\\/polamfcu.com\\\/pl\\\/oferty-pracy\\\/\"]}]},{\"@type\":\"ImageObject\",\"inLanguage\":\"pl-PL\",\"@id\":\"https:\\\/\\\/polamfcu.com\\\/pl\\\/oferty-pracy\\\/#primaryimage\",\"url\":\"https:\\\/\\\/polamfcu.com\\\/wp-content\\\/uploads\\\/2021\\\/07\\\/careers-TOP.png\",\"contentUrl\":\"https:\\\/\\\/polamfcu.com\\\/wp-content\\\/uploads\\\/2021\\\/07\\\/careers-TOP.png\",\"width\":1920,\"height\":360},{\"@type\":\"BreadcrumbList\",\"@id\":\"https:\\\/\\\/polamfcu.com\\\/pl\\\/oferty-pracy\\\/#breadcrumb\",\"itemListElement\":[{\"@type\":\"ListItem\",\"position\":1,\"name\":\"\",\"item\":\"https:\\\/\\\/polamfcu.com\\\/pl\\\/\"},{\"@type\":\"ListItem\",\"position\":2,\"name\":\"Oferty pracy\"}]},{\"@type\":\"WebSite\",\"@id\":\"https:\\\/\\\/polamfcu.com\\\/#website\",\"url\":\"https:\\\/\\\/polamfcu.com\\\/\",\"name\":\"Polam Federal Credit Union\",\"description\":\"Federal Credit Union\",\"publisher\":{\"@id\":\"https:\\\/\\\/polamfcu.com\\\/#organization\"},\"alternateName\":\"Polam FCU\",\"potentialAction\":[{\"@type\":\"SearchAction\",\"target\":{\"@type\":\"EntryPoint\",\"urlTemplate\":\"https:\\\/\\\/polamfcu.com\\\/?s={search_term_string}\"},\"query-input\":{\"@type\":\"PropertyValueSpecification\",\"valueRequired\":true,\"valueName\":\"search_term_string\"}}],\"inLanguage\":\"pl-PL\"},{\"@type\":\"Organization\",\"@id\":\"https:\\\/\\\/polamfcu.com\\\/#organization\",\"name\":\"Polam Federal Credit Union\",\"alternateName\":\"Polam FCU\",\"url\":\"https:\\\/\\\/polamfcu.com\\\/\",\"logo\":{\"@type\":\"ImageObject\",\"inLanguage\":\"pl-PL\",\"@id\":\"https:\\\/\\\/polamfcu.com\\\/#\\\/schema\\\/logo\\\/image\\\/\",\"url\":\"https:\\\/\\\/polamfcu.com\\\/wp-content\\\/uploads\\\/2022\\\/11\\\/logo.png\",\"contentUrl\":\"https:\\\/\\\/polamfcu.com\\\/wp-content\\\/uploads\\\/2022\\\/11\\\/logo.png\",\"width\":228,\"height\":81,\"caption\":\"Polam Federal Credit Union\"},\"image\":{\"@id\":\"https:\\\/\\\/polamfcu.com\\\/#\\\/schema\\\/logo\\\/image\\\/\"},\"sameAs\":[\"https:\\\/\\\/www.facebook.com\\\/polamcu\",\"https:\\\/\\\/www.linkedin.com\\\/company\\\/polam-federal-credit-union\",\"https:\\\/\\\/www.instagram.com\\\/polamfcu\\\/\"]}]}<\/script>\n<!-- \/ Yoast SEO plugin. -->","yoast_head_json":{"title":"Oferty pracy - Polam Federal Credit Union","robots":{"index":"index","follow":"follow","max-snippet":"max-snippet:-1","max-image-preview":"max-image-preview:large","max-video-preview":"max-video-preview:-1"},"canonical":"https:\/\/polamfcu.com\/pl\/oferty-pracy\/","og_locale":"pl_PL","og_type":"article","og_title":"Oferty pracy - Polam Federal Credit Union","og_description":"Dzi\u0119kujemy za odwiedzenie dzia\u0142u Oferty pracy na stronie POLAM FCU. Zawsze jeste\u015bmy zainteresowani pozyskiwaniem specjalist\u00f3w w bran\u017cy bankowo-finansowej. Nieustannie poszukujemy najlepszych pracownik\u00f3w, kt\u00f3rzy b\u0119d\u0105 reprezentowali nasze najwa\u017cniejsze warto\u015bci. Wszystkich zainteresowanych prosimy o przes\u0142anie listu motywacyjnego wraz z CV na adres mailowy: polam@polamfcu.com. W tytule maila prosimy wpisa\u0107 Praca. Na rozmow\u0119 kwalifikacyjn\u0105 zapraszamy wy\u0142\u0105cznie osoby, kt\u00f3re ... Continue reading","og_url":"https:\/\/polamfcu.com\/pl\/oferty-pracy\/","og_site_name":"Polam Federal Credit Union","article_publisher":"https:\/\/www.facebook.com\/polamcu","article_modified_time":"2022-01-18T12:36:37+00:00","og_image":[{"width":1920,"height":360,"url":"https:\/\/polamfcu.com\/wp-content\/uploads\/2021\/07\/careers-TOP.png","type":"image\/png"}],"twitter_card":"summary_large_image","twitter_misc":{"Szacowany czas czytania":"1 minuta"},"schema":{"@context":"https:\/\/schema.org","@graph":[{"@type":"WebPage","@id":"https:\/\/polamfcu.com\/pl\/oferty-pracy\/","url":"https:\/\/polamfcu.com\/pl\/oferty-pracy\/","name":"Oferty pracy - Polam Federal Credit Union","isPartOf":{"@id":"https:\/\/polamfcu.com\/#website"},"primaryImageOfPage":{"@id":"https:\/\/polamfcu.com\/pl\/oferty-pracy\/#primaryimage"},"image":{"@id":"https:\/\/polamfcu.com\/pl\/oferty-pracy\/#primaryimage"},"thumbnailUrl":"https:\/\/polamfcu.com\/wp-content\/uploads\/2021\/07\/careers-TOP.png","datePublished":"2021-07-07T20:12:59+00:00","dateModified":"2022-01-18T12:36:37+00:00","breadcrumb":{"@id":"https:\/\/polamfcu.com\/pl\/oferty-pracy\/#breadcrumb"},"inLanguage":"pl-PL","potentialAction":[{"@type":"ReadAction","target":["https:\/\/polamfcu.com\/pl\/oferty-pracy\/"]}]},{"@type":"ImageObject","inLanguage":"pl-PL","@id":"https:\/\/polamfcu.com\/pl\/oferty-pracy\/#primaryimage","url":"https:\/\/polamfcu.com\/wp-content\/uploads\/2021\/07\/careers-TOP.png","contentUrl":"https:\/\/polamfcu.com\/wp-content\/uploads\/2021\/07\/careers-TOP.png","width":1920,"height":360},{"@type":"BreadcrumbList","@id":"https:\/\/polamfcu.com\/pl\/oferty-pracy\/#breadcrumb","itemListElement":[{"@type":"ListItem","position":1,"name":"","item":"https:\/\/polamfcu.com\/pl\/"},{"@type":"ListItem","position":2,"name":"Oferty pracy"}]},{"@type":"WebSite","@id":"https:\/\/polamfcu.com\/#website","url":"https:\/\/polamfcu.com\/","name":"Polam Federal Credit Union","description":"Federal Credit Union","publisher":{"@id":"https:\/\/polamfcu.com\/#organization"},"alternateName":"Polam FCU","potentialAction":[{"@type":"SearchAction","target":{"@type":"EntryPoint","urlTemplate":"https:\/\/polamfcu.com\/?s={search_term_string}"},"query-input":{"@type":"PropertyValueSpecification","valueRequired":true,"valueName":"search_term_string"}}],"inLanguage":"pl-PL"},{"@type":"Organization","@id":"https:\/\/polamfcu.com\/#organization","name":"Polam Federal Credit Union","alternateName":"Polam FCU","url":"https:\/\/polamfcu.com\/","logo":{"@type":"ImageObject","inLanguage":"pl-PL","@id":"https:\/\/polamfcu.com\/#\/schema\/logo\/image\/","url":"https:\/\/polamfcu.com\/wp-content\/uploads\/2022\/11\/logo.png","contentUrl":"https:\/\/polamfcu.com\/wp-content\/uploads\/2022\/11\/logo.png","width":228,"height":81,"caption":"Polam Federal Credit Union"},"image":{"@id":"https:\/\/polamfcu.com\/#\/schema\/logo\/image\/"},"sameAs":["https:\/\/www.facebook.com\/polamcu","https:\/\/www.linkedin.com\/company\/polam-federal-credit-union","https:\/\/www.instagram.com\/polamfcu\/"]}]}},"_links":{"self":[{"href":"https:\/\/polamfcu.com\/pl\/wp-json\/wp\/v2\/pages\/4587","targetHints":{"allow":["GET"]}}],"collection":[{"href":"https:\/\/polamfcu.com\/pl\/wp-json\/wp\/v2\/pages"}],"about":[{"href":"https:\/\/polamfcu.com\/pl\/wp-json\/wp\/v2\/types\/page"}],"author":[{"embeddable":true,"href":"https:\/\/polamfcu.com\/pl\/wp-json\/wp\/v2\/users\/1"}],"replies":[{"embeddable":true,"href":"https:\/\/polamfcu.com\/pl\/wp-json\/wp\/v2\/comments?post=4587"}],"version-history":[{"count":2,"href":"https:\/\/polamfcu.com\/pl\/wp-json\/wp\/v2\/pages\/4587\/revisions"}],"predecessor-version":[{"id":4591,"href":"https:\/\/polamfcu.com\/pl\/wp-json\/wp\/v2\/pages\/4587\/revisions\/4591"}],"wp:featuredmedia":[{"embeddable":true,"href":"https:\/\/polamfcu.com\/pl\/wp-json\/wp\/v2\/media\/4588"}],"wp:attachment":[{"href":"https:\/\/polamfcu.com\/pl\/wp-json\/wp\/v2\/media?parent=4587"}],"curies":[{"name":"wp","href":"https:\/\/api.w.org\/{rel}","templated":true}]}}