{"id":4603,"date":"2022-02-07T14:24:24","date_gmt":"2022-02-07T22:24:24","guid":{"rendered":"https:\/\/polamfcu.com\/?page_id=4603"},"modified":"2022-05-12T11:50:57","modified_gmt":"2022-05-12T18:50:57","slug":"wnioski-kredytowe","status":"publish","type":"page","link":"https:\/\/polamfcu.com\/pl\/strona-glowna\/wnioski-kredytowe\/","title":{"rendered":"Wnioski Kredytowe"},"content":{"rendered":"\n<h2 class=\"wp-block-heading\" id=\"wnioski-kredytowe\">Wnioski Kredytowe<\/h2>\n\n\n\n<div class=\"wp-block-media-text is-stacked-on-mobile is-vertically-aligned-top mb-3\" style=\"grid-template-columns:29% auto\"><figure class=\"wp-block-media-text__media\"><img loading=\"lazy\" decoding=\"async\" width=\"150\" height=\"150\" src=\"https:\/\/polamfcu.com\/wp-content\/uploads\/2022\/01\/Motor_Vehicle_circle-new-min.png\" alt=\"\" class=\"wp-image-4611 size-full\"\/><\/figure><div class=\"wp-block-media-text__content\">\n<h3 class=\"mb-3 border-left wp-block-heading\" id=\"kredyty-samochodowe-i-osobiste\">Kredyty Samochodowe i Osobiste<\/h3>\n\n\n\n<p style=\"font-size:14px\">Aby przyspieszy\u0107 proces sk\u0142adania wniosku o po\u017cyczk\u0119, przygotuj odpowiednie dokumenty, takie jak weryfikacja Twojego dochodu czy umowa dotycz\u0105ca kredytu samochodowego. Je\u015bli nie posiadasz ich teraz przy sobie \u2013 nie martw si\u0119, poprosimy Ci\u0119 o nie w osobnym mailu. W przypadku po\u017cyczek HELOC mo\u017ce by\u0107 wymagana wycena nieruchomo\u015bci (w zale\u017cno\u015bci od \u017c\u0105danej kwoty). <\/p>\n\n\n\n<ul class=\"wp-block-list\"><li>Linia kredytowa pod zastaw hipoteki<\/li><li>Kredyt na zakup samochodu<\/li><li>Kredyt got\u00f3wkowy<\/li><li>Karta kredytowa<\/li><li>Inne<\/li><\/ul>\n\n\n\n<div style=\"height:30px\" aria-hidden=\"true\" class=\"wp-block-spacer\"><\/div>\n\n\n\n<div class=\"wp-block-buttons is-horizontal is-content-justification-center is-layout-flex wp-container-core-buttons-is-layout-499968f5 wp-block-buttons-is-layout-flex\">\n<div class=\"wp-block-button\"><a class=\"wp-block-button__link\" href=\"https:\/\/onlineapplication.wolterskluwer.com\/ola\/servlet\/SmartForm.html?formCode=lendingapplication&amp;clientID=17465PolamFederalCreditUnion\" target=\"_blank\" rel=\"noreferrer noopener\">Wype\u0142nij wniosek<\/a><\/div>\n<\/div>\n<\/div><\/div>\n\n\n\n<div style=\"height:30px\" aria-hidden=\"true\" class=\"wp-block-spacer\"><\/div>\n\n\n\n<hr class=\"wp-block-separator is-style-default\"\/>\n\n\n\n<div style=\"height:50px\" aria-hidden=\"true\" class=\"wp-block-spacer\"><\/div>\n\n\n\n<div class=\"wp-block-media-text is-stacked-on-mobile is-vertically-aligned-top mb-3\" style=\"grid-template-columns:29% auto\"><figure class=\"wp-block-media-text__media\"><img loading=\"lazy\" decoding=\"async\" width=\"150\" height=\"150\" src=\"https:\/\/polamfcu.com\/wp-content\/uploads\/2022\/01\/Mortgage_Loan_circle-new-min.png\" alt=\"\" class=\"wp-image-4608 size-full\"\/><\/figure><div class=\"wp-block-media-text__content\">\n<h3 class=\"mb-3 border-left wp-block-heading\" id=\"kredyt-hipoteczny\">Kredyt Hipoteczny<\/h3>\n\n\n\n<p style=\"font-size:14px\">Aby przyspieszy\u0107 proces sk\u0142adania wniosku o po\u017cyczk\u0119, przygotuj odpowiednie dokumenty, takie jak weryfikacja Twojego dochodu czy deklaracje podatkowe. Je\u015bli nie posiadasz ich teraz przy sobie \u2013 nie martw si\u0119, poprosimy Ci\u0119 o nie w osobnym mailu. Wycena nieruchomo\u015bci mo\u017ce okaza\u0107 si\u0119 niezb\u0119dna (w zale\u017cno\u015bci od \u017c\u0105danej kwoty).<\/p>\n\n\n\n<ul class=\"wp-block-list\"><li>Kredyt Hipoteczny<\/li><li>Refinansowanie kredyt\u00f3w hipotecznych<\/li><\/ul>\n\n\n\n<div style=\"height:30px\" aria-hidden=\"true\" class=\"wp-block-spacer\"><\/div>\n\n\n\n<div class=\"wp-block-buttons is-horizontal is-content-justification-center is-layout-flex wp-container-core-buttons-is-layout-499968f5 wp-block-buttons-is-layout-flex\">\n<div class=\"wp-block-button\"><a class=\"wp-block-button__link\" href=\"https:\/\/onlineapplication.wolterskluwer.com\/ola\/servlet\/SmartForm.html?formCode=mortgageapplication&amp;clientID=17465PolamFederalCreditUnion\" target=\"_blank\" rel=\"noreferrer noopener\">Wype\u0142nij wniosek<\/a><\/div>\n<\/div>\n<\/div><\/div>\n\n\n\n<div style=\"height:30px\" aria-hidden=\"true\" class=\"wp-block-spacer\"><\/div>\n\n\n\n<hr class=\"wp-block-separator is-style-default\"\/>\n\n\n\n<div style=\"height:30px\" aria-hidden=\"true\" class=\"wp-block-spacer\"><\/div>\n\n\n\n<div class=\"wp-block-media-text is-stacked-on-mobile is-vertically-aligned-top mb-3\" style=\"grid-template-columns:29% auto\"><figure class=\"wp-block-media-text__media\"><img loading=\"lazy\" decoding=\"async\" width=\"150\" height=\"150\" src=\"https:\/\/polamfcu.com\/wp-content\/uploads\/2022\/05\/newsletter_circle-min.png\" alt=\"\" class=\"wp-image-5113 size-full\"\/><\/figure><div class=\"wp-block-media-text__content\">\n<h3 class=\"mb-3 border-left wp-block-heading\" id=\"kredyt-hipoteczny\">B\u0105d\u017a na bie\u017c\u0105co ze swoj\u0105 uni\u0105 kredytow\u0105<\/h3>\n\n\n\n<p style=\"font-size:14px\">Jeste\u015bmy dumni dumny z tego, \u017ce nasi cz\u0142onkowie s\u0105 na bie\u017c\u0105co z wiadomo\u015bciami, wydarzeniami, poradami i naszym zaanga\u017cowaniem spo\u0142eczno\u015bci naszej unii kredytowej. Dzi\u0119ki elektronicznym, miesi\u0119cznym biuletynom b\u0119dziesz otrzymywa\u0142 informacje przez ca\u0142y rok! Zarejestruj si\u0119 ju\u017c dzi\u015b i b\u0105d\u017a na bie\u017c\u0105co z tym, co dzieje si\u0119 w Twojej unii kredytowej.<\/p>\n\n\n\n<div style=\"height:30px\" aria-hidden=\"true\" class=\"wp-block-spacer\"><\/div>\n\n\n\n<div class=\"wp-block-buttons is-horizontal is-content-justification-center is-layout-flex wp-container-core-buttons-is-layout-499968f5 wp-block-buttons-is-layout-flex\">\n<div class=\"wp-block-button\"><a class=\"wp-block-button__link\" href=\"\/subscribe\/\" target=\"_blank\" rel=\"noreferrer noopener\">Subskrybuj<\/a><\/div>\n<\/div>\n<\/div><\/div>\n\n\n\n<div style=\"height:30px\" aria-hidden=\"true\" class=\"wp-block-spacer\"><\/div>\n\n\n\n<hr class=\"wp-block-separator is-style-default\"\/>\n\n\n\n<div style=\"height:30px\" aria-hidden=\"true\" class=\"wp-block-spacer\"><\/div>\n\n\n\n<div class=\"wp-block-media-text is-stacked-on-mobile is-vertically-aligned-top mb-3\" style=\"grid-template-columns:29% auto\"><figure class=\"wp-block-media-text__media\"><img loading=\"lazy\" decoding=\"async\" width=\"150\" height=\"150\" src=\"https:\/\/polamfcu.com\/wp-content\/uploads\/2022\/05\/become_member_circle-min.png\" alt=\"\" class=\"wp-image-5110 size-full\"\/><\/figure><div class=\"wp-block-media-text__content\">\n<h3 class=\"mb-3 border-left wp-block-heading\" id=\"kredyt-hipoteczny\">Do\u0142\u0105cz do Unii Kredytowej Polam FCU<\/h3>\n\n\n\n<p style=\"font-size:14px\">Czy jeste\u015b zainteresowany lepszym do\u015bwiadczeniem zwi\u0105zanym z us\u0142ugami bankowym? Polam FCU obs\u0142uguje ameryka\u0144ska polsko &#8211; s\u0142owia\u0144sko spo\u0142eczno\u015b\u0107 w p\u00f3\u0142nocnej Kalifornii i Connecticut od 1974 roku, a nasz status organizacji non-profit oznacza, \u017ce nasi cz\u0142onkowie odnosz\u0105 korzy\u015bci w postaci niskiego oprocentowania kredyt\u00f3w, minimalnych op\u0142at i spersonalizowanej obs\u0142ugi Klienta.<\/p>\n\n\n\n<div style=\"height:30px\" aria-hidden=\"true\" class=\"wp-block-spacer\"><\/div>\n\n\n\n<div class=\"wp-block-buttons is-horizontal is-content-justification-center is-layout-flex wp-container-core-buttons-is-layout-499968f5 wp-block-buttons-is-layout-flex\">\n<div class=\"wp-block-button\"><a class=\"wp-block-button__link\" href=\"https:\/\/polam.originate.fiservapps.com\/*XleE*ZXN*gDNdr\" target=\"_blank\" rel=\"noreferrer noopener\">Zosta\u0144 cz\u0142onkiem Unii<\/a><\/div>\n<\/div>\n<\/div><\/div>\n\n\n\n<div style=\"height:30px\" aria-hidden=\"true\" class=\"wp-block-spacer\"><\/div>\n\n\n\n<hr class=\"wp-block-separator is-style-default\"\/>\n","protected":false},"excerpt":{"rendered":"<p>Wnioski Kredytowe<\/p>\n","protected":false},"author":1,"featured_media":4629,"parent":4090,"menu_order":0,"comment_status":"closed","ping_status":"closed","template":"","meta":{"_acf_changed":false,"_monsterinsights_skip_tracking":false,"_monsterinsights_sitenote_active":false,"_monsterinsights_sitenote_note":"","_monsterinsights_sitenote_category":0,"footnotes":""},"class_list":["post-4603","page","type-page","status-publish","has-post-thumbnail","hentry"],"acf":[],"yoast_head":"<!-- This site is optimized with the Yoast SEO plugin v27.3 - https:\/\/yoast.com\/product\/yoast-seo-wordpress\/ -->\n<title>Wnioski Kredytowe - Polam Federal Credit Union<\/title>\n<meta name=\"robots\" content=\"index, follow, max-snippet:-1, max-image-preview:large, max-video-preview:-1\" \/>\n<link rel=\"canonical\" href=\"https:\/\/polamfcu.com\/pl\/strona-glowna\/wnioski-kredytowe\/\" \/>\n<meta property=\"og:locale\" content=\"pl_PL\" \/>\n<meta property=\"og:type\" content=\"article\" \/>\n<meta property=\"og:title\" content=\"Wnioski Kredytowe - Polam Federal Credit Union\" \/>\n<meta property=\"og:description\" content=\"Wnioski Kredytowe\" \/>\n<meta property=\"og:url\" content=\"https:\/\/polamfcu.com\/pl\/strona-glowna\/wnioski-kredytowe\/\" \/>\n<meta property=\"og:site_name\" content=\"Polam Federal Credit Union\" \/>\n<meta property=\"article:publisher\" content=\"https:\/\/www.facebook.com\/polamcu\" \/>\n<meta property=\"article:modified_time\" content=\"2022-05-12T18:50:57+00:00\" \/>\n<meta property=\"og:image\" content=\"https:\/\/polamfcu.com\/wp-content\/uploads\/2022\/01\/POLAM_www_Apply-min.jpg\" \/>\n\t<meta property=\"og:image:width\" content=\"1920\" \/>\n\t<meta property=\"og:image:height\" content=\"360\" \/>\n\t<meta property=\"og:image:type\" content=\"image\/jpeg\" \/>\n<meta name=\"twitter:card\" content=\"summary_large_image\" \/>\n<meta name=\"twitter:label1\" content=\"Szacowany czas czytania\" \/>\n\t<meta name=\"twitter:data1\" content=\"2 minuty\" \/>\n<script type=\"application\/ld+json\" class=\"yoast-schema-graph\">{\"@context\":\"https:\\\/\\\/schema.org\",\"@graph\":[{\"@type\":\"WebPage\",\"@id\":\"https:\\\/\\\/polamfcu.com\\\/pl\\\/strona-glowna\\\/wnioski-kredytowe\\\/\",\"url\":\"https:\\\/\\\/polamfcu.com\\\/pl\\\/strona-glowna\\\/wnioski-kredytowe\\\/\",\"name\":\"Wnioski Kredytowe - Polam Federal Credit Union\",\"isPartOf\":{\"@id\":\"https:\\\/\\\/polamfcu.com\\\/#website\"},\"primaryImageOfPage\":{\"@id\":\"https:\\\/\\\/polamfcu.com\\\/pl\\\/strona-glowna\\\/wnioski-kredytowe\\\/#primaryimage\"},\"image\":{\"@id\":\"https:\\\/\\\/polamfcu.com\\\/pl\\\/strona-glowna\\\/wnioski-kredytowe\\\/#primaryimage\"},\"thumbnailUrl\":\"https:\\\/\\\/polamfcu.com\\\/wp-content\\\/uploads\\\/2022\\\/01\\\/POLAM_www_Apply-min.jpg\",\"datePublished\":\"2022-02-07T22:24:24+00:00\",\"dateModified\":\"2022-05-12T18:50:57+00:00\",\"breadcrumb\":{\"@id\":\"https:\\\/\\\/polamfcu.com\\\/pl\\\/strona-glowna\\\/wnioski-kredytowe\\\/#breadcrumb\"},\"inLanguage\":\"pl-PL\",\"potentialAction\":[{\"@type\":\"ReadAction\",\"target\":[\"https:\\\/\\\/polamfcu.com\\\/pl\\\/strona-glowna\\\/wnioski-kredytowe\\\/\"]}]},{\"@type\":\"ImageObject\",\"inLanguage\":\"pl-PL\",\"@id\":\"https:\\\/\\\/polamfcu.com\\\/pl\\\/strona-glowna\\\/wnioski-kredytowe\\\/#primaryimage\",\"url\":\"https:\\\/\\\/polamfcu.com\\\/wp-content\\\/uploads\\\/2022\\\/01\\\/POLAM_www_Apply-min.jpg\",\"contentUrl\":\"https:\\\/\\\/polamfcu.com\\\/wp-content\\\/uploads\\\/2022\\\/01\\\/POLAM_www_Apply-min.jpg\",\"width\":1920,\"height\":360},{\"@type\":\"BreadcrumbList\",\"@id\":\"https:\\\/\\\/polamfcu.com\\\/pl\\\/strona-glowna\\\/wnioski-kredytowe\\\/#breadcrumb\",\"itemListElement\":[{\"@type\":\"ListItem\",\"position\":1,\"name\":\"\",\"item\":\"https:\\\/\\\/polamfcu.com\\\/pl\\\/\"},{\"@type\":\"ListItem\",\"position\":2,\"name\":\"Strona g\u0142\u00f3wna\",\"item\":\"https:\\\/\\\/polamfcu.com\\\/pl\\\/\"},{\"@type\":\"ListItem\",\"position\":3,\"name\":\"Wnioski Kredytowe\"}]},{\"@type\":\"WebSite\",\"@id\":\"https:\\\/\\\/polamfcu.com\\\/#website\",\"url\":\"https:\\\/\\\/polamfcu.com\\\/\",\"name\":\"Polam Federal Credit Union\",\"description\":\"Federal Credit Union\",\"publisher\":{\"@id\":\"https:\\\/\\\/polamfcu.com\\\/#organization\"},\"alternateName\":\"Polam FCU\",\"potentialAction\":[{\"@type\":\"SearchAction\",\"target\":{\"@type\":\"EntryPoint\",\"urlTemplate\":\"https:\\\/\\\/polamfcu.com\\\/?s={search_term_string}\"},\"query-input\":{\"@type\":\"PropertyValueSpecification\",\"valueRequired\":true,\"valueName\":\"search_term_string\"}}],\"inLanguage\":\"pl-PL\"},{\"@type\":\"Organization\",\"@id\":\"https:\\\/\\\/polamfcu.com\\\/#organization\",\"name\":\"Polam Federal Credit Union\",\"alternateName\":\"Polam FCU\",\"url\":\"https:\\\/\\\/polamfcu.com\\\/\",\"logo\":{\"@type\":\"ImageObject\",\"inLanguage\":\"pl-PL\",\"@id\":\"https:\\\/\\\/polamfcu.com\\\/#\\\/schema\\\/logo\\\/image\\\/\",\"url\":\"https:\\\/\\\/polamfcu.com\\\/wp-content\\\/uploads\\\/2022\\\/11\\\/logo.png\",\"contentUrl\":\"https:\\\/\\\/polamfcu.com\\\/wp-content\\\/uploads\\\/2022\\\/11\\\/logo.png\",\"width\":228,\"height\":81,\"caption\":\"Polam Federal Credit Union\"},\"image\":{\"@id\":\"https:\\\/\\\/polamfcu.com\\\/#\\\/schema\\\/logo\\\/image\\\/\"},\"sameAs\":[\"https:\\\/\\\/www.facebook.com\\\/polamcu\",\"https:\\\/\\\/www.linkedin.com\\\/company\\\/polam-federal-credit-union\",\"https:\\\/\\\/www.instagram.com\\\/polamfcu\\\/\"]}]}<\/script>\n<!-- \/ Yoast SEO plugin. -->","yoast_head_json":{"title":"Wnioski Kredytowe - Polam Federal Credit Union","robots":{"index":"index","follow":"follow","max-snippet":"max-snippet:-1","max-image-preview":"max-image-preview:large","max-video-preview":"max-video-preview:-1"},"canonical":"https:\/\/polamfcu.com\/pl\/strona-glowna\/wnioski-kredytowe\/","og_locale":"pl_PL","og_type":"article","og_title":"Wnioski Kredytowe - Polam Federal Credit Union","og_description":"Wnioski Kredytowe","og_url":"https:\/\/polamfcu.com\/pl\/strona-glowna\/wnioski-kredytowe\/","og_site_name":"Polam Federal Credit Union","article_publisher":"https:\/\/www.facebook.com\/polamcu","article_modified_time":"2022-05-12T18:50:57+00:00","og_image":[{"width":1920,"height":360,"url":"https:\/\/polamfcu.com\/wp-content\/uploads\/2022\/01\/POLAM_www_Apply-min.jpg","type":"image\/jpeg"}],"twitter_card":"summary_large_image","twitter_misc":{"Szacowany czas czytania":"2 minuty"},"schema":{"@context":"https:\/\/schema.org","@graph":[{"@type":"WebPage","@id":"https:\/\/polamfcu.com\/pl\/strona-glowna\/wnioski-kredytowe\/","url":"https:\/\/polamfcu.com\/pl\/strona-glowna\/wnioski-kredytowe\/","name":"Wnioski Kredytowe - Polam Federal Credit Union","isPartOf":{"@id":"https:\/\/polamfcu.com\/#website"},"primaryImageOfPage":{"@id":"https:\/\/polamfcu.com\/pl\/strona-glowna\/wnioski-kredytowe\/#primaryimage"},"image":{"@id":"https:\/\/polamfcu.com\/pl\/strona-glowna\/wnioski-kredytowe\/#primaryimage"},"thumbnailUrl":"https:\/\/polamfcu.com\/wp-content\/uploads\/2022\/01\/POLAM_www_Apply-min.jpg","datePublished":"2022-02-07T22:24:24+00:00","dateModified":"2022-05-12T18:50:57+00:00","breadcrumb":{"@id":"https:\/\/polamfcu.com\/pl\/strona-glowna\/wnioski-kredytowe\/#breadcrumb"},"inLanguage":"pl-PL","potentialAction":[{"@type":"ReadAction","target":["https:\/\/polamfcu.com\/pl\/strona-glowna\/wnioski-kredytowe\/"]}]},{"@type":"ImageObject","inLanguage":"pl-PL","@id":"https:\/\/polamfcu.com\/pl\/strona-glowna\/wnioski-kredytowe\/#primaryimage","url":"https:\/\/polamfcu.com\/wp-content\/uploads\/2022\/01\/POLAM_www_Apply-min.jpg","contentUrl":"https:\/\/polamfcu.com\/wp-content\/uploads\/2022\/01\/POLAM_www_Apply-min.jpg","width":1920,"height":360},{"@type":"BreadcrumbList","@id":"https:\/\/polamfcu.com\/pl\/strona-glowna\/wnioski-kredytowe\/#breadcrumb","itemListElement":[{"@type":"ListItem","position":1,"name":"","item":"https:\/\/polamfcu.com\/pl\/"},{"@type":"ListItem","position":2,"name":"Strona g\u0142\u00f3wna","item":"https:\/\/polamfcu.com\/pl\/"},{"@type":"ListItem","position":3,"name":"Wnioski Kredytowe"}]},{"@type":"WebSite","@id":"https:\/\/polamfcu.com\/#website","url":"https:\/\/polamfcu.com\/","name":"Polam Federal Credit Union","description":"Federal Credit Union","publisher":{"@id":"https:\/\/polamfcu.com\/#organization"},"alternateName":"Polam FCU","potentialAction":[{"@type":"SearchAction","target":{"@type":"EntryPoint","urlTemplate":"https:\/\/polamfcu.com\/?s={search_term_string}"},"query-input":{"@type":"PropertyValueSpecification","valueRequired":true,"valueName":"search_term_string"}}],"inLanguage":"pl-PL"},{"@type":"Organization","@id":"https:\/\/polamfcu.com\/#organization","name":"Polam Federal Credit Union","alternateName":"Polam FCU","url":"https:\/\/polamfcu.com\/","logo":{"@type":"ImageObject","inLanguage":"pl-PL","@id":"https:\/\/polamfcu.com\/#\/schema\/logo\/image\/","url":"https:\/\/polamfcu.com\/wp-content\/uploads\/2022\/11\/logo.png","contentUrl":"https:\/\/polamfcu.com\/wp-content\/uploads\/2022\/11\/logo.png","width":228,"height":81,"caption":"Polam Federal Credit Union"},"image":{"@id":"https:\/\/polamfcu.com\/#\/schema\/logo\/image\/"},"sameAs":["https:\/\/www.facebook.com\/polamcu","https:\/\/www.linkedin.com\/company\/polam-federal-credit-union","https:\/\/www.instagram.com\/polamfcu\/"]}]}},"_links":{"self":[{"href":"https:\/\/polamfcu.com\/pl\/wp-json\/wp\/v2\/pages\/4603","targetHints":{"allow":["GET"]}}],"collection":[{"href":"https:\/\/polamfcu.com\/pl\/wp-json\/wp\/v2\/pages"}],"about":[{"href":"https:\/\/polamfcu.com\/pl\/wp-json\/wp\/v2\/types\/page"}],"author":[{"embeddable":true,"href":"https:\/\/polamfcu.com\/pl\/wp-json\/wp\/v2\/users\/1"}],"replies":[{"embeddable":true,"href":"https:\/\/polamfcu.com\/pl\/wp-json\/wp\/v2\/comments?post=4603"}],"version-history":[{"count":10,"href":"https:\/\/polamfcu.com\/pl\/wp-json\/wp\/v2\/pages\/4603\/revisions"}],"predecessor-version":[{"id":5140,"href":"https:\/\/polamfcu.com\/pl\/wp-json\/wp\/v2\/pages\/4603\/revisions\/5140"}],"up":[{"embeddable":true,"href":"https:\/\/polamfcu.com\/pl\/wp-json\/wp\/v2\/pages\/4090"}],"wp:featuredmedia":[{"embeddable":true,"href":"https:\/\/polamfcu.com\/pl\/wp-json\/wp\/v2\/media\/4629"}],"wp:attachment":[{"href":"https:\/\/polamfcu.com\/pl\/wp-json\/wp\/v2\/media?parent=4603"}],"curies":[{"name":"wp","href":"https:\/\/api.w.org\/{rel}","templated":true}]}}