{"id":5939,"date":"2023-05-29T03:16:52","date_gmt":"2023-05-29T10:16:52","guid":{"rendered":"https:\/\/polamfcu.com\/uslugi-online\/mobile-wallet\/"},"modified":"2023-06-01T15:32:16","modified_gmt":"2023-06-01T22:32:16","slug":"portfel-mobilny","status":"publish","type":"page","link":"https:\/\/polamfcu.com\/pl\/uslugi-online\/portfel-mobilny\/","title":{"rendered":"Portfel Mobilny"},"content":{"rendered":"\n<div class=\"wp-block-columns is-layout-flex wp-container-core-columns-is-layout-9d6595d7 wp-block-columns-is-layout-flex\">\n<div class=\"wp-block-column is-layout-flow wp-block-column-is-layout-flow\" style=\"flex-basis:18%\">\n<figure class=\"wp-block-image size-full\"><img loading=\"lazy\" decoding=\"async\" width=\"161\" height=\"335\" src=\"https:\/\/polamfcu.com\/wp-content\/uploads\/2023\/06\/mobile_wallet_phone-min.png\" alt=\"\" class=\"wp-image-5990\" srcset=\"https:\/\/polamfcu.com\/wp-content\/uploads\/2023\/06\/mobile_wallet_phone-min.png 161w, https:\/\/polamfcu.com\/wp-content\/uploads\/2023\/06\/mobile_wallet_phone-min-144x300.png 144w\" sizes=\"auto, (max-width: 161px) 100vw, 161px\" \/><\/figure>\n<\/div>\n\n\n\n<div class=\"wp-block-column is-layout-flow wp-block-column-is-layout-flow\">\n<h2 class=\"wp-block-heading mb-0\">Po\u017cegnaj si\u0119 z niedogodno\u015bciami!<\/h2>\n\n\n\n<p>Zapomnij o niedogodno\u015bciach zwi\u0105zanych z konieczno\u015bci\u0105 noszenia ze sob\u0105 wielu kart p\u0142atniczych i got\u00f3wki<strong> &#8211; teraz mamy Portfel Mobilny!<\/strong><\/p>\n\n\n\n<p>Dzi\u0119ki temu cyfrowemu systemowi p\u0142atno\u015bci mo\u017cesz \u0142atwo pod\u0142\u0105czy\u0107 swoj\u0105 kart\u0119 kredytow\u0105 lub debetow\u0105 Polam i cieszy\u0107 si\u0119 wygod\u0105 bezpiecznej p\u0142atno\u015bci za po\u015brednictwem smartfona. Po prostu aktywuj funkcj\u0119 mobilnego portfela i gotowe.<\/p>\n<\/div>\n<\/div>\n\n\n\n<h2 class=\"wp-block-heading\">Konfigurowanie portfela mobilnego.<\/h2>\n\n\n\n<p>U\u0142atwili\u015bmy Ci \u0142adowanie karty do portfela mobilnego. Po prostu wybierz swojego dostawc\u0119 z poni\u017cszej listy, aby wy\u015bwietli\u0107 szczeg\u00f3\u0142owe instrukcje i inne przydatne informacje, jak zacz\u0105\u0107:<\/p>\n\n\n\n<div class=\"wp-block-columns is-layout-flex wp-container-core-columns-is-layout-9d6595d7 wp-block-columns-is-layout-flex\">\n<div class=\"wp-block-column is-vertically-aligned-center is-layout-flow wp-block-column-is-layout-flow\"><div class=\"wp-block-image\">\n<figure class=\"aligncenter size-full\"><a href=\"https:\/\/support.apple.com\/en-us\/HT204506\"><img loading=\"lazy\" decoding=\"async\" width=\"231\" height=\"69\" src=\"https:\/\/polamfcu.com\/wp-content\/uploads\/2023\/06\/apple_setup-min.png\" alt=\"\" class=\"wp-image-5978\"\/><\/a><\/figure>\n<\/div><\/div>\n\n\n\n<div class=\"wp-block-column is-vertically-aligned-center is-layout-flow wp-block-column-is-layout-flow\"><div class=\"wp-block-image\">\n<figure class=\"aligncenter size-full\"><a href=\"https:\/\/pay.google\/about\"><img loading=\"lazy\" decoding=\"async\" width=\"231\" height=\"69\" src=\"https:\/\/polamfcu.com\/wp-content\/uploads\/2023\/06\/google_setup-min.png\" alt=\"\" class=\"wp-image-5981\"\/><\/a><\/figure>\n<\/div><\/div>\n\n\n\n<div class=\"wp-block-column is-vertically-aligned-center is-layout-flow wp-block-column-is-layout-flow\"><div class=\"wp-block-image\">\n<figure class=\"aligncenter size-full\"><a href=\"https:\/\/www.samsung.com\/us\/support\/answer\/ANS00045170\/\"><img loading=\"lazy\" decoding=\"async\" width=\"231\" height=\"69\" src=\"https:\/\/polamfcu.com\/wp-content\/uploads\/2023\/06\/samsung_setup-min.png\" alt=\"\" class=\"wp-image-5984\"\/><\/a><\/figure>\n<\/div><\/div>\n<\/div>\n","protected":false},"excerpt":{"rendered":"<p>Po\u017cegnaj si\u0119 z niedogodno\u015bciami! Zapomnij o niedogodno\u015bciach zwi\u0105zanych z konieczno\u015bci\u0105 noszenia ze sob\u0105 wielu kart p\u0142atniczych i got\u00f3wki &#8211; teraz mamy Portfel Mobilny! Dzi\u0119ki temu cyfrowemu systemowi p\u0142atno\u015bci mo\u017cesz \u0142atwo pod\u0142\u0105czy\u0107 swoj\u0105 kart\u0119 kredytow\u0105 lub debetow\u0105 Polam i cieszy\u0107 si\u0119 wygod\u0105 bezpiecznej p\u0142atno\u015bci za po\u015brednictwem smartfona. Po prostu aktywuj funkcj\u0119 mobilnego portfela i gotowe. Konfigurowanie &#8230; <\/p>\n<div class=\"read-more-box\"><a class=\"btn\" \n href=\"https:\/\/polamfcu.com\/pl\/uslugi-online\/portfel-mobilny\/\">Continue reading<\/a><\/div>\n","protected":false},"author":1,"featured_media":5910,"parent":4328,"menu_order":0,"comment_status":"closed","ping_status":"closed","template":"","meta":{"_acf_changed":false,"_monsterinsights_skip_tracking":false,"_monsterinsights_sitenote_active":false,"_monsterinsights_sitenote_note":"","_monsterinsights_sitenote_category":0,"footnotes":""},"class_list":["post-5939","page","type-page","status-publish","has-post-thumbnail","hentry"],"acf":[],"yoast_head":"<!-- This site is optimized with the Yoast SEO plugin v27.3 - https:\/\/yoast.com\/product\/yoast-seo-wordpress\/ -->\n<title>Portfel Mobilny - Polam Federal Credit Union<\/title>\n<meta name=\"robots\" content=\"index, follow, max-snippet:-1, max-image-preview:large, max-video-preview:-1\" \/>\n<link rel=\"canonical\" href=\"https:\/\/polamfcu.com\/pl\/uslugi-online\/portfel-mobilny\/\" \/>\n<meta property=\"og:locale\" content=\"pl_PL\" \/>\n<meta property=\"og:type\" content=\"article\" \/>\n<meta property=\"og:title\" content=\"Portfel Mobilny - Polam Federal Credit Union\" \/>\n<meta property=\"og:description\" content=\"Po\u017cegnaj si\u0119 z niedogodno\u015bciami! Zapomnij o niedogodno\u015bciach zwi\u0105zanych z konieczno\u015bci\u0105 noszenia ze sob\u0105 wielu kart p\u0142atniczych i got\u00f3wki &#8211; teraz mamy Portfel Mobilny! Dzi\u0119ki temu cyfrowemu systemowi p\u0142atno\u015bci mo\u017cesz \u0142atwo pod\u0142\u0105czy\u0107 swoj\u0105 kart\u0119 kredytow\u0105 lub debetow\u0105 Polam i cieszy\u0107 si\u0119 wygod\u0105 bezpiecznej p\u0142atno\u015bci za po\u015brednictwem smartfona. Po prostu aktywuj funkcj\u0119 mobilnego portfela i gotowe. Konfigurowanie ... Continue reading\" \/>\n<meta property=\"og:url\" content=\"https:\/\/polamfcu.com\/pl\/uslugi-online\/portfel-mobilny\/\" \/>\n<meta property=\"og:site_name\" content=\"Polam Federal Credit Union\" \/>\n<meta property=\"article:publisher\" content=\"https:\/\/www.facebook.com\/polamcu\" \/>\n<meta property=\"article:modified_time\" content=\"2023-06-01T22:32:16+00:00\" \/>\n<meta property=\"og:image\" content=\"https:\/\/polamfcu.com\/wp-content\/uploads\/2023\/05\/POLAM_www_Technology_Mobile-Wallet-TOP-min.jpg\" \/>\n\t<meta property=\"og:image:width\" content=\"1920\" \/>\n\t<meta property=\"og:image:height\" content=\"360\" \/>\n\t<meta property=\"og:image:type\" content=\"image\/jpeg\" \/>\n<meta name=\"twitter:card\" content=\"summary_large_image\" \/>\n<meta name=\"twitter:label1\" content=\"Szacowany czas czytania\" \/>\n\t<meta name=\"twitter:data1\" content=\"2 minuty\" \/>\n<script type=\"application\/ld+json\" class=\"yoast-schema-graph\">{\"@context\":\"https:\\\/\\\/schema.org\",\"@graph\":[{\"@type\":\"WebPage\",\"@id\":\"https:\\\/\\\/polamfcu.com\\\/pl\\\/uslugi-online\\\/portfel-mobilny\\\/\",\"url\":\"https:\\\/\\\/polamfcu.com\\\/pl\\\/uslugi-online\\\/portfel-mobilny\\\/\",\"name\":\"Portfel Mobilny - Polam Federal Credit Union\",\"isPartOf\":{\"@id\":\"https:\\\/\\\/polamfcu.com\\\/#website\"},\"primaryImageOfPage\":{\"@id\":\"https:\\\/\\\/polamfcu.com\\\/pl\\\/uslugi-online\\\/portfel-mobilny\\\/#primaryimage\"},\"image\":{\"@id\":\"https:\\\/\\\/polamfcu.com\\\/pl\\\/uslugi-online\\\/portfel-mobilny\\\/#primaryimage\"},\"thumbnailUrl\":\"https:\\\/\\\/polamfcu.com\\\/wp-content\\\/uploads\\\/2023\\\/05\\\/POLAM_www_Technology_Mobile-Wallet-TOP-min.jpg\",\"datePublished\":\"2023-05-29T10:16:52+00:00\",\"dateModified\":\"2023-06-01T22:32:16+00:00\",\"breadcrumb\":{\"@id\":\"https:\\\/\\\/polamfcu.com\\\/pl\\\/uslugi-online\\\/portfel-mobilny\\\/#breadcrumb\"},\"inLanguage\":\"pl-PL\",\"potentialAction\":[{\"@type\":\"ReadAction\",\"target\":[\"https:\\\/\\\/polamfcu.com\\\/pl\\\/uslugi-online\\\/portfel-mobilny\\\/\"]}]},{\"@type\":\"ImageObject\",\"inLanguage\":\"pl-PL\",\"@id\":\"https:\\\/\\\/polamfcu.com\\\/pl\\\/uslugi-online\\\/portfel-mobilny\\\/#primaryimage\",\"url\":\"https:\\\/\\\/polamfcu.com\\\/wp-content\\\/uploads\\\/2023\\\/05\\\/POLAM_www_Technology_Mobile-Wallet-TOP-min.jpg\",\"contentUrl\":\"https:\\\/\\\/polamfcu.com\\\/wp-content\\\/uploads\\\/2023\\\/05\\\/POLAM_www_Technology_Mobile-Wallet-TOP-min.jpg\",\"width\":1920,\"height\":360},{\"@type\":\"BreadcrumbList\",\"@id\":\"https:\\\/\\\/polamfcu.com\\\/pl\\\/uslugi-online\\\/portfel-mobilny\\\/#breadcrumb\",\"itemListElement\":[{\"@type\":\"ListItem\",\"position\":1,\"name\":\"\",\"item\":\"https:\\\/\\\/polamfcu.com\\\/pl\\\/\"},{\"@type\":\"ListItem\",\"position\":2,\"name\":\"Us\u0142ugi Online\",\"item\":\"https:\\\/\\\/polamfcu.com\\\/pl\\\/uslugi-online\\\/\"},{\"@type\":\"ListItem\",\"position\":3,\"name\":\"Portfel Mobilny\"}]},{\"@type\":\"WebSite\",\"@id\":\"https:\\\/\\\/polamfcu.com\\\/#website\",\"url\":\"https:\\\/\\\/polamfcu.com\\\/\",\"name\":\"Polam Federal Credit Union\",\"description\":\"Federal Credit Union\",\"publisher\":{\"@id\":\"https:\\\/\\\/polamfcu.com\\\/#organization\"},\"alternateName\":\"Polam FCU\",\"potentialAction\":[{\"@type\":\"SearchAction\",\"target\":{\"@type\":\"EntryPoint\",\"urlTemplate\":\"https:\\\/\\\/polamfcu.com\\\/?s={search_term_string}\"},\"query-input\":{\"@type\":\"PropertyValueSpecification\",\"valueRequired\":true,\"valueName\":\"search_term_string\"}}],\"inLanguage\":\"pl-PL\"},{\"@type\":\"Organization\",\"@id\":\"https:\\\/\\\/polamfcu.com\\\/#organization\",\"name\":\"Polam Federal Credit Union\",\"alternateName\":\"Polam FCU\",\"url\":\"https:\\\/\\\/polamfcu.com\\\/\",\"logo\":{\"@type\":\"ImageObject\",\"inLanguage\":\"pl-PL\",\"@id\":\"https:\\\/\\\/polamfcu.com\\\/#\\\/schema\\\/logo\\\/image\\\/\",\"url\":\"https:\\\/\\\/polamfcu.com\\\/wp-content\\\/uploads\\\/2022\\\/11\\\/logo.png\",\"contentUrl\":\"https:\\\/\\\/polamfcu.com\\\/wp-content\\\/uploads\\\/2022\\\/11\\\/logo.png\",\"width\":228,\"height\":81,\"caption\":\"Polam Federal Credit Union\"},\"image\":{\"@id\":\"https:\\\/\\\/polamfcu.com\\\/#\\\/schema\\\/logo\\\/image\\\/\"},\"sameAs\":[\"https:\\\/\\\/www.facebook.com\\\/polamcu\",\"https:\\\/\\\/www.linkedin.com\\\/company\\\/polam-federal-credit-union\",\"https:\\\/\\\/www.instagram.com\\\/polamfcu\\\/\"]}]}<\/script>\n<!-- \/ Yoast SEO plugin. -->","yoast_head_json":{"title":"Portfel Mobilny - Polam Federal Credit Union","robots":{"index":"index","follow":"follow","max-snippet":"max-snippet:-1","max-image-preview":"max-image-preview:large","max-video-preview":"max-video-preview:-1"},"canonical":"https:\/\/polamfcu.com\/pl\/uslugi-online\/portfel-mobilny\/","og_locale":"pl_PL","og_type":"article","og_title":"Portfel Mobilny - Polam Federal Credit Union","og_description":"Po\u017cegnaj si\u0119 z niedogodno\u015bciami! Zapomnij o niedogodno\u015bciach zwi\u0105zanych z konieczno\u015bci\u0105 noszenia ze sob\u0105 wielu kart p\u0142atniczych i got\u00f3wki &#8211; teraz mamy Portfel Mobilny! Dzi\u0119ki temu cyfrowemu systemowi p\u0142atno\u015bci mo\u017cesz \u0142atwo pod\u0142\u0105czy\u0107 swoj\u0105 kart\u0119 kredytow\u0105 lub debetow\u0105 Polam i cieszy\u0107 si\u0119 wygod\u0105 bezpiecznej p\u0142atno\u015bci za po\u015brednictwem smartfona. Po prostu aktywuj funkcj\u0119 mobilnego portfela i gotowe. Konfigurowanie ... Continue reading","og_url":"https:\/\/polamfcu.com\/pl\/uslugi-online\/portfel-mobilny\/","og_site_name":"Polam Federal Credit Union","article_publisher":"https:\/\/www.facebook.com\/polamcu","article_modified_time":"2023-06-01T22:32:16+00:00","og_image":[{"width":1920,"height":360,"url":"https:\/\/polamfcu.com\/wp-content\/uploads\/2023\/05\/POLAM_www_Technology_Mobile-Wallet-TOP-min.jpg","type":"image\/jpeg"}],"twitter_card":"summary_large_image","twitter_misc":{"Szacowany czas czytania":"2 minuty"},"schema":{"@context":"https:\/\/schema.org","@graph":[{"@type":"WebPage","@id":"https:\/\/polamfcu.com\/pl\/uslugi-online\/portfel-mobilny\/","url":"https:\/\/polamfcu.com\/pl\/uslugi-online\/portfel-mobilny\/","name":"Portfel Mobilny - Polam Federal Credit Union","isPartOf":{"@id":"https:\/\/polamfcu.com\/#website"},"primaryImageOfPage":{"@id":"https:\/\/polamfcu.com\/pl\/uslugi-online\/portfel-mobilny\/#primaryimage"},"image":{"@id":"https:\/\/polamfcu.com\/pl\/uslugi-online\/portfel-mobilny\/#primaryimage"},"thumbnailUrl":"https:\/\/polamfcu.com\/wp-content\/uploads\/2023\/05\/POLAM_www_Technology_Mobile-Wallet-TOP-min.jpg","datePublished":"2023-05-29T10:16:52+00:00","dateModified":"2023-06-01T22:32:16+00:00","breadcrumb":{"@id":"https:\/\/polamfcu.com\/pl\/uslugi-online\/portfel-mobilny\/#breadcrumb"},"inLanguage":"pl-PL","potentialAction":[{"@type":"ReadAction","target":["https:\/\/polamfcu.com\/pl\/uslugi-online\/portfel-mobilny\/"]}]},{"@type":"ImageObject","inLanguage":"pl-PL","@id":"https:\/\/polamfcu.com\/pl\/uslugi-online\/portfel-mobilny\/#primaryimage","url":"https:\/\/polamfcu.com\/wp-content\/uploads\/2023\/05\/POLAM_www_Technology_Mobile-Wallet-TOP-min.jpg","contentUrl":"https:\/\/polamfcu.com\/wp-content\/uploads\/2023\/05\/POLAM_www_Technology_Mobile-Wallet-TOP-min.jpg","width":1920,"height":360},{"@type":"BreadcrumbList","@id":"https:\/\/polamfcu.com\/pl\/uslugi-online\/portfel-mobilny\/#breadcrumb","itemListElement":[{"@type":"ListItem","position":1,"name":"","item":"https:\/\/polamfcu.com\/pl\/"},{"@type":"ListItem","position":2,"name":"Us\u0142ugi Online","item":"https:\/\/polamfcu.com\/pl\/uslugi-online\/"},{"@type":"ListItem","position":3,"name":"Portfel Mobilny"}]},{"@type":"WebSite","@id":"https:\/\/polamfcu.com\/#website","url":"https:\/\/polamfcu.com\/","name":"Polam Federal Credit Union","description":"Federal Credit Union","publisher":{"@id":"https:\/\/polamfcu.com\/#organization"},"alternateName":"Polam FCU","potentialAction":[{"@type":"SearchAction","target":{"@type":"EntryPoint","urlTemplate":"https:\/\/polamfcu.com\/?s={search_term_string}"},"query-input":{"@type":"PropertyValueSpecification","valueRequired":true,"valueName":"search_term_string"}}],"inLanguage":"pl-PL"},{"@type":"Organization","@id":"https:\/\/polamfcu.com\/#organization","name":"Polam Federal Credit Union","alternateName":"Polam FCU","url":"https:\/\/polamfcu.com\/","logo":{"@type":"ImageObject","inLanguage":"pl-PL","@id":"https:\/\/polamfcu.com\/#\/schema\/logo\/image\/","url":"https:\/\/polamfcu.com\/wp-content\/uploads\/2022\/11\/logo.png","contentUrl":"https:\/\/polamfcu.com\/wp-content\/uploads\/2022\/11\/logo.png","width":228,"height":81,"caption":"Polam Federal Credit Union"},"image":{"@id":"https:\/\/polamfcu.com\/#\/schema\/logo\/image\/"},"sameAs":["https:\/\/www.facebook.com\/polamcu","https:\/\/www.linkedin.com\/company\/polam-federal-credit-union","https:\/\/www.instagram.com\/polamfcu\/"]}]}},"_links":{"self":[{"href":"https:\/\/polamfcu.com\/pl\/wp-json\/wp\/v2\/pages\/5939","targetHints":{"allow":["GET"]}}],"collection":[{"href":"https:\/\/polamfcu.com\/pl\/wp-json\/wp\/v2\/pages"}],"about":[{"href":"https:\/\/polamfcu.com\/pl\/wp-json\/wp\/v2\/types\/page"}],"author":[{"embeddable":true,"href":"https:\/\/polamfcu.com\/pl\/wp-json\/wp\/v2\/users\/1"}],"replies":[{"embeddable":true,"href":"https:\/\/polamfcu.com\/pl\/wp-json\/wp\/v2\/comments?post=5939"}],"version-history":[{"count":5,"href":"https:\/\/polamfcu.com\/pl\/wp-json\/wp\/v2\/pages\/5939\/revisions"}],"predecessor-version":[{"id":6012,"href":"https:\/\/polamfcu.com\/pl\/wp-json\/wp\/v2\/pages\/5939\/revisions\/6012"}],"up":[{"embeddable":true,"href":"https:\/\/polamfcu.com\/pl\/wp-json\/wp\/v2\/pages\/4328"}],"wp:featuredmedia":[{"embeddable":true,"href":"https:\/\/polamfcu.com\/pl\/wp-json\/wp\/v2\/media\/5910"}],"wp:attachment":[{"href":"https:\/\/polamfcu.com\/pl\/wp-json\/wp\/v2\/media?parent=5939"}],"curies":[{"name":"wp","href":"https:\/\/api.w.org\/{rel}","templated":true}]}}